{"id":9435,"date":"2025-07-22T12:35:30","date_gmt":"2025-07-22T12:35:30","guid":{"rendered":"https:\/\/goldendreams.com.pl\/sklep\/547-2-perla-satynowa-dluga-suknia-z-ekskluzywnym-dekoltem-na-plecach-chabrowa\/"},"modified":"2026-04-07T08:57:24","modified_gmt":"2026-04-07T08:57:24","slug":"547-2-perla-satynowa-dluga-suknia-z-ekskluzywnym-dekoltem-na-plecach-chabrowa","status":"publish","type":"product","link":"https:\/\/goldendreams.com.pl\/en\/sklep\/547-2-perla-satynowa-dluga-suknia-z-ekskluzywnym-dekoltem-na-plecach-chabrowa\/","title":{"rendered":"547-2 PERLA satynowa d\u0142uga suknia z ekskluzywnym dekoltem na plecach &#8211; CHABROWA"},"content":{"rendered":"<div class='desc-1'>Perla &#8211; <strong>d\u0142uga satynowa suknia<\/strong> z eleganckim dekoltem, ekskluzywnym wi\u0105zaniem na plecach i rozci\u0119ciem na nodze. Kolor: chabrowy. Sukienka pi\u0119knie eksponuje plecy i \u015bwietnie uk\u0142ada si\u0119 w ta\u0144cu. Zapinana z ty\u0142u na kryty zamek. Produkt polski. Marka <strong>numoco<\/strong>.<\/p>\n<div class=\"film-YT\"><\/div>\n<\/div>\n<div class='desc-2'>D\u0142uga satynowa suknia z ekskluzywnym wi\u0105zaniem na plecach &#8211; chabrowa<\/div>\n<div class='desc-3'><\/div>\n<div class='desc-4'><\/div>\n<div class='desc-5'>\n<div class=\"sizes\">\n<div class=\"sizes\">Wymiary mierzone s\u0105 na p\u0142asko &#8211; bez rozci\u0105gania materia\u0142u (+\/- 2 cm)<br \/>Modelka na zdj\u0119ciu ma 165cm wzrostu i ma ubrany rozm. XS.<\/p>\n<table style=\"height: 111px;width: 501px\" width=\"499\" cellspacing=\"0\" cellpadding=\"0\">\n<tbody>\n<tr style=\"height: 19px\">\n<td class=\"namep\" style=\"width: 357.717px;height: 19px\"><strong>Wymiary:<\/strong><\/td>\n<td style=\"width: 28.1333px\"><strong>XS<br \/><\/strong><\/td>\n<td style=\"width: 26.1333px;height: 19px\"><strong>S<\/strong><\/td>\n<td style=\"width: 27.1333px;height: 19px\"><strong>M<\/strong><\/td>\n<td style=\"width: 28.15px;height: 19px\"><strong>L<\/strong><\/td>\n<td style=\"width: 28.1333px;height: 19px\"><strong>XL<\/strong><\/td>\n<\/tr>\n<tr style=\"height: 19px\">\n<td class=\"namep\" style=\"width: 357.717px;height: 19px\">Od paszki do paszki (<strong>A<\/strong>)<\/td>\n<td style=\"width: 28.1333px\">38<\/td>\n<td style=\"width: 26.1333px;height: 19px\">42<\/td>\n<td style=\"width: 27.1333px;height: 19px\">44<\/td>\n<td style=\"width: 28.15px;height: 19px\">46<\/td>\n<td style=\"width: 28.1333px;height: 19px\">48<\/td>\n<\/tr>\n<tr style=\"height: 19px\">\n<td class=\"namep\" style=\"width: 357.717px;height: 19px\">Pas (<strong>B<\/strong>)<\/td>\n<td style=\"width: 28.1333px\">29<\/td>\n<td style=\"width: 26.1333px;height: 19px\">32<\/td>\n<td style=\"width: 27.1333px;height: 19px\">34<\/td>\n<td style=\"width: 28.15px;height: 19px\">37<\/td>\n<td style=\"width: 28.1333px;height: 19px\">40<\/td>\n<\/tr>\n<tr style=\"height: 19px\">\n<td class=\"namep\" style=\"width: 357.717px;height: 19px\">D\u0142. od pachy (<strong>D<\/strong>)<\/td>\n<td style=\"width: 28.1333px\">128<\/td>\n<td style=\"width: 26.1333px;height: 19px\">128<\/td>\n<td style=\"width: 27.1333px;height: 19px\">130<\/td>\n<td style=\"width: 28.15px;height: 19px\">130<\/td>\n<td style=\"width: 28.1333px;height: 19px\">130<\/td>\n<\/tr>\n<\/tbody>\n<\/table>\n<p><img loading=\"lazy\" decoding=\"async\" alt=\"\" height=\"1076\" src=\"rozmiary\/419-.jpg\" style=\"margin-left: auto;margin-right: auto\" width=\"550\"><\/div>\n<\/div>\n<\/div>","protected":false},"excerpt":{"rendered":"<p>Perla &#8211; d\u0142uga satynowa suknia z eleganckim dekoltem, ekskluzywnym wi\u0105zaniem na plecach i rozci\u0119ciem na nodze. Kolor: chabrowy. Sukienka pi\u0119knie [&hellip;]<\/p>\n","protected":false},"featured_media":9427,"comment_status":"open","ping_status":"closed","template":"","meta":{"site-sidebar-layout":"default","site-content-layout":"","ast-site-content-layout":"default","site-content-style":"default","site-sidebar-style":"default","ast-global-header-display":"","ast-banner-title-visibility":"","ast-main-header-display":"","ast-hfb-above-header-display":"","ast-hfb-below-header-display":"","ast-hfb-mobile-header-display":"","site-post-title":"","ast-breadcrumbs-content":"","ast-featured-img":"","footer-sml-layout":"","ast-disable-related-posts":"","theme-transparent-header-meta":"","adv-header-id-meta":"","stick-header-meta":"","header-above-stick-meta":"","header-main-stick-meta":"","header-below-stick-meta":"","astra-migrate-meta-layouts":"default","ast-page-background-enabled":"default","ast-page-background-meta":{"desktop":{"background-color":"var(--ast-global-color-5)","background-image":"","background-repeat":"repeat","background-position":"center center","background-size":"auto","background-attachment":"scroll","background-type":"","background-media":"","overlay-type":"","overlay-color":"","overlay-opacity":"","overlay-gradient":""},"tablet":{"background-color":"","background-image":"","background-repeat":"repeat","background-position":"center center","background-size":"auto","background-attachment":"scroll","background-type":"","background-media":"","overlay-type":"","overlay-color":"","overlay-opacity":"","overlay-gradient":""},"mobile":{"background-color":"","background-image":"","background-repeat":"repeat","background-position":"center center","background-size":"auto","background-attachment":"scroll","background-type":"","background-media":"","overlay-type":"","overlay-color":"","overlay-opacity":"","overlay-gradient":""}},"ast-content-background-meta":{"desktop":{"background-color":"var(--ast-global-color-4)","background-image":"","background-repeat":"repeat","background-position":"center center","background-size":"auto","background-attachment":"scroll","background-type":"","background-media":"","overlay-type":"","overlay-color":"","overlay-opacity":"","overlay-gradient":""},"tablet":{"background-color":"var(--ast-global-color-4)","background-image":"","background-repeat":"repeat","background-position":"center center","background-size":"auto","background-attachment":"scroll","background-type":"","background-media":"","overlay-type":"","overlay-color":"","overlay-opacity":"","overlay-gradient":""},"mobile":{"background-color":"var(--ast-global-color-4)","background-image":"","background-repeat":"repeat","background-position":"center center","background-size":"auto","background-attachment":"scroll","background-type":"","background-media":"","overlay-type":"","overlay-color":"","overlay-opacity":"","overlay-gradient":""}}},"product_brand":[],"product_cat":[160,59,183,175,172,174,164,316,171],"product_tag":[],"class_list":{"0":"post-9435","1":"product","2":"type-product","3":"status-publish","4":"has-post-thumbnail","6":"product_cat-numoco","7":"product_cat-sukienki","8":"product_cat-sukienki-maxi","9":"product_cat-sukienki-na-karnawal","10":"product_cat-sukienki-na-studniowke","11":"product_cat-sukienki-na-sylwestra","12":"product_cat-sukienki-na-wesele","13":"product_cat-sukienki-satynowe","14":"product_cat-sukienki-wieczorowe","15":"desktop-align-left","16":"tablet-align-left","17":"mobile-align-left","19":"first","20":"instock","21":"shipping-taxable","22":"purchasable","23":"product-type-variable","24":"has-default-attributes"},"_links":{"self":[{"href":"https:\/\/goldendreams.com.pl\/en\/wp-json\/wp\/v2\/product\/9435","targetHints":{"allow":["GET"]}}],"collection":[{"href":"https:\/\/goldendreams.com.pl\/en\/wp-json\/wp\/v2\/product"}],"about":[{"href":"https:\/\/goldendreams.com.pl\/en\/wp-json\/wp\/v2\/types\/product"}],"replies":[{"embeddable":true,"href":"https:\/\/goldendreams.com.pl\/en\/wp-json\/wp\/v2\/comments?post=9435"}],"wp:featuredmedia":[{"embeddable":true,"href":"https:\/\/goldendreams.com.pl\/en\/wp-json\/wp\/v2\/media\/9427"}],"wp:attachment":[{"href":"https:\/\/goldendreams.com.pl\/en\/wp-json\/wp\/v2\/media?parent=9435"}],"wp:term":[{"taxonomy":"product_brand","embeddable":true,"href":"https:\/\/goldendreams.com.pl\/en\/wp-json\/wp\/v2\/product_brand?post=9435"},{"taxonomy":"product_cat","embeddable":true,"href":"https:\/\/goldendreams.com.pl\/en\/wp-json\/wp\/v2\/product_cat?post=9435"},{"taxonomy":"product_tag","embeddable":true,"href":"https:\/\/goldendreams.com.pl\/en\/wp-json\/wp\/v2\/product_tag?post=9435"}],"curies":[{"name":"wp","href":"https:\/\/api.w.org\/{rel}","templated":true}]}}