{"id":911,"date":"2025-06-06T17:24:33","date_gmt":"2025-06-06T17:24:33","guid":{"rendered":"https:\/\/goldendreams.com.pl\/?post_type=product&#038;p=911"},"modified":"2026-02-25T13:46:35","modified_gmt":"2026-02-25T13:46:35","slug":"komplet-z-body-thas-amore","status":"publish","type":"product","link":"https:\/\/goldendreams.com.pl\/en\/sklep\/komplet-z-body-thas-amore\/","title":{"rendered":"Komplet z Body Thas \u2013 Amore"},"content":{"rendered":"<p data-start=\"89\" data-end=\"350\">Komplet Thas Amore to wyj\u0105tkowa stylizacja \u0142\u0105cz\u0105ca wygod\u0119 i kobiecy szyk. W sk\u0142ad zestawu wchodzi dopasowane body z dekoltem oraz eleganckie spodnie o klasycznym kroju. Ca\u0142o\u015b\u0107 tworzy harmonijny look idealny na randk\u0119, wieczorne wyj\u015bcie lub wyj\u0105tkowe wydarzenie.<\/p>\n<p data-start=\"352\" data-end=\"469\">Delikatny odcie\u0144 \u201eAmore\u201d dodaje stylizacji romantyzmu i lekko\u015bci, a elastyczne materia\u0142y gwarantuj\u0105 komfort noszenia.<\/p>\n<p data-start=\"352\" data-end=\"469\">SK\u0141AD: 95% wiskoza 5% elastan<\/p>","protected":false},"excerpt":{"rendered":"<p data-start=\"89\" data-end=\"350\">Komplet Thas Amore to wyj\u0105tkowa stylizacja \u0142\u0105cz\u0105ca wygod\u0119 i kobiecy szyk. W sk\u0142ad zestawu wchodzi dopasowane body z dekoltem oraz eleganckie spodnie o klasycznym kroju. Ca\u0142o\u015b\u0107 tworzy harmonijny look idealny na randk\u0119, wieczorne wyj\u015bcie lub wyj\u0105tkowe wydarzenie.<\/p>\n<p data-start=\"352\" data-end=\"469\">Delikatny odcie\u0144 \u201eAmore\u201d dodaje stylizacji romantyzmu i lekko\u015bci, a elastyczne materia\u0142y gwarantuj\u0105 komfort noszenia.<\/p>\n<p data-start=\"352\" data-end=\"469\">SK\u0141AD: 95% wiskoza 5% elastan<\/p>","protected":false},"featured_media":914,"comment_status":"open","ping_status":"closed","template":"","meta":{"site-sidebar-layout":"default","site-content-layout":"","ast-site-content-layout":"default","site-content-style":"default","site-sidebar-style":"default","ast-global-header-display":"","ast-banner-title-visibility":"","ast-main-header-display":"","ast-hfb-above-header-display":"","ast-hfb-below-header-display":"","ast-hfb-mobile-header-display":"","site-post-title":"","ast-breadcrumbs-content":"","ast-featured-img":"","footer-sml-layout":"","ast-disable-related-posts":"","theme-transparent-header-meta":"default","adv-header-id-meta":"","stick-header-meta":"","header-above-stick-meta":"","header-main-stick-meta":"","header-below-stick-meta":"","astra-migrate-meta-layouts":"set","ast-page-background-enabled":"default","ast-page-background-meta":{"desktop":{"background-color":"var(--ast-global-color-5)","background-image":"","background-repeat":"repeat","background-position":"center center","background-size":"auto","background-attachment":"scroll","background-type":"","background-media":"","overlay-type":"","overlay-color":"","overlay-opacity":"","overlay-gradient":""},"tablet":{"background-color":"","background-image":"","background-repeat":"repeat","background-position":"center center","background-size":"auto","background-attachment":"scroll","background-type":"","background-media":"","overlay-type":"","overlay-color":"","overlay-opacity":"","overlay-gradient":""},"mobile":{"background-color":"","background-image":"","background-repeat":"repeat","background-position":"center center","background-size":"auto","background-attachment":"scroll","background-type":"","background-media":"","overlay-type":"","overlay-color":"","overlay-opacity":"","overlay-gradient":""}},"ast-content-background-meta":{"desktop":{"background-color":"var(--ast-global-color-4)","background-image":"","background-repeat":"repeat","background-position":"center center","background-size":"auto","background-attachment":"scroll","background-type":"","background-media":"","overlay-type":"","overlay-color":"","overlay-opacity":"","overlay-gradient":""},"tablet":{"background-color":"var(--ast-global-color-4)","background-image":"","background-repeat":"repeat","background-position":"center center","background-size":"auto","background-attachment":"scroll","background-type":"","background-media":"","overlay-type":"","overlay-color":"","overlay-opacity":"","overlay-gradient":""},"mobile":{"background-color":"var(--ast-global-color-4)","background-image":"","background-repeat":"repeat","background-position":"center center","background-size":"auto","background-attachment":"scroll","background-type":"","background-media":"","overlay-type":"","overlay-color":"","overlay-opacity":"","overlay-gradient":""}}},"product_brand":[],"product_cat":[77,241,70,69],"product_tag":[1114],"class_list":{"0":"post-911","1":"product","2":"type-product","3":"status-publish","4":"has-post-thumbnail","6":"product_cat-komplet","7":"product_cat-moda-damska","8":"product_cat-nowosci","9":"product_cat-odziez-damska","10":"product_tag-komplet-3czesciowy-letniastylizacja-polskamarka-body-spodenki-koszula-wiskoza-jakosc-styl-wygoda","11":"desktop-align-left","12":"tablet-align-left","13":"mobile-align-left","15":"first","16":"instock","17":"sold-individually","18":"shipping-taxable","19":"purchasable","20":"product-type-variable"},"_links":{"self":[{"href":"https:\/\/goldendreams.com.pl\/en\/wp-json\/wp\/v2\/product\/911","targetHints":{"allow":["GET"]}}],"collection":[{"href":"https:\/\/goldendreams.com.pl\/en\/wp-json\/wp\/v2\/product"}],"about":[{"href":"https:\/\/goldendreams.com.pl\/en\/wp-json\/wp\/v2\/types\/product"}],"replies":[{"embeddable":true,"href":"https:\/\/goldendreams.com.pl\/en\/wp-json\/wp\/v2\/comments?post=911"}],"wp:featuredmedia":[{"embeddable":true,"href":"https:\/\/goldendreams.com.pl\/en\/wp-json\/wp\/v2\/media\/914"}],"wp:attachment":[{"href":"https:\/\/goldendreams.com.pl\/en\/wp-json\/wp\/v2\/media?parent=911"}],"wp:term":[{"taxonomy":"product_brand","embeddable":true,"href":"https:\/\/goldendreams.com.pl\/en\/wp-json\/wp\/v2\/product_brand?post=911"},{"taxonomy":"product_cat","embeddable":true,"href":"https:\/\/goldendreams.com.pl\/en\/wp-json\/wp\/v2\/product_cat?post=911"},{"taxonomy":"product_tag","embeddable":true,"href":"https:\/\/goldendreams.com.pl\/en\/wp-json\/wp\/v2\/product_tag?post=911"}],"curies":[{"name":"wp","href":"https:\/\/api.w.org\/{rel}","templated":true}]}}