{"id":904,"date":"2025-06-06T17:19:26","date_gmt":"2025-06-06T17:19:26","guid":{"rendered":"https:\/\/goldendreams.com.pl\/?post_type=product&#038;p=904"},"modified":"2026-02-25T13:49:31","modified_gmt":"2026-02-25T13:49:31","slug":"sukienka-alex-luna-pink","status":"publish","type":"product","link":"https:\/\/goldendreams.com.pl\/en\/sklep\/sukienka-alex-luna-pink\/","title":{"rendered":"Alex dress \u2013 Luna Pink"},"content":{"rendered":"<div class=\"Y3BBE\" data-sfc-cp=\"\" data-hveid=\"CAEIAxAA\" data-complete=\"true\" data-processed=\"true\">Ta zjawiskowa sukienka maxi to kwintesencja letniej nonszalancji, idealna na ka\u017cd\u0105 okazj\u0119, od garden party po romantyczny wiecz\u00f3r.<\/div>\n<div class=\"Y3BBE\" data-sfc-cp=\"\" data-hveid=\"CAEIBBAA\" data-complete=\"true\" data-processed=\"true\">Hipnotyzuj\u0105cy, kwiatowy wz\u00f3r &#8222;Lunapink&#8221; \u0142\u0105czy delikatny r\u00f3\u017c z biel\u0105, tworz\u0105c \u015bwie\u017cy i kobiecy look.<\/div>\n<div class=\"Y3BBE\" data-sfc-cp=\"\" data-hveid=\"CAEIBRAA\" data-complete=\"true\" data-processed=\"true\">Fason charakteryzuje si\u0119 modnym, wi\u0105zanym na szyi dekoltem typu halter, kt\u00f3ry pi\u0119knie eksponuje ramiona. G\u0142\u0119bokie rozci\u0119cie na nodze dodaje ca\u0142o\u015bci zmys\u0142owo\u015bci i swobody ruch\u00f3w.<\/div>\n<div class=\"Y3BBE\" data-sfc-cp=\"\" data-hveid=\"CAEIBhAA\" data-complete=\"true\" data-processed=\"true\">To propozycja obowi\u0105zkowa w szafie ka\u017cdej kobiety ceni\u0105cej sobie unikalny styl i wysok\u0105 jako\u015b\u0107 wykonania.<\/div>\n<p data-start=\"328\" data-end=\"490\">SK\u0141AD: 70% len 30% wiskoza<\/p>\n<p>&nbsp;<\/p>","protected":false},"excerpt":{"rendered":"<div class=\"Y3BBE\" data-sfc-cp=\"\" data-hveid=\"CAEIAxAA\" data-complete=\"true\" data-processed=\"true\">Ta zjawiskowa sukienka maxi to kwintesencja letniej nonszalancji, idealna na ka\u017cd\u0105 okazj\u0119, od garden party po romantyczny wiecz\u00f3r.<\/div>\n<div class=\"Y3BBE\" data-sfc-cp=\"\" data-hveid=\"CAEIBBAA\" data-complete=\"true\" data-processed=\"true\">Hipnotyzuj\u0105cy, kwiatowy wz\u00f3r &#8222;Lunapink&#8221; \u0142\u0105czy delikatny r\u00f3\u017c z biel\u0105, tworz\u0105c \u015bwie\u017cy i kobiecy look.<\/div>\n<div class=\"Y3BBE\" data-sfc-cp=\"\" data-hveid=\"CAEIBRAA\" data-complete=\"true\" data-processed=\"true\">Fason charakteryzuje si\u0119 modnym, wi\u0105zanym na szyi dekoltem typu halter, kt\u00f3ry pi\u0119knie eksponuje ramiona. G\u0142\u0119bokie rozci\u0119cie na nodze dodaje ca\u0142o\u015bci zmys\u0142owo\u015bci i swobody ruch\u00f3w.<\/div>\n<div class=\"Y3BBE\" data-sfc-cp=\"\" data-hveid=\"CAEIBhAA\" data-complete=\"true\" data-processed=\"true\">To propozycja obowi\u0105zkowa w szafie ka\u017cdej kobiety ceni\u0105cej sobie unikalny styl i wysok\u0105 jako\u015b\u0107 wykonania.<\/div>\n<div data-sfc-cp=\"\" data-hveid=\"CAEIBhAA\" data-complete=\"true\" data-processed=\"true\"><\/div>\n<p data-start=\"328\" data-end=\"490\">SK\u0141AD: 70% len 30% wiskoza<\/p>\n<p><strong>Wymiary:<\/strong><\/p>\n<p>Rozmiar XS\/S:<br \/>\nD\u0142ugo\u015b\u0107 ca\u0142kowita (od przyszycia rami\u0105czek): 126 cm<br \/>\nSzeroko\u015b\u0107 w biu\u015bcie: 38 cm x2<br \/>\nSzeroko\u015b\u0107 w talii: 33 cm x2<\/p>\n<p>Rozmiar M\/L<br \/>\nD\u0142ugo\u015b\u0107 ca\u0142kowita (od przyszycia rami\u0105czek): 127 cm<br \/>\nSzeroko\u015b\u0107 w biu\u015bcie: 40 cm x2<br \/>\nSzeroko\u015b\u0107 w talii: 35 cm x2<\/p>\n<p data-start=\"328\" data-end=\"490\">","protected":false},"featured_media":908,"comment_status":"open","ping_status":"closed","template":"","meta":{"site-sidebar-layout":"default","site-content-layout":"","ast-site-content-layout":"default","site-content-style":"default","site-sidebar-style":"default","ast-global-header-display":"","ast-banner-title-visibility":"","ast-main-header-display":"","ast-hfb-above-header-display":"","ast-hfb-below-header-display":"","ast-hfb-mobile-header-display":"","site-post-title":"","ast-breadcrumbs-content":"","ast-featured-img":"","footer-sml-layout":"","ast-disable-related-posts":"","theme-transparent-header-meta":"default","adv-header-id-meta":"","stick-header-meta":"","header-above-stick-meta":"","header-main-stick-meta":"","header-below-stick-meta":"","astra-migrate-meta-layouts":"set","ast-page-background-enabled":"default","ast-page-background-meta":{"desktop":{"background-color":"var(--ast-global-color-5)","background-image":"","background-repeat":"repeat","background-position":"center center","background-size":"auto","background-attachment":"scroll","background-type":"","background-media":"","overlay-type":"","overlay-color":"","overlay-opacity":"","overlay-gradient":""},"tablet":{"background-color":"","background-image":"","background-repeat":"repeat","background-position":"center center","background-size":"auto","background-attachment":"scroll","background-type":"","background-media":"","overlay-type":"","overlay-color":"","overlay-opacity":"","overlay-gradient":""},"mobile":{"background-color":"","background-image":"","background-repeat":"repeat","background-position":"center center","background-size":"auto","background-attachment":"scroll","background-type":"","background-media":"","overlay-type":"","overlay-color":"","overlay-opacity":"","overlay-gradient":""}},"ast-content-background-meta":{"desktop":{"background-color":"var(--ast-global-color-4)","background-image":"","background-repeat":"repeat","background-position":"center center","background-size":"auto","background-attachment":"scroll","background-type":"","background-media":"","overlay-type":"","overlay-color":"","overlay-opacity":"","overlay-gradient":""},"tablet":{"background-color":"var(--ast-global-color-4)","background-image":"","background-repeat":"repeat","background-position":"center center","background-size":"auto","background-attachment":"scroll","background-type":"","background-media":"","overlay-type":"","overlay-color":"","overlay-opacity":"","overlay-gradient":""},"mobile":{"background-color":"var(--ast-global-color-4)","background-image":"","background-repeat":"repeat","background-position":"center center","background-size":"auto","background-attachment":"scroll","background-type":"","background-media":"","overlay-type":"","overlay-color":"","overlay-opacity":"","overlay-gradient":""}}},"product_brand":[],"product_cat":[59],"product_tag":[1115],"class_list":{"0":"post-904","1":"product","2":"type-product","3":"status-publish","4":"has-post-thumbnail","6":"product_cat-sukienki","7":"product_tag-alexdress-lunapink-sukienkamaxi-letniasukienkalnianasukienka-summervibes-fashiongoals-stylizacja-modadamska","8":"desktop-align-left","9":"tablet-align-left","10":"mobile-align-left","12":"first","13":"instock","14":"sold-individually","15":"shipping-taxable","16":"purchasable","17":"product-type-variable"},"_links":{"self":[{"href":"https:\/\/goldendreams.com.pl\/en\/wp-json\/wp\/v2\/product\/904","targetHints":{"allow":["GET"]}}],"collection":[{"href":"https:\/\/goldendreams.com.pl\/en\/wp-json\/wp\/v2\/product"}],"about":[{"href":"https:\/\/goldendreams.com.pl\/en\/wp-json\/wp\/v2\/types\/product"}],"replies":[{"embeddable":true,"href":"https:\/\/goldendreams.com.pl\/en\/wp-json\/wp\/v2\/comments?post=904"}],"wp:featuredmedia":[{"embeddable":true,"href":"https:\/\/goldendreams.com.pl\/en\/wp-json\/wp\/v2\/media\/908"}],"wp:attachment":[{"href":"https:\/\/goldendreams.com.pl\/en\/wp-json\/wp\/v2\/media?parent=904"}],"wp:term":[{"taxonomy":"product_brand","embeddable":true,"href":"https:\/\/goldendreams.com.pl\/en\/wp-json\/wp\/v2\/product_brand?post=904"},{"taxonomy":"product_cat","embeddable":true,"href":"https:\/\/goldendreams.com.pl\/en\/wp-json\/wp\/v2\/product_cat?post=904"},{"taxonomy":"product_tag","embeddable":true,"href":"https:\/\/goldendreams.com.pl\/en\/wp-json\/wp\/v2\/product_tag?post=904"}],"curies":[{"name":"wp","href":"https:\/\/api.w.org\/{rel}","templated":true}]}}