{"id":866,"date":"2025-06-06T15:04:18","date_gmt":"2025-06-06T15:04:18","guid":{"rendered":"https:\/\/goldendreams.com.pl\/?post_type=product&#038;p=866"},"modified":"2026-02-25T14:01:24","modified_gmt":"2026-02-25T14:01:24","slug":"garnitur-emma-czarny-kopia","status":"publish","type":"product","link":"https:\/\/goldendreams.com.pl\/en\/sklep\/garnitur-emma-czarny-kopia\/","title":{"rendered":"Garnitur Emma"},"content":{"rendered":"<p>Odkryj elegancj\u0119 i nowoczesno\u015b\u0107 z garniturem EMMA w kolorze czarnym.<br \/>\nTen wyj\u0105tkowy zestaw zosta\u0142 zaprojektowany z my\u015bl\u0105 o kobietach, kt\u00f3re ceni\u0105 sobie zar\u00f3wno styl, jak i wygod\u0119. Dzi\u0119ki po\u0142\u0105czeniu wysokiej jako\u015bci materia\u0142\u00f3w, 95% wiskozy i 5% elastanu, garnitur zapewnia doskona\u0142\u0105 oddychalno\u015b\u0107 oraz elastyczno\u015b\u0107, co czyni go idealnym wyborem na r\u00f3\u017cnorodne okazje, od formalnych spotka\u0144 po wyj\u015bcia ze znajomymi.<br \/>\nMarynarka garnituru EMMA charakteryzuje si\u0119 perfekcyjnym krojem, kt\u00f3ry podkre\u015bla sylwetk\u0119 i dodaje jej szyku.<\/p>\n<p>Kluczowe wymiary dla poszczeg\u00f3lnych rozmiar\u00f3w to:<br \/>\nS\/M: d\u0142ugo\u015b\u0107 marynarki &#8211; 103 cm, szeroko\u015b\u0107 46 x 2 cm, d\u0142ugo\u015b\u0107 r\u0119kawa &#8211; 76 cm<br \/>\nL\/XL: d\u0142ugo\u015b\u0107 marynarki &#8211; 105 cm, szeroko\u015b\u0107 48 x 2 cm, d\u0142ugo\u015b\u0107 r\u0119kawa &#8211; 76 cm<br \/>\nSpodnie garnituru EMMA doskonale wsp\u00f3\u0142graj\u0105 z marynark\u0105, tworz\u0105c harmonijn\u0105 ca\u0142o\u015b\u0107. Dzi\u0119ki przemy\u015blanej konstrukcji, spodnie s\u0105 wygodne i stylowe. Dodatkowe wymiary to:<br \/>\nS\/M: d\u0142ugo\u015b\u0107 &#8211; 107 cm, szeroko\u015b\u0107 pasa &#8211; 37 x 2 cm, szeroko\u015b\u0107 biodra &#8211; 49 x 2 cm<br \/>\nL\/XL: d\u0142ugo\u015b\u0107 &#8211; 109 cm, szeroko\u015b\u0107 pasa &#8211; 39 x 2 cm, szeroko\u015b\u0107 biodra &#8211; 51 x 2 cm<\/p>\n<p>Garnitur EMMA to propozycja, kt\u00f3ra podkre\u015bli Twoj\u0105 indywidualno\u015b\u0107 i styl na wielu p\u0142aszczyznach. Przeznaczony dla kobiet, kt\u00f3re ceni\u0105 elegancj\u0119 oraz wygod\u0119 noszenia, sprawdzi si\u0119 doskonale zar\u00f3wno w biurze, jak i podczas miejskich wypad\u00f3w.<\/p>\n<p>Wybierz garnitur EMMA i daj si\u0119 ponie\u015b\u0107 modowym trendom bez rezygnacji\u00a0z\u00a0komfortu.<\/p>\n<p>SK\u0141AD: 95% wiskoza 5% elastan<\/p>","protected":false},"excerpt":{"rendered":"<p>Odkryj elegancj\u0119 i nowoczesno\u015b\u0107 z garniturem EMMA w kolorze czarnym.<\/p>\n<p>Ten wyj\u0105tkowy zestaw zosta\u0142 zaprojektowany z my\u015bl\u0105 o kobietach, kt\u00f3re ceni\u0105 sobie zar\u00f3wno styl, jak i wygod\u0119. Dzi\u0119ki po\u0142\u0105czeniu wysokiej jako\u015bci materia\u0142\u00f3w, 95% wiskozy i 5% elastanu, garnitur zapewnia doskona\u0142\u0105 oddychalno\u015b\u0107 oraz elastyczno\u015b\u0107, co czyni go idealnym wyborem na r\u00f3\u017cnorodne okazje, od formalnych spotka\u0144 po wyj\u015bcia ze znajomymi.<br \/>\nMarynarka garnituru EMMA charakteryzuje si\u0119 perfekcyjnym krojem, kt\u00f3ry podkre\u015bla sylwetk\u0119 i dodaje jej szyku.<\/p>\n<p>Kluczowe wymiary dla poszczeg\u00f3lnych rozmiar\u00f3w to:<br \/>\nS\/M: d\u0142ugo\u015b\u0107 marynarki &#8211; 103 cm, szeroko\u015b\u0107 46 x 2 cm, d\u0142ugo\u015b\u0107 r\u0119kawa &#8211; 76 cm<br \/>\nL\/XL: d\u0142ugo\u015b\u0107 marynarki &#8211; 105 cm, szeroko\u015b\u0107 48 x 2 cm, d\u0142ugo\u015b\u0107 r\u0119kawa &#8211; 76 cm<br \/>\nSpodnie garnituru EMMA doskonale wsp\u00f3\u0142graj\u0105 z marynark\u0105, tworz\u0105c harmonijn\u0105 ca\u0142o\u015b\u0107. Dzi\u0119ki przemy\u015blanej konstrukcji, spodnie s\u0105 wygodne i stylowe.<\/p>\n<p>Dodatkowe wymiary to:<br \/>\nS\/M: d\u0142ugo\u015b\u0107 &#8211; 107 cm, szeroko\u015b\u0107 pasa &#8211; 37 x 2 cm, szeroko\u015b\u0107 biodra &#8211; 49 x 2 cm<br \/>\nL\/XL: d\u0142ugo\u015b\u0107 &#8211; 109 cm, szeroko\u015b\u0107 pasa &#8211; 39 x 2 cm, szeroko\u015b\u0107 biodra &#8211; 51 x 2 cm<\/p>\n<p>Garnitur EMMA to propozycja, kt\u00f3ra podkre\u015bli Twoj\u0105 indywidualno\u015b\u0107 i styl na wielu p\u0142aszczyznach. Przeznaczony dla kobiet, kt\u00f3re ceni\u0105 elegancj\u0119 oraz wygod\u0119 noszenia, sprawdzi si\u0119 doskonale zar\u00f3wno w biurze, jak i podczas miejskich wypad\u00f3w.<\/p>\n<p>Wybierz garnitur EMMA i daj si\u0119 ponie\u015b\u0107 modowym trendom bez rezygnacji\u00a0z\u00a0komfortu.<\/p>\n<p>SK\u0141AD: 95% wiskoza 5% elastan<\/p>","protected":false},"featured_media":862,"comment_status":"open","ping_status":"closed","template":"","meta":{"site-sidebar-layout":"default","site-content-layout":"","ast-site-content-layout":"default","site-content-style":"default","site-sidebar-style":"default","ast-global-header-display":"","ast-banner-title-visibility":"","ast-main-header-display":"","ast-hfb-above-header-display":"","ast-hfb-below-header-display":"","ast-hfb-mobile-header-display":"","site-post-title":"","ast-breadcrumbs-content":"","ast-featured-img":"","footer-sml-layout":"","ast-disable-related-posts":"","theme-transparent-header-meta":"default","adv-header-id-meta":"","stick-header-meta":"","header-above-stick-meta":"","header-main-stick-meta":"","header-below-stick-meta":"","astra-migrate-meta-layouts":"set","ast-page-background-enabled":"default","ast-page-background-meta":{"desktop":{"background-color":"var(--ast-global-color-5)","background-image":"","background-repeat":"repeat","background-position":"center center","background-size":"auto","background-attachment":"scroll","background-type":"","background-media":"","overlay-type":"","overlay-color":"","overlay-opacity":"","overlay-gradient":""},"tablet":{"background-color":"","background-image":"","background-repeat":"repeat","background-position":"center center","background-size":"auto","background-attachment":"scroll","background-type":"","background-media":"","overlay-type":"","overlay-color":"","overlay-opacity":"","overlay-gradient":""},"mobile":{"background-color":"","background-image":"","background-repeat":"repeat","background-position":"center center","background-size":"auto","background-attachment":"scroll","background-type":"","background-media":"","overlay-type":"","overlay-color":"","overlay-opacity":"","overlay-gradient":""}},"ast-content-background-meta":{"desktop":{"background-color":"var(--ast-global-color-4)","background-image":"","background-repeat":"repeat","background-position":"center center","background-size":"auto","background-attachment":"scroll","background-type":"","background-media":"","overlay-type":"","overlay-color":"","overlay-opacity":"","overlay-gradient":""},"tablet":{"background-color":"var(--ast-global-color-4)","background-image":"","background-repeat":"repeat","background-position":"center center","background-size":"auto","background-attachment":"scroll","background-type":"","background-media":"","overlay-type":"","overlay-color":"","overlay-opacity":"","overlay-gradient":""},"mobile":{"background-color":"var(--ast-global-color-4)","background-image":"","background-repeat":"repeat","background-position":"center center","background-size":"auto","background-attachment":"scroll","background-type":"","background-media":"","overlay-type":"","overlay-color":"","overlay-opacity":"","overlay-gradient":""}}},"product_brand":[],"product_cat":[77],"product_tag":[1119],"class_list":{"0":"post-866","1":"product","2":"type-product","3":"status-publish","4":"has-post-thumbnail","6":"product_cat-komplet","7":"product_tag-komplet-eleganckastylizacja-marynarka-spodnie-czarnykomplet-klasyka-polskamarka-jakosc-styl","8":"desktop-align-left","9":"tablet-align-left","10":"mobile-align-left","12":"first","13":"instock","14":"shipping-taxable","15":"purchasable","16":"product-type-variable"},"_links":{"self":[{"href":"https:\/\/goldendreams.com.pl\/en\/wp-json\/wp\/v2\/product\/866","targetHints":{"allow":["GET"]}}],"collection":[{"href":"https:\/\/goldendreams.com.pl\/en\/wp-json\/wp\/v2\/product"}],"about":[{"href":"https:\/\/goldendreams.com.pl\/en\/wp-json\/wp\/v2\/types\/product"}],"replies":[{"embeddable":true,"href":"https:\/\/goldendreams.com.pl\/en\/wp-json\/wp\/v2\/comments?post=866"}],"wp:featuredmedia":[{"embeddable":true,"href":"https:\/\/goldendreams.com.pl\/en\/wp-json\/wp\/v2\/media\/862"}],"wp:attachment":[{"href":"https:\/\/goldendreams.com.pl\/en\/wp-json\/wp\/v2\/media?parent=866"}],"wp:term":[{"taxonomy":"product_brand","embeddable":true,"href":"https:\/\/goldendreams.com.pl\/en\/wp-json\/wp\/v2\/product_brand?post=866"},{"taxonomy":"product_cat","embeddable":true,"href":"https:\/\/goldendreams.com.pl\/en\/wp-json\/wp\/v2\/product_cat?post=866"},{"taxonomy":"product_tag","embeddable":true,"href":"https:\/\/goldendreams.com.pl\/en\/wp-json\/wp\/v2\/product_tag?post=866"}],"curies":[{"name":"wp","href":"https:\/\/api.w.org\/{rel}","templated":true}]}}