{"id":8133,"date":"2025-07-22T12:10:56","date_gmt":"2025-07-22T12:10:56","guid":{"rendered":"https:\/\/goldendreams.com.pl\/sklep\/211-7-lea-dluga-suknia-z-koronkowym-dekoltem-niebieska\/"},"modified":"2026-04-13T11:53:01","modified_gmt":"2026-04-13T11:53:01","slug":"211-7-lea-dluga-suknia-z-koronkowym-dekoltem-niebieska","status":"publish","type":"product","link":"https:\/\/goldendreams.com.pl\/en\/sklep\/211-7-lea-dluga-suknia-z-koronkowym-dekoltem-niebieska\/","title":{"rendered":"211-7 LEA d\u0142uga suknia z koronkowym dekoltem &#8211; NIEBIESKA"},"content":{"rendered":"<div class='desc-1'>Niebieska <strong>d\u0142uga suknia<\/strong> maxi z koronkowym dekoltem i odkrytymi plecami. Sukienka pi\u0119knie eksponuje dekolt. Idealna na Sylwestra, Karnawa\u0142, studni\u00f3wk\u0119, wesele czy inne wa\u017cniejsze imprezy. Produkt polski. Marka <strong>numoco<\/strong>.<\/p>\n<div class=\"film-YT\"><\/div>\n<\/div>\n<div class='desc-2'>D\u0142uga suknia z koronkowym dekoltem &#8211; niebieska<\/div>\n<div class='desc-3'><\/div>\n<div class='desc-4'><\/div>\n<div class='desc-5'>\n<div class=\"sizes\">Wymiary mierzone s\u0105 na p\u0142asko &#8211; bez rozci\u0105gania materia\u0142u (+\/- 2 cm)<br \/>Modelka na zdj\u0119ciu ma 165cm wzrostu i ma ubrany rozmiar S.<\/div>\n<div class=\"sizes\">\n<table style=\"height: 105px\" width=\"477\" cellspacing=\"0\" cellpadding=\"0\">\n<tbody>\n<tr style=\"height: 10px\">\n<th style=\"height: 10px;width: 267.45px\">\n<h3>Wymiary:<\/h3>\n<h3> <\/h3>\n<\/th>\n<th style=\"height: 10px;width: 51.2px\">S<\/th>\n<th style=\"height: 10px;width: 51.1833px\">M<\/th>\n<td style=\"height: 10px;width: 51.2px\"><strong>L<br \/><\/strong><\/td>\n<td style=\"height: 10px;width: 51.1667px\"><strong>XL<br \/><\/strong><\/td>\n<\/tr>\n<tr style=\"height: 16px\">\n<td class=\"name\" style=\"height: 16px;width: 267.45px\">Od paszki do paszki<\/td>\n<td style=\"height: 16px;width: 51.2px\">39<\/td>\n<td style=\"height: 16px;width: 51.1833px\">40<\/td>\n<td style=\"height: 16px;width: 51.2px\" valign=\"top\">43<\/td>\n<td style=\"height: 16px;width: 51.1667px\" valign=\"top\">47<\/td>\n<\/tr>\n<tr style=\"height: 16px\">\n<td class=\"name\" style=\"height: 16px;width: 267.45px\">Pas\/Talia<\/td>\n<td style=\"height: 16px;width: 51.2px\">32<\/td>\n<td style=\"height: 16px;width: 51.1833px\">33<\/td>\n<td style=\"height: 16px;width: 51.2px\" valign=\"top\">35<\/td>\n<td style=\"height: 16px;width: 51.1667px\" valign=\"top\">40<\/td>\n<\/tr>\n<tr style=\"height: 16px\">\n<td class=\"name\" style=\"height: 16px;width: 267.45px\">D\u0142. od pachy<\/td>\n<td style=\"height: 16px;width: 51.2px\">128<\/td>\n<td style=\"height: 16px;width: 51.1833px\">128<\/td>\n<td style=\"height: 16px;width: 51.2px\" valign=\"top\">128<\/td>\n<td style=\"height: 16px;width: 51.1667px\" valign=\"top\">128<\/td>\n<\/tr>\n<tr style=\"height: 16px\">\n<td style=\"height: 16px;width: 267.45px\" valign=\"top\">D\u0142. od ramienia<\/td>\n<td style=\"height: 16px;width: 51.2px\" valign=\"top\">150<\/td>\n<td style=\"height: 16px;width: 51.1833px\" valign=\"top\">150<\/td>\n<td style=\"height: 16px;width: 51.2px\" valign=\"top\">151<\/td>\n<td style=\"height: 16px;width: 51.1667px\" valign=\"top\">152<\/td>\n<\/tr>\n<\/tbody>\n<\/table>\n<\/div>\n<\/div>","protected":false},"excerpt":{"rendered":"<p>Niebieska d\u0142uga suknia maxi z koronkowym dekoltem i odkrytymi plecami. Sukienka pi\u0119knie eksponuje dekolt. Idealna na Sylwestra, Karnawa\u0142, studni\u00f3wk\u0119, wesele [&hellip;]<\/p>\n","protected":false},"featured_media":8125,"comment_status":"open","ping_status":"closed","template":"","meta":{"site-sidebar-layout":"default","site-content-layout":"","ast-site-content-layout":"default","site-content-style":"default","site-sidebar-style":"default","ast-global-header-display":"","ast-banner-title-visibility":"","ast-main-header-display":"","ast-hfb-above-header-display":"","ast-hfb-below-header-display":"","ast-hfb-mobile-header-display":"","site-post-title":"","ast-breadcrumbs-content":"","ast-featured-img":"","footer-sml-layout":"","ast-disable-related-posts":"","theme-transparent-header-meta":"","adv-header-id-meta":"","stick-header-meta":"","header-above-stick-meta":"","header-main-stick-meta":"","header-below-stick-meta":"","astra-migrate-meta-layouts":"default","ast-page-background-enabled":"default","ast-page-background-meta":{"desktop":{"background-color":"var(--ast-global-color-5)","background-image":"","background-repeat":"repeat","background-position":"center center","background-size":"auto","background-attachment":"scroll","background-type":"","background-media":"","overlay-type":"","overlay-color":"","overlay-opacity":"","overlay-gradient":""},"tablet":{"background-color":"","background-image":"","background-repeat":"repeat","background-position":"center center","background-size":"auto","background-attachment":"scroll","background-type":"","background-media":"","overlay-type":"","overlay-color":"","overlay-opacity":"","overlay-gradient":""},"mobile":{"background-color":"","background-image":"","background-repeat":"repeat","background-position":"center center","background-size":"auto","background-attachment":"scroll","background-type":"","background-media":"","overlay-type":"","overlay-color":"","overlay-opacity":"","overlay-gradient":""}},"ast-content-background-meta":{"desktop":{"background-color":"var(--ast-global-color-4)","background-image":"","background-repeat":"repeat","background-position":"center center","background-size":"auto","background-attachment":"scroll","background-type":"","background-media":"","overlay-type":"","overlay-color":"","overlay-opacity":"","overlay-gradient":""},"tablet":{"background-color":"var(--ast-global-color-4)","background-image":"","background-repeat":"repeat","background-position":"center center","background-size":"auto","background-attachment":"scroll","background-type":"","background-media":"","overlay-type":"","overlay-color":"","overlay-opacity":"","overlay-gradient":""},"mobile":{"background-color":"var(--ast-global-color-4)","background-image":"","background-repeat":"repeat","background-position":"center center","background-size":"auto","background-attachment":"scroll","background-type":"","background-media":"","overlay-type":"","overlay-color":"","overlay-opacity":"","overlay-gradient":""}}},"product_brand":[],"product_cat":[160,59,163,183,175,172,174,164,171],"product_tag":[],"class_list":{"0":"post-8133","1":"product","2":"type-product","3":"status-publish","4":"has-post-thumbnail","6":"product_cat-numoco","7":"product_cat-sukienki","8":"product_cat-sukienki-koronkowe","9":"product_cat-sukienki-maxi","10":"product_cat-sukienki-na-karnawal","11":"product_cat-sukienki-na-studniowke","12":"product_cat-sukienki-na-sylwestra","13":"product_cat-sukienki-na-wesele","14":"product_cat-sukienki-wieczorowe","15":"desktop-align-left","16":"tablet-align-left","17":"mobile-align-left","19":"first","20":"instock","21":"shipping-taxable","22":"purchasable","23":"product-type-variable","24":"has-default-attributes"},"_links":{"self":[{"href":"https:\/\/goldendreams.com.pl\/en\/wp-json\/wp\/v2\/product\/8133","targetHints":{"allow":["GET"]}}],"collection":[{"href":"https:\/\/goldendreams.com.pl\/en\/wp-json\/wp\/v2\/product"}],"about":[{"href":"https:\/\/goldendreams.com.pl\/en\/wp-json\/wp\/v2\/types\/product"}],"replies":[{"embeddable":true,"href":"https:\/\/goldendreams.com.pl\/en\/wp-json\/wp\/v2\/comments?post=8133"}],"wp:featuredmedia":[{"embeddable":true,"href":"https:\/\/goldendreams.com.pl\/en\/wp-json\/wp\/v2\/media\/8125"}],"wp:attachment":[{"href":"https:\/\/goldendreams.com.pl\/en\/wp-json\/wp\/v2\/media?parent=8133"}],"wp:term":[{"taxonomy":"product_brand","embeddable":true,"href":"https:\/\/goldendreams.com.pl\/en\/wp-json\/wp\/v2\/product_brand?post=8133"},{"taxonomy":"product_cat","embeddable":true,"href":"https:\/\/goldendreams.com.pl\/en\/wp-json\/wp\/v2\/product_cat?post=8133"},{"taxonomy":"product_tag","embeddable":true,"href":"https:\/\/goldendreams.com.pl\/en\/wp-json\/wp\/v2\/product_tag?post=8133"}],"curies":[{"name":"wp","href":"https:\/\/api.w.org\/{rel}","templated":true}]}}