{"id":8051,"date":"2025-07-22T11:58:44","date_gmt":"2025-07-22T11:58:44","guid":{"rendered":"https:\/\/goldendreams.com.pl\/sklep\/513-1-luna-elegancka-dluga-satynowa-suknia-z-dekoltem-i-skrzyzowanymi-ramiaczkami-zielen-butelkowa\/"},"modified":"2026-04-15T09:12:47","modified_gmt":"2026-04-15T09:12:47","slug":"513-1-luna-elegancka-dluga-satynowa-suknia-z-dekoltem-i-skrzyzowanymi-ramiaczkami-zielen-butelkowa","status":"publish","type":"product","link":"https:\/\/goldendreams.com.pl\/en\/sklep\/513-1-luna-elegancka-dluga-satynowa-suknia-z-dekoltem-i-skrzyzowanymi-ramiaczkami-zielen-butelkowa\/","title":{"rendered":"513-1 LUNA elegancka d\u0142uga satynowa suknia z dekoltem i skrzy\u017cowanymi rami\u0105czkami &#8211; ZIELE\u0143 BUTELKOWA"},"content":{"rendered":"<div class='desc-1'>Luna &#8211; elegancka <strong>maxi d\u0142uga satynowa<\/strong> <strong>suknia z rozci\u0119ciem na nog\u0119, du\u017cym dekoltem i skrzy\u017cowanymi rami\u0105czkami na plecach<\/strong>. Uszyta z po\u0142yskuj\u0105cej, g\u0142adkiej, lekko elastycznej satyny w kolorze zielonym. Sukienka idealna na wesela, sylwestra, studni\u00f3wk\u0119, karnawa\u0142 i inne wa\u017cniejsze wyj\u015bcia. Produkcja polska. Marka <strong>Numoco<\/strong>.<br \/><strong>LIMITED EDITION<\/strong><\/div>\n<div class='desc-2'>LUNA &#8211; Satynowa sukienka z dekoltem &#8211; zielona<\/div>\n<div class='desc-3'><\/div>\n<div class='desc-4'><\/div>\n<div class='desc-5'>\n<div class=\"sizes\">\n<div class=\"sizes\">Wymiary mierzone s\u0105 na p\u0142asko &#8211; bez rozci\u0105gania materia\u0142u (+\/- 2 cm)<br \/>Modelka na zdj\u0119ciu ma 165cm wzrostu i ma ubrany rozm. XS.<\/p>\n<table style=\"height: 157px;width: 491px\" width=\"497\" cellspacing=\"0\" cellpadding=\"0\">\n<tbody>\n<tr>\n<td class=\"namep\" style=\"width: 300.483px\"><strong>Wymiary:<\/strong><\/td>\n<td style=\"width: 36.1833px\"><strong>XS<br \/><\/strong><\/td>\n<td style=\"width: 36.1833px\"><strong>S<\/strong><\/td>\n<td style=\"width: 36.1833px\"><strong>M<\/strong><\/td>\n<td style=\"width: 38.1833px\"><strong>L<\/strong><\/td>\n<td style=\"width: 38.1833px\"><strong>XL<\/strong><\/td>\n<\/tr>\n<tr>\n<td class=\"namep\" style=\"width: 300.483px\">Od paszki do paszki (<strong>A<\/strong>)<\/td>\n<td style=\"width: 36.1833px\">36<\/td>\n<td style=\"width: 36.1833px\">37<\/td>\n<td style=\"width: 36.1833px\">39<\/td>\n<td style=\"width: 38.1833px\">41<\/td>\n<td style=\"width: 38.1833px\">43<\/td>\n<\/tr>\n<tr>\n<td class=\"namep\" style=\"width: 300.483px\">Talia (<strong>B<\/strong>)<\/td>\n<td style=\"width: 36.1833px\">32<\/td>\n<td style=\"width: 36.1833px\">34<\/td>\n<td style=\"width: 36.1833px\">36<\/td>\n<td style=\"width: 38.1833px\">38<\/td>\n<td style=\"width: 38.1833px\">41<\/td>\n<\/tr>\n<tr>\n<td class=\"namep\" style=\"width: 300.483px\">D\u0142. od pachy (<strong>D<\/strong>)<\/td>\n<td style=\"width: 36.1833px\">121<\/td>\n<td style=\"width: 36.1833px\">123<\/td>\n<td style=\"width: 36.1833px\">124<\/td>\n<td style=\"width: 38.1833px\">124<\/td>\n<td style=\"width: 38.1833px\">125<\/td>\n<\/tr>\n<\/tbody>\n<\/table>\n<p><img loading=\"lazy\" decoding=\"async\" alt=\"\" height=\"1076\" src=\"rozmiary\/419-.jpg\" style=\"margin-left: auto;margin-right: auto\" width=\"550\"><\/div>\n<\/div>\n<\/div>","protected":false},"excerpt":{"rendered":"<p>Luna &#8211; elegancka maxi d\u0142uga satynowa suknia z rozci\u0119ciem na nog\u0119, du\u017cym dekoltem i skrzy\u017cowanymi rami\u0105czkami na plecach. Uszyta z [&hellip;]<\/p>\n","protected":false},"featured_media":8043,"comment_status":"open","ping_status":"closed","template":"","meta":{"site-sidebar-layout":"default","site-content-layout":"","ast-site-content-layout":"default","site-content-style":"default","site-sidebar-style":"default","ast-global-header-display":"","ast-banner-title-visibility":"","ast-main-header-display":"","ast-hfb-above-header-display":"","ast-hfb-below-header-display":"","ast-hfb-mobile-header-display":"","site-post-title":"","ast-breadcrumbs-content":"","ast-featured-img":"","footer-sml-layout":"","ast-disable-related-posts":"","theme-transparent-header-meta":"","adv-header-id-meta":"","stick-header-meta":"","header-above-stick-meta":"","header-main-stick-meta":"","header-below-stick-meta":"","astra-migrate-meta-layouts":"default","ast-page-background-enabled":"default","ast-page-background-meta":{"desktop":{"background-color":"var(--ast-global-color-5)","background-image":"","background-repeat":"repeat","background-position":"center center","background-size":"auto","background-attachment":"scroll","background-type":"","background-media":"","overlay-type":"","overlay-color":"","overlay-opacity":"","overlay-gradient":""},"tablet":{"background-color":"","background-image":"","background-repeat":"repeat","background-position":"center center","background-size":"auto","background-attachment":"scroll","background-type":"","background-media":"","overlay-type":"","overlay-color":"","overlay-opacity":"","overlay-gradient":""},"mobile":{"background-color":"","background-image":"","background-repeat":"repeat","background-position":"center center","background-size":"auto","background-attachment":"scroll","background-type":"","background-media":"","overlay-type":"","overlay-color":"","overlay-opacity":"","overlay-gradient":""}},"ast-content-background-meta":{"desktop":{"background-color":"var(--ast-global-color-4)","background-image":"","background-repeat":"repeat","background-position":"center center","background-size":"auto","background-attachment":"scroll","background-type":"","background-media":"","overlay-type":"","overlay-color":"","overlay-opacity":"","overlay-gradient":""},"tablet":{"background-color":"var(--ast-global-color-4)","background-image":"","background-repeat":"repeat","background-position":"center center","background-size":"auto","background-attachment":"scroll","background-type":"","background-media":"","overlay-type":"","overlay-color":"","overlay-opacity":"","overlay-gradient":""},"mobile":{"background-color":"var(--ast-global-color-4)","background-image":"","background-repeat":"repeat","background-position":"center center","background-size":"auto","background-attachment":"scroll","background-type":"","background-media":"","overlay-type":"","overlay-color":"","overlay-opacity":"","overlay-gradient":""}}},"product_brand":[],"product_cat":[151,160,59,183,175,172,174,164,316,171,173],"product_tag":[],"class_list":{"0":"post-8051","1":"product","2":"type-product","3":"status-publish","4":"has-post-thumbnail","6":"product_cat-limited-edition","7":"product_cat-numoco","8":"product_cat-sukienki","9":"product_cat-sukienki-maxi","10":"product_cat-sukienki-na-karnawal","11":"product_cat-sukienki-na-studniowke","12":"product_cat-sukienki-na-sylwestra","13":"product_cat-sukienki-na-wesele","14":"product_cat-sukienki-satynowe","15":"product_cat-sukienki-wieczorowe","16":"product_cat-zielone-sukienki","17":"desktop-align-left","18":"tablet-align-left","19":"mobile-align-left","21":"first","22":"instock","23":"shipping-taxable","24":"purchasable","25":"product-type-variable","26":"has-default-attributes"},"_links":{"self":[{"href":"https:\/\/goldendreams.com.pl\/en\/wp-json\/wp\/v2\/product\/8051","targetHints":{"allow":["GET"]}}],"collection":[{"href":"https:\/\/goldendreams.com.pl\/en\/wp-json\/wp\/v2\/product"}],"about":[{"href":"https:\/\/goldendreams.com.pl\/en\/wp-json\/wp\/v2\/types\/product"}],"replies":[{"embeddable":true,"href":"https:\/\/goldendreams.com.pl\/en\/wp-json\/wp\/v2\/comments?post=8051"}],"wp:featuredmedia":[{"embeddable":true,"href":"https:\/\/goldendreams.com.pl\/en\/wp-json\/wp\/v2\/media\/8043"}],"wp:attachment":[{"href":"https:\/\/goldendreams.com.pl\/en\/wp-json\/wp\/v2\/media?parent=8051"}],"wp:term":[{"taxonomy":"product_brand","embeddable":true,"href":"https:\/\/goldendreams.com.pl\/en\/wp-json\/wp\/v2\/product_brand?post=8051"},{"taxonomy":"product_cat","embeddable":true,"href":"https:\/\/goldendreams.com.pl\/en\/wp-json\/wp\/v2\/product_cat?post=8051"},{"taxonomy":"product_tag","embeddable":true,"href":"https:\/\/goldendreams.com.pl\/en\/wp-json\/wp\/v2\/product_tag?post=8051"}],"curies":[{"name":"wp","href":"https:\/\/api.w.org\/{rel}","templated":true}]}}