{"id":7821,"date":"2025-07-22T11:56:22","date_gmt":"2025-07-22T11:56:22","guid":{"rendered":"https:\/\/goldendreams.com.pl\/sklep\/287-25-sofia-sukienka-motyl-z-wiazaniem-w-pasie-granatowa-z-brokatem\/"},"modified":"2026-04-12T22:58:04","modified_gmt":"2026-04-12T22:58:04","slug":"287-25-sofia-sukienka-motyl-z-wiazaniem-w-pasie-granatowa-z-brokatem","status":"publish","type":"product","link":"https:\/\/goldendreams.com.pl\/en\/sklep\/287-25-sofia-sukienka-motyl-z-wiazaniem-w-pasie-granatowa-z-brokatem\/","title":{"rendered":"287-25 SOFIA Sukienka motyl z wi\u0105zaniem w pasie &#8211; GRANATOWA z brokatem"},"content":{"rendered":"<div class='desc-1'>SOFIA <strong>Dress<\/strong> typu motyl z paskiem &#8211; kolor granatowy z brokatem. Uszyta z bardzo elastycznego materia\u0142u. Marka <strong>numoco<\/strong>. Produkcja polska.<\/div>\n<div class='desc-2'>Sofia &#8211; sukienka z brokatem<\/div>\n<div class='desc-3'><\/div>\n<div class='desc-4'><\/div>\n<div class='desc-5'>\n<div class=\"sizes\">\n<div class=\"sizes\">Wymiary mierzone s\u0105 na p\u0142asko &#8211; bez rozci\u0105gania materia\u0142u (+\/- 2 cm)<br \/>Modelka na zdj\u0119ciu ma 165cm wzrostu i ma ubrany rozm. S\/M.<\/p>\n<table style=\"height: 173px\" width=\"496\" cellspacing=\"0\" cellpadding=\"0\">\n<tbody>\n<tr style=\"height: 14px\">\n<td class=\"namep\" style=\"height: 14px;width: 282.567px\"><strong>Wymiary:<\/strong><\/td>\n<td style=\"height: 14px;width: 68.1333px\"><strong>S\/M<\/strong><\/td>\n<td style=\"height: 14px;width: 66.1333px\"><strong>L\/XL<\/strong><\/td>\n<td style=\"height: 14px;width: 75.1667px\"><strong>2XL\/3XL<\/strong><\/td>\n<\/tr>\n<tr style=\"height: 14px\">\n<td class=\"namep\" style=\"height: 14px;width: 282.567px\">Od paszki do paszki (<strong>A<\/strong>)<\/td>\n<td style=\"height: 14px;width: 68.1333px\">48<\/td>\n<td style=\"height: 14px;width: 66.1333px\">50<\/td>\n<td style=\"height: 14px;width: 75.1667px\">54<\/td>\n<\/tr>\n<tr style=\"height: 14px\">\n<td class=\"namep\" style=\"height: 14px;width: 282.567px\">Talia (<strong>B<\/strong>)<\/td>\n<td style=\"height: 14px;width: 68.1333px\">55<\/td>\n<td style=\"height: 14px;width: 66.1333px\">63<\/td>\n<td style=\"height: 14px;width: 75.1667px\">71<\/td>\n<\/tr>\n<tr style=\"height: 14px\">\n<td class=\"namep\" style=\"height: 14px;width: 282.567px\">Biodra (<strong>C<\/strong>)<\/td>\n<td style=\"height: 14px;width: 68.1333px\">55<\/td>\n<td style=\"height: 14px;width: 66.1333px\">64<\/td>\n<td style=\"height: 14px;width: 75.1667px\">71<\/td>\n<\/tr>\n<tr style=\"height: 14px\">\n<td class=\"namep\" style=\"height: 14px;width: 282.567px\">D\u0142. od ramienia (<strong>E<\/strong>)<\/td>\n<td style=\"height: 14px;width: 68.1333px\">91<\/td>\n<td style=\"height: 14px;width: 66.1333px\">97<\/td>\n<td style=\"height: 14px;width: 75.1667px\">104<\/td>\n<\/tr>\n<\/tbody>\n<\/table>\n<p><img loading=\"lazy\" decoding=\"async\" alt=\"\" height=\"555\" src=\"rozmiary\/287-.jpg\" style=\"margin-left: auto;margin-right: auto\" width=\"500\"><\/div>\n<\/div>\n<\/div>","protected":false},"excerpt":{"rendered":"<p>SOFIA Sukienka typu motyl z paskiem &#8211; kolor granatowy z brokatem. Uszyta z bardzo elastycznego materia\u0142u. Marka numoco. Produkcja polska. [&hellip;]<\/p>\n","protected":false},"featured_media":7815,"comment_status":"open","ping_status":"closed","template":"","meta":{"site-sidebar-layout":"default","site-content-layout":"","ast-site-content-layout":"default","site-content-style":"default","site-sidebar-style":"default","ast-global-header-display":"","ast-banner-title-visibility":"","ast-main-header-display":"","ast-hfb-above-header-display":"","ast-hfb-below-header-display":"","ast-hfb-mobile-header-display":"","site-post-title":"","ast-breadcrumbs-content":"","ast-featured-img":"","footer-sml-layout":"","ast-disable-related-posts":"","theme-transparent-header-meta":"","adv-header-id-meta":"","stick-header-meta":"","header-above-stick-meta":"","header-main-stick-meta":"","header-below-stick-meta":"","astra-migrate-meta-layouts":"default","ast-page-background-enabled":"default","ast-page-background-meta":{"desktop":{"background-color":"var(--ast-global-color-5)","background-image":"","background-repeat":"repeat","background-position":"center center","background-size":"auto","background-attachment":"scroll","background-type":"","background-media":"","overlay-type":"","overlay-color":"","overlay-opacity":"","overlay-gradient":""},"tablet":{"background-color":"","background-image":"","background-repeat":"repeat","background-position":"center center","background-size":"auto","background-attachment":"scroll","background-type":"","background-media":"","overlay-type":"","overlay-color":"","overlay-opacity":"","overlay-gradient":""},"mobile":{"background-color":"","background-image":"","background-repeat":"repeat","background-position":"center center","background-size":"auto","background-attachment":"scroll","background-type":"","background-media":"","overlay-type":"","overlay-color":"","overlay-opacity":"","overlay-gradient":""}},"ast-content-background-meta":{"desktop":{"background-color":"var(--ast-global-color-4)","background-image":"","background-repeat":"repeat","background-position":"center center","background-size":"auto","background-attachment":"scroll","background-type":"","background-media":"","overlay-type":"","overlay-color":"","overlay-opacity":"","overlay-gradient":""},"tablet":{"background-color":"var(--ast-global-color-4)","background-image":"","background-repeat":"repeat","background-position":"center center","background-size":"auto","background-attachment":"scroll","background-type":"","background-media":"","overlay-type":"","overlay-color":"","overlay-opacity":"","overlay-gradient":""},"mobile":{"background-color":"var(--ast-global-color-4)","background-image":"","background-repeat":"repeat","background-position":"center center","background-size":"auto","background-attachment":"scroll","background-type":"","background-media":"","overlay-type":"","overlay-color":"","overlay-opacity":"","overlay-gradient":""}}},"product_brand":[],"product_cat":[160,59,264,154,174,171],"product_tag":[],"class_list":{"0":"post-7821","1":"product","2":"type-product","3":"status-publish","4":"has-post-thumbnail","6":"product_cat-numoco","7":"product_cat-sukienki","8":"product_cat-sukienki-brokatowe","9":"product_cat-sukienki-letnie","10":"product_cat-sukienki-na-sylwestra","11":"product_cat-sukienki-wieczorowe","12":"desktop-align-left","13":"tablet-align-left","14":"mobile-align-left","16":"first","17":"instock","18":"shipping-taxable","19":"purchasable","20":"product-type-variable","21":"has-default-attributes"},"_links":{"self":[{"href":"https:\/\/goldendreams.com.pl\/en\/wp-json\/wp\/v2\/product\/7821","targetHints":{"allow":["GET"]}}],"collection":[{"href":"https:\/\/goldendreams.com.pl\/en\/wp-json\/wp\/v2\/product"}],"about":[{"href":"https:\/\/goldendreams.com.pl\/en\/wp-json\/wp\/v2\/types\/product"}],"replies":[{"embeddable":true,"href":"https:\/\/goldendreams.com.pl\/en\/wp-json\/wp\/v2\/comments?post=7821"}],"wp:featuredmedia":[{"embeddable":true,"href":"https:\/\/goldendreams.com.pl\/en\/wp-json\/wp\/v2\/media\/7815"}],"wp:attachment":[{"href":"https:\/\/goldendreams.com.pl\/en\/wp-json\/wp\/v2\/media?parent=7821"}],"wp:term":[{"taxonomy":"product_brand","embeddable":true,"href":"https:\/\/goldendreams.com.pl\/en\/wp-json\/wp\/v2\/product_brand?post=7821"},{"taxonomy":"product_cat","embeddable":true,"href":"https:\/\/goldendreams.com.pl\/en\/wp-json\/wp\/v2\/product_cat?post=7821"},{"taxonomy":"product_tag","embeddable":true,"href":"https:\/\/goldendreams.com.pl\/en\/wp-json\/wp\/v2\/product_tag?post=7821"}],"curies":[{"name":"wp","href":"https:\/\/api.w.org\/{rel}","templated":true}]}}