{"id":6924,"date":"2025-07-22T11:31:55","date_gmt":"2025-07-22T11:31:55","guid":{"rendered":"https:\/\/goldendreams.com.pl\/sklep\/374-4-polina-plisowana-sukienka-z-dekoltem-i-falbankami-chabrowa\/"},"modified":"2026-04-09T09:31:01","modified_gmt":"2026-04-09T09:31:01","slug":"374-4-polina-plisowana-sukienka-z-dekoltem-i-falbankami-chabrowa","status":"publish","type":"product","link":"https:\/\/goldendreams.com.pl\/en\/sklep\/374-4-polina-plisowana-sukienka-z-dekoltem-i-falbankami-chabrowa\/","title":{"rendered":"374-4 POLINA Plisowana sukienka z dekoltem i falbankami &#8211; CHABROWA"},"content":{"rendered":"<div class='desc-1'>Polina &#8211; szyfonowa plisowana <strong>sukienka<\/strong> z dekoltem i falbankami na ramionach. Kolor: chabrowy. Marka <strong>numoco<\/strong>. Produkcja polska.<\/div>\n<div class='desc-2'>Polina &#8211; chabrowa sukienka<\/div>\n<div class='desc-3'><\/div>\n<div class='desc-4'><\/div>\n<div class='desc-5'>\n<div class=\"sizes\">\n<div class=\"sizes\">Wymiary mierzone s\u0105 na p\u0142asko &#8211; bez rozci\u0105gania materia\u0142u (+\/- 2 cm)<br \/>Modelka na zdj\u0119ciu ma 171cm wzrostu i ma ubrany rozm. S.<\/p>\n<table style=\"height: 159px;width: 499px\" cellspacing=\"0\" cellpadding=\"0\">\n<tbody>\n<tr style=\"height: 14px\">\n<td class=\"namep\" style=\"height: 14px;width: 385.933px\"><strong>Wymiary:<\/strong><\/td>\n<td style=\"height: 14px;width: 27.0667px\"><strong>S<\/strong><\/td>\n<td style=\"height: 14px;width: 29.0667px\"><strong>M<\/strong><\/td>\n<td style=\"height: 14px;width: 27.0667px\"><strong>L<\/strong><\/td>\n<td style=\"height: 14px;width: 25.0667px\"><strong>XL<\/strong><\/td>\n<\/tr>\n<tr style=\"height: 14px\">\n<td class=\"namep\" style=\"height: 14px;width: 385.933px\">Od paszki do paszki (<strong>A<\/strong>)<\/td>\n<td style=\"height: 14px;width: 27.0667px\">43<\/td>\n<td style=\"height: 14px;width: 29.0667px\">44<\/td>\n<td style=\"height: 14px;width: 27.0667px\">46<\/td>\n<td style=\"height: 14px;width: 25.0667px\">49<\/td>\n<\/tr>\n<tr style=\"height: 14px\">\n<td class=\"namep\" style=\"height: 14px;width: 385.933px\">Talia (<strong>B<\/strong>)<\/td>\n<td style=\"height: 14px;width: 27.0667px\">31<\/td>\n<td style=\"height: 14px;width: 29.0667px\">32<\/td>\n<td style=\"height: 14px;width: 27.0667px\">35<\/td>\n<td style=\"height: 14px;width: 25.0667px\">39<\/td>\n<\/tr>\n<tr style=\"height: 14px\">\n<td class=\"namep\" style=\"height: 14px;width: 385.933px\">Biodra (<strong>C<\/strong>)<\/td>\n<td style=\"height: 14px;width: 27.0667px\">42<\/td>\n<td style=\"height: 14px;width: 29.0667px\">43<\/td>\n<td style=\"height: 14px;width: 27.0667px\">45<\/td>\n<td style=\"height: 14px;width: 25.0667px\">49<\/td>\n<\/tr>\n<tr style=\"height: 14px\">\n<td class=\"namep\" style=\"height: 14px;width: 385.933px\">D\u0142. od pachy (<strong>D<\/strong>)<\/td>\n<td style=\"height: 14px;width: 27.0667px\">77<\/td>\n<td style=\"height: 14px;width: 29.0667px\">77<\/td>\n<td style=\"height: 14px;width: 27.0667px\">80<\/td>\n<td style=\"height: 14px;width: 25.0667px\">81<\/td>\n<\/tr>\n<tr style=\"height: 14px\">\n<td class=\"namep\" style=\"height: 14px;width: 385.933px\">D\u0142. od ramienia (<strong>E<\/strong>)<\/td>\n<td style=\"height: 14px;width: 27.0667px\">97<\/td>\n<td style=\"height: 14px;width: 29.0667px\">99<\/td>\n<td style=\"height: 14px;width: 27.0667px\">102<\/td>\n<td style=\"height: 14px;width: 25.0667px\">104<\/td>\n<\/tr>\n<\/tbody>\n<\/table>\n<p><img loading=\"lazy\" decoding=\"async\" alt=\"\" height=\"733\" src=\"rozmiary\/315-.jpg\" style=\"margin-left: auto;margin-right: auto\" width=\"550\"><\/div>\n<\/div>\n<\/div>","protected":false},"excerpt":{"rendered":"<p>Polina &#8211; szyfonowa plisowana sukienka z dekoltem i falbankami na ramionach. Kolor: chabrowy. Marka numoco. Produkcja polska. Polina &#8211; chabrowa [&hellip;]<\/p>\n","protected":false},"featured_media":6918,"comment_status":"open","ping_status":"closed","template":"","meta":{"site-sidebar-layout":"default","site-content-layout":"","ast-site-content-layout":"default","site-content-style":"default","site-sidebar-style":"default","ast-global-header-display":"","ast-banner-title-visibility":"","ast-main-header-display":"","ast-hfb-above-header-display":"","ast-hfb-below-header-display":"","ast-hfb-mobile-header-display":"","site-post-title":"","ast-breadcrumbs-content":"","ast-featured-img":"","footer-sml-layout":"","ast-disable-related-posts":"","theme-transparent-header-meta":"","adv-header-id-meta":"","stick-header-meta":"","header-above-stick-meta":"","header-main-stick-meta":"","header-below-stick-meta":"","astra-migrate-meta-layouts":"default","ast-page-background-enabled":"default","ast-page-background-meta":{"desktop":{"background-color":"var(--ast-global-color-5)","background-image":"","background-repeat":"repeat","background-position":"center center","background-size":"auto","background-attachment":"scroll","background-type":"","background-media":"","overlay-type":"","overlay-color":"","overlay-opacity":"","overlay-gradient":""},"tablet":{"background-color":"","background-image":"","background-repeat":"repeat","background-position":"center center","background-size":"auto","background-attachment":"scroll","background-type":"","background-media":"","overlay-type":"","overlay-color":"","overlay-opacity":"","overlay-gradient":""},"mobile":{"background-color":"","background-image":"","background-repeat":"repeat","background-position":"center center","background-size":"auto","background-attachment":"scroll","background-type":"","background-media":"","overlay-type":"","overlay-color":"","overlay-opacity":"","overlay-gradient":""}},"ast-content-background-meta":{"desktop":{"background-color":"var(--ast-global-color-4)","background-image":"","background-repeat":"repeat","background-position":"center center","background-size":"auto","background-attachment":"scroll","background-type":"","background-media":"","overlay-type":"","overlay-color":"","overlay-opacity":"","overlay-gradient":""},"tablet":{"background-color":"var(--ast-global-color-4)","background-image":"","background-repeat":"repeat","background-position":"center center","background-size":"auto","background-attachment":"scroll","background-type":"","background-media":"","overlay-type":"","overlay-color":"","overlay-opacity":"","overlay-gradient":""},"mobile":{"background-color":"var(--ast-global-color-4)","background-image":"","background-repeat":"repeat","background-position":"center center","background-size":"auto","background-attachment":"scroll","background-type":"","background-media":"","overlay-type":"","overlay-color":"","overlay-opacity":"","overlay-gradient":""}}},"product_brand":[],"product_cat":[160,59,154,159,153,158,164,203],"product_tag":[],"class_list":{"0":"post-6924","1":"product","2":"type-product","3":"status-publish","4":"has-post-thumbnail","6":"product_cat-numoco","7":"product_cat-sukienki","8":"product_cat-sukienki-letnie","9":"product_cat-sukienki-midi","10":"product_cat-sukienki-na-chrzciny","11":"product_cat-sukienki-na-komunie","12":"product_cat-sukienki-na-wesele","13":"product_cat-sukienki-plisowane","14":"desktop-align-left","15":"tablet-align-left","16":"mobile-align-left","18":"first","19":"instock","20":"shipping-taxable","21":"purchasable","22":"product-type-variable","23":"has-default-attributes"},"_links":{"self":[{"href":"https:\/\/goldendreams.com.pl\/en\/wp-json\/wp\/v2\/product\/6924","targetHints":{"allow":["GET"]}}],"collection":[{"href":"https:\/\/goldendreams.com.pl\/en\/wp-json\/wp\/v2\/product"}],"about":[{"href":"https:\/\/goldendreams.com.pl\/en\/wp-json\/wp\/v2\/types\/product"}],"replies":[{"embeddable":true,"href":"https:\/\/goldendreams.com.pl\/en\/wp-json\/wp\/v2\/comments?post=6924"}],"wp:featuredmedia":[{"embeddable":true,"href":"https:\/\/goldendreams.com.pl\/en\/wp-json\/wp\/v2\/media\/6918"}],"wp:attachment":[{"href":"https:\/\/goldendreams.com.pl\/en\/wp-json\/wp\/v2\/media?parent=6924"}],"wp:term":[{"taxonomy":"product_brand","embeddable":true,"href":"https:\/\/goldendreams.com.pl\/en\/wp-json\/wp\/v2\/product_brand?post=6924"},{"taxonomy":"product_cat","embeddable":true,"href":"https:\/\/goldendreams.com.pl\/en\/wp-json\/wp\/v2\/product_cat?post=6924"},{"taxonomy":"product_tag","embeddable":true,"href":"https:\/\/goldendreams.com.pl\/en\/wp-json\/wp\/v2\/product_tag?post=6924"}],"curies":[{"name":"wp","href":"https:\/\/api.w.org\/{rel}","templated":true}]}}