{"id":6832,"date":"2025-07-22T11:30:59","date_gmt":"2025-07-22T11:30:59","guid":{"rendered":"https:\/\/goldendreams.com.pl\/sklep\/444-1-kombinezon-z-falbana-i-odkrytymi-ramionami-brzoskwiniowy\/"},"modified":"2026-04-13T11:52:42","modified_gmt":"2026-04-13T11:52:42","slug":"444-1-kombinezon-z-falbana-i-odkrytymi-ramionami-brzoskwiniowy","status":"publish","type":"product","link":"https:\/\/goldendreams.com.pl\/en\/sklep\/444-1-kombinezon-z-falbana-i-odkrytymi-ramionami-brzoskwiniowy\/","title":{"rendered":"444-1 Kombinezon z falban\u0105 i odkrytymi ramionami &#8211; BRZOSKWINIOWY"},"content":{"rendered":"<div class='desc-1'>Brzoskwiniowy kombinezon z falban\u0105 i odkrytymi ramionami. G\u00f3ra uszyta gorsetowo &#8211; na fiszbinach. Z ty\u0142u zapinany na zamek kryty. Marka bergamo. Polska produkcja.<br \/><strong>LIMITED EDITION<\/strong><\/div>\n<div class='desc-2'>Brzoskwiniowy kombinezon<\/div>\n<div class='desc-3'><\/div>\n<div class='desc-4'><\/div>\n<div class='desc-5'>\n<div class=\"sizes\">\n<div class=\"sizes\">Wymiary mierzone s\u0105 na osobie (+\/- 2 cm)<br \/>Modelka na zdj\u0119ciu ma 165cm wzrostu i ma ubrany rozm. S.<\/p>\n<table style=\"height: 123px;width: 502px\" width=\"500\" cellspacing=\"0\" cellpadding=\"0\">\n<tbody>\n<tr style=\"height: 19px\">\n<td class=\"namep\" style=\"width: 373.9px;height: 19px\"><strong>Wymiary:<\/strong><\/td>\n<td style=\"width: 32.0833px;height: 19px\"><strong>S<\/strong><\/td>\n<td style=\"width: 31.0667px;height: 19px\"><strong>M<\/strong><\/td>\n<td style=\"width: 30.0833px;height: 19px\"><strong>L<\/strong><\/td>\n<td style=\"width: 30.0667px;height: 19px\"><strong>XL<\/strong><\/td>\n<\/tr>\n<tr style=\"height: 19px\">\n<td class=\"namep\" style=\"width: 373.9px;height: 19px\">Od paszki do paszki<\/td>\n<td style=\"width: 32.0833px;height: 19px\">76<\/td>\n<td style=\"width: 31.0667px;height: 19px\">80<\/td>\n<td style=\"width: 30.0833px;height: 19px\">84<\/td>\n<td style=\"width: 30.0667px;height: 19px\">88<\/td>\n<\/tr>\n<tr style=\"height: 19px\">\n<td class=\"namep\" style=\"width: 373.9px;height: 19px\">Talia<\/td>\n<td style=\"width: 32.0833px;height: 19px\">64<\/td>\n<td style=\"width: 31.0667px;height: 19px\">68<\/td>\n<td style=\"width: 30.0833px;height: 19px\">72<\/td>\n<td style=\"width: 30.0667px;height: 19px\">76<\/td>\n<\/tr>\n<tr style=\"height: 19px\">\n<td class=\"namep\" style=\"width: 373.9px;height: 19px\">Biodra<\/td>\n<td style=\"width: 32.0833px;height: 19px\">90<\/td>\n<td style=\"width: 31.0667px;height: 19px\">94<\/td>\n<td style=\"width: 30.0833px;height: 19px\">98<\/td>\n<td style=\"width: 30.0667px;height: 19px\">102<\/td>\n<\/tr>\n<tr style=\"height: 24px\">\n<td class=\"namep\" style=\"width: 373.9px;height: 24px\">D\u0142ugo\u015b\u0107 ca\u0142kowita<\/td>\n<td style=\"width: 32.0833px;height: 24px\">134<\/td>\n<td style=\"width: 31.0667px;height: 24px\">134<\/td>\n<td style=\"width: 30.0833px;height: 24px\">135<\/td>\n<td style=\"width: 30.0667px;height: 24px\">135<\/td>\n<\/tr>\n<tr style=\"height: 23px\">\n<td style=\"width: 373.9px;height: 23px\">D\u0142ugo\u015b\u0107 nogawki od kroku<\/td>\n<td style=\"width: 32.0833px;height: 23px\">81<\/td>\n<td style=\"width: 31.0667px;height: 23px\">81<\/td>\n<td style=\"width: 30.0833px;height: 23px\">81<\/td>\n<td style=\"width: 30.0667px;height: 23px\">81<\/td>\n<\/tr>\n<\/tbody>\n<\/table>\n<\/div>\n<\/div>\n<\/div>","protected":false},"excerpt":{"rendered":"<p>Brzoskwiniowy kombinezon z falban\u0105 i odkrytymi ramionami. G\u00f3ra uszyta gorsetowo &#8211; na fiszbinach. Z ty\u0142u zapinany na zamek kryty. Marka [&hellip;]<\/p>\n","protected":false},"featured_media":6826,"comment_status":"open","ping_status":"closed","template":"","meta":{"site-sidebar-layout":"default","site-content-layout":"","ast-site-content-layout":"default","site-content-style":"default","site-sidebar-style":"default","ast-global-header-display":"","ast-banner-title-visibility":"","ast-main-header-display":"","ast-hfb-above-header-display":"","ast-hfb-below-header-display":"","ast-hfb-mobile-header-display":"","site-post-title":"","ast-breadcrumbs-content":"","ast-featured-img":"","footer-sml-layout":"","ast-disable-related-posts":"","theme-transparent-header-meta":"","adv-header-id-meta":"","stick-header-meta":"","header-above-stick-meta":"","header-main-stick-meta":"","header-below-stick-meta":"","astra-migrate-meta-layouts":"default","ast-page-background-enabled":"default","ast-page-background-meta":{"desktop":{"background-color":"var(--ast-global-color-5)","background-image":"","background-repeat":"repeat","background-position":"center center","background-size":"auto","background-attachment":"scroll","background-type":"","background-media":"","overlay-type":"","overlay-color":"","overlay-opacity":"","overlay-gradient":""},"tablet":{"background-color":"","background-image":"","background-repeat":"repeat","background-position":"center center","background-size":"auto","background-attachment":"scroll","background-type":"","background-media":"","overlay-type":"","overlay-color":"","overlay-opacity":"","overlay-gradient":""},"mobile":{"background-color":"","background-image":"","background-repeat":"repeat","background-position":"center center","background-size":"auto","background-attachment":"scroll","background-type":"","background-media":"","overlay-type":"","overlay-color":"","overlay-opacity":"","overlay-gradient":""}},"ast-content-background-meta":{"desktop":{"background-color":"var(--ast-global-color-4)","background-image":"","background-repeat":"repeat","background-position":"center center","background-size":"auto","background-attachment":"scroll","background-type":"","background-media":"","overlay-type":"","overlay-color":"","overlay-opacity":"","overlay-gradient":""},"tablet":{"background-color":"var(--ast-global-color-4)","background-image":"","background-repeat":"repeat","background-position":"center center","background-size":"auto","background-attachment":"scroll","background-type":"","background-media":"","overlay-type":"","overlay-color":"","overlay-opacity":"","overlay-gradient":""},"mobile":{"background-color":"var(--ast-global-color-4)","background-image":"","background-repeat":"repeat","background-position":"center center","background-size":"auto","background-attachment":"scroll","background-type":"","background-media":"","overlay-type":"","overlay-color":"","overlay-opacity":"","overlay-gradient":""}}},"product_brand":[],"product_cat":[320,80,151],"product_tag":[],"class_list":{"0":"post-6832","1":"product","2":"type-product","3":"status-publish","4":"has-post-thumbnail","6":"product_cat-bergamo","7":"product_cat-kombinezon","8":"product_cat-limited-edition","9":"desktop-align-left","10":"tablet-align-left","11":"mobile-align-left","13":"first","14":"instock","15":"shipping-taxable","16":"purchasable","17":"product-type-variable","18":"has-default-attributes"},"_links":{"self":[{"href":"https:\/\/goldendreams.com.pl\/en\/wp-json\/wp\/v2\/product\/6832","targetHints":{"allow":["GET"]}}],"collection":[{"href":"https:\/\/goldendreams.com.pl\/en\/wp-json\/wp\/v2\/product"}],"about":[{"href":"https:\/\/goldendreams.com.pl\/en\/wp-json\/wp\/v2\/types\/product"}],"replies":[{"embeddable":true,"href":"https:\/\/goldendreams.com.pl\/en\/wp-json\/wp\/v2\/comments?post=6832"}],"wp:featuredmedia":[{"embeddable":true,"href":"https:\/\/goldendreams.com.pl\/en\/wp-json\/wp\/v2\/media\/6826"}],"wp:attachment":[{"href":"https:\/\/goldendreams.com.pl\/en\/wp-json\/wp\/v2\/media?parent=6832"}],"wp:term":[{"taxonomy":"product_brand","embeddable":true,"href":"https:\/\/goldendreams.com.pl\/en\/wp-json\/wp\/v2\/product_brand?post=6832"},{"taxonomy":"product_cat","embeddable":true,"href":"https:\/\/goldendreams.com.pl\/en\/wp-json\/wp\/v2\/product_cat?post=6832"},{"taxonomy":"product_tag","embeddable":true,"href":"https:\/\/goldendreams.com.pl\/en\/wp-json\/wp\/v2\/product_tag?post=6832"}],"curies":[{"name":"wp","href":"https:\/\/api.w.org\/{rel}","templated":true}]}}