{"id":678,"date":"2025-05-31T15:38:57","date_gmt":"2025-05-31T15:38:57","guid":{"rendered":"https:\/\/goldendreams.com.pl\/?post_type=product&#038;p=678"},"modified":"2026-02-25T14:25:10","modified_gmt":"2026-02-25T14:25:10","slug":"komplet-koralowy-ze-spodnico-spodenkami","status":"publish","type":"product","link":"https:\/\/goldendreams.com.pl\/en\/sklep\/komplet-koralowy-ze-spodnico-spodenkami\/","title":{"rendered":"Dwucz\u0119\u015bciowy komplet z bluzk\u0105 hiszpank\u0105 i sp\u00f3dnico-spodenkami od LaBalancia"},"content":{"rendered":"<div class=\"Y3BBE\" data-sfc-cp=\"\" data-hveid=\"CAEIAxAA\" data-processed=\"true\" data-complete=\"true\">Ten dwucz\u0119\u015bciowy komplet z bluzk\u0105 hiszpank\u0105 i sp\u00f3dnico-spodenkami to esencja miejskiego szyku i wygody.<\/div>\n<ul class=\"KsbFXc U6u95\" data-complete=\"true\" data-processed=\"true\">\n<li data-hveid=\"CAEIBBAA\" data-complete=\"true\" data-sae=\"\"><span class=\"T286Pc\" data-sfc-cp=\"\" data-complete=\"true\"><strong class=\"Yjhzub\" data-complete=\"true\">Bluzka:<\/strong> Fason hiszpanki z d\u0142ugim r\u0119kawem subtelnie ods\u0142ania ramiona, dodaj\u0105c stylizacji kobiecego uroku. Zapinana jest na ozdobne, przykuwaj\u0105ce wzrok napy i posiada dwie praktyczne kieszonki na piersiach.<\/span><\/li>\n<li data-hveid=\"CAEIBBAB\" data-complete=\"true\" data-sae=\"\"><span class=\"T286Pc\" data-sfc-cp=\"\" data-complete=\"true\"><strong class=\"Yjhzub\" data-complete=\"true\">Sp\u00f3dnico-spodenki:<\/strong> Innowacyjne po\u0142\u0105czenie sp\u00f3dniczki i szort\u00f3w zapewnia pe\u0142n\u0105 swobod\u0119 ruch\u00f3w, zachowuj\u0105c jednocze\u015bnie elegancki wygl\u0105d. To idealne rozwi\u0105zanie dla kobiet ceni\u0105cych komfort bez kompromis\u00f3w w kwestii stylu.<\/span><\/li>\n<li data-hveid=\"CAEIBBAC\" data-complete=\"true\" data-sae=\"\"><span class=\"T286Pc\" data-sfc-cp=\"\" data-complete=\"true\"><strong class=\"Yjhzub\" data-complete=\"true\">Styl:<\/strong> Ca\u0142o\u015b\u0107 tworzy sp\u00f3jny i modny zestaw, doskona\u0142y na co dzie\u0144, a tak\u017ce na wieczorne wyj\u015bcia czy spotkania towarzyskie.\u00a0<\/span><\/li>\n<\/ul>","protected":false},"excerpt":{"rendered":"<div class=\"Y3BBE\" data-sfc-cp=\"\" data-hveid=\"CAEIAxAA\" data-processed=\"true\" data-complete=\"true\">Ten dwucz\u0119\u015bciowy komplet z bluzk\u0105 hiszpank\u0105 i sp\u00f3dnico-spodenkami to esencja miejskiego szyku i wygody.<\/div>\n<ul class=\"KsbFXc U6u95\" data-complete=\"true\" data-processed=\"true\">\n<li data-hveid=\"CAEIBBAA\" data-complete=\"true\" data-sae=\"\"><span class=\"T286Pc\" data-sfc-cp=\"\" data-complete=\"true\"><strong class=\"Yjhzub\" data-complete=\"true\">Bluzka:<\/strong> Fason hiszpanki z d\u0142ugim r\u0119kawem subtelnie ods\u0142ania ramiona, dodaj\u0105c stylizacji kobiecego uroku. Zapinana jest na ozdobne, przykuwaj\u0105ce wzrok napy i posiada dwie praktyczne kieszonki na piersiach.<\/span><\/li>\n<li data-hveid=\"CAEIBBAB\" data-complete=\"true\" data-sae=\"\"><span class=\"T286Pc\" data-sfc-cp=\"\" data-complete=\"true\"><strong class=\"Yjhzub\" data-complete=\"true\">Sp\u00f3dnico-spodenki:<\/strong> Innowacyjne po\u0142\u0105czenie sp\u00f3dniczki i szort\u00f3w zapewnia pe\u0142n\u0105 swobod\u0119 ruch\u00f3w, zachowuj\u0105c jednocze\u015bnie elegancki wygl\u0105d. To idealne rozwi\u0105zanie dla kobiet ceni\u0105cych komfort bez kompromis\u00f3w w kwestii stylu.<\/span><\/li>\n<li data-hveid=\"CAEIBBAC\" data-complete=\"true\" data-sae=\"\"><span class=\"T286Pc\" data-sfc-cp=\"\" data-complete=\"true\"><strong class=\"Yjhzub\" data-complete=\"true\">Styl:<\/strong> Ca\u0142o\u015b\u0107 tworzy sp\u00f3jny i modny zestaw, doskona\u0142y na co dzie\u0144, a tak\u017ce na wieczorne wyj\u015bcia czy spotkania towarzyskie.\u00a0<\/span><\/li>\n<\/ul>\n<p><strong>Rozmiar XS\/S:<\/strong><\/p>\n<p><strong>Bluzka:<\/strong><\/p>\n<ul>\n<li>Szeroko\u015b\u0107 w biu\u015bcie: 84 cm<\/li>\n<li>G\u00f3ra bluzki (gumka): od 84 cm do 100 cm\u00a0po rozci\u0105gni\u0119ciu<\/li>\n<li>D\u0142ugo\u015b\u0107 ca\u0142kowita: 40 cm<\/li>\n<li>D\u0142ugo\u015b\u0107 r\u0119kawa od pachy: 44 cm<\/li>\n<\/ul>\n<p><strong>Spodenki:<\/strong><\/p>\n<ul>\n<li>Szeroko\u015b\u0107 w pasie (gumka): od 64 cm do 70 cm po rozci\u0105gni\u0119ciu<\/li>\n<li>Szeroko\u015b\u0107 w\u00a0biodrach: 100 cm<\/li>\n<li>D\u0142ugo\u015b\u0107 ca\u0142kowita: 35 cm<\/li>\n<\/ul>\n<p><strong>Rozmiar M\/L:<\/strong><\/p>\n<p><strong>Bluzka:<\/strong><\/p>\n<ul>\n<li>Szeroko\u015b\u0107 w biu\u015bcie: 84 cm<\/li>\n<li>G\u00f3ra bluzki (gumka): od 86 cm do 102 cm\u00a0po rozci\u0105gni\u0119ciu<\/li>\n<li>D\u0142ugo\u015b\u0107 ca\u0142kowita: 41 cm<\/li>\n<li>D\u0142ugo\u015b\u0107 r\u0119kawa od pachy: 45 cm<\/li>\n<\/ul>\n<p><strong>Spodenki:<\/strong><\/p>\n<ul>\n<li>Szeroko\u015b\u0107 w pasie (gumka): od 66 cm do 72 cm po rozci\u0105gni\u0119ciu<\/li>\n<li>Szeroko\u015b\u0107 w\u00a0biodrach: 102 cm<\/li>\n<li>D\u0142ugo\u015b\u0107 ca\u0142kowita: 36 cm<\/li>\n<\/ul>\n<p>Wymiary mierzone na p\u0142asko. Mog\u0105 sie r\u00f3\u017cni\u0107 +\/- 2 cm.<\/p>\n<ul>\n<li>Sk\u0142ad: 95% bawe\u0142na, 5% elastan<\/li>\n<\/ul>","protected":false},"featured_media":597,"comment_status":"open","ping_status":"closed","template":"","meta":{"site-sidebar-layout":"default","site-content-layout":"","ast-site-content-layout":"default","site-content-style":"default","site-sidebar-style":"default","ast-global-header-display":"","ast-banner-title-visibility":"","ast-main-header-display":"","ast-hfb-above-header-display":"","ast-hfb-below-header-display":"","ast-hfb-mobile-header-display":"","site-post-title":"","ast-breadcrumbs-content":"","ast-featured-img":"","footer-sml-layout":"","ast-disable-related-posts":"","theme-transparent-header-meta":"default","adv-header-id-meta":"","stick-header-meta":"","header-above-stick-meta":"","header-main-stick-meta":"","header-below-stick-meta":"","astra-migrate-meta-layouts":"set","ast-page-background-enabled":"default","ast-page-background-meta":{"desktop":{"background-color":"var(--ast-global-color-5)","background-image":"","background-repeat":"repeat","background-position":"center center","background-size":"auto","background-attachment":"scroll","background-type":"","background-media":"","overlay-type":"","overlay-color":"","overlay-opacity":"","overlay-gradient":""},"tablet":{"background-color":"","background-image":"","background-repeat":"repeat","background-position":"center center","background-size":"auto","background-attachment":"scroll","background-type":"","background-media":"","overlay-type":"","overlay-color":"","overlay-opacity":"","overlay-gradient":""},"mobile":{"background-color":"","background-image":"","background-repeat":"repeat","background-position":"center center","background-size":"auto","background-attachment":"scroll","background-type":"","background-media":"","overlay-type":"","overlay-color":"","overlay-opacity":"","overlay-gradient":""}},"ast-content-background-meta":{"desktop":{"background-color":"var(--ast-global-color-4)","background-image":"","background-repeat":"repeat","background-position":"center center","background-size":"auto","background-attachment":"scroll","background-type":"","background-media":"","overlay-type":"","overlay-color":"","overlay-opacity":"","overlay-gradient":""},"tablet":{"background-color":"var(--ast-global-color-4)","background-image":"","background-repeat":"repeat","background-position":"center center","background-size":"auto","background-attachment":"scroll","background-type":"","background-media":"","overlay-type":"","overlay-color":"","overlay-opacity":"","overlay-gradient":""},"mobile":{"background-color":"var(--ast-global-color-4)","background-image":"","background-repeat":"repeat","background-position":"center center","background-size":"auto","background-attachment":"scroll","background-type":"","background-media":"","overlay-type":"","overlay-color":"","overlay-opacity":"","overlay-gradient":""}}},"product_brand":[],"product_cat":[71,77,70,69],"product_tag":[1125],"class_list":{"0":"post-678","1":"product","2":"type-product","3":"status-publish","4":"has-post-thumbnail","6":"product_cat-bestsellery","7":"product_cat-komplet","8":"product_cat-nowosci","9":"product_cat-odziez-damska","10":"product_tag-kompletdamski-hiszpanka-spodnicospodenki-modadamska-stylizacjadniamusthave-lookdnia-eleganckikomplet-fashion-polskiproducent","11":"desktop-align-left","12":"tablet-align-left","13":"mobile-align-left","15":"first","16":"instock","17":"sold-individually","18":"shipping-taxable","19":"purchasable","20":"product-type-variable"},"_links":{"self":[{"href":"https:\/\/goldendreams.com.pl\/en\/wp-json\/wp\/v2\/product\/678","targetHints":{"allow":["GET"]}}],"collection":[{"href":"https:\/\/goldendreams.com.pl\/en\/wp-json\/wp\/v2\/product"}],"about":[{"href":"https:\/\/goldendreams.com.pl\/en\/wp-json\/wp\/v2\/types\/product"}],"replies":[{"embeddable":true,"href":"https:\/\/goldendreams.com.pl\/en\/wp-json\/wp\/v2\/comments?post=678"}],"wp:featuredmedia":[{"embeddable":true,"href":"https:\/\/goldendreams.com.pl\/en\/wp-json\/wp\/v2\/media\/597"}],"wp:attachment":[{"href":"https:\/\/goldendreams.com.pl\/en\/wp-json\/wp\/v2\/media?parent=678"}],"wp:term":[{"taxonomy":"product_brand","embeddable":true,"href":"https:\/\/goldendreams.com.pl\/en\/wp-json\/wp\/v2\/product_brand?post=678"},{"taxonomy":"product_cat","embeddable":true,"href":"https:\/\/goldendreams.com.pl\/en\/wp-json\/wp\/v2\/product_cat?post=678"},{"taxonomy":"product_tag","embeddable":true,"href":"https:\/\/goldendreams.com.pl\/en\/wp-json\/wp\/v2\/product_tag?post=678"}],"curies":[{"name":"wp","href":"https:\/\/api.w.org\/{rel}","templated":true}]}}