{"id":648,"date":"2025-05-31T15:25:07","date_gmt":"2025-05-31T15:25:07","guid":{"rendered":"https:\/\/goldendreams.com.pl\/?post_type=product&#038;p=648"},"modified":"2026-02-25T14:26:49","modified_gmt":"2026-02-25T14:26:49","slug":"komplet-kwiatowy-ze-spodnico-spodenkami","status":"publish","type":"product","link":"https:\/\/goldendreams.com.pl\/en\/sklep\/komplet-kwiatowy-ze-spodnico-spodenkami\/","title":{"rendered":"Komplet kwiatowy CARRIE \u2013 Bellagio"},"content":{"rendered":"<div class=\"Y3BBE\" data-sfc-cp=\"\" data-hveid=\"CAEIAxAA\" data-processed=\"true\" data-complete=\"true\">Ten uroczy zestaw to esencja wiosenno-letniego szyku, idealny dla kobiet ceni\u0105cych sobie zar\u00f3wno modny wygl\u0105d, jak i komfort noszenia.<\/div>\n<div class=\"Y3BBE\" data-sfc-cp=\"\" data-hveid=\"CAEIBBAA\" data-processed=\"true\" data-complete=\"true\">Komplet sk\u0142ada si\u0119 z kr\u00f3tkiej, eleganckiej marynarki oraz dopasowanych sp\u00f3dnico-spodenek\u00a0 w przepi\u0119kny, pastelowy wz\u00f3r kwiat\u00f3w.<\/div>\n<div data-sfc-cp=\"\" data-hveid=\"CAEIBBAA\" data-processed=\"true\" data-complete=\"true\">\n<div class=\"AdPoic\" role=\"heading\" aria-level=\"3\" data-animation-nesting=\"\" data-sfc-cp=\"\" data-processed=\"true\" data-sae=\"\" data-complete=\"true\">Cechy produktu:<\/div>\n<ul class=\"KsbFXc U6u95\" data-processed=\"true\" data-complete=\"true\">\n<li data-hveid=\"CAEIBRAA\" data-complete=\"true\" data-sae=\"\"><span class=\"T286Pc\" data-sfc-cp=\"\" data-complete=\"true\"><strong class=\"Yjhzub\" data-complete=\"true\">Design:<\/strong> Modny fason, kt\u00f3ry \u0142\u0105czy elegancj\u0119 marynarki z wygod\u0105 szort\u00f3w.<\/span><\/li>\n<li data-hveid=\"CAEIBRAB\" data-complete=\"true\" data-sae=\"\"><span class=\"T286Pc\" data-sfc-cp=\"\" data-complete=\"true\"><strong class=\"Yjhzub\" data-complete=\"true\">Materia\u0142:<\/strong> Wysokiej jako\u015bci, komfortowa tkanina (95% wiskoza, 5% elastan), przyjemna dla sk\u00f3ry i odporna na cz\u0119ste u\u017cytkowanie.<\/span><\/li>\n<li data-hveid=\"CAEIBRAC\" data-complete=\"true\" data-sae=\"\"><span class=\"T286Pc\" data-sfc-cp=\"\" data-complete=\"true\"><strong class=\"Yjhzub\" data-complete=\"true\">Uniwersalno\u015b\u0107:<\/strong> Idealny na wiele okazji \u2013 od casualowych spotka\u0144, przez randki, po letnie uroczysto\u015bci.<\/span><\/li>\n<li data-hveid=\"CAEIBRAD\" data-complete=\"true\" data-sae=\"\"><span class=\"T286Pc\" data-sfc-cp=\"\" data-complete=\"true\"><strong class=\"Yjhzub\" data-complete=\"true\">Polska produkcja:<\/strong> Gwarancja jako\u015bci i dba\u0142o\u015bci o detale.<\/span><\/li>\n<\/ul>\n<\/div>","protected":false},"excerpt":{"rendered":"<div class=\"Y3BBE\" data-sfc-cp=\"\" data-hveid=\"CAEIAxAA\" data-processed=\"true\" data-complete=\"true\">Ten uroczy zestaw to esencja wiosenno-letniego szyku, idealny dla kobiet ceni\u0105cych sobie zar\u00f3wno modny wygl\u0105d, jak i komfort noszenia.<\/div>\n<div class=\"Y3BBE\" data-sfc-cp=\"\" data-hveid=\"CAEIBBAA\" data-processed=\"true\" data-complete=\"true\">Komplet sk\u0142ada si\u0119 z kr\u00f3tkiej, eleganckiej marynarki oraz dopasowanych sp\u00f3dnico-spodenek\u00a0 w przepi\u0119kny, pastelowy wz\u00f3r kwiat\u00f3w.<\/div>\n<div data-sfc-cp=\"\" data-hveid=\"CAEIBBAA\" data-processed=\"true\" data-complete=\"true\">\n<div class=\"AdPoic\" role=\"heading\" aria-level=\"3\" data-animation-nesting=\"\" data-sfc-cp=\"\" data-processed=\"true\" data-sae=\"\" data-complete=\"true\">Cechy produktu:<\/div>\n<ul class=\"KsbFXc U6u95\" data-processed=\"true\" data-complete=\"true\">\n<li data-hveid=\"CAEIBRAA\" data-complete=\"true\" data-sae=\"\"><span class=\"T286Pc\" data-sfc-cp=\"\" data-complete=\"true\"><strong class=\"Yjhzub\" data-complete=\"true\">Design:<\/strong> Modny fason, kt\u00f3ry \u0142\u0105czy elegancj\u0119 marynarki z wygod\u0105 szort\u00f3w.<\/span><\/li>\n<li data-hveid=\"CAEIBRAB\" data-complete=\"true\" data-sae=\"\"><span class=\"T286Pc\" data-sfc-cp=\"\" data-complete=\"true\"><strong class=\"Yjhzub\" data-complete=\"true\">Materia\u0142:<\/strong> Wysokiej jako\u015bci, komfortowa tkanina (95% wiskoza, 5% elastan), przyjemna dla sk\u00f3ry i odporna na cz\u0119ste u\u017cytkowanie.<\/span><\/li>\n<li data-hveid=\"CAEIBRAC\" data-complete=\"true\" data-sae=\"\"><span class=\"T286Pc\" data-sfc-cp=\"\" data-complete=\"true\"><strong class=\"Yjhzub\" data-complete=\"true\">Uniwersalno\u015b\u0107:<\/strong> Idealny na wiele okazji \u2013 od casualowych spotka\u0144, przez randki, po letnie uroczysto\u015bci.<\/span><\/li>\n<li data-hveid=\"CAEIBRAD\" data-complete=\"true\" data-sae=\"\"><span class=\"T286Pc\" data-sfc-cp=\"\" data-complete=\"true\"><strong class=\"Yjhzub\" data-complete=\"true\">Polska produkcja:<\/strong> Gwarancja jako\u015bci i dba\u0142o\u015bci o detale.<\/span><\/li>\n<\/ul>\n<\/div>\n<div id=\"accordion-content-description\" class=\"accordion__content fs-body-100 rte non-page-rte measure\" aria-hidden=\"false\">\n<p>MARYNARKA<\/p>\n<p>&nbsp;<\/p>\n<table class=\"table table-bordered\">\n<tbody>\n<tr>\n<td><\/td>\n<td>D\u0142ugo\u015b\u0107<\/td>\n<td>Szeroko\u015b\u0107<\/td>\n<td>D\u0142ugo\u015b\u0107 r\u0119kaw<\/td>\n<\/tr>\n<tr>\n<td>S<\/td>\n<td>42<\/td>\n<td>42 x2 cm<\/td>\n<td>61<\/td>\n<\/tr>\n<tr>\n<td>M<\/td>\n<td>42<\/td>\n<td>44 x2 cm<\/td>\n<td>61<\/td>\n<\/tr>\n<\/tbody>\n<\/table>\n<p>&nbsp;<\/p>\n<p>SP\u00d3DNICO-SPODENKI<\/p>\n<p>&nbsp;<\/p>\n<table class=\"table table-bordered\">\n<tbody>\n<tr>\n<td><\/td>\n<td>D\u0142ugo\u015b\u0107<\/td>\n<td>Szeroko\u015b\u0107 Pas<\/td>\n<td>Szeroko\u015b\u0107 Biodra<\/td>\n<\/tr>\n<tr>\n<td>S<\/td>\n<td>37 cm<\/td>\n<td>37 x2 cm<\/td>\n<td>48 x2 cm<\/td>\n<\/tr>\n<tr>\n<td>M<\/td>\n<td>37 cm<\/td>\n<td>39 x2 cm<\/td>\n<td>50 x2 cm<\/td>\n<\/tr>\n<\/tbody>\n<\/table>\n<p>&nbsp;<\/p>\n<p>SK\u0141AD: 95% wiskoza 5% elastan<\/p>\n<\/div>","protected":false},"featured_media":650,"comment_status":"open","ping_status":"closed","template":"","meta":{"site-sidebar-layout":"default","site-content-layout":"","ast-site-content-layout":"default","site-content-style":"default","site-sidebar-style":"default","ast-global-header-display":"","ast-banner-title-visibility":"","ast-main-header-display":"","ast-hfb-above-header-display":"","ast-hfb-below-header-display":"","ast-hfb-mobile-header-display":"","site-post-title":"","ast-breadcrumbs-content":"","ast-featured-img":"","footer-sml-layout":"","ast-disable-related-posts":"","theme-transparent-header-meta":"default","adv-header-id-meta":"","stick-header-meta":"","header-above-stick-meta":"","header-main-stick-meta":"","header-below-stick-meta":"","astra-migrate-meta-layouts":"set","ast-page-background-enabled":"default","ast-page-background-meta":{"desktop":{"background-color":"var(--ast-global-color-5)","background-image":"","background-repeat":"repeat","background-position":"center center","background-size":"auto","background-attachment":"scroll","background-type":"","background-media":"","overlay-type":"","overlay-color":"","overlay-opacity":"","overlay-gradient":""},"tablet":{"background-color":"","background-image":"","background-repeat":"repeat","background-position":"center center","background-size":"auto","background-attachment":"scroll","background-type":"","background-media":"","overlay-type":"","overlay-color":"","overlay-opacity":"","overlay-gradient":""},"mobile":{"background-color":"","background-image":"","background-repeat":"repeat","background-position":"center center","background-size":"auto","background-attachment":"scroll","background-type":"","background-media":"","overlay-type":"","overlay-color":"","overlay-opacity":"","overlay-gradient":""}},"ast-content-background-meta":{"desktop":{"background-color":"var(--ast-global-color-4)","background-image":"","background-repeat":"repeat","background-position":"center center","background-size":"auto","background-attachment":"scroll","background-type":"","background-media":"","overlay-type":"","overlay-color":"","overlay-opacity":"","overlay-gradient":""},"tablet":{"background-color":"var(--ast-global-color-4)","background-image":"","background-repeat":"repeat","background-position":"center center","background-size":"auto","background-attachment":"scroll","background-type":"","background-media":"","overlay-type":"","overlay-color":"","overlay-opacity":"","overlay-gradient":""},"mobile":{"background-color":"var(--ast-global-color-4)","background-image":"","background-repeat":"repeat","background-position":"center center","background-size":"auto","background-attachment":"scroll","background-type":"","background-media":"","overlay-type":"","overlay-color":"","overlay-opacity":"","overlay-gradient":""}}},"product_brand":[],"product_cat":[71,77,69],"product_tag":[1126],"class_list":{"0":"post-648","1":"product","2":"type-product","3":"status-publish","4":"has-post-thumbnail","6":"product_cat-bestsellery","7":"product_cat-komplet","8":"product_cat-odziez-damska","9":"product_tag-polskamarka-kwiatowyprint-eleganckikomplet-jakosc-styl-stylizacja-krotkamarynarka-spodnicospodenki","10":"desktop-align-left","11":"tablet-align-left","12":"mobile-align-left","14":"first","15":"instock","16":"sold-individually","17":"shipping-taxable","18":"purchasable","19":"product-type-variable"},"_links":{"self":[{"href":"https:\/\/goldendreams.com.pl\/en\/wp-json\/wp\/v2\/product\/648","targetHints":{"allow":["GET"]}}],"collection":[{"href":"https:\/\/goldendreams.com.pl\/en\/wp-json\/wp\/v2\/product"}],"about":[{"href":"https:\/\/goldendreams.com.pl\/en\/wp-json\/wp\/v2\/types\/product"}],"replies":[{"embeddable":true,"href":"https:\/\/goldendreams.com.pl\/en\/wp-json\/wp\/v2\/comments?post=648"}],"wp:featuredmedia":[{"embeddable":true,"href":"https:\/\/goldendreams.com.pl\/en\/wp-json\/wp\/v2\/media\/650"}],"wp:attachment":[{"href":"https:\/\/goldendreams.com.pl\/en\/wp-json\/wp\/v2\/media?parent=648"}],"wp:term":[{"taxonomy":"product_brand","embeddable":true,"href":"https:\/\/goldendreams.com.pl\/en\/wp-json\/wp\/v2\/product_brand?post=648"},{"taxonomy":"product_cat","embeddable":true,"href":"https:\/\/goldendreams.com.pl\/en\/wp-json\/wp\/v2\/product_cat?post=648"},{"taxonomy":"product_tag","embeddable":true,"href":"https:\/\/goldendreams.com.pl\/en\/wp-json\/wp\/v2\/product_tag?post=648"}],"curies":[{"name":"wp","href":"https:\/\/api.w.org\/{rel}","templated":true}]}}