{"id":607,"date":"2025-05-31T14:57:26","date_gmt":"2025-05-31T14:57:26","guid":{"rendered":"https:\/\/goldendreams.com.pl\/?post_type=product&#038;p=607"},"modified":"2026-02-25T14:33:56","modified_gmt":"2026-02-25T14:33:56","slug":"bluzka-w-kwiaty","status":"publish","type":"product","link":"https:\/\/goldendreams.com.pl\/en\/sklep\/bluzka-w-kwiaty\/","title":{"rendered":"Bluzka LaBalancia Essie w kwiaty"},"content":{"rendered":"<div class=\"Y3BBE\" data-sfc-cp=\"\" data-hveid=\"CAEIAxAA\" data-complete=\"true\" data-processed=\"true\">Odkryj idealne po\u0142\u0105czenie ponadczasowego designu i wygody z nasz\u0105 bluzk\u0105 Essie.<\/div>\n<div class=\"Y3BBE\" data-sfc-cp=\"\" data-hveid=\"CAEIAxAA\" data-complete=\"true\" data-processed=\"true\">Ten wyj\u0105tkowy model charakteryzuje si\u0119 romantycznym, r\u00f3\u017cowym motywem kwiatowym na subtelnym, ch\u0142odnym niebieskim tle, tworz\u0105c delikatny, a zarazem efektowny kontrast kolorystyczny, kt\u00f3ry o\u017cywi ka\u017cd\u0105 stylizacj\u0119.<\/div>\n<div class=\"Y3BBE\" data-sfc-cp=\"\" data-hveid=\"CAEIBBAA\" data-processed=\"true\" data-complete=\"true\">Uszyta z wysokiej jako\u015bci materia\u0142\u00f3w, bluzka Essie doskonale dopasowuje si\u0119 do sylwetki, jednocze\u015bnie nie opinaj\u0105c jej nadmiernie. Dekolt w kszta\u0142cie litery V i d\u0142ugie r\u0119kawy nadaj\u0105 jej klasycznego, ale nowoczesnego charakteru, idealnego na niemal ka\u017cd\u0105 okazj\u0119 \u2013 od spotka\u0144 z przyjaci\u00f3\u0142mi, przez dzie\u0144 w biurze, po wieczorne wyj\u015bcia.<\/div>","protected":false},"excerpt":{"rendered":"<div class=\"large-2 col pb-0 mb-0\">\n<div class=\"Y3BBE\" data-sfc-cp=\"\" data-hveid=\"CAEIAxAA\" data-complete=\"true\" data-processed=\"true\">Odkryj idealne po\u0142\u0105czenie ponadczasowego designu i wygody z nasz\u0105 bluzk\u0105 Essie.<\/div>\n<div class=\"Y3BBE\" data-sfc-cp=\"\" data-hveid=\"CAEIAxAA\" data-complete=\"true\" data-processed=\"true\">Ten wyj\u0105tkowy model charakteryzuje si\u0119 romantycznym, r\u00f3\u017cowym motywem kwiatowym na subtelnym, ch\u0142odnym niebieskim tle, tworz\u0105c delikatny, a zarazem efektowny kontrast kolorystyczny, kt\u00f3ry o\u017cywi ka\u017cd\u0105 stylizacj\u0119.<\/div>\n<div class=\"Y3BBE\" data-sfc-cp=\"\" data-hveid=\"CAEIBBAA\" data-processed=\"true\" data-complete=\"true\">Uszyta z wysokiej jako\u015bci materia\u0142\u00f3w, bluzka Essie doskonale dopasowuje si\u0119 do sylwetki, jednocze\u015bnie nie opinaj\u0105c jej nadmiernie. Dekolt w kszta\u0142cie litery V i d\u0142ugie r\u0119kawy nadaj\u0105 jej klasycznego, ale nowoczesnego charakteru, idealnego na niemal ka\u017cd\u0105 okazj\u0119 \u2013 od spotka\u0144 z przyjaci\u00f3\u0142mi, przez dzie\u0144 w biurze, po wieczorne wyj\u015bcia.<\/div>\n<h5 class=\"uppercase mt\">Tabela rozmiar\u00f3w<\/h5>\n<\/div>\n<div class=\"large-10 col pb-0 mb-0\">\n<div class=\"panel entry-content\">\n<div class=\"size-guide-container\">\n<table class=\"size-guide-table\">\n<thead>\n<tr>\n<th>Rozmiar<\/th>\n<th>D\u0142ugo\u015b\u0107<\/th>\n<th>Szeroko\u015b\u0107<\/th>\n<th>D\u0142ugo\u015b\u0107 r\u0119kawa<\/th>\n<\/tr>\n<\/thead>\n<tbody>\n<tr>\n<td>S\/M<\/td>\n<td>52 cm<\/td>\n<td>38-41 x2 cm<\/td>\n<td>61 cm<\/td>\n<\/tr>\n<tr>\n<td>L\/XL<\/td>\n<td>52 cm<\/td>\n<td>40-43 x2 cm<\/td>\n<td>61 cm<\/td>\n<\/tr>\n<\/tbody>\n<\/table>\n<\/div>\n<\/div>\n<\/div>","protected":false},"featured_media":608,"comment_status":"open","ping_status":"closed","template":"","meta":{"site-sidebar-layout":"default","site-content-layout":"","ast-site-content-layout":"default","site-content-style":"default","site-sidebar-style":"default","ast-global-header-display":"","ast-banner-title-visibility":"","ast-main-header-display":"","ast-hfb-above-header-display":"","ast-hfb-below-header-display":"","ast-hfb-mobile-header-display":"","site-post-title":"","ast-breadcrumbs-content":"","ast-featured-img":"","footer-sml-layout":"","ast-disable-related-posts":"","theme-transparent-header-meta":"default","adv-header-id-meta":"","stick-header-meta":"","header-above-stick-meta":"","header-main-stick-meta":"","header-below-stick-meta":"","astra-migrate-meta-layouts":"set","ast-page-background-enabled":"default","ast-page-background-meta":{"desktop":{"background-color":"var(--ast-global-color-5)","background-image":"","background-repeat":"repeat","background-position":"center center","background-size":"auto","background-attachment":"scroll","background-type":"","background-media":"","overlay-type":"","overlay-color":"","overlay-opacity":"","overlay-gradient":""},"tablet":{"background-color":"","background-image":"","background-repeat":"repeat","background-position":"center center","background-size":"auto","background-attachment":"scroll","background-type":"","background-media":"","overlay-type":"","overlay-color":"","overlay-opacity":"","overlay-gradient":""},"mobile":{"background-color":"","background-image":"","background-repeat":"repeat","background-position":"center center","background-size":"auto","background-attachment":"scroll","background-type":"","background-media":"","overlay-type":"","overlay-color":"","overlay-opacity":"","overlay-gradient":""}},"ast-content-background-meta":{"desktop":{"background-color":"var(--ast-global-color-4)","background-image":"","background-repeat":"repeat","background-position":"center center","background-size":"auto","background-attachment":"scroll","background-type":"","background-media":"","overlay-type":"","overlay-color":"","overlay-opacity":"","overlay-gradient":""},"tablet":{"background-color":"var(--ast-global-color-4)","background-image":"","background-repeat":"repeat","background-position":"center center","background-size":"auto","background-attachment":"scroll","background-type":"","background-media":"","overlay-type":"","overlay-color":"","overlay-opacity":"","overlay-gradient":""},"mobile":{"background-color":"var(--ast-global-color-4)","background-image":"","background-repeat":"repeat","background-position":"center center","background-size":"auto","background-attachment":"scroll","background-type":"","background-media":"","overlay-type":"","overlay-color":"","overlay-opacity":"","overlay-gradient":""}}},"product_brand":[],"product_cat":[71,75,70,69],"product_tag":[1129],"class_list":{"0":"post-607","1":"product","2":"type-product","3":"status-publish","4":"has-post-thumbnail","6":"product_cat-bestsellery","7":"product_cat-bluzki","8":"product_cat-nowosci","9":"product_cat-odziez-damska","10":"product_tag-kwiaty-rozoweroze-niebieskietlo-longsleeve-dekoltv-modadamska-stylizacja-wygodnbluzka-musthave-nowakolekcja-polskiprodukt-ootd-fashionpolska","11":"desktop-align-left","12":"tablet-align-left","13":"mobile-align-left","15":"first","16":"instock","17":"sold-individually","18":"shipping-taxable","19":"purchasable","20":"product-type-variable"},"_links":{"self":[{"href":"https:\/\/goldendreams.com.pl\/en\/wp-json\/wp\/v2\/product\/607","targetHints":{"allow":["GET"]}}],"collection":[{"href":"https:\/\/goldendreams.com.pl\/en\/wp-json\/wp\/v2\/product"}],"about":[{"href":"https:\/\/goldendreams.com.pl\/en\/wp-json\/wp\/v2\/types\/product"}],"replies":[{"embeddable":true,"href":"https:\/\/goldendreams.com.pl\/en\/wp-json\/wp\/v2\/comments?post=607"}],"wp:featuredmedia":[{"embeddable":true,"href":"https:\/\/goldendreams.com.pl\/en\/wp-json\/wp\/v2\/media\/608"}],"wp:attachment":[{"href":"https:\/\/goldendreams.com.pl\/en\/wp-json\/wp\/v2\/media?parent=607"}],"wp:term":[{"taxonomy":"product_brand","embeddable":true,"href":"https:\/\/goldendreams.com.pl\/en\/wp-json\/wp\/v2\/product_brand?post=607"},{"taxonomy":"product_cat","embeddable":true,"href":"https:\/\/goldendreams.com.pl\/en\/wp-json\/wp\/v2\/product_cat?post=607"},{"taxonomy":"product_tag","embeddable":true,"href":"https:\/\/goldendreams.com.pl\/en\/wp-json\/wp\/v2\/product_tag?post=607"}],"curies":[{"name":"wp","href":"https:\/\/api.w.org\/{rel}","templated":true}]}}