{"id":6049,"date":"2025-07-22T11:06:07","date_gmt":"2025-07-22T11:06:07","guid":{"rendered":"https:\/\/goldendreams.com.pl\/sklep\/399-2-lara-sukienka-ze-sciagaczami-w-rekawach-zielen-butelkowa\/"},"modified":"2026-04-14T00:52:40","modified_gmt":"2026-04-14T00:52:40","slug":"399-2-lara-sukienka-ze-sciagaczami-w-rekawach-zielen-butelkowa","status":"publish","type":"product","link":"https:\/\/goldendreams.com.pl\/en\/sklep\/399-2-lara-sukienka-ze-sciagaczami-w-rekawach-zielen-butelkowa\/","title":{"rendered":"399-2 LARA Sukienka ze \u015bci\u0105gaczami w r\u0119kawach &#8211; ziele\u0144 butelkowa"},"content":{"rendered":"<div class='desc-1'>Lara &#8211; <strong>Dress<\/strong> ze \u015bci\u0105gaczami w r\u0119kawkach. Kolor: ziele\u0144 butelkowa. Uszyta z przyjemnego w dotyku, elastycznego materia\u0142u z zamszow\u0105 struktur\u0105. Produkcja polska. Marka <strong>numoco<\/strong>.<\/div>\n<div class='desc-2'>Sukienka LARA &#8211; zielona<\/div>\n<div class='desc-3'><\/div>\n<div class='desc-4'><\/div>\n<div class='desc-5'>\n<div class=\"sizes\">\n<div class=\"sizes\">Wymiary mierzone s\u0105 na p\u0142asko &#8211; bez rozci\u0105gania materia\u0142u (+\/- 2 cm)<br \/>Modelka na zdj\u0119ciu ma 169cm wzrostu i ma ubrany rozm. XS.<\/p>\n<table style=\"width: 500px;height: 104px\" cellspacing=\"0\" cellpadding=\"0\">\n<tbody>\n<tr>\n<td class=\"namep\" style=\"width: 359.017px\"><strong>Wymiary:<\/strong><\/td>\n<td style=\"width: 26.0667px\"><strong>XS<br \/><\/strong><\/td>\n<td style=\"width: 27.0833px\"><strong>S<\/strong><\/td>\n<td style=\"width: 27.0833px\"><strong>M<\/strong><\/td>\n<td style=\"width: 27.0667px\"><strong>L<\/strong><\/td>\n<td style=\"width: 28.0833px\"><strong>XL<\/strong><\/td>\n<\/tr>\n<tr>\n<td class=\"namep\" style=\"width: 359.017px\">Od paszki do paszki (<strong>A<\/strong>)<\/td>\n<td style=\"width: 26.0667px\">49<\/td>\n<td style=\"width: 27.0833px\">51<\/td>\n<td style=\"width: 27.0833px\">53<\/td>\n<td style=\"width: 27.0667px\">55<\/td>\n<td style=\"width: 28.0833px\">57<\/td>\n<\/tr>\n<tr>\n<td class=\"namep\" style=\"width: 359.017px\">Talia (<strong>B<\/strong>)<\/td>\n<td style=\"width: 26.0667px\">32<\/td>\n<td style=\"width: 27.0833px\">33<\/td>\n<td style=\"width: 27.0833px\">34<\/td>\n<td style=\"width: 27.0667px\">36<\/td>\n<td style=\"width: 28.0833px\">37<\/td>\n<\/tr>\n<tr>\n<td class=\"namep\" style=\"width: 359.017px\">Biodra (<strong>C<\/strong>)<\/td>\n<td style=\"width: 26.0667px\">41<\/td>\n<td style=\"width: 27.0833px\">45<\/td>\n<td style=\"width: 27.0833px\">46<\/td>\n<td style=\"width: 27.0667px\">47<\/td>\n<td style=\"width: 28.0833px\">50<\/td>\n<\/tr>\n<tr>\n<td class=\"namep\" style=\"width: 359.017px\">D\u0142. od pachy (<strong>D<\/strong>)<\/td>\n<td style=\"width: 26.0667px\">75<\/td>\n<td style=\"width: 27.0833px\">76<\/td>\n<td style=\"width: 27.0833px\">77<\/td>\n<td style=\"width: 27.0667px\">78<\/td>\n<td style=\"width: 28.0833px\">78<\/td>\n<\/tr>\n<tr>\n<td class=\"namep\" style=\"width: 359.017px\">D\u0142. od ramienia (<strong>E<\/strong>)<\/td>\n<td style=\"width: 26.0667px\">100<\/td>\n<td style=\"width: 27.0833px\">103<\/td>\n<td style=\"width: 27.0833px\">104<\/td>\n<td style=\"width: 27.0667px\">105<\/td>\n<td style=\"width: 28.0833px\">106<\/td>\n<\/tr>\n<\/tbody>\n<\/table>\n<p><img decoding=\"async\" alt=\"\" src=\"https:\/\/www.bilder-hochladen.net\/files\/big\/m4sn-j-abcf.jpg\" style=\"margin-left: auto;margin-right: auto\"><\/div>\n<\/div>\n<\/div>","protected":false},"excerpt":{"rendered":"<p>Lara &#8211; Sukienka ze \u015bci\u0105gaczami w r\u0119kawkach. Kolor: ziele\u0144 butelkowa. Uszyta z przyjemnego w dotyku, elastycznego materia\u0142u z zamszow\u0105 struktur\u0105. [&hellip;]<\/p>\n","protected":false},"featured_media":6043,"comment_status":"open","ping_status":"closed","template":"","meta":{"site-sidebar-layout":"default","site-content-layout":"","ast-site-content-layout":"default","site-content-style":"default","site-sidebar-style":"default","ast-global-header-display":"","ast-banner-title-visibility":"","ast-main-header-display":"","ast-hfb-above-header-display":"","ast-hfb-below-header-display":"","ast-hfb-mobile-header-display":"","site-post-title":"","ast-breadcrumbs-content":"","ast-featured-img":"","footer-sml-layout":"","ast-disable-related-posts":"","theme-transparent-header-meta":"","adv-header-id-meta":"","stick-header-meta":"","header-above-stick-meta":"","header-main-stick-meta":"","header-below-stick-meta":"","astra-migrate-meta-layouts":"default","ast-page-background-enabled":"default","ast-page-background-meta":{"desktop":{"background-color":"var(--ast-global-color-5)","background-image":"","background-repeat":"repeat","background-position":"center center","background-size":"auto","background-attachment":"scroll","background-type":"","background-media":"","overlay-type":"","overlay-color":"","overlay-opacity":"","overlay-gradient":""},"tablet":{"background-color":"","background-image":"","background-repeat":"repeat","background-position":"center center","background-size":"auto","background-attachment":"scroll","background-type":"","background-media":"","overlay-type":"","overlay-color":"","overlay-opacity":"","overlay-gradient":""},"mobile":{"background-color":"","background-image":"","background-repeat":"repeat","background-position":"center center","background-size":"auto","background-attachment":"scroll","background-type":"","background-media":"","overlay-type":"","overlay-color":"","overlay-opacity":"","overlay-gradient":""}},"ast-content-background-meta":{"desktop":{"background-color":"var(--ast-global-color-4)","background-image":"","background-repeat":"repeat","background-position":"center center","background-size":"auto","background-attachment":"scroll","background-type":"","background-media":"","overlay-type":"","overlay-color":"","overlay-opacity":"","overlay-gradient":""},"tablet":{"background-color":"var(--ast-global-color-4)","background-image":"","background-repeat":"repeat","background-position":"center center","background-size":"auto","background-attachment":"scroll","background-type":"","background-media":"","overlay-type":"","overlay-color":"","overlay-opacity":"","overlay-gradient":""},"mobile":{"background-color":"var(--ast-global-color-4)","background-image":"","background-repeat":"repeat","background-position":"center center","background-size":"auto","background-attachment":"scroll","background-type":"","background-media":"","overlay-type":"","overlay-color":"","overlay-opacity":"","overlay-gradient":""}}},"product_brand":[],"product_cat":[160,59,155,159,158,174,173],"product_tag":[],"class_list":{"0":"post-6049","1":"product","2":"type-product","3":"status-publish","4":"has-post-thumbnail","6":"product_cat-numoco","7":"product_cat-sukienki","8":"product_cat-sukienki-do-pracy","9":"product_cat-sukienki-midi","10":"product_cat-sukienki-na-komunie","11":"product_cat-sukienki-na-sylwestra","12":"product_cat-zielone-sukienki","13":"desktop-align-left","14":"tablet-align-left","15":"mobile-align-left","17":"first","18":"instock","19":"shipping-taxable","20":"purchasable","21":"product-type-variable","22":"has-default-attributes"},"_links":{"self":[{"href":"https:\/\/goldendreams.com.pl\/en\/wp-json\/wp\/v2\/product\/6049","targetHints":{"allow":["GET"]}}],"collection":[{"href":"https:\/\/goldendreams.com.pl\/en\/wp-json\/wp\/v2\/product"}],"about":[{"href":"https:\/\/goldendreams.com.pl\/en\/wp-json\/wp\/v2\/types\/product"}],"replies":[{"embeddable":true,"href":"https:\/\/goldendreams.com.pl\/en\/wp-json\/wp\/v2\/comments?post=6049"}],"wp:featuredmedia":[{"embeddable":true,"href":"https:\/\/goldendreams.com.pl\/en\/wp-json\/wp\/v2\/media\/6043"}],"wp:attachment":[{"href":"https:\/\/goldendreams.com.pl\/en\/wp-json\/wp\/v2\/media?parent=6049"}],"wp:term":[{"taxonomy":"product_brand","embeddable":true,"href":"https:\/\/goldendreams.com.pl\/en\/wp-json\/wp\/v2\/product_brand?post=6049"},{"taxonomy":"product_cat","embeddable":true,"href":"https:\/\/goldendreams.com.pl\/en\/wp-json\/wp\/v2\/product_cat?post=6049"},{"taxonomy":"product_tag","embeddable":true,"href":"https:\/\/goldendreams.com.pl\/en\/wp-json\/wp\/v2\/product_tag?post=6049"}],"curies":[{"name":"wp","href":"https:\/\/api.w.org\/{rel}","templated":true}]}}