{"id":5938,"date":"2025-07-22T11:05:04","date_gmt":"2025-07-22T11:05:04","guid":{"rendered":"https:\/\/goldendreams.com.pl\/sklep\/375-3-body-z-kopertowym-dekoltem-zielen-butelkowa\/"},"modified":"2026-04-17T09:45:00","modified_gmt":"2026-04-17T09:45:00","slug":"375-3-body-z-kopertowym-dekoltem-zielen-butelkowa","status":"publish","type":"product","link":"https:\/\/goldendreams.com.pl\/en\/sklep\/375-3-body-z-kopertowym-dekoltem-zielen-butelkowa\/","title":{"rendered":"375-3 BODY z kopertowym dekoltem &#8211; ZIELE\u0143 BUTELKOWA"},"content":{"rendered":"<div class='desc-1'>Kopertowe <strong>body<\/strong> w kolorze zieleni butelkowej. G\u0142\u0119boki, kopertowy dekolt w kszta\u0142cie litery &#8222;V&#8221; podkre\u015bla biust i nadaje kobieco\u015bci. Elastyczny i przyjemny w dotyku materia\u0142 sprawia, \u017ce <strong>bluzk\u0119<\/strong> \/ body mo\u017cna komfortowo nosi\u0107 przez ca\u0142y dzie\u0144. Mo\u017cna je \u0142\u0105czy\u0107 zar\u00f3wno ze sp\u00f3dniczk\u0105 jak i z dopasowanymi spodniami. Marka <strong>numoco<\/strong>. Produkcja Polska.<\/div>\n<div class='desc-2'>Kopertowa bluzka w kolorze zielonym<\/div>\n<div class='desc-3'><\/div>\n<div class='desc-4'><\/div>\n<div class='desc-5'>\n<div class=\"sizes\">\n<div class=\"sizes\">Wymiary mierzone s\u0105 na p\u0142asko &#8211; bez rozci\u0105gania materia\u0142u (+\/- 2 cm)<br \/>Modelka na zdj\u0119ciu ma 171cm wzrostu i ma ubrany rozm. XS.<\/p>\n<table style=\"width: 501px;height: 143px\" cellspacing=\"0\" cellpadding=\"0\">\n<tbody>\n<tr>\n<td class=\"namep\" style=\"width: 375.3px\"><strong>Wymiary:<\/strong><\/td>\n<td style=\"width: 25.0167px\"><strong>XS<\/strong><\/td>\n<td style=\"width: 23.0167px\"><strong>S<\/strong><\/td>\n<td style=\"width: 26.0167px\"><strong>M<\/strong><\/td>\n<td style=\"width: 24.0333px\"><strong>L<\/strong><\/td>\n<td style=\"width: 22.0167px\"><strong>XL<\/strong><\/td>\n<\/tr>\n<tr>\n<td class=\"namep\" style=\"width: 375.3px\">Od paszki do paszki (<strong>A<\/strong>)<\/td>\n<td style=\"width: 25.0167px\">42<\/td>\n<td style=\"width: 23.0167px\">44<\/td>\n<td style=\"width: 26.0167px\">45<\/td>\n<td style=\"width: 24.0333px\">46<\/td>\n<td style=\"width: 22.0167px\">47<\/td>\n<\/tr>\n<tr>\n<td class=\"namep\" style=\"width: 375.3px\">Talia (<strong>B<\/strong>)<\/td>\n<td style=\"width: 25.0167px\">34<\/td>\n<td style=\"width: 23.0167px\">35<\/td>\n<td style=\"width: 26.0167px\">36<\/td>\n<td style=\"width: 24.0333px\">38<\/td>\n<td style=\"width: 22.0167px\">39<\/td>\n<\/tr>\n<tr>\n<td class=\"namep\" style=\"width: 375.3px\">Biodra (<strong>C<\/strong>)<\/td>\n<td style=\"width: 25.0167px\">33<\/td>\n<td style=\"width: 23.0167px\">36<\/td>\n<td style=\"width: 26.0167px\">37<\/td>\n<td style=\"width: 24.0333px\">39<\/td>\n<td style=\"width: 22.0167px\">40<\/td>\n<\/tr>\n<tr>\n<td class=\"namep\" style=\"width: 375.3px\">D\u0142. od pachy (<strong>D<\/strong>)<\/td>\n<td style=\"width: 25.0167px\">44<\/td>\n<td style=\"width: 23.0167px\">45<\/td>\n<td style=\"width: 26.0167px\">47<\/td>\n<td style=\"width: 24.0333px\">49<\/td>\n<td style=\"width: 22.0167px\">49<\/td>\n<\/tr>\n<tr>\n<td class=\"namep\" style=\"width: 375.3px\">D\u0142. od ramienia (<strong>E<\/strong>)<\/td>\n<td style=\"width: 25.0167px\">63<\/td>\n<td style=\"width: 23.0167px\">64<\/td>\n<td style=\"width: 26.0167px\">66<\/td>\n<td style=\"width: 24.0333px\">66<\/td>\n<td style=\"width: 22.0167px\">67<\/td>\n<\/tr>\n<\/tbody>\n<\/table>\n<p><img loading=\"lazy\" decoding=\"async\" alt=\"\" height=\"892\" src=\"rozmiary\/375-.jpg\" style=\"margin-left: auto;margin-right: auto\" width=\"600\"><\/div>\n<\/div>\n<\/div>","protected":false},"excerpt":{"rendered":"<p>Kopertowe body w kolorze zieleni butelkowej. G\u0142\u0119boki, kopertowy dekolt w kszta\u0142cie litery &#8222;V&#8221; podkre\u015bla biust i nadaje kobieco\u015bci. Elastyczny i [&hellip;]<\/p>\n","protected":false},"featured_media":5931,"comment_status":"open","ping_status":"closed","template":"","meta":{"site-sidebar-layout":"default","site-content-layout":"","ast-site-content-layout":"default","site-content-style":"default","site-sidebar-style":"default","ast-global-header-display":"","ast-banner-title-visibility":"","ast-main-header-display":"","ast-hfb-above-header-display":"","ast-hfb-below-header-display":"","ast-hfb-mobile-header-display":"","site-post-title":"","ast-breadcrumbs-content":"","ast-featured-img":"","footer-sml-layout":"","ast-disable-related-posts":"","theme-transparent-header-meta":"","adv-header-id-meta":"","stick-header-meta":"","header-above-stick-meta":"","header-main-stick-meta":"","header-below-stick-meta":"","astra-migrate-meta-layouts":"default","ast-page-background-enabled":"default","ast-page-background-meta":{"desktop":{"background-color":"var(--ast-global-color-5)","background-image":"","background-repeat":"repeat","background-position":"center center","background-size":"auto","background-attachment":"scroll","background-type":"","background-media":"","overlay-type":"","overlay-color":"","overlay-opacity":"","overlay-gradient":""},"tablet":{"background-color":"","background-image":"","background-repeat":"repeat","background-position":"center center","background-size":"auto","background-attachment":"scroll","background-type":"","background-media":"","overlay-type":"","overlay-color":"","overlay-opacity":"","overlay-gradient":""},"mobile":{"background-color":"","background-image":"","background-repeat":"repeat","background-position":"center center","background-size":"auto","background-attachment":"scroll","background-type":"","background-media":"","overlay-type":"","overlay-color":"","overlay-opacity":"","overlay-gradient":""}},"ast-content-background-meta":{"desktop":{"background-color":"var(--ast-global-color-4)","background-image":"","background-repeat":"repeat","background-position":"center center","background-size":"auto","background-attachment":"scroll","background-type":"","background-media":"","overlay-type":"","overlay-color":"","overlay-opacity":"","overlay-gradient":""},"tablet":{"background-color":"var(--ast-global-color-4)","background-image":"","background-repeat":"repeat","background-position":"center center","background-size":"auto","background-attachment":"scroll","background-type":"","background-media":"","overlay-type":"","overlay-color":"","overlay-opacity":"","overlay-gradient":""},"mobile":{"background-color":"var(--ast-global-color-4)","background-image":"","background-repeat":"repeat","background-position":"center center","background-size":"auto","background-attachment":"scroll","background-type":"","background-media":"","overlay-type":"","overlay-color":"","overlay-opacity":"","overlay-gradient":""}}},"product_brand":[],"product_cat":[75,160],"product_tag":[],"class_list":{"0":"post-5938","1":"product","2":"type-product","3":"status-publish","4":"has-post-thumbnail","6":"product_cat-bluzki","7":"product_cat-numoco","8":"desktop-align-left","9":"tablet-align-left","10":"mobile-align-left","12":"first","13":"instock","14":"shipping-taxable","15":"purchasable","16":"product-type-variable","17":"has-default-attributes"},"_links":{"self":[{"href":"https:\/\/goldendreams.com.pl\/en\/wp-json\/wp\/v2\/product\/5938","targetHints":{"allow":["GET"]}}],"collection":[{"href":"https:\/\/goldendreams.com.pl\/en\/wp-json\/wp\/v2\/product"}],"about":[{"href":"https:\/\/goldendreams.com.pl\/en\/wp-json\/wp\/v2\/types\/product"}],"replies":[{"embeddable":true,"href":"https:\/\/goldendreams.com.pl\/en\/wp-json\/wp\/v2\/comments?post=5938"}],"wp:featuredmedia":[{"embeddable":true,"href":"https:\/\/goldendreams.com.pl\/en\/wp-json\/wp\/v2\/media\/5931"}],"wp:attachment":[{"href":"https:\/\/goldendreams.com.pl\/en\/wp-json\/wp\/v2\/media?parent=5938"}],"wp:term":[{"taxonomy":"product_brand","embeddable":true,"href":"https:\/\/goldendreams.com.pl\/en\/wp-json\/wp\/v2\/product_brand?post=5938"},{"taxonomy":"product_cat","embeddable":true,"href":"https:\/\/goldendreams.com.pl\/en\/wp-json\/wp\/v2\/product_cat?post=5938"},{"taxonomy":"product_tag","embeddable":true,"href":"https:\/\/goldendreams.com.pl\/en\/wp-json\/wp\/v2\/product_tag?post=5938"}],"curies":[{"name":"wp","href":"https:\/\/api.w.org\/{rel}","templated":true}]}}