{"id":5703,"date":"2025-07-22T11:02:43","date_gmt":"2025-07-22T11:02:43","guid":{"rendered":"https:\/\/goldendreams.com.pl\/sklep\/114-17-rozkloszowana-sukienka-dekolt-w-ksztalcie-serca-granatowa-w-rozowe-liscie\/"},"modified":"2026-04-17T07:23:30","modified_gmt":"2026-04-17T07:23:30","slug":"114-17-rozkloszowana-sukienka-dekolt-w-ksztalcie-serca-granatowa-w-rozowe-liscie","status":"publish","type":"product","link":"https:\/\/goldendreams.com.pl\/en\/sklep\/114-17-rozkloszowana-sukienka-dekolt-w-ksztalcie-serca-granatowa-w-rozowe-liscie\/","title":{"rendered":"114-17 Rozkloszowana sukienka &#8211; dekolt w kszta\u0142cie serca &#8211; granatowa w r\u00f3\u017cowe li\u015bcie"},"content":{"rendered":"<div class='desc-1'>Rozkloszowana <strong>sukienka<\/strong> z dekoltem w kszta\u0142cie serca. Wz\u00f3r: granatowa w r\u00f3\u017cowe li\u015bcie. Wysokiej jako\u015bci przyjemny w dotyku materia\u0142. Marka <strong>numoco<\/strong>. Produkt polski.<\/div>\n<div class='desc-2'>Sukienka z dekoltem &#8211; r\u00f3\u017cowe li\u015bcie<\/div>\n<div class='desc-3'><\/div>\n<div class='desc-4'><\/div>\n<div class='desc-5'>\n<div class=\"sizes\">\n<div class=\"sizes\">Wymiary mierzone s\u0105 na p\u0142asko &#8211; bez rozci\u0105gania materia\u0142u (+\/- 2 cm)<br \/>Modelka na zdj\u0119ciu ma 170cm wzrostu i ma ubrany rozm. S.<\/p>\n<table style=\"width: 500px;height: 109px\" cellspacing=\"0\" cellpadding=\"0\">\n<tbody>\n<tr style=\"height: 14px\">\n<td class=\"namep\" style=\"width: 309.5px;height: 14px\"><strong>Wymiary:<\/strong><\/td>\n<td style=\"width: 26.1333px;height: 14px\"><strong>S<\/strong><\/td>\n<td style=\"width: 29.15px;height: 14px\"><strong>M<\/strong><\/td>\n<td style=\"width: 30.15px;height: 14px\"><strong>L<\/strong><\/td>\n<td style=\"width: 32.15px;height: 14px\"><strong>XL<\/strong><\/td>\n<td style=\"width: 35.1667px;height: 14px\"><strong>XXL<\/strong><\/td>\n<td style=\"width: 31.35px;height: 14px\"><strong>XXXL<br \/><\/strong><\/td>\n<\/tr>\n<tr style=\"height: 24px\">\n<td class=\"namep\" style=\"width: 309.5px;height: 24px\">Od paszki do paszki (<strong>A<\/strong>)<\/td>\n<td style=\"width: 26.1333px;height: 24px\">42<\/td>\n<td style=\"width: 29.15px;height: 24px\">44<\/td>\n<td style=\"width: 30.15px;height: 24px\">46<\/td>\n<td style=\"width: 32.15px;height: 24px\">48<\/td>\n<td style=\"width: 35.1667px;height: 24px\">51<\/td>\n<td style=\"width: 31.35px;height: 24px\">53<\/td>\n<\/tr>\n<tr style=\"height: 22px\">\n<td class=\"namep\" style=\"width: 309.5px;height: 22px\">Talia (<strong>B<\/strong>)<\/td>\n<td style=\"width: 26.1333px;height: 22px\">33<\/td>\n<td style=\"width: 29.15px;height: 22px\">35<\/td>\n<td style=\"width: 30.15px;height: 22px\">38<\/td>\n<td style=\"width: 32.15px;height: 22px\">39<\/td>\n<td style=\"width: 35.1667px;height: 22px\">43<\/td>\n<td style=\"width: 31.35px;height: 22px\">45<\/td>\n<\/tr>\n<tr style=\"height: 24px\">\n<td class=\"namep\" style=\"width: 309.5px;height: 24px\">D\u0142. od paszki (<strong>D<\/strong>)<\/td>\n<td style=\"width: 26.1333px;height: 24px\">75<\/td>\n<td style=\"width: 29.15px;height: 24px\">75<\/td>\n<td style=\"width: 30.15px;height: 24px\">76<\/td>\n<td style=\"width: 32.15px;height: 24px\">76<\/td>\n<td style=\"width: 35.1667px;height: 24px\">76<\/td>\n<td style=\"width: 31.35px;height: 24px\">79<\/td>\n<\/tr>\n<tr style=\"height: 25px\">\n<td class=\"namep\" style=\"width: 309.5px;height: 25px\">D\u0142. od ramienia (<strong>E<\/strong>)<\/td>\n<td style=\"width: 26.1333px;height: 25px\">95<\/td>\n<td style=\"width: 29.15px;height: 25px\">96<\/td>\n<td style=\"width: 30.15px;height: 25px\">97<\/td>\n<td style=\"width: 32.15px;height: 25px\">98<\/td>\n<td style=\"width: 35.1667px;height: 25px\">99<\/td>\n<td style=\"width: 31.35px;height: 25px\">102<\/td>\n<\/tr>\n<\/tbody>\n<\/table>\n<p><img loading=\"lazy\" decoding=\"async\" alt=\"\" height=\"532\" src=\"rozmiary\/114-.jpg\" style=\"margin-left: auto;margin-right: auto\" width=\"500\"><\/div>\n<\/div>\n<\/div>","protected":false},"excerpt":{"rendered":"<p>Rozkloszowana sukienka z dekoltem w kszta\u0142cie serca. Wz\u00f3r: granatowa w r\u00f3\u017cowe li\u015bcie. Wysokiej jako\u015bci przyjemny w dotyku materia\u0142. Marka numoco. [&hellip;]<\/p>\n","protected":false},"featured_media":5696,"comment_status":"open","ping_status":"closed","template":"","meta":{"site-sidebar-layout":"default","site-content-layout":"","ast-site-content-layout":"default","site-content-style":"default","site-sidebar-style":"default","ast-global-header-display":"","ast-banner-title-visibility":"","ast-main-header-display":"","ast-hfb-above-header-display":"","ast-hfb-below-header-display":"","ast-hfb-mobile-header-display":"","site-post-title":"","ast-breadcrumbs-content":"","ast-featured-img":"","footer-sml-layout":"","ast-disable-related-posts":"","theme-transparent-header-meta":"","adv-header-id-meta":"","stick-header-meta":"","header-above-stick-meta":"","header-main-stick-meta":"","header-below-stick-meta":"","astra-migrate-meta-layouts":"default","ast-page-background-enabled":"default","ast-page-background-meta":{"desktop":{"background-color":"var(--ast-global-color-5)","background-image":"","background-repeat":"repeat","background-position":"center center","background-size":"auto","background-attachment":"scroll","background-type":"","background-media":"","overlay-type":"","overlay-color":"","overlay-opacity":"","overlay-gradient":""},"tablet":{"background-color":"","background-image":"","background-repeat":"repeat","background-position":"center center","background-size":"auto","background-attachment":"scroll","background-type":"","background-media":"","overlay-type":"","overlay-color":"","overlay-opacity":"","overlay-gradient":""},"mobile":{"background-color":"","background-image":"","background-repeat":"repeat","background-position":"center center","background-size":"auto","background-attachment":"scroll","background-type":"","background-media":"","overlay-type":"","overlay-color":"","overlay-opacity":"","overlay-gradient":""}},"ast-content-background-meta":{"desktop":{"background-color":"var(--ast-global-color-4)","background-image":"","background-repeat":"repeat","background-position":"center center","background-size":"auto","background-attachment":"scroll","background-type":"","background-media":"","overlay-type":"","overlay-color":"","overlay-opacity":"","overlay-gradient":""},"tablet":{"background-color":"var(--ast-global-color-4)","background-image":"","background-repeat":"repeat","background-position":"center center","background-size":"auto","background-attachment":"scroll","background-type":"","background-media":"","overlay-type":"","overlay-color":"","overlay-opacity":"","overlay-gradient":""},"mobile":{"background-color":"var(--ast-global-color-4)","background-image":"","background-repeat":"repeat","background-position":"center center","background-size":"auto","background-attachment":"scroll","background-type":"","background-media":"","overlay-type":"","overlay-color":"","overlay-opacity":"","overlay-gradient":""}}},"product_brand":[],"product_cat":[160,59,154,153,158,164],"product_tag":[],"class_list":{"0":"post-5703","1":"product","2":"type-product","3":"status-publish","4":"has-post-thumbnail","6":"product_cat-numoco","7":"product_cat-sukienki","8":"product_cat-sukienki-letnie","9":"product_cat-sukienki-na-chrzciny","10":"product_cat-sukienki-na-komunie","11":"product_cat-sukienki-na-wesele","12":"desktop-align-left","13":"tablet-align-left","14":"mobile-align-left","16":"first","17":"instock","18":"shipping-taxable","19":"purchasable","20":"product-type-variable","21":"has-default-attributes"},"_links":{"self":[{"href":"https:\/\/goldendreams.com.pl\/en\/wp-json\/wp\/v2\/product\/5703","targetHints":{"allow":["GET"]}}],"collection":[{"href":"https:\/\/goldendreams.com.pl\/en\/wp-json\/wp\/v2\/product"}],"about":[{"href":"https:\/\/goldendreams.com.pl\/en\/wp-json\/wp\/v2\/types\/product"}],"replies":[{"embeddable":true,"href":"https:\/\/goldendreams.com.pl\/en\/wp-json\/wp\/v2\/comments?post=5703"}],"wp:featuredmedia":[{"embeddable":true,"href":"https:\/\/goldendreams.com.pl\/en\/wp-json\/wp\/v2\/media\/5696"}],"wp:attachment":[{"href":"https:\/\/goldendreams.com.pl\/en\/wp-json\/wp\/v2\/media?parent=5703"}],"wp:term":[{"taxonomy":"product_brand","embeddable":true,"href":"https:\/\/goldendreams.com.pl\/en\/wp-json\/wp\/v2\/product_brand?post=5703"},{"taxonomy":"product_cat","embeddable":true,"href":"https:\/\/goldendreams.com.pl\/en\/wp-json\/wp\/v2\/product_cat?post=5703"},{"taxonomy":"product_tag","embeddable":true,"href":"https:\/\/goldendreams.com.pl\/en\/wp-json\/wp\/v2\/product_tag?post=5703"}],"curies":[{"name":"wp","href":"https:\/\/api.w.org\/{rel}","templated":true}]}}