{"id":5675,"date":"2025-07-22T11:02:28","date_gmt":"2025-07-22T11:02:28","guid":{"rendered":"https:\/\/goldendreams.com.pl\/sklep\/388-1-frances-szyfonowa-sukienka-z-dekoltem-granatowa-w-kwiaty\/"},"modified":"2025-08-12T13:42:48","modified_gmt":"2025-08-12T13:42:48","slug":"388-1-frances-szyfonowa-sukienka-z-dekoltem-granatowa-w-kwiaty","status":"publish","type":"product","link":"https:\/\/goldendreams.com.pl\/en\/sklep\/388-1-frances-szyfonowa-sukienka-z-dekoltem-granatowa-w-kwiaty\/","title":{"rendered":"388-1 FRANCES &#8211; szyfonowa sukienka z dekoltem &#8211; granatowa w kwiaty"},"content":{"rendered":"<div class='desc-1'>FRANCES <strong>szyfonowa sukienka<\/strong> z d\u0142ugim r\u0119kawkiem i dekoltem. Wz\u00f3r w kwiaty na granatowym tle. Marka <strong>numoco<\/strong>. Produkcja polska.<br \/><strong>LIMITED EDITION<\/strong><\/div>\n<div class='desc-2'>Frances &#8211; szyfonowa granatowa <strong>sukienka<\/strong> w kwiaty<\/div>\n<div class='desc-3'><\/div>\n<div class='desc-4'><\/div>\n<div class='desc-5'>\n<div class=\"sizes\">\n<div class=\"sizes\">Wymiary mierzone s\u0105 na p\u0142asko &#8211; bez rozci\u0105gania materia\u0142u (+\/- 2 cm)<br \/>Modelka na zdj\u0119ciu ma 171cm wzrostu i ma ubrany rozm. XS.<\/p>\n<table style=\"height: 143px;width: 500px\" cellspacing=\"0\" cellpadding=\"0\">\n<tbody>\n<tr style=\"height: 14px\">\n<td class=\"namep\" style=\"height: 14px;width: 373.05px\"><strong>Wymiary:<\/strong><\/td>\n<td style=\"height: 14px;width: 24.0667px\"><strong>XS<\/strong><\/td>\n<td style=\"height: 14px;width: 24.0667px\"><strong>S<\/strong><\/td>\n<td style=\"height: 14px;width: 25.0667px\"><strong>M<\/strong><\/td>\n<td style=\"height: 14px;width: 24.0833px\"><strong>L<\/strong><\/td>\n<td style=\"height: 14px;width: 24.0667px\"><strong>XL<\/strong><\/td>\n<\/tr>\n<tr style=\"height: 14px\">\n<td class=\"namep\" style=\"height: 14px;width: 373.05px\">Od paszki do paszki (<strong>A<\/strong>)<\/td>\n<td style=\"height: 14px;width: 24.0667px\">37<\/td>\n<td style=\"height: 14px;width: 24.0667px\">39<\/td>\n<td style=\"height: 14px;width: 25.0667px\">40<\/td>\n<td style=\"height: 14px;width: 24.0833px\">42<\/td>\n<td style=\"height: 14px;width: 24.0667px\">43<\/td>\n<\/tr>\n<tr style=\"height: 14px\">\n<td class=\"namep\" style=\"height: 14px;width: 373.05px\">Pas (<strong>B<\/strong>)<\/td>\n<td style=\"height: 14px;width: 24.0667px\">25<\/td>\n<td style=\"height: 14px;width: 24.0667px\">26<\/td>\n<td style=\"height: 14px;width: 25.0667px\">28<\/td>\n<td style=\"height: 14px;width: 24.0833px\">29<\/td>\n<td style=\"height: 14px;width: 24.0667px\">30<\/td>\n<\/tr>\n<tr style=\"height: 14px\">\n<td class=\"namep\" style=\"height: 14px;width: 373.05px\">Biodra (<strong>C<\/strong>)<\/td>\n<td style=\"height: 14px;width: 24.0667px\">54<\/td>\n<td style=\"height: 14px;width: 24.0667px\">56<\/td>\n<td style=\"height: 14px;width: 25.0667px\">58<\/td>\n<td style=\"height: 14px;width: 24.0833px\">60<\/td>\n<td style=\"height: 14px;width: 24.0667px\">62<\/td>\n<\/tr>\n<tr style=\"height: 14px\">\n<td class=\"namep\" style=\"height: 14px;width: 373.05px\">D\u0142. od pachy (<strong>D<\/strong>)<\/td>\n<td style=\"height: 14px;width: 24.0667px\">70<\/td>\n<td style=\"height: 14px;width: 24.0667px\">72<\/td>\n<td style=\"height: 14px;width: 25.0667px\">74<\/td>\n<td style=\"height: 14px;width: 24.0833px\">76<\/td>\n<td style=\"height: 14px;width: 24.0667px\">77<\/td>\n<\/tr>\n<tr style=\"height: 14px\">\n<td class=\"namep\" style=\"height: 14px;width: 373.05px\">D\u0142. od ramienia (<strong>E<\/strong>)<\/td>\n<td style=\"height: 14px;width: 24.0667px\">96<\/td>\n<td style=\"height: 14px;width: 24.0667px\">98<\/td>\n<td style=\"height: 14px;width: 25.0667px\">100<\/td>\n<td style=\"height: 14px;width: 24.0833px\">100<\/td>\n<td style=\"height: 14px;width: 24.0667px\">100<\/td>\n<\/tr>\n<\/tbody>\n<\/table>\n<p><img decoding=\"async\" alt=\"\" src=\"rozmiary\/295-.jpg\" style=\"margin-left: auto;margin-right: auto\"><\/div>\n<\/div>\n<\/div>","protected":false},"excerpt":{"rendered":"<p>FRANCES szyfonowa sukienka z d\u0142ugim r\u0119kawkiem i dekoltem. Wz\u00f3r w kwiaty na granatowym tle. Marka numoco. Produkcja polska.LIMITED EDITION Frances [&hellip;]<\/p>\n","protected":false},"featured_media":5666,"comment_status":"open","ping_status":"closed","template":"","meta":{"site-sidebar-layout":"default","site-content-layout":"","ast-site-content-layout":"default","site-content-style":"default","site-sidebar-style":"default","ast-global-header-display":"","ast-banner-title-visibility":"","ast-main-header-display":"","ast-hfb-above-header-display":"","ast-hfb-below-header-display":"","ast-hfb-mobile-header-display":"","site-post-title":"","ast-breadcrumbs-content":"","ast-featured-img":"","footer-sml-layout":"","ast-disable-related-posts":"","theme-transparent-header-meta":"","adv-header-id-meta":"","stick-header-meta":"","header-above-stick-meta":"","header-main-stick-meta":"","header-below-stick-meta":"","astra-migrate-meta-layouts":"default","ast-page-background-enabled":"default","ast-page-background-meta":{"desktop":{"background-color":"var(--ast-global-color-5)","background-image":"","background-repeat":"repeat","background-position":"center center","background-size":"auto","background-attachment":"scroll","background-type":"","background-media":"","overlay-type":"","overlay-color":"","overlay-opacity":"","overlay-gradient":""},"tablet":{"background-color":"","background-image":"","background-repeat":"repeat","background-position":"center center","background-size":"auto","background-attachment":"scroll","background-type":"","background-media":"","overlay-type":"","overlay-color":"","overlay-opacity":"","overlay-gradient":""},"mobile":{"background-color":"","background-image":"","background-repeat":"repeat","background-position":"center center","background-size":"auto","background-attachment":"scroll","background-type":"","background-media":"","overlay-type":"","overlay-color":"","overlay-opacity":"","overlay-gradient":""}},"ast-content-background-meta":{"desktop":{"background-color":"var(--ast-global-color-4)","background-image":"","background-repeat":"repeat","background-position":"center center","background-size":"auto","background-attachment":"scroll","background-type":"","background-media":"","overlay-type":"","overlay-color":"","overlay-opacity":"","overlay-gradient":""},"tablet":{"background-color":"var(--ast-global-color-4)","background-image":"","background-repeat":"repeat","background-position":"center center","background-size":"auto","background-attachment":"scroll","background-type":"","background-media":"","overlay-type":"","overlay-color":"","overlay-opacity":"","overlay-gradient":""},"mobile":{"background-color":"var(--ast-global-color-4)","background-image":"","background-repeat":"repeat","background-position":"center center","background-size":"auto","background-attachment":"scroll","background-type":"","background-media":"","overlay-type":"","overlay-color":"","overlay-opacity":"","overlay-gradient":""}}},"product_brand":[],"product_cat":[151,160,59,154,159,153,158,164,181],"product_tag":[],"class_list":{"0":"post-5675","1":"product","2":"type-product","3":"status-publish","4":"has-post-thumbnail","6":"product_cat-limited-edition","7":"product_cat-numoco","8":"product_cat-sukienki","9":"product_cat-sukienki-letnie","10":"product_cat-sukienki-midi","11":"product_cat-sukienki-na-chrzciny","12":"product_cat-sukienki-na-komunie","13":"product_cat-sukienki-na-wesele","14":"product_cat-sukienki-w-kwiaty","15":"desktop-align-left","16":"tablet-align-left","17":"mobile-align-left","19":"first","20":"instock","21":"shipping-taxable","22":"purchasable","23":"product-type-variable","24":"has-default-attributes"},"_links":{"self":[{"href":"https:\/\/goldendreams.com.pl\/en\/wp-json\/wp\/v2\/product\/5675","targetHints":{"allow":["GET"]}}],"collection":[{"href":"https:\/\/goldendreams.com.pl\/en\/wp-json\/wp\/v2\/product"}],"about":[{"href":"https:\/\/goldendreams.com.pl\/en\/wp-json\/wp\/v2\/types\/product"}],"replies":[{"embeddable":true,"href":"https:\/\/goldendreams.com.pl\/en\/wp-json\/wp\/v2\/comments?post=5675"}],"wp:featuredmedia":[{"embeddable":true,"href":"https:\/\/goldendreams.com.pl\/en\/wp-json\/wp\/v2\/media\/5666"}],"wp:attachment":[{"href":"https:\/\/goldendreams.com.pl\/en\/wp-json\/wp\/v2\/media?parent=5675"}],"wp:term":[{"taxonomy":"product_brand","embeddable":true,"href":"https:\/\/goldendreams.com.pl\/en\/wp-json\/wp\/v2\/product_brand?post=5675"},{"taxonomy":"product_cat","embeddable":true,"href":"https:\/\/goldendreams.com.pl\/en\/wp-json\/wp\/v2\/product_cat?post=5675"},{"taxonomy":"product_tag","embeddable":true,"href":"https:\/\/goldendreams.com.pl\/en\/wp-json\/wp\/v2\/product_tag?post=5675"}],"curies":[{"name":"wp","href":"https:\/\/api.w.org\/{rel}","templated":true}]}}