{"id":5351,"date":"2025-07-22T10:46:58","date_gmt":"2025-07-22T10:46:58","guid":{"rendered":"https:\/\/goldendreams.com.pl\/sklep\/378-1-szyfonowa-sukienka-midi-brazowy-wzor-boho\/"},"modified":"2026-02-02T11:52:51","modified_gmt":"2026-02-02T11:52:51","slug":"378-1-szyfonowa-sukienka-midi-brazowy-wzor-boho","status":"publish","type":"product","link":"https:\/\/goldendreams.com.pl\/en\/sklep\/378-1-szyfonowa-sukienka-midi-brazowy-wzor-boho\/","title":{"rendered":"378-1 Szyfonowa sukienka MIDI &#8211; br\u0105zowy wz\u00f3r BOHO"},"content":{"rendered":"<div class='desc-1'>Szyfonowa <strong>sukienka<\/strong> midi z dekoltem. Wz\u00f3r: br\u0105zowe boho. Produkcja polska. Marka <strong>Numoco<\/strong>.<br \/><strong>LIMITED EDITION<\/strong><\/div>\n<div class='desc-2'>Szyfonowa sukienka &#8211; br\u0105zowe boho<\/div>\n<div class='desc-3'><\/div>\n<div class='desc-4'><\/div>\n<div class='desc-5'>\n<div class=\"sizes\">\n<div class=\"sizes\">Wymiary mierzone s\u0105 na p\u0142asko &#8211; bez rozci\u0105gania materia\u0142u (+\/- 2 cm)<br \/>Modelka na zdj\u0119ciu ma 171cm wzrostu i ma ubrany rozm. S.<\/p>\n<table style=\"height: 168px;width: 498px\" width=\"501\" cellspacing=\"0\" cellpadding=\"0\">\n<tbody>\n<tr>\n<td class=\"namep\" style=\"width: 367.033px\"><strong>Wymiary:<\/strong><\/td>\n<td style=\"width: 25.0667px\"><strong>XS<br \/><\/strong><\/td>\n<td style=\"width: 25.0833px\"><strong>S<\/strong><\/td>\n<td style=\"width: 25.0667px\"><strong>M<\/strong><\/td>\n<td style=\"width: 25.0833px\"><strong>L<\/strong><\/td>\n<td style=\"width: 25.0667px\"><strong>XL<\/strong><\/td>\n<\/tr>\n<tr>\n<td class=\"namep\" style=\"width: 367.033px\">Od paszki do paszki (<strong>A<\/strong>)<\/td>\n<td style=\"width: 25.0667px\">37<\/td>\n<td style=\"width: 25.0833px\">39<\/td>\n<td style=\"width: 25.0667px\">41<\/td>\n<td style=\"width: 25.0833px\">43<\/td>\n<td style=\"width: 25.0667px\">47<\/td>\n<\/tr>\n<tr>\n<td class=\"namep\" style=\"width: 367.033px\">Talia (<strong>B<\/strong>)<\/td>\n<td style=\"width: 25.0667px\">25<\/td>\n<td style=\"width: 25.0833px\">27<\/td>\n<td style=\"width: 25.0667px\">29<\/td>\n<td style=\"width: 25.0833px\">32<\/td>\n<td style=\"width: 25.0667px\">33<\/td>\n<\/tr>\n<tr>\n<td class=\"namep\" style=\"width: 367.033px\">Biodra (<strong>C<\/strong>)<\/td>\n<td style=\"width: 25.0667px\">44<\/td>\n<td style=\"width: 25.0833px\">46<\/td>\n<td style=\"width: 25.0667px\">48<\/td>\n<td style=\"width: 25.0833px\">50<\/td>\n<td style=\"width: 25.0667px\">52<\/td>\n<\/tr>\n<tr>\n<td class=\"namep\" style=\"width: 367.033px\">D\u0142. od pachy (<strong>D<\/strong>)<\/td>\n<td style=\"width: 25.0667px\">100<\/td>\n<td style=\"width: 25.0833px\">100<\/td>\n<td style=\"width: 25.0667px\">100<\/td>\n<td style=\"width: 25.0833px\">102<\/td>\n<td style=\"width: 25.0667px\">102<\/td>\n<\/tr>\n<tr>\n<td class=\"namep\" style=\"width: 367.033px\">D\u0142. od ramienia (<strong>E<\/strong>)<\/td>\n<td style=\"width: 25.0667px\">125<\/td>\n<td style=\"width: 25.0833px\">126<\/td>\n<td style=\"width: 25.0667px\">126<\/td>\n<td style=\"width: 25.0833px\">128<\/td>\n<td style=\"width: 25.0667px\">128<\/td>\n<\/tr>\n<\/tbody>\n<\/table>\n<p><img decoding=\"async\" alt=\"\" src=\"rozmiary\/357-.jpg\" style=\"margin-left: auto;margin-right: auto\"><\/div>\n<\/div>\n<\/div>","protected":false},"excerpt":{"rendered":"<p>Szyfonowa sukienka midi z dekoltem. Wz\u00f3r: br\u0105zowe boho. Produkcja polska. Marka Numoco.LIMITED EDITION Szyfonowa sukienka &#8211; br\u0105zowe boho Wymiary mierzone [&hellip;]<\/p>\n","protected":false},"featured_media":5344,"comment_status":"open","ping_status":"closed","template":"","meta":{"site-sidebar-layout":"default","site-content-layout":"","ast-site-content-layout":"default","site-content-style":"default","site-sidebar-style":"default","ast-global-header-display":"","ast-banner-title-visibility":"","ast-main-header-display":"","ast-hfb-above-header-display":"","ast-hfb-below-header-display":"","ast-hfb-mobile-header-display":"","site-post-title":"","ast-breadcrumbs-content":"","ast-featured-img":"","footer-sml-layout":"","ast-disable-related-posts":"","theme-transparent-header-meta":"","adv-header-id-meta":"","stick-header-meta":"","header-above-stick-meta":"","header-main-stick-meta":"","header-below-stick-meta":"","astra-migrate-meta-layouts":"default","ast-page-background-enabled":"default","ast-page-background-meta":{"desktop":{"background-color":"var(--ast-global-color-5)","background-image":"","background-repeat":"repeat","background-position":"center center","background-size":"auto","background-attachment":"scroll","background-type":"","background-media":"","overlay-type":"","overlay-color":"","overlay-opacity":"","overlay-gradient":""},"tablet":{"background-color":"","background-image":"","background-repeat":"repeat","background-position":"center center","background-size":"auto","background-attachment":"scroll","background-type":"","background-media":"","overlay-type":"","overlay-color":"","overlay-opacity":"","overlay-gradient":""},"mobile":{"background-color":"","background-image":"","background-repeat":"repeat","background-position":"center center","background-size":"auto","background-attachment":"scroll","background-type":"","background-media":"","overlay-type":"","overlay-color":"","overlay-opacity":"","overlay-gradient":""}},"ast-content-background-meta":{"desktop":{"background-color":"var(--ast-global-color-4)","background-image":"","background-repeat":"repeat","background-position":"center center","background-size":"auto","background-attachment":"scroll","background-type":"","background-media":"","overlay-type":"","overlay-color":"","overlay-opacity":"","overlay-gradient":""},"tablet":{"background-color":"var(--ast-global-color-4)","background-image":"","background-repeat":"repeat","background-position":"center center","background-size":"auto","background-attachment":"scroll","background-type":"","background-media":"","overlay-type":"","overlay-color":"","overlay-opacity":"","overlay-gradient":""},"mobile":{"background-color":"var(--ast-global-color-4)","background-image":"","background-repeat":"repeat","background-position":"center center","background-size":"auto","background-attachment":"scroll","background-type":"","background-media":"","overlay-type":"","overlay-color":"","overlay-opacity":"","overlay-gradient":""}}},"product_brand":[],"product_cat":[151,160,59,209,154,159,158],"product_tag":[],"class_list":{"0":"post-5351","1":"product","2":"type-product","3":"status-publish","4":"has-post-thumbnail","6":"product_cat-limited-edition","7":"product_cat-numoco","8":"product_cat-sukienki","9":"product_cat-sukienki-boho","10":"product_cat-sukienki-letnie","11":"product_cat-sukienki-midi","12":"product_cat-sukienki-na-komunie","13":"desktop-align-left","14":"tablet-align-left","15":"mobile-align-left","17":"first","18":"instock","19":"shipping-taxable","20":"purchasable","21":"product-type-variable","22":"has-default-attributes"},"_links":{"self":[{"href":"https:\/\/goldendreams.com.pl\/en\/wp-json\/wp\/v2\/product\/5351","targetHints":{"allow":["GET"]}}],"collection":[{"href":"https:\/\/goldendreams.com.pl\/en\/wp-json\/wp\/v2\/product"}],"about":[{"href":"https:\/\/goldendreams.com.pl\/en\/wp-json\/wp\/v2\/types\/product"}],"replies":[{"embeddable":true,"href":"https:\/\/goldendreams.com.pl\/en\/wp-json\/wp\/v2\/comments?post=5351"}],"wp:featuredmedia":[{"embeddable":true,"href":"https:\/\/goldendreams.com.pl\/en\/wp-json\/wp\/v2\/media\/5344"}],"wp:attachment":[{"href":"https:\/\/goldendreams.com.pl\/en\/wp-json\/wp\/v2\/media?parent=5351"}],"wp:term":[{"taxonomy":"product_brand","embeddable":true,"href":"https:\/\/goldendreams.com.pl\/en\/wp-json\/wp\/v2\/product_brand?post=5351"},{"taxonomy":"product_cat","embeddable":true,"href":"https:\/\/goldendreams.com.pl\/en\/wp-json\/wp\/v2\/product_cat?post=5351"},{"taxonomy":"product_tag","embeddable":true,"href":"https:\/\/goldendreams.com.pl\/en\/wp-json\/wp\/v2\/product_tag?post=5351"}],"curies":[{"name":"wp","href":"https:\/\/api.w.org\/{rel}","templated":true}]}}