{"id":3922,"date":"2025-07-22T09:42:03","date_gmt":"2025-07-22T09:42:03","guid":{"rendered":"https:\/\/goldendreams.com.pl\/sklep\/297-2-caroline-sukienka-z-falbanami-i-kopertowym-dekoltem-kwiaty-na-jasnym-tle\/"},"modified":"2026-04-19T16:40:33","modified_gmt":"2026-04-19T16:40:33","slug":"297-2-caroline-sukienka-z-falbanami-i-kopertowym-dekoltem-kwiaty-na-jasnym-tle","status":"publish","type":"product","link":"https:\/\/goldendreams.com.pl\/en\/sklep\/297-2-caroline-sukienka-z-falbanami-i-kopertowym-dekoltem-kwiaty-na-jasnym-tle\/","title":{"rendered":"297-2 CAROLINE sukienka z falbanami i kopertowym dekoltem &#8211; KWIATY NA JASNYM TLE"},"content":{"rendered":"<div class='desc-1'>Caroline &#8211; sukienka z falbanami, podw\u00f3jn\u0105 sp\u00f3dnic\u0105 i kopertowym dekoltem. R\u00f3\u017cowe kwiaty na jasnym tle. Marka numoco. Produkcja polska.<br \/><strong>LIMITED EDITION<\/strong><\/div>\n<div class='desc-2'>Caroline &#8211; r\u00f3\u017cowe kwiaty na jasnym tle<\/div>\n<div class='desc-3'><\/div>\n<div class='desc-4'><\/div>\n<div class='desc-5'>\n<div class=\"sizes\">\n<div class=\"sizes\">Wymiary mierzone s\u0105 na p\u0142asko &#8211; bez rozci\u0105gania materia\u0142u (+\/- 2 cm)<br \/>Modelka na zdj\u0119ciu ma 170cm wzrostu i ma ubrany rozm. S.<\/p>\n<table cellspacing=\"0\" cellpadding=\"0\">\n<tbody>\n<tr>\n<td class=\"namep\"><strong>Wymiary:<\/strong><\/td>\n<td><strong>S<\/strong><\/td>\n<td><strong>M<\/strong><\/td>\n<td><strong>L<\/strong><\/td>\n<td><strong>XL<\/strong><\/td>\n<\/tr>\n<tr>\n<td class=\"namep\">Od paszki do paszki (<strong>A<\/strong>)<\/td>\n<td>42<\/td>\n<td>44<\/td>\n<td>48<\/td>\n<td>50<\/td>\n<\/tr>\n<tr>\n<td class=\"namep\">Pas (<strong>B<\/strong>)<\/td>\n<td>34<\/td>\n<td>37<\/td>\n<td>41<\/td>\n<td>45<\/td>\n<\/tr>\n<tr>\n<td class=\"namep\">Biodra (<strong>C<\/strong>)<\/td>\n<td>64<\/td>\n<td>65<\/td>\n<td>67<\/td>\n<td>70<\/td>\n<\/tr>\n<tr>\n<td class=\"namep\">D\u0142. od pachy (<strong>D<\/strong>)<\/td>\n<td>66<\/td>\n<td>66<\/td>\n<td>67<\/td>\n<td>68<\/td>\n<\/tr>\n<tr>\n<td class=\"namep\">D\u0142. od ramienia (<strong>E<\/strong>)<\/td>\n<td>85<\/td>\n<td>88<\/td>\n<td>89<\/td>\n<td>90<\/td>\n<\/tr>\n<\/tbody>\n<\/table>\n<p><img decoding=\"async\" alt=\"\" src=\"rozmiary\/297-.jpg\" style=\"margin-left: auto;margin-right: auto\"><\/div>\n<\/div>\n<\/div>","protected":false},"excerpt":{"rendered":"<p>Caroline &#8211; sukienka z falbanami, podw\u00f3jn\u0105 sp\u00f3dnic\u0105 i kopertowym dekoltem. R\u00f3\u017cowe kwiaty na jasnym tle. Marka numoco. Produkcja polska.LIMITED EDITION [&hellip;]<\/p>\n","protected":false},"featured_media":3913,"comment_status":"open","ping_status":"closed","template":"","meta":{"site-sidebar-layout":"default","site-content-layout":"","ast-site-content-layout":"default","site-content-style":"default","site-sidebar-style":"default","ast-global-header-display":"","ast-banner-title-visibility":"","ast-main-header-display":"","ast-hfb-above-header-display":"","ast-hfb-below-header-display":"","ast-hfb-mobile-header-display":"","site-post-title":"","ast-breadcrumbs-content":"","ast-featured-img":"","footer-sml-layout":"","ast-disable-related-posts":"","theme-transparent-header-meta":"","adv-header-id-meta":"","stick-header-meta":"","header-above-stick-meta":"","header-main-stick-meta":"","header-below-stick-meta":"","astra-migrate-meta-layouts":"default","ast-page-background-enabled":"default","ast-page-background-meta":{"desktop":{"background-color":"var(--ast-global-color-5)","background-image":"","background-repeat":"repeat","background-position":"center center","background-size":"auto","background-attachment":"scroll","background-type":"","background-media":"","overlay-type":"","overlay-color":"","overlay-opacity":"","overlay-gradient":""},"tablet":{"background-color":"","background-image":"","background-repeat":"repeat","background-position":"center center","background-size":"auto","background-attachment":"scroll","background-type":"","background-media":"","overlay-type":"","overlay-color":"","overlay-opacity":"","overlay-gradient":""},"mobile":{"background-color":"","background-image":"","background-repeat":"repeat","background-position":"center center","background-size":"auto","background-attachment":"scroll","background-type":"","background-media":"","overlay-type":"","overlay-color":"","overlay-opacity":"","overlay-gradient":""}},"ast-content-background-meta":{"desktop":{"background-color":"var(--ast-global-color-4)","background-image":"","background-repeat":"repeat","background-position":"center center","background-size":"auto","background-attachment":"scroll","background-type":"","background-media":"","overlay-type":"","overlay-color":"","overlay-opacity":"","overlay-gradient":""},"tablet":{"background-color":"var(--ast-global-color-4)","background-image":"","background-repeat":"repeat","background-position":"center center","background-size":"auto","background-attachment":"scroll","background-type":"","background-media":"","overlay-type":"","overlay-color":"","overlay-opacity":"","overlay-gradient":""},"mobile":{"background-color":"var(--ast-global-color-4)","background-image":"","background-repeat":"repeat","background-position":"center center","background-size":"auto","background-attachment":"scroll","background-type":"","background-media":"","overlay-type":"","overlay-color":"","overlay-opacity":"","overlay-gradient":""}}},"product_brand":[],"product_cat":[151,241,160,59,154,153,158,164,181],"product_tag":[],"class_list":{"0":"post-3922","1":"product","2":"type-product","3":"status-publish","4":"has-post-thumbnail","6":"product_cat-limited-edition","7":"product_cat-moda-damska","8":"product_cat-numoco","9":"product_cat-sukienki","10":"product_cat-sukienki-letnie","11":"product_cat-sukienki-na-chrzciny","12":"product_cat-sukienki-na-komunie","13":"product_cat-sukienki-na-wesele","14":"product_cat-sukienki-w-kwiaty","15":"desktop-align-left","16":"tablet-align-left","17":"mobile-align-left","19":"first","20":"instock","21":"shipping-taxable","22":"purchasable","23":"product-type-variable","24":"has-default-attributes"},"_links":{"self":[{"href":"https:\/\/goldendreams.com.pl\/en\/wp-json\/wp\/v2\/product\/3922","targetHints":{"allow":["GET"]}}],"collection":[{"href":"https:\/\/goldendreams.com.pl\/en\/wp-json\/wp\/v2\/product"}],"about":[{"href":"https:\/\/goldendreams.com.pl\/en\/wp-json\/wp\/v2\/types\/product"}],"replies":[{"embeddable":true,"href":"https:\/\/goldendreams.com.pl\/en\/wp-json\/wp\/v2\/comments?post=3922"}],"wp:featuredmedia":[{"embeddable":true,"href":"https:\/\/goldendreams.com.pl\/en\/wp-json\/wp\/v2\/media\/3913"}],"wp:attachment":[{"href":"https:\/\/goldendreams.com.pl\/en\/wp-json\/wp\/v2\/media?parent=3922"}],"wp:term":[{"taxonomy":"product_brand","embeddable":true,"href":"https:\/\/goldendreams.com.pl\/en\/wp-json\/wp\/v2\/product_brand?post=3922"},{"taxonomy":"product_cat","embeddable":true,"href":"https:\/\/goldendreams.com.pl\/en\/wp-json\/wp\/v2\/product_cat?post=3922"},{"taxonomy":"product_tag","embeddable":true,"href":"https:\/\/goldendreams.com.pl\/en\/wp-json\/wp\/v2\/product_tag?post=3922"}],"curies":[{"name":"wp","href":"https:\/\/api.w.org\/{rel}","templated":true}]}}