{"id":3801,"date":"2025-07-22T09:41:04","date_gmt":"2025-07-22T09:41:04","guid":{"rendered":"https:\/\/goldendreams.com.pl\/sklep\/295-3-bakari-zwiewna-szyfonowa-sukienka-z-dekoltem-turkusowy-wzor\/"},"modified":"2026-04-12T20:24:10","modified_gmt":"2026-04-12T20:24:10","slug":"295-3-bakari-zwiewna-szyfonowa-sukienka-z-dekoltem-turkusowy-wzor","status":"publish","type":"product","link":"https:\/\/goldendreams.com.pl\/en\/sklep\/295-3-bakari-zwiewna-szyfonowa-sukienka-z-dekoltem-turkusowy-wzor\/","title":{"rendered":"295-3 BAKARI zwiewna szyfonowa sukienka z dekoltem &#8211; TURKUSOWY WZ\u00d3R"},"content":{"rendered":"<div class='desc-1'>BAKARI &#8211; zwiewna szyfonowa sukienka z falbankami, dekoltem, gumeczk\u0105 w pasie i podszewk\u0105. Turkusowy orientalny wz\u00f3r na czarnym tle. Marka numoco. Produkcja polska.<br \/><strong>LIMITED EDITION<\/strong><\/div>\n<div class='desc-2'>Bakari &#8211; sukienka z turkusowym wzorem<\/div>\n<div class='desc-3'><\/div>\n<div class='desc-4'><\/div>\n<div class='desc-5'>\n<div class=\"sizes\">\n<div class=\"sizes\">Wymiary mierzone s\u0105 na p\u0142asko &#8211; bez rozci\u0105gania materia\u0142u (+\/- 2 cm)<br \/>Modelka na zdj\u0119ciu ma 171cm wzrostu i ma ubrany rozm. S.<\/p>\n<table cellspacing=\"0\" cellpadding=\"0\">\n<tbody>\n<tr>\n<td class=\"namep\"><strong>Wymiary:<\/strong><\/td>\n<td><strong>XS<\/strong><\/td>\n<td><strong>S<\/strong><\/td>\n<td><strong>M<\/strong><\/td>\n<td><strong>L<\/strong><\/td>\n<td><strong>XL<\/strong><\/td>\n<td><strong>XXL<\/strong><\/td>\n<\/tr>\n<tr>\n<td class=\"namep\">Od paszki do paszki (<strong>A<\/strong>)<\/td>\n<td>42<\/td>\n<td>44<\/td>\n<td>46<\/td>\n<td>50<\/td>\n<td>53<\/td>\n<td>56<\/td>\n<\/tr>\n<tr>\n<td class=\"namep\">Pas &#8211; po rozci\u0105gni\u0119ciu (<strong>B<\/strong>)<\/td>\n<td>34<\/td>\n<td>36<\/td>\n<td>40<\/td>\n<td>42<\/td>\n<td>44<\/td>\n<td>46<\/td>\n<\/tr>\n<tr>\n<td class=\"namep\">Biodra (<strong>C<\/strong>)<\/td>\n<td>60<\/td>\n<td>63<\/td>\n<td>67<\/td>\n<td>68<\/td>\n<td>72<\/td>\n<td>76<\/td>\n<\/tr>\n<tr>\n<td class=\"namep\">D\u0142. od pachy (<strong>D<\/strong>)<\/td>\n<td>63<\/td>\n<td>63<\/td>\n<td>67<\/td>\n<td>74<\/td>\n<td>74<\/td>\n<td>77<\/td>\n<\/tr>\n<tr>\n<td class=\"namep\">D\u0142. od ramienia (<strong>E<\/strong>)<\/td>\n<td>86<\/td>\n<td>86<\/td>\n<td>91<\/td>\n<td>94<\/td>\n<td>96<\/td>\n<td>102<\/td>\n<\/tr>\n<\/tbody>\n<\/table>\n<p><img decoding=\"async\" alt=\"\" src=\"rozmiary\/295-.jpg\" style=\"margin-left: auto;margin-right: auto\"><\/div>\n<\/div>\n<\/div>","protected":false},"excerpt":{"rendered":"<p>BAKARI &#8211; zwiewna szyfonowa sukienka z falbankami, dekoltem, gumeczk\u0105 w pasie i podszewk\u0105. Turkusowy orientalny wz\u00f3r na czarnym tle. Marka [&hellip;]<\/p>\n","protected":false},"featured_media":3794,"comment_status":"open","ping_status":"closed","template":"","meta":{"site-sidebar-layout":"default","site-content-layout":"","ast-site-content-layout":"default","site-content-style":"default","site-sidebar-style":"default","ast-global-header-display":"","ast-banner-title-visibility":"","ast-main-header-display":"","ast-hfb-above-header-display":"","ast-hfb-below-header-display":"","ast-hfb-mobile-header-display":"","site-post-title":"","ast-breadcrumbs-content":"","ast-featured-img":"","footer-sml-layout":"","ast-disable-related-posts":"","theme-transparent-header-meta":"","adv-header-id-meta":"","stick-header-meta":"","header-above-stick-meta":"","header-main-stick-meta":"","header-below-stick-meta":"","astra-migrate-meta-layouts":"default","ast-page-background-enabled":"default","ast-page-background-meta":{"desktop":{"background-color":"var(--ast-global-color-5)","background-image":"","background-repeat":"repeat","background-position":"center center","background-size":"auto","background-attachment":"scroll","background-type":"","background-media":"","overlay-type":"","overlay-color":"","overlay-opacity":"","overlay-gradient":""},"tablet":{"background-color":"","background-image":"","background-repeat":"repeat","background-position":"center center","background-size":"auto","background-attachment":"scroll","background-type":"","background-media":"","overlay-type":"","overlay-color":"","overlay-opacity":"","overlay-gradient":""},"mobile":{"background-color":"","background-image":"","background-repeat":"repeat","background-position":"center center","background-size":"auto","background-attachment":"scroll","background-type":"","background-media":"","overlay-type":"","overlay-color":"","overlay-opacity":"","overlay-gradient":""}},"ast-content-background-meta":{"desktop":{"background-color":"var(--ast-global-color-4)","background-image":"","background-repeat":"repeat","background-position":"center center","background-size":"auto","background-attachment":"scroll","background-type":"","background-media":"","overlay-type":"","overlay-color":"","overlay-opacity":"","overlay-gradient":""},"tablet":{"background-color":"var(--ast-global-color-4)","background-image":"","background-repeat":"repeat","background-position":"center center","background-size":"auto","background-attachment":"scroll","background-type":"","background-media":"","overlay-type":"","overlay-color":"","overlay-opacity":"","overlay-gradient":""},"mobile":{"background-color":"var(--ast-global-color-4)","background-image":"","background-repeat":"repeat","background-position":"center center","background-size":"auto","background-attachment":"scroll","background-type":"","background-media":"","overlay-type":"","overlay-color":"","overlay-opacity":"","overlay-gradient":""}}},"product_brand":[],"product_cat":[151,241,160,59,154],"product_tag":[],"class_list":{"0":"post-3801","1":"product","2":"type-product","3":"status-publish","4":"has-post-thumbnail","6":"product_cat-limited-edition","7":"product_cat-moda-damska","8":"product_cat-numoco","9":"product_cat-sukienki","10":"product_cat-sukienki-letnie","11":"desktop-align-left","12":"tablet-align-left","13":"mobile-align-left","15":"first","16":"instock","17":"shipping-taxable","18":"purchasable","19":"product-type-variable","20":"has-default-attributes"},"_links":{"self":[{"href":"https:\/\/goldendreams.com.pl\/en\/wp-json\/wp\/v2\/product\/3801","targetHints":{"allow":["GET"]}}],"collection":[{"href":"https:\/\/goldendreams.com.pl\/en\/wp-json\/wp\/v2\/product"}],"about":[{"href":"https:\/\/goldendreams.com.pl\/en\/wp-json\/wp\/v2\/types\/product"}],"replies":[{"embeddable":true,"href":"https:\/\/goldendreams.com.pl\/en\/wp-json\/wp\/v2\/comments?post=3801"}],"wp:featuredmedia":[{"embeddable":true,"href":"https:\/\/goldendreams.com.pl\/en\/wp-json\/wp\/v2\/media\/3794"}],"wp:attachment":[{"href":"https:\/\/goldendreams.com.pl\/en\/wp-json\/wp\/v2\/media?parent=3801"}],"wp:term":[{"taxonomy":"product_brand","embeddable":true,"href":"https:\/\/goldendreams.com.pl\/en\/wp-json\/wp\/v2\/product_brand?post=3801"},{"taxonomy":"product_cat","embeddable":true,"href":"https:\/\/goldendreams.com.pl\/en\/wp-json\/wp\/v2\/product_cat?post=3801"},{"taxonomy":"product_tag","embeddable":true,"href":"https:\/\/goldendreams.com.pl\/en\/wp-json\/wp\/v2\/product_tag?post=3801"}],"curies":[{"name":"wp","href":"https:\/\/api.w.org\/{rel}","templated":true}]}}