{"id":3551,"date":"2025-07-22T09:39:08","date_gmt":"2025-07-22T09:39:08","guid":{"rendered":"https:\/\/goldendreams.com.pl\/sklep\/313-3-isabelle-plisowana-sukienka-z-dekoltem-i-dlugim-rekawkiem-chaber\/"},"modified":"2026-03-23T11:32:52","modified_gmt":"2026-03-23T11:32:52","slug":"313-3-isabelle-plisowana-sukienka-z-dekoltem-i-dlugim-rekawkiem-chaber","status":"publish","type":"product","link":"https:\/\/goldendreams.com.pl\/en\/sklep\/313-3-isabelle-plisowana-sukienka-z-dekoltem-i-dlugim-rekawkiem-chaber\/","title":{"rendered":"313-3 ISABELLE Plisowana sukienka z dekoltem i d\u0142ugim r\u0119kawkiem &#8211; CHABER"},"content":{"rendered":"<div class='desc-1'>Isabella &#8211; plisowana szyfonowa sukienka z dekoltem i d\u0142ugim r\u0119kawkiem. Kolor chabrowy. Marka numoco. Produkcja polska.<br \/><strong>LIMITED EDITION<\/strong><\/div>\n<div class='desc-2'>Isabelle &#8211; chabrowa sukienka<\/div>\n<div class='desc-3'><\/div>\n<div class='desc-4'><\/div>\n<div class='desc-5'>\n<div class=\"sizes\">\n<div class=\"sizes\">Wymiary mierzone s\u0105 na p\u0142asko &#8211; bez rozci\u0105gania materia\u0142u (+\/- 2 cm)<br \/>Modelka na zdj\u0119ciu ma 171cm wzrostu i ma ubrany rozm. S.<\/p>\n<table style=\"width: 485px;height: 117px\" cellspacing=\"0\" cellpadding=\"0\">\n<tbody>\n<tr>\n<td class=\"namep\" style=\"width: 191.3px\"><strong>Wymiary:<\/strong><\/td>\n<td style=\"width: 43.45px\"><strong>XS<br \/><\/strong><\/td>\n<td style=\"width: 45.35px\"><strong>S<\/strong><\/td>\n<td style=\"width: 52.2px\"><strong>M<\/strong><\/td>\n<td style=\"width: 47.4333px\"><strong>L<\/strong><\/td>\n<td style=\"width: 55.2833px\"><strong>XL<\/strong><\/td>\n<td style=\"width: 43.5833px\"><strong>XXL<\/strong><\/td>\n<\/tr>\n<tr>\n<td class=\"namep\" style=\"width: 191.3px\">Od paszki do paszki (<strong>A<\/strong>)<\/td>\n<td style=\"width: 43.45px\">38<\/td>\n<td style=\"width: 45.35px\">43<\/td>\n<td style=\"width: 52.2px\">45<\/td>\n<td style=\"width: 47.4333px\">47<\/td>\n<td style=\"width: 55.2833px\">51<\/td>\n<td style=\"width: 43.5833px\">53<\/td>\n<\/tr>\n<tr>\n<td class=\"namep\" style=\"width: 191.3px\">Talia (<strong>B<\/strong>)<\/td>\n<td style=\"width: 43.45px\">29<\/td>\n<td style=\"width: 45.35px\">30<\/td>\n<td style=\"width: 52.2px\">31<\/td>\n<td style=\"width: 47.4333px\">34<\/td>\n<td style=\"width: 55.2833px\">36<\/td>\n<td style=\"width: 43.5833px\">40<\/td>\n<\/tr>\n<tr>\n<td class=\"namep\" style=\"width: 191.3px\">Biodra (<strong>C<\/strong>)<\/td>\n<td style=\"width: 43.45px\">66<\/td>\n<td style=\"width: 45.35px\">70<\/td>\n<td style=\"width: 52.2px\">70<\/td>\n<td style=\"width: 47.4333px\">70<\/td>\n<td style=\"width: 55.2833px\">70<\/td>\n<td style=\"width: 43.5833px\">70<\/td>\n<\/tr>\n<tr>\n<td class=\"namep\" style=\"width: 191.3px\">D\u0142. od pachy (<strong>D<\/strong>)<\/td>\n<td style=\"width: 43.45px\">75<\/td>\n<td style=\"width: 45.35px\">75<\/td>\n<td style=\"width: 52.2px\">78<\/td>\n<td style=\"width: 47.4333px\">78<\/td>\n<td style=\"width: 55.2833px\">78<\/td>\n<td style=\"width: 43.5833px\">78<\/td>\n<\/tr>\n<tr>\n<td class=\"namep\" style=\"width: 191.3px\">D\u0142. od ramienia (<strong>E<\/strong>)<\/td>\n<td style=\"width: 43.45px\">98<\/td>\n<td style=\"width: 45.35px\">98<\/td>\n<td style=\"width: 52.2px\">98<\/td>\n<td style=\"width: 47.4333px\">101<\/td>\n<td style=\"width: 55.2833px\">101<\/td>\n<td style=\"width: 43.5833px\">101<\/td>\n<\/tr>\n<\/tbody>\n<\/table>\n<p><img decoding=\"async\" alt=\"\" src=\"rozmiary\/313-.jpg\" style=\"margin-left: auto;margin-right: auto\"><\/div>\n<\/div>\n<\/div>","protected":false},"excerpt":{"rendered":"<p>Isabella &#8211; plisowana szyfonowa sukienka z dekoltem i d\u0142ugim r\u0119kawkiem. Kolor chabrowy. Marka numoco. Produkcja polska.LIMITED EDITION Isabelle &#8211; chabrowa [&hellip;]<\/p>\n","protected":false},"featured_media":3544,"comment_status":"open","ping_status":"closed","template":"","meta":{"site-sidebar-layout":"default","site-content-layout":"","ast-site-content-layout":"default","site-content-style":"default","site-sidebar-style":"default","ast-global-header-display":"","ast-banner-title-visibility":"","ast-main-header-display":"","ast-hfb-above-header-display":"","ast-hfb-below-header-display":"","ast-hfb-mobile-header-display":"","site-post-title":"","ast-breadcrumbs-content":"","ast-featured-img":"","footer-sml-layout":"","ast-disable-related-posts":"","theme-transparent-header-meta":"","adv-header-id-meta":"","stick-header-meta":"","header-above-stick-meta":"","header-main-stick-meta":"","header-below-stick-meta":"","astra-migrate-meta-layouts":"default","ast-page-background-enabled":"default","ast-page-background-meta":{"desktop":{"background-color":"var(--ast-global-color-5)","background-image":"","background-repeat":"repeat","background-position":"center center","background-size":"auto","background-attachment":"scroll","background-type":"","background-media":"","overlay-type":"","overlay-color":"","overlay-opacity":"","overlay-gradient":""},"tablet":{"background-color":"","background-image":"","background-repeat":"repeat","background-position":"center center","background-size":"auto","background-attachment":"scroll","background-type":"","background-media":"","overlay-type":"","overlay-color":"","overlay-opacity":"","overlay-gradient":""},"mobile":{"background-color":"","background-image":"","background-repeat":"repeat","background-position":"center center","background-size":"auto","background-attachment":"scroll","background-type":"","background-media":"","overlay-type":"","overlay-color":"","overlay-opacity":"","overlay-gradient":""}},"ast-content-background-meta":{"desktop":{"background-color":"var(--ast-global-color-4)","background-image":"","background-repeat":"repeat","background-position":"center center","background-size":"auto","background-attachment":"scroll","background-type":"","background-media":"","overlay-type":"","overlay-color":"","overlay-opacity":"","overlay-gradient":""},"tablet":{"background-color":"var(--ast-global-color-4)","background-image":"","background-repeat":"repeat","background-position":"center center","background-size":"auto","background-attachment":"scroll","background-type":"","background-media":"","overlay-type":"","overlay-color":"","overlay-opacity":"","overlay-gradient":""},"mobile":{"background-color":"var(--ast-global-color-4)","background-image":"","background-repeat":"repeat","background-position":"center center","background-size":"auto","background-attachment":"scroll","background-type":"","background-media":"","overlay-type":"","overlay-color":"","overlay-opacity":"","overlay-gradient":""}}},"product_brand":[],"product_cat":[151,160,59,154,159,153,175,158,174,164,203],"product_tag":[],"class_list":{"0":"post-3551","1":"product","2":"type-product","3":"status-publish","4":"has-post-thumbnail","6":"product_cat-limited-edition","7":"product_cat-numoco","8":"product_cat-sukienki","9":"product_cat-sukienki-letnie","10":"product_cat-sukienki-midi","11":"product_cat-sukienki-na-chrzciny","12":"product_cat-sukienki-na-karnawal","13":"product_cat-sukienki-na-komunie","14":"product_cat-sukienki-na-sylwestra","15":"product_cat-sukienki-na-wesele","16":"product_cat-sukienki-plisowane","17":"desktop-align-left","18":"tablet-align-left","19":"mobile-align-left","21":"first","22":"instock","23":"shipping-taxable","24":"purchasable","25":"product-type-variable","26":"has-default-attributes"},"_links":{"self":[{"href":"https:\/\/goldendreams.com.pl\/en\/wp-json\/wp\/v2\/product\/3551","targetHints":{"allow":["GET"]}}],"collection":[{"href":"https:\/\/goldendreams.com.pl\/en\/wp-json\/wp\/v2\/product"}],"about":[{"href":"https:\/\/goldendreams.com.pl\/en\/wp-json\/wp\/v2\/types\/product"}],"replies":[{"embeddable":true,"href":"https:\/\/goldendreams.com.pl\/en\/wp-json\/wp\/v2\/comments?post=3551"}],"wp:featuredmedia":[{"embeddable":true,"href":"https:\/\/goldendreams.com.pl\/en\/wp-json\/wp\/v2\/media\/3544"}],"wp:attachment":[{"href":"https:\/\/goldendreams.com.pl\/en\/wp-json\/wp\/v2\/media?parent=3551"}],"wp:term":[{"taxonomy":"product_brand","embeddable":true,"href":"https:\/\/goldendreams.com.pl\/en\/wp-json\/wp\/v2\/product_brand?post=3551"},{"taxonomy":"product_cat","embeddable":true,"href":"https:\/\/goldendreams.com.pl\/en\/wp-json\/wp\/v2\/product_cat?post=3551"},{"taxonomy":"product_tag","embeddable":true,"href":"https:\/\/goldendreams.com.pl\/en\/wp-json\/wp\/v2\/product_tag?post=3551"}],"curies":[{"name":"wp","href":"https:\/\/api.w.org\/{rel}","templated":true}]}}