{"id":3265,"date":"2025-07-22T09:36:55","date_gmt":"2025-07-22T09:36:55","guid":{"rendered":"https:\/\/goldendreams.com.pl\/sklep\/301-1-tamara-elegancka-sukienka-midi-z-paskiem-pudrowy-roz\/"},"modified":"2026-04-17T07:23:18","modified_gmt":"2026-04-17T07:23:18","slug":"301-1-tamara-elegancka-sukienka-midi-z-paskiem-pudrowy-roz","status":"publish","type":"product","link":"https:\/\/goldendreams.com.pl\/en\/sklep\/301-1-tamara-elegancka-sukienka-midi-z-paskiem-pudrowy-roz\/","title":{"rendered":"301-1 TAMARA Elegancka sukienka midi z PASKIEM &#8211; PUDROWY R\u00d3\u017b"},"content":{"rendered":"<div class='desc-1'>Tamara Elegancka sukienka midi z paskiem i kr\u00f3tkim r\u0119kawkiem &#8211; pudrowy r\u00f3\u017c. Uszyta z grubszego &#8211; przyjemnego w dotyku, lekko elastycznego materia\u0142u bez podszewki. Zapinana z ty\u0142u na kryty zamek. Marka Numoco. Produkt Polski.<\/div>\n<div class='desc-2'>Elegancka sukienka &#8211; pudrowy r\u00f3\u017c<\/div>\n<div class='desc-3'><\/div>\n<div class='desc-4'><\/div>\n<div class='desc-5'>\n<div class=\"sizes\">\n<div class=\"sizes\">Wymiary mierzone s\u0105 na p\u0142asko &#8211; bez rozci\u0105gania materia\u0142u (+\/- 2 cm)<br \/>Modelka na zdj\u0119ciu ma 170cm wzrostu i ma ubrany rozm. S.<\/p>\n<table cellspacing=\"0\" cellpadding=\"0\">\n<tbody>\n<tr>\n<td class=\"namep\"><strong>Wymiary:<\/strong><\/td>\n<td><strong>S<\/strong><\/td>\n<td><strong>M<\/strong><\/td>\n<td><strong>L<\/strong><\/td>\n<td><strong>XL<\/strong><\/td>\n<td><strong>XXL<\/strong><\/td>\n<\/tr>\n<tr>\n<td class=\"namep\">Od paszki do paszki (<strong>A<\/strong>)<\/td>\n<td>39<\/td>\n<td>42<\/td>\n<td>47<\/td>\n<td>50<\/td>\n<td>53<\/td>\n<\/tr>\n<tr>\n<td class=\"namep\">Talia (<strong>B<\/strong>)<\/td>\n<td>32<\/td>\n<td>34<\/td>\n<td>37<\/td>\n<td>39<\/td>\n<td>47<\/td>\n<\/tr>\n<tr>\n<td class=\"namep\">Biodra (<strong>C<\/strong>)<\/td>\n<td>43<\/td>\n<td>45<\/td>\n<td>48<\/td>\n<td>52<\/td>\n<td>56<\/td>\n<\/tr>\n<tr>\n<td class=\"namep\">D\u0142. od pachy (<strong>D<\/strong>)<\/td>\n<td>79<\/td>\n<td>81<\/td>\n<td>83<\/td>\n<td>83<\/td>\n<td>83<\/td>\n<\/tr>\n<tr>\n<td class=\"namep\">D\u0142. od ramienia (<strong>E<\/strong>)<\/td>\n<td>97<\/td>\n<td>99<\/td>\n<td>102<\/td>\n<td>104<\/td>\n<td>108<\/td>\n<\/tr>\n<\/tbody>\n<\/table>\n<p><img decoding=\"async\" style=\"margin-left: auto;margin-right: auto\" src=\"rozmiary\/301-.jpg\" alt=\"\"><\/div>\n<\/div>\n<\/div>","protected":false},"excerpt":{"rendered":"<p>Tamara Elegancka sukienka midi z paskiem i kr\u00f3tkim r\u0119kawkiem &#8211; pudrowy r\u00f3\u017c. Uszyta z grubszego &#8211; przyjemnego w dotyku, lekko [&hellip;]<\/p>\n","protected":false},"featured_media":3258,"comment_status":"open","ping_status":"closed","template":"","meta":{"site-sidebar-layout":"default","site-content-layout":"","ast-site-content-layout":"default","site-content-style":"default","site-sidebar-style":"default","ast-global-header-display":"","ast-banner-title-visibility":"","ast-main-header-display":"","ast-hfb-above-header-display":"","ast-hfb-below-header-display":"","ast-hfb-mobile-header-display":"","site-post-title":"","ast-breadcrumbs-content":"","ast-featured-img":"","footer-sml-layout":"","ast-disable-related-posts":"","theme-transparent-header-meta":"","adv-header-id-meta":"","stick-header-meta":"","header-above-stick-meta":"","header-main-stick-meta":"","header-below-stick-meta":"","astra-migrate-meta-layouts":"default","ast-page-background-enabled":"default","ast-page-background-meta":{"desktop":{"background-color":"var(--ast-global-color-5)","background-image":"","background-repeat":"repeat","background-position":"center center","background-size":"auto","background-attachment":"scroll","background-type":"","background-media":"","overlay-type":"","overlay-color":"","overlay-opacity":"","overlay-gradient":""},"tablet":{"background-color":"","background-image":"","background-repeat":"repeat","background-position":"center center","background-size":"auto","background-attachment":"scroll","background-type":"","background-media":"","overlay-type":"","overlay-color":"","overlay-opacity":"","overlay-gradient":""},"mobile":{"background-color":"","background-image":"","background-repeat":"repeat","background-position":"center center","background-size":"auto","background-attachment":"scroll","background-type":"","background-media":"","overlay-type":"","overlay-color":"","overlay-opacity":"","overlay-gradient":""}},"ast-content-background-meta":{"desktop":{"background-color":"var(--ast-global-color-4)","background-image":"","background-repeat":"repeat","background-position":"center center","background-size":"auto","background-attachment":"scroll","background-type":"","background-media":"","overlay-type":"","overlay-color":"","overlay-opacity":"","overlay-gradient":""},"tablet":{"background-color":"var(--ast-global-color-4)","background-image":"","background-repeat":"repeat","background-position":"center center","background-size":"auto","background-attachment":"scroll","background-type":"","background-media":"","overlay-type":"","overlay-color":"","overlay-opacity":"","overlay-gradient":""},"mobile":{"background-color":"var(--ast-global-color-4)","background-image":"","background-repeat":"repeat","background-position":"center center","background-size":"auto","background-attachment":"scroll","background-type":"","background-media":"","overlay-type":"","overlay-color":"","overlay-opacity":"","overlay-gradient":""}}},"product_brand":[],"product_cat":[184,160,59,155,154,159,153,158,164],"product_tag":[],"class_list":{"0":"post-3265","1":"product","2":"type-product","3":"status-publish","4":"has-post-thumbnail","6":"product_cat-04-07-2025","7":"product_cat-numoco","8":"product_cat-sukienki","9":"product_cat-sukienki-do-pracy","10":"product_cat-sukienki-letnie","11":"product_cat-sukienki-midi","12":"product_cat-sukienki-na-chrzciny","13":"product_cat-sukienki-na-komunie","14":"product_cat-sukienki-na-wesele","15":"desktop-align-left","16":"tablet-align-left","17":"mobile-align-left","19":"first","20":"instock","21":"shipping-taxable","22":"purchasable","23":"product-type-variable","24":"has-default-attributes"},"_links":{"self":[{"href":"https:\/\/goldendreams.com.pl\/en\/wp-json\/wp\/v2\/product\/3265","targetHints":{"allow":["GET"]}}],"collection":[{"href":"https:\/\/goldendreams.com.pl\/en\/wp-json\/wp\/v2\/product"}],"about":[{"href":"https:\/\/goldendreams.com.pl\/en\/wp-json\/wp\/v2\/types\/product"}],"replies":[{"embeddable":true,"href":"https:\/\/goldendreams.com.pl\/en\/wp-json\/wp\/v2\/comments?post=3265"}],"wp:featuredmedia":[{"embeddable":true,"href":"https:\/\/goldendreams.com.pl\/en\/wp-json\/wp\/v2\/media\/3258"}],"wp:attachment":[{"href":"https:\/\/goldendreams.com.pl\/en\/wp-json\/wp\/v2\/media?parent=3265"}],"wp:term":[{"taxonomy":"product_brand","embeddable":true,"href":"https:\/\/goldendreams.com.pl\/en\/wp-json\/wp\/v2\/product_brand?post=3265"},{"taxonomy":"product_cat","embeddable":true,"href":"https:\/\/goldendreams.com.pl\/en\/wp-json\/wp\/v2\/product_cat?post=3265"},{"taxonomy":"product_tag","embeddable":true,"href":"https:\/\/goldendreams.com.pl\/en\/wp-json\/wp\/v2\/product_tag?post=3265"}],"curies":[{"name":"wp","href":"https:\/\/api.w.org\/{rel}","templated":true}]}}