{"id":2940,"date":"2025-07-22T09:15:35","date_gmt":"2025-07-22T09:15:35","guid":{"rendered":"https:\/\/goldendreams.com.pl\/sklep\/286-1-sandy-koszulowa-rozkloszowana-sukienka-zielen-butelkowa\/"},"modified":"2026-04-17T12:41:35","modified_gmt":"2026-04-17T12:41:35","slug":"286-1-sandy-koszulowa-rozkloszowana-sukienka-zielen-butelkowa","status":"publish","type":"product","link":"https:\/\/goldendreams.com.pl\/en\/sklep\/286-1-sandy-koszulowa-rozkloszowana-sukienka-zielen-butelkowa\/","title":{"rendered":"286-1 SANDY Koszulowa rozkloszowana sukienka &#8211; ZIELE\u0143 BUTELKOWA"},"content":{"rendered":"<div class='desc-1'>SANDY Koszulowa rozkloszowana sukienka w kolorze zieleni butelkowej. Wykonana z przyjemnego w dotyku, ma\u0142o elastycznego materia\u0142u (95% poliester, 5% elastan). Marka <strong>numoco<\/strong>.<\/div>\n<div class='desc-2'>Sukienka Sandy &#8211; ziele\u0144 butelkowa<\/div>\n<div class='desc-3'><\/div>\n<div class='desc-4'><\/div>\n<div class='desc-5'>\n<div class=\"sizes\">\n<div class=\"sizes\">Wymiary mierzone s\u0105 na p\u0142asko &#8211; bez rozci\u0105gania materia\u0142u (+\/- 2 cm)<br \/>Modelka na zdj\u0119ciu ma 170cm wzrostu i ma ubrany rozm. S.<\/p>\n<table style=\"width: 500px;height: 147px\" cellspacing=\"0\" cellpadding=\"0\">\n<tbody>\n<tr>\n<td class=\"namep\" style=\"width: 368.033px\"><strong>Wymiary:<\/strong><\/td>\n<td style=\"width: 24.0667px\"><strong>S<\/strong><\/td>\n<td style=\"width: 26.0833px\"><strong>M<\/strong><\/td>\n<td style=\"width: 24.0667px\"><strong>L<\/strong><\/td>\n<td style=\"width: 26.0833px\"><strong>XL<\/strong><\/td>\n<td style=\"width: 26.0667px\"><strong>XXL<br \/><\/strong><\/td>\n<\/tr>\n<tr>\n<td class=\"namep\" style=\"width: 368.033px\">Od paszki do paszki (<strong>A<\/strong>)<\/td>\n<td style=\"width: 24.0667px\">49<\/td>\n<td style=\"width: 26.0833px\">52<\/td>\n<td style=\"width: 24.0667px\">53<\/td>\n<td style=\"width: 26.0833px\">56<\/td>\n<td style=\"width: 26.0667px\">57<\/td>\n<\/tr>\n<tr>\n<td class=\"namep\" style=\"width: 368.033px\">Talia (<strong>B<\/strong>)<\/td>\n<td style=\"width: 24.0667px\">41<\/td>\n<td style=\"width: 26.0833px\">42<\/td>\n<td style=\"width: 24.0667px\">44<\/td>\n<td style=\"width: 26.0833px\">47<\/td>\n<td style=\"width: 26.0667px\">49<\/td>\n<\/tr>\n<tr>\n<td class=\"namep\" style=\"width: 368.033px\">D\u0142. od pachy (<strong>D<\/strong>)<\/td>\n<td style=\"width: 24.0667px\">80<\/td>\n<td style=\"width: 26.0833px\">81<\/td>\n<td style=\"width: 24.0667px\">81<\/td>\n<td style=\"width: 26.0833px\">83<\/td>\n<td style=\"width: 26.0667px\">83<\/td>\n<\/tr>\n<tr>\n<td class=\"namep\" style=\"width: 368.033px\">D\u0142. od ramienia (<strong>E<\/strong>)<\/td>\n<td style=\"width: 24.0667px\">102<\/td>\n<td style=\"width: 26.0833px\">103<\/td>\n<td style=\"width: 24.0667px\">105<\/td>\n<td style=\"width: 26.0833px\">106<\/td>\n<td style=\"width: 26.0667px\">107<\/td>\n<\/tr>\n<\/tbody>\n<\/table>\n<p><img decoding=\"async\" alt=\"\" src=\"rozmiary\/286-.jpg\" style=\"margin-left: auto;margin-right: auto\"><\/div>\n<\/div>\n<\/div>","protected":false},"excerpt":{"rendered":"<p>SANDY Koszulowa rozkloszowana sukienka w kolorze zieleni butelkowej. Wykonana z przyjemnego w dotyku, ma\u0142o elastycznego materia\u0142u (95% poliester, 5% elastan). [&hellip;]<\/p>\n","protected":false},"featured_media":2933,"comment_status":"open","ping_status":"closed","template":"","meta":{"site-sidebar-layout":"default","site-content-layout":"","ast-site-content-layout":"default","site-content-style":"default","site-sidebar-style":"default","ast-global-header-display":"","ast-banner-title-visibility":"","ast-main-header-display":"","ast-hfb-above-header-display":"","ast-hfb-below-header-display":"","ast-hfb-mobile-header-display":"","site-post-title":"","ast-breadcrumbs-content":"","ast-featured-img":"","footer-sml-layout":"","ast-disable-related-posts":"","theme-transparent-header-meta":"","adv-header-id-meta":"","stick-header-meta":"","header-above-stick-meta":"","header-main-stick-meta":"","header-below-stick-meta":"","astra-migrate-meta-layouts":"default","ast-page-background-enabled":"default","ast-page-background-meta":{"desktop":{"background-color":"var(--ast-global-color-5)","background-image":"","background-repeat":"repeat","background-position":"center center","background-size":"auto","background-attachment":"scroll","background-type":"","background-media":"","overlay-type":"","overlay-color":"","overlay-opacity":"","overlay-gradient":""},"tablet":{"background-color":"","background-image":"","background-repeat":"repeat","background-position":"center center","background-size":"auto","background-attachment":"scroll","background-type":"","background-media":"","overlay-type":"","overlay-color":"","overlay-opacity":"","overlay-gradient":""},"mobile":{"background-color":"","background-image":"","background-repeat":"repeat","background-position":"center center","background-size":"auto","background-attachment":"scroll","background-type":"","background-media":"","overlay-type":"","overlay-color":"","overlay-opacity":"","overlay-gradient":""}},"ast-content-background-meta":{"desktop":{"background-color":"var(--ast-global-color-4)","background-image":"","background-repeat":"repeat","background-position":"center center","background-size":"auto","background-attachment":"scroll","background-type":"","background-media":"","overlay-type":"","overlay-color":"","overlay-opacity":"","overlay-gradient":""},"tablet":{"background-color":"var(--ast-global-color-4)","background-image":"","background-repeat":"repeat","background-position":"center center","background-size":"auto","background-attachment":"scroll","background-type":"","background-media":"","overlay-type":"","overlay-color":"","overlay-opacity":"","overlay-gradient":""},"mobile":{"background-color":"var(--ast-global-color-4)","background-image":"","background-repeat":"repeat","background-position":"center center","background-size":"auto","background-attachment":"scroll","background-type":"","background-media":"","overlay-type":"","overlay-color":"","overlay-opacity":"","overlay-gradient":""}}},"product_brand":[],"product_cat":[160,59,155,159,153,158,164,173],"product_tag":[],"class_list":{"0":"post-2940","1":"product","2":"type-product","3":"status-publish","4":"has-post-thumbnail","6":"product_cat-numoco","7":"product_cat-sukienki","8":"product_cat-sukienki-do-pracy","9":"product_cat-sukienki-midi","10":"product_cat-sukienki-na-chrzciny","11":"product_cat-sukienki-na-komunie","12":"product_cat-sukienki-na-wesele","13":"product_cat-zielone-sukienki","14":"desktop-align-left","15":"tablet-align-left","16":"mobile-align-left","18":"first","19":"instock","20":"shipping-taxable","21":"purchasable","22":"product-type-variable","23":"has-default-attributes"},"_links":{"self":[{"href":"https:\/\/goldendreams.com.pl\/en\/wp-json\/wp\/v2\/product\/2940","targetHints":{"allow":["GET"]}}],"collection":[{"href":"https:\/\/goldendreams.com.pl\/en\/wp-json\/wp\/v2\/product"}],"about":[{"href":"https:\/\/goldendreams.com.pl\/en\/wp-json\/wp\/v2\/types\/product"}],"replies":[{"embeddable":true,"href":"https:\/\/goldendreams.com.pl\/en\/wp-json\/wp\/v2\/comments?post=2940"}],"wp:featuredmedia":[{"embeddable":true,"href":"https:\/\/goldendreams.com.pl\/en\/wp-json\/wp\/v2\/media\/2933"}],"wp:attachment":[{"href":"https:\/\/goldendreams.com.pl\/en\/wp-json\/wp\/v2\/media?parent=2940"}],"wp:term":[{"taxonomy":"product_brand","embeddable":true,"href":"https:\/\/goldendreams.com.pl\/en\/wp-json\/wp\/v2\/product_brand?post=2940"},{"taxonomy":"product_cat","embeddable":true,"href":"https:\/\/goldendreams.com.pl\/en\/wp-json\/wp\/v2\/product_cat?post=2940"},{"taxonomy":"product_tag","embeddable":true,"href":"https:\/\/goldendreams.com.pl\/en\/wp-json\/wp\/v2\/product_tag?post=2940"}],"curies":[{"name":"wp","href":"https:\/\/api.w.org\/{rel}","templated":true}]}}