{"id":2800,"date":"2025-07-22T09:14:16","date_gmt":"2025-07-22T09:14:16","guid":{"rendered":"https:\/\/goldendreams.com.pl\/sklep\/210-11-nicolle-sukienka-z-dluzszym-tylem-z-koronkowym-dekoltem-pudrowy-roz\/"},"modified":"2026-04-16T11:59:11","modified_gmt":"2026-04-16T11:59:11","slug":"210-11-nicolle-sukienka-z-dluzszym-tylem-z-koronkowym-dekoltem-pudrowy-roz","status":"publish","type":"product","link":"https:\/\/goldendreams.com.pl\/en\/sklep\/210-11-nicolle-sukienka-z-dluzszym-tylem-z-koronkowym-dekoltem-pudrowy-roz\/","title":{"rendered":"210-11 NICOLLE &#8211; sukienka z d\u0142u\u017cszym ty\u0142em z koronkowym dekoltem &#8211; PUDROWY R\u00d3\u017b"},"content":{"rendered":"<div class='desc-1'>Nicolle &#8211; asymetryczna ekskluzywna sukienka z d\u0142u\u017cszym ty\u0142em, r\u0119kawkiem 3\/4, dekoltem i koronk\u0105. Sp\u00f3dnica z d\u0142u\u017cszym ty\u0142em sprawdzi si\u0119 idealnie w ta\u0144cu. Kolor &#8211; pudrowy r\u00f3\u017c. Produkcja polska. Marka numoco.<br \/><strong>LIMITED EDITION<\/strong><\/div>\n<div class='desc-2'>Sukienka Nicolle &#8211; pudrowy r\u00f3\u017c<\/div>\n<div class='desc-3'><\/div>\n<div class='desc-4'><\/div>\n<div class='desc-5'>\n<div class=\"sizes\">\n<div class=\"sizes\">Wymiary mierzone s\u0105 na p\u0142asko &#8211; bez rozci\u0105gania materia\u0142u (+\/- 2 cm)<br \/>Modelka na zdj\u0119ciu ma 170cm wzrostu i ma ubrany rozm. S.<\/p>\n<table cellspacing=\"0\" cellpadding=\"0\">\n<tbody>\n<tr>\n<td class=\"namep\"><strong>Wymiary:<\/strong><\/td>\n<td><strong>S<\/strong><\/td>\n<td><strong>M<\/strong><\/td>\n<td><strong>L<\/strong><\/td>\n<td><strong>XL<\/strong><\/td>\n<td><strong>XXL<\/strong><\/td>\n<td><strong>3XL<\/strong><\/td>\n<td><strong>4XL<\/strong><\/td>\n<\/tr>\n<tr>\n<td class=\"namep\">Od paszki do paszki (<strong>A<\/strong>)<\/td>\n<td>40<\/td>\n<td>42<\/td>\n<td>45<\/td>\n<td>47<\/td>\n<td>50<\/td>\n<td>52<\/td>\n<td>56<\/td>\n<\/tr>\n<tr>\n<td class=\"namep\">Pas (<strong>B<\/strong>)<\/td>\n<td>35<\/td>\n<td>36<\/td>\n<td>38<\/td>\n<td>41<\/td>\n<td>44<\/td>\n<td>47<\/td>\n<td>53<\/td>\n<\/tr>\n<tr>\n<td class=\"namep\">D\u0142. od pachy [prz\u00f3d (<strong>D<\/strong>&#8217;) \/ ty\u0142 (<strong>D&#8221;<\/strong>)]<\/td>\n<td>74\/88<\/td>\n<td>75\/88<\/td>\n<td>77\/88<\/td>\n<td>77\/88<\/td>\n<td>77\/88<\/td>\n<td>78\/88<\/td>\n<td>78\/88<\/td>\n<\/tr>\n<tr>\n<td class=\"namep\">D\u0142. od ramienia [prz\u00f3d (<strong>E&#8217;<\/strong>) \/ ty\u0142 (<strong>E&#8221;<\/strong>)]<\/td>\n<td>86\/103<\/td>\n<td>90\/106<\/td>\n<td>91\/106<\/td>\n<td>91\/107<\/td>\n<td>91\/107<\/td>\n<td>92\/110<\/td>\n<td>95\/113<\/td>\n<\/tr>\n<\/tbody>\n<\/table>\n<p><img decoding=\"async\" alt=\"\" src=\"rozmiary\/210-.jpg\"><\/div>\n<\/div>\n<\/div>\n","protected":false},"excerpt":{"rendered":"<p>Nicolle &#8211; asymetryczna ekskluzywna sukienka z d\u0142u\u017cszym ty\u0142em, r\u0119kawkiem 3\/4, dekoltem i koronk\u0105. Sp\u00f3dnica z d\u0142u\u017cszym ty\u0142em sprawdzi si\u0119 idealnie [&hellip;]<\/p>\n","protected":false},"featured_media":2793,"comment_status":"open","ping_status":"closed","template":"","meta":{"site-sidebar-layout":"default","site-content-layout":"","ast-site-content-layout":"default","site-content-style":"default","site-sidebar-style":"default","ast-global-header-display":"","ast-banner-title-visibility":"","ast-main-header-display":"","ast-hfb-above-header-display":"","ast-hfb-below-header-display":"","ast-hfb-mobile-header-display":"","site-post-title":"","ast-breadcrumbs-content":"","ast-featured-img":"","footer-sml-layout":"","ast-disable-related-posts":"","theme-transparent-header-meta":"","adv-header-id-meta":"","stick-header-meta":"","header-above-stick-meta":"","header-main-stick-meta":"","header-below-stick-meta":"","astra-migrate-meta-layouts":"default","ast-page-background-enabled":"default","ast-page-background-meta":{"desktop":{"background-color":"var(--ast-global-color-5)","background-image":"","background-repeat":"repeat","background-position":"center center","background-size":"auto","background-attachment":"scroll","background-type":"","background-media":"","overlay-type":"","overlay-color":"","overlay-opacity":"","overlay-gradient":""},"tablet":{"background-color":"","background-image":"","background-repeat":"repeat","background-position":"center center","background-size":"auto","background-attachment":"scroll","background-type":"","background-media":"","overlay-type":"","overlay-color":"","overlay-opacity":"","overlay-gradient":""},"mobile":{"background-color":"","background-image":"","background-repeat":"repeat","background-position":"center center","background-size":"auto","background-attachment":"scroll","background-type":"","background-media":"","overlay-type":"","overlay-color":"","overlay-opacity":"","overlay-gradient":""}},"ast-content-background-meta":{"desktop":{"background-color":"var(--ast-global-color-4)","background-image":"","background-repeat":"repeat","background-position":"center center","background-size":"auto","background-attachment":"scroll","background-type":"","background-media":"","overlay-type":"","overlay-color":"","overlay-opacity":"","overlay-gradient":""},"tablet":{"background-color":"var(--ast-global-color-4)","background-image":"","background-repeat":"repeat","background-position":"center center","background-size":"auto","background-attachment":"scroll","background-type":"","background-media":"","overlay-type":"","overlay-color":"","overlay-opacity":"","overlay-gradient":""},"mobile":{"background-color":"var(--ast-global-color-4)","background-image":"","background-repeat":"repeat","background-position":"center center","background-size":"auto","background-attachment":"scroll","background-type":"","background-media":"","overlay-type":"","overlay-color":"","overlay-opacity":"","overlay-gradient":""}}},"product_brand":[],"product_cat":[179,151,160,59,163,154,159,153,158,172,164,171],"product_tag":[],"class_list":{"0":"post-2800","1":"product","2":"type-product","3":"status-publish","4":"has-post-thumbnail","6":"product_cat-27-06-2025","7":"product_cat-limited-edition","8":"product_cat-numoco","9":"product_cat-sukienki","10":"product_cat-sukienki-koronkowe","11":"product_cat-sukienki-letnie","12":"product_cat-sukienki-midi","13":"product_cat-sukienki-na-chrzciny","14":"product_cat-sukienki-na-komunie","15":"product_cat-sukienki-na-studniowke","16":"product_cat-sukienki-na-wesele","17":"product_cat-sukienki-wieczorowe","18":"desktop-align-left","19":"tablet-align-left","20":"mobile-align-left","22":"first","23":"instock","24":"shipping-taxable","25":"purchasable","26":"product-type-variable","27":"has-default-attributes"},"_links":{"self":[{"href":"https:\/\/goldendreams.com.pl\/en\/wp-json\/wp\/v2\/product\/2800","targetHints":{"allow":["GET"]}}],"collection":[{"href":"https:\/\/goldendreams.com.pl\/en\/wp-json\/wp\/v2\/product"}],"about":[{"href":"https:\/\/goldendreams.com.pl\/en\/wp-json\/wp\/v2\/types\/product"}],"replies":[{"embeddable":true,"href":"https:\/\/goldendreams.com.pl\/en\/wp-json\/wp\/v2\/comments?post=2800"}],"wp:featuredmedia":[{"embeddable":true,"href":"https:\/\/goldendreams.com.pl\/en\/wp-json\/wp\/v2\/media\/2793"}],"wp:attachment":[{"href":"https:\/\/goldendreams.com.pl\/en\/wp-json\/wp\/v2\/media?parent=2800"}],"wp:term":[{"taxonomy":"product_brand","embeddable":true,"href":"https:\/\/goldendreams.com.pl\/en\/wp-json\/wp\/v2\/product_brand?post=2800"},{"taxonomy":"product_cat","embeddable":true,"href":"https:\/\/goldendreams.com.pl\/en\/wp-json\/wp\/v2\/product_cat?post=2800"},{"taxonomy":"product_tag","embeddable":true,"href":"https:\/\/goldendreams.com.pl\/en\/wp-json\/wp\/v2\/product_tag?post=2800"}],"curies":[{"name":"wp","href":"https:\/\/api.w.org\/{rel}","templated":true}]}}