{"id":1850,"date":"2025-07-22T08:55:02","date_gmt":"2025-07-22T08:55:02","guid":{"rendered":"https:\/\/goldendreams.com.pl\/sklep\/215-2-lea-dluga-suknia-bez-rekawkow-z-haftowanym-dekoltem-granat\/"},"modified":"2026-04-10T11:53:34","modified_gmt":"2026-04-10T11:53:34","slug":"215-2-lea-dluga-suknia-bez-rekawkow-z-haftowanym-dekoltem-granat","status":"publish","type":"product","link":"https:\/\/goldendreams.com.pl\/en\/sklep\/215-2-lea-dluga-suknia-bez-rekawkow-z-haftowanym-dekoltem-granat\/","title":{"rendered":"215-2 LEA d\u0142uga suknia bez r\u0119kawk\u00f3w z haftowanym dekoltem &#8211; GRANAT"},"content":{"rendered":"<div class='desc-1'>Granatowa d\u0142uga suknia maxi z haftowanym dekoltem. Sukienka pi\u0119knie eksponuje dekolt i plecy. Produkt polski. Marka <strong>numoco<\/strong>.<\/div>\n<div class='desc-2'>Sukienka maxi haftowana &#8211; granatowa<\/div>\n<div class='desc-3'><\/div>\n<div class='desc-4'><\/div>\n<div class='desc-5'>\n<div class=\"sizes\">\n<div class=\"sizes\">Wymiary mierzone s\u0105 na p\u0142asko &#8211; bez rozci\u0105gania materia\u0142u (+\/- 2 cm)<br \/>Modelka na zdj\u0119ciu ma 170cm wzrostu i ma ubrany rozm. S.<\/p>\n<table cellspacing=\"0\" cellpadding=\"0\">\n<tbody>\n<tr>\n<td class=\"namep\"><strong>Wymiary:<\/strong><\/td>\n<td><strong>S<\/strong><\/td>\n<td><strong>M<\/strong><\/td>\n<td><strong>L<\/strong><\/td>\n<td><strong>XL<\/strong><\/td>\n<\/tr>\n<tr>\n<td class=\"namep\">Od paszki do paszki (<strong>A<\/strong>)<\/td>\n<td>38<\/td>\n<td>40<\/td>\n<td>45<\/td>\n<td>47<\/td>\n<\/tr>\n<tr>\n<td class=\"namep\">Pas (<strong>B<\/strong>)<\/td>\n<td>31<\/td>\n<td>34<\/td>\n<td>37<\/td>\n<td>40<\/td>\n<\/tr>\n<tr>\n<td class=\"namep\">D\u0142. od pachy (<strong>D<\/strong>)<\/td>\n<td>127<\/td>\n<td>127<\/td>\n<td>127<\/td>\n<td>130<\/td>\n<\/tr>\n<tr>\n<td class=\"namep\">D\u0142. od ramienia (<strong>E<\/strong>)<\/td>\n<td>145<\/td>\n<td>145<\/td>\n<td>147<\/td>\n<td>152<\/td>\n<\/tr>\n<\/tbody>\n<\/table>\n<p><img decoding=\"async\" src=\"rozmiary\/215-.jpg\" alt=\"\"><\/div>\n<\/div>\n<\/div>","protected":false},"excerpt":{"rendered":"<p>Granatowa d\u0142uga suknia maxi z haftowanym dekoltem. Sukienka pi\u0119knie eksponuje dekolt i plecy. Produkt polski. Marka numoco. Sukienka maxi haftowana [&hellip;]<\/p>\n","protected":false},"featured_media":1843,"comment_status":"open","ping_status":"closed","template":"","meta":{"site-sidebar-layout":"default","site-content-layout":"","ast-site-content-layout":"default","site-content-style":"default","site-sidebar-style":"default","ast-global-header-display":"","ast-banner-title-visibility":"","ast-main-header-display":"","ast-hfb-above-header-display":"","ast-hfb-below-header-display":"","ast-hfb-mobile-header-display":"","site-post-title":"","ast-breadcrumbs-content":"","ast-featured-img":"","footer-sml-layout":"","ast-disable-related-posts":"","theme-transparent-header-meta":"","adv-header-id-meta":"","stick-header-meta":"","header-above-stick-meta":"","header-main-stick-meta":"","header-below-stick-meta":"","astra-migrate-meta-layouts":"default","ast-page-background-enabled":"default","ast-page-background-meta":{"desktop":{"background-color":"var(--ast-global-color-5)","background-image":"","background-repeat":"repeat","background-position":"center center","background-size":"auto","background-attachment":"scroll","background-type":"","background-media":"","overlay-type":"","overlay-color":"","overlay-opacity":"","overlay-gradient":""},"tablet":{"background-color":"","background-image":"","background-repeat":"repeat","background-position":"center center","background-size":"auto","background-attachment":"scroll","background-type":"","background-media":"","overlay-type":"","overlay-color":"","overlay-opacity":"","overlay-gradient":""},"mobile":{"background-color":"","background-image":"","background-repeat":"repeat","background-position":"center center","background-size":"auto","background-attachment":"scroll","background-type":"","background-media":"","overlay-type":"","overlay-color":"","overlay-opacity":"","overlay-gradient":""}},"ast-content-background-meta":{"desktop":{"background-color":"var(--ast-global-color-4)","background-image":"","background-repeat":"repeat","background-position":"center center","background-size":"auto","background-attachment":"scroll","background-type":"","background-media":"","overlay-type":"","overlay-color":"","overlay-opacity":"","overlay-gradient":""},"tablet":{"background-color":"var(--ast-global-color-4)","background-image":"","background-repeat":"repeat","background-position":"center center","background-size":"auto","background-attachment":"scroll","background-type":"","background-media":"","overlay-type":"","overlay-color":"","overlay-opacity":"","overlay-gradient":""},"mobile":{"background-color":"var(--ast-global-color-4)","background-image":"","background-repeat":"repeat","background-position":"center center","background-size":"auto","background-attachment":"scroll","background-type":"","background-media":"","overlay-type":"","overlay-color":"","overlay-opacity":"","overlay-gradient":""}}},"product_brand":[],"product_cat":[160,59,183,175,172,174,164,171],"product_tag":[],"class_list":{"0":"post-1850","1":"product","2":"type-product","3":"status-publish","4":"has-post-thumbnail","6":"product_cat-numoco","7":"product_cat-sukienki","8":"product_cat-sukienki-maxi","9":"product_cat-sukienki-na-karnawal","10":"product_cat-sukienki-na-studniowke","11":"product_cat-sukienki-na-sylwestra","12":"product_cat-sukienki-na-wesele","13":"product_cat-sukienki-wieczorowe","14":"desktop-align-left","15":"tablet-align-left","16":"mobile-align-left","18":"first","19":"instock","20":"shipping-taxable","21":"purchasable","22":"product-type-variable","23":"has-default-attributes"},"_links":{"self":[{"href":"https:\/\/goldendreams.com.pl\/en\/wp-json\/wp\/v2\/product\/1850","targetHints":{"allow":["GET"]}}],"collection":[{"href":"https:\/\/goldendreams.com.pl\/en\/wp-json\/wp\/v2\/product"}],"about":[{"href":"https:\/\/goldendreams.com.pl\/en\/wp-json\/wp\/v2\/types\/product"}],"replies":[{"embeddable":true,"href":"https:\/\/goldendreams.com.pl\/en\/wp-json\/wp\/v2\/comments?post=1850"}],"wp:featuredmedia":[{"embeddable":true,"href":"https:\/\/goldendreams.com.pl\/en\/wp-json\/wp\/v2\/media\/1843"}],"wp:attachment":[{"href":"https:\/\/goldendreams.com.pl\/en\/wp-json\/wp\/v2\/media?parent=1850"}],"wp:term":[{"taxonomy":"product_brand","embeddable":true,"href":"https:\/\/goldendreams.com.pl\/en\/wp-json\/wp\/v2\/product_brand?post=1850"},{"taxonomy":"product_cat","embeddable":true,"href":"https:\/\/goldendreams.com.pl\/en\/wp-json\/wp\/v2\/product_cat?post=1850"},{"taxonomy":"product_tag","embeddable":true,"href":"https:\/\/goldendreams.com.pl\/en\/wp-json\/wp\/v2\/product_tag?post=1850"}],"curies":[{"name":"wp","href":"https:\/\/api.w.org\/{rel}","templated":true}]}}