{"id":1826,"date":"2025-07-22T08:54:51","date_gmt":"2025-07-22T08:54:51","guid":{"rendered":"https:\/\/goldendreams.com.pl\/sklep\/205-1-laura-podwojnie-rozkloszowana-sukienka-z-koronkowa-gora-czerwona\/"},"modified":"2026-04-14T15:31:04","modified_gmt":"2026-04-14T15:31:04","slug":"205-1-laura-podwojnie-rozkloszowana-sukienka-z-koronkowa-gora-czerwona","status":"publish","type":"product","link":"https:\/\/goldendreams.com.pl\/en\/sklep\/205-1-laura-podwojnie-rozkloszowana-sukienka-z-koronkowa-gora-czerwona\/","title":{"rendered":"205-1 LAURA podw\u00f3jnie rozkloszowana sukienka z koronkow\u0105 g\u00f3r\u0105 &#8211; CZERWONA"},"content":{"rendered":"<div class='desc-1'>LAURA &#8211; sukienka z mocno rozkloszowan\u0105 sp\u00f3dnic\u0105 i koronk\u0105 &#8211; czerwona. Zapinana z ty\u0142u na zamek kryty. Marka Numoco. Produkt Polski.<br \/><strong>LIMITED EDITION<\/strong><\/div>\n<div class='desc-2'>Rozkloszowana sukienka &#8211; czerwona<\/div>\n<div class='desc-3'><\/div>\n<div class='desc-4'><\/div>\n<div class='desc-5'>\n<div class=\"sizes\">\n<div class=\"sizes\">Wymiary mierzone s\u0105 na p\u0142asko &#8211; bez rozci\u0105gania materia\u0142u (+\/- 2 cm)<br \/>Modelka na zdj\u0119ciu ma 170cm wzrostu i ma ubrany rozm. S.<\/p>\n<table style=\"height: 128px\" width=\"249\" cellspacing=\"0\" cellpadding=\"0\">\n<tbody>\n<tr>\n<th class=\"name\">\n<h3 style=\"text-align: center\">Wymiary :<\/h3>\n<\/th>\n<th>S<\/th>\n<th>M<\/th>\n<td align=\"center\" valign=\"top\"><strong>L<\/strong><\/td>\n<td valign=\"top\"><strong>XL<\/strong><\/td>\n<\/tr>\n<tr>\n<td class=\"name\">Od paszki do paszki<\/td>\n<td>40<\/td>\n<td>41<\/td>\n<td valign=\"top\">43<\/td>\n<td valign=\"top\">46<\/td>\n<\/tr>\n<tr>\n<td class=\"name\">Talia<\/td>\n<td>33<\/td>\n<td>35<\/td>\n<td valign=\"top\">37<\/td>\n<td valign=\"top\">40<\/td>\n<\/tr>\n<tr>\n<td class=\"name\">Biodra<\/td>\n<td>&#8211;<\/td>\n<td>&#8211;<\/td>\n<td valign=\"top\">&#8211;<\/td>\n<td valign=\"top\">&#8211;<\/td>\n<\/tr>\n<tr>\n<td class=\"name\">D\u0142. od pachy<\/td>\n<td>64<\/td>\n<td>66<\/td>\n<td valign=\"top\">67<\/td>\n<td valign=\"top\">67<\/td>\n<\/tr>\n<tr>\n<td valign=\"top\">D\u0142. od ramienia<\/td>\n<td valign=\"top\">84<\/td>\n<td valign=\"top\">85<\/td>\n<td valign=\"top\">88<\/td>\n<td valign=\"top\">88<\/td>\n<\/tr>\n<\/tbody>\n<\/table>\n<\/div>\n<\/div>\n<\/div>","protected":false},"excerpt":{"rendered":"<p>LAURA &#8211; sukienka z mocno rozkloszowan\u0105 sp\u00f3dnic\u0105 i koronk\u0105 &#8211; czerwona. Zapinana z ty\u0142u na zamek kryty. Marka Numoco. Produkt [&hellip;]<\/p>\n","protected":false},"featured_media":1819,"comment_status":"open","ping_status":"closed","template":"","meta":{"site-sidebar-layout":"default","site-content-layout":"","ast-site-content-layout":"default","site-content-style":"default","site-sidebar-style":"default","ast-global-header-display":"","ast-banner-title-visibility":"","ast-main-header-display":"","ast-hfb-above-header-display":"","ast-hfb-below-header-display":"","ast-hfb-mobile-header-display":"","site-post-title":"","ast-breadcrumbs-content":"","ast-featured-img":"","footer-sml-layout":"","ast-disable-related-posts":"","theme-transparent-header-meta":"","adv-header-id-meta":"","stick-header-meta":"","header-above-stick-meta":"","header-main-stick-meta":"","header-below-stick-meta":"","astra-migrate-meta-layouts":"default","ast-page-background-enabled":"default","ast-page-background-meta":{"desktop":{"background-color":"var(--ast-global-color-5)","background-image":"","background-repeat":"repeat","background-position":"center center","background-size":"auto","background-attachment":"scroll","background-type":"","background-media":"","overlay-type":"","overlay-color":"","overlay-opacity":"","overlay-gradient":""},"tablet":{"background-color":"","background-image":"","background-repeat":"repeat","background-position":"center center","background-size":"auto","background-attachment":"scroll","background-type":"","background-media":"","overlay-type":"","overlay-color":"","overlay-opacity":"","overlay-gradient":""},"mobile":{"background-color":"","background-image":"","background-repeat":"repeat","background-position":"center center","background-size":"auto","background-attachment":"scroll","background-type":"","background-media":"","overlay-type":"","overlay-color":"","overlay-opacity":"","overlay-gradient":""}},"ast-content-background-meta":{"desktop":{"background-color":"var(--ast-global-color-4)","background-image":"","background-repeat":"repeat","background-position":"center center","background-size":"auto","background-attachment":"scroll","background-type":"","background-media":"","overlay-type":"","overlay-color":"","overlay-opacity":"","overlay-gradient":""},"tablet":{"background-color":"var(--ast-global-color-4)","background-image":"","background-repeat":"repeat","background-position":"center center","background-size":"auto","background-attachment":"scroll","background-type":"","background-media":"","overlay-type":"","overlay-color":"","overlay-opacity":"","overlay-gradient":""},"mobile":{"background-color":"var(--ast-global-color-4)","background-image":"","background-repeat":"repeat","background-position":"center center","background-size":"auto","background-attachment":"scroll","background-type":"","background-media":"","overlay-type":"","overlay-color":"","overlay-opacity":"","overlay-gradient":""}}},"product_brand":[],"product_cat":[151,160,59,163,175,172,174,164,171],"product_tag":[],"class_list":{"0":"post-1826","1":"product","2":"type-product","3":"status-publish","4":"has-post-thumbnail","6":"product_cat-limited-edition","7":"product_cat-numoco","8":"product_cat-sukienki","9":"product_cat-sukienki-koronkowe","10":"product_cat-sukienki-na-karnawal","11":"product_cat-sukienki-na-studniowke","12":"product_cat-sukienki-na-sylwestra","13":"product_cat-sukienki-na-wesele","14":"product_cat-sukienki-wieczorowe","15":"desktop-align-left","16":"tablet-align-left","17":"mobile-align-left","19":"first","20":"instock","21":"shipping-taxable","22":"purchasable","23":"product-type-variable","24":"has-default-attributes"},"_links":{"self":[{"href":"https:\/\/goldendreams.com.pl\/en\/wp-json\/wp\/v2\/product\/1826","targetHints":{"allow":["GET"]}}],"collection":[{"href":"https:\/\/goldendreams.com.pl\/en\/wp-json\/wp\/v2\/product"}],"about":[{"href":"https:\/\/goldendreams.com.pl\/en\/wp-json\/wp\/v2\/types\/product"}],"replies":[{"embeddable":true,"href":"https:\/\/goldendreams.com.pl\/en\/wp-json\/wp\/v2\/comments?post=1826"}],"wp:featuredmedia":[{"embeddable":true,"href":"https:\/\/goldendreams.com.pl\/en\/wp-json\/wp\/v2\/media\/1819"}],"wp:attachment":[{"href":"https:\/\/goldendreams.com.pl\/en\/wp-json\/wp\/v2\/media?parent=1826"}],"wp:term":[{"taxonomy":"product_brand","embeddable":true,"href":"https:\/\/goldendreams.com.pl\/en\/wp-json\/wp\/v2\/product_brand?post=1826"},{"taxonomy":"product_cat","embeddable":true,"href":"https:\/\/goldendreams.com.pl\/en\/wp-json\/wp\/v2\/product_cat?post=1826"},{"taxonomy":"product_tag","embeddable":true,"href":"https:\/\/goldendreams.com.pl\/en\/wp-json\/wp\/v2\/product_tag?post=1826"}],"curies":[{"name":"wp","href":"https:\/\/api.w.org\/{rel}","templated":true}]}}