{"id":17815,"date":"2026-02-23T16:53:44","date_gmt":"2026-02-23T16:53:44","guid":{"rendered":"https:\/\/goldendreams.com.pl\/?post_type=product&#038;p=17815"},"modified":"2026-02-25T14:37:13","modified_gmt":"2026-02-25T14:37:13","slug":"17815","status":"publish","type":"product","link":"https:\/\/goldendreams.com.pl\/en\/sklep\/17815\/","title":{"rendered":"Elegancki Be\u017cowy Komplet"},"content":{"rendered":"<div class=\"Y3BBE\" data-sfc-cp=\"\" data-hveid=\"CAEIAxAA\" data-complete=\"true\" data-processed=\"true\">Postaw na elegancj\u0119 w nowoczesnym wydaniu! Ten komplet to absolutny hit sezonu, kt\u00f3ry \u0142\u0105czy w sobie klasyczny szyk garnituru z najgor\u0119tszymi trendami street style. Ten dwucz\u0119\u015bciowy zestaw w odcieniu ciep\u0142ego be\u017cu zosta\u0142 zaprojektowany, by podkre\u015bla\u0107 kobiec\u0105 sylwetk\u0119 i dodawa\u0107 pewno\u015bci siebie.<\/div>\n<div class=\"AdPoic\" role=\"heading\" aria-level=\"3\" data-animation-nesting=\"\" data-sfc-cp=\"\" data-complete=\"true\" data-processed=\"true\" data-sae=\"\">Dlaczego go pokochasz?<\/div>\n<ul class=\"KsbFXc U6u95\" data-complete=\"true\" data-processed=\"true\">\n<li data-hveid=\"CAEIBBAA\" data-complete=\"true\" data-sae=\"\"><span class=\"T286Pc\" data-sfc-cp=\"\" data-complete=\"true\"><strong class=\"Yjhzub\" data-complete=\"true\">Kr\u00f3tka Marynarka:<\/strong> O nowoczesnym kroju, bez zapi\u0119cia, kt\u00f3ra optycznie ods\u0142ania tali\u0119 i nadaje stylizacji lekko\u015bci.<\/span><\/li>\n<li data-hveid=\"CAEIBBAB\" data-complete=\"true\" data-sae=\"\"><span class=\"T286Pc\" data-sfc-cp=\"\" data-complete=\"true\"><strong class=\"Yjhzub\" data-complete=\"true\">Spodnie Wide Leg:<\/strong> Szerokie nogawki z wysokim stanem i modnym przeszyciem (kantem) z przodu niesamowicie wyd\u0142u\u017caj\u0105 nogi.<\/span><\/li>\n<li data-hveid=\"CAEIBBAC\" data-complete=\"true\" data-sae=\"\"><span class=\"T286Pc\" data-sfc-cp=\"\" data-complete=\"true\"><strong class=\"Yjhzub\" data-complete=\"true\">Bi\u017cuteryjny Akcent:<\/strong> W zestawie znajdziesz efektowny z\u0142oty pasek z klamr\u0105 w kszta\u0142cie g\u0142owy lwa, kt\u00f3ry jest znakiem rozpoznawczym tego modelu.<\/span><\/li>\n<li data-hveid=\"CAEIBBAD\" data-complete=\"true\" data-sae=\"\"><span class=\"T286Pc\" data-sfc-cp=\"\" data-complete=\"true\" aria-owns=\"action-menu-parent-container\"><strong class=\"Yjhzub\" data-complete=\"true\">Wysoka Jako\u015b\u0107:<\/strong> Produkt polskiej produkcji, wykonany z dba\u0142o\u015bci\u0105 o detale i z materia\u0142u, kt\u00f3ry \u015bwietnie uk\u0142ada si\u0119 na ciele. Wykonany z bardzo elastycznego materia\u0142u.\u00a0<\/span><\/li>\n<\/ul>","protected":false},"excerpt":{"rendered":"<div class=\"Y3BBE\" data-sfc-cp=\"\" data-hveid=\"CAEIAxAA\" data-complete=\"true\" data-processed=\"true\">Postaw na elegancj\u0119 w nowoczesnym wydaniu! Ten komplet to absolutny hit sezonu, kt\u00f3ry \u0142\u0105czy w sobie klasyczny szyk garnituru z najgor\u0119tszymi trendami street style. Ten dwucz\u0119\u015bciowy zestaw w odcieniu ciep\u0142ego be\u017cu zosta\u0142 zaprojektowany, by podkre\u015bla\u0107 kobiec\u0105 sylwetk\u0119 i dodawa\u0107 pewno\u015bci siebie.<\/div>\n<div class=\"AdPoic\" role=\"heading\" aria-level=\"3\" data-animation-nesting=\"\" data-sfc-cp=\"\" data-complete=\"true\" data-processed=\"true\" data-sae=\"\">Dlaczego go pokochasz?<\/div>\n<ul class=\"KsbFXc U6u95\" data-complete=\"true\" data-processed=\"true\">\n<li data-hveid=\"CAEIBBAA\" data-complete=\"true\" data-sae=\"\"><span class=\"T286Pc\" data-sfc-cp=\"\" data-complete=\"true\"><strong class=\"Yjhzub\" data-complete=\"true\">Kr\u00f3tka Marynarka:<\/strong> O nowoczesnym kroju, bez zapi\u0119cia, kt\u00f3ra optycznie ods\u0142ania tali\u0119 i nadaje stylizacji lekko\u015bci.<\/span><\/li>\n<li data-hveid=\"CAEIBBAB\" data-complete=\"true\" data-sae=\"\"><span class=\"T286Pc\" data-sfc-cp=\"\" data-complete=\"true\"><strong class=\"Yjhzub\" data-complete=\"true\">Spodnie Wide Leg:<\/strong> Szerokie nogawki z wysokim stanem i modnym przeszyciem (kantem) z przodu niesamowicie wyd\u0142u\u017caj\u0105 nogi.<\/span><\/li>\n<li data-hveid=\"CAEIBBAC\" data-complete=\"true\" data-sae=\"\"><span class=\"T286Pc\" data-sfc-cp=\"\" data-complete=\"true\"><strong class=\"Yjhzub\" data-complete=\"true\">Bi\u017cuteryjny Akcent:<\/strong> W zestawie znajdziesz efektowny z\u0142oty pasek z klamr\u0105 w kszta\u0142cie g\u0142owy lwa, kt\u00f3ry jest znakiem rozpoznawczym tego modelu.<\/span><\/li>\n<li data-hveid=\"CAEIBBAD\" data-complete=\"true\" data-sae=\"\"><span class=\"T286Pc\" data-sfc-cp=\"\" data-complete=\"true\" aria-owns=\"action-menu-parent-container\"><strong class=\"Yjhzub\" data-complete=\"true\">Wysoka Jako\u015b\u0107:<\/strong> Produkt polskiej produkcji, wykonany z dba\u0142o\u015bci\u0105 o detale i z materia\u0142u, kt\u00f3ry \u015bwietnie uk\u0142ada si\u0119 na ciele. Wykonany z bardzo elastycznego materia\u0142u.\u00a0<\/span><\/li>\n<\/ul>\n<p><strong>xs\/S\u00a0<\/strong><\/p>\n<p><strong>marynarka<\/strong>\u00a0 \u00a0 \u00a0 \u00a0 \u00a0 \u00a0 \u00a0 \u00a0 \u00a0 \u00a0 \u00a0 \u00a0 \u00a0 \u00a0 \u00a0 \u00a0 \u00a0 \u00a0 \u00a0 <strong>spodnie\u00a0<\/strong><\/p>\n<p>szer. Pachy 45 cm x2\u00a0 \u00a0 \u00a0 \u00a0 \u00a0 \u00a0 \u00a0 \u00a0 \u00a0 \u00a0 \u00a0 \u00a0szer. W pasie 33\/40 cm x2<\/p>\n<p>dl. Ca\u0142kowita 38 cm\u00a0 \u00a0 \u00a0 \u00a0 \u00a0 \u00a0 \u00a0 \u00a0 \u00a0 \u00a0 \u00a0 \u00a0 szer. biodra 45\/55 cm x2<\/p>\n<p>dl. r\u0119kawa 42cm\u00a0 \u00a0 \u00a0 \u00a0 \u00a0 \u00a0 \u00a0 \u00a0 \u00a0 \u00a0 \u00a0 \u00a0 \u00a0 \u00a0 \u00a0 d\u0142ugo\u015b\u0107 ca\u0142kowita 109 cm<\/p>\n<p><strong>M\/L<\/strong><\/p>\n<p><strong>marynarka<\/strong>\u00a0 \u00a0 \u00a0 \u00a0 \u00a0 \u00a0 \u00a0 \u00a0 \u00a0 \u00a0 \u00a0 \u00a0 \u00a0 \u00a0 \u00a0 \u00a0 \u00a0 \u00a0 <strong>spodnie\u00a0<\/strong><\/p>\n<p>szer. Pachy 45 cm x2\u00a0 \u00a0 \u00a0 \u00a0 \u00a0 \u00a0 \u00a0 \u00a0 \u00a0 \u00a0 \u00a0 szer. W pasie 35\/42 cm x2<\/p>\n<p>dl. Ca\u0142kowita 38 cm\u00a0 \u00a0 \u00a0 \u00a0 \u00a0 \u00a0 \u00a0 \u00a0 \u00a0 \u00a0 \u00a0 \u00a0szer. biodra 47\/57 cm x2<\/p>\n<p>dl. r\u0119kawa 42cm\u00a0 \u00a0 \u00a0 \u00a0 \u00a0 \u00a0 \u00a0 \u00a0 \u00a0 \u00a0 \u00a0 \u00a0 \u00a0 \u00a0 d\u0142ugo\u015b\u0107 ca\u0142kowita 109 cm<\/p>\n<p><strong>Rozmiar XL\u00a0<\/strong><\/p>\n<p><strong>Marynarka\u00a0 \u00a0 \u00a0 \u00a0 \u00a0 \u00a0 \u00a0 \u00a0 \u00a0 \u00a0 \u00a0 \u00a0 \u00a0 \u00a0 \u00a0 \u00a0 \u00a0 \u00a0 \u00a0spodnie\u00a0 \u00a0 \u00a0 \u00a0 \u00a0 \u00a0 \u00a0<\/strong><\/p>\n<p>szer. pachy 47cm x2\u00a0 \u00a0 \u00a0 \u00a0 \u00a0 \u00a0 \u00a0 \u00a0 \u00a0 \u00a0 \u00a0 \u00a0 \u00a0szeroko\u015b\u0107 w pasie 37\/44 cm x2<\/p>\n<p>d\u0142ugo\u015b\u0107 ca\u0142kowita 39 cm\u00a0 \u00a0 \u00a0 \u00a0 \u00a0 \u00a0 \u00a0 \u00a0 \u00a0szeroko\u015b\u0107 w biodrach 49\/59 cm x2<\/p>\n<p>d\u0142ugo\u015b\u0107 r\u0119kawa od wew. 43\u00a0 \u00a0 \u00a0 \u00a0 \u00a0 \u00a0d\u0142ugo\u015b\u0107 ca\u0142kowita 110<\/p>\n<p>&nbsp;<\/p>","protected":false},"featured_media":17816,"comment_status":"open","ping_status":"closed","template":"","meta":{"site-sidebar-layout":"default","site-content-layout":"","ast-site-content-layout":"default","site-content-style":"default","site-sidebar-style":"default","ast-global-header-display":"","ast-banner-title-visibility":"","ast-main-header-display":"","ast-hfb-above-header-display":"","ast-hfb-below-header-display":"","ast-hfb-mobile-header-display":"","site-post-title":"","ast-breadcrumbs-content":"","ast-featured-img":"","footer-sml-layout":"","ast-disable-related-posts":"","theme-transparent-header-meta":"default","adv-header-id-meta":"","stick-header-meta":"","header-above-stick-meta":"","header-main-stick-meta":"","header-below-stick-meta":"","astra-migrate-meta-layouts":"set","ast-page-background-enabled":"default","ast-page-background-meta":{"desktop":{"background-color":"var(--ast-global-color-5)","background-image":"","background-repeat":"repeat","background-position":"center center","background-size":"auto","background-attachment":"scroll","background-type":"","background-media":"","overlay-type":"","overlay-color":"","overlay-opacity":"","overlay-gradient":""},"tablet":{"background-color":"","background-image":"","background-repeat":"repeat","background-position":"center center","background-size":"auto","background-attachment":"scroll","background-type":"","background-media":"","overlay-type":"","overlay-color":"","overlay-opacity":"","overlay-gradient":""},"mobile":{"background-color":"","background-image":"","background-repeat":"repeat","background-position":"center center","background-size":"auto","background-attachment":"scroll","background-type":"","background-media":"","overlay-type":"","overlay-color":"","overlay-opacity":"","overlay-gradient":""}},"ast-content-background-meta":{"desktop":{"background-color":"var(--ast-global-color-4)","background-image":"","background-repeat":"repeat","background-position":"center center","background-size":"auto","background-attachment":"scroll","background-type":"","background-media":"","overlay-type":"","overlay-color":"","overlay-opacity":"","overlay-gradient":""},"tablet":{"background-color":"var(--ast-global-color-4)","background-image":"","background-repeat":"repeat","background-position":"center center","background-size":"auto","background-attachment":"scroll","background-type":"","background-media":"","overlay-type":"","overlay-color":"","overlay-opacity":"","overlay-gradient":""},"mobile":{"background-color":"var(--ast-global-color-4)","background-image":"","background-repeat":"repeat","background-position":"center center","background-size":"auto","background-attachment":"scroll","background-type":"","background-media":"","overlay-type":"","overlay-color":"","overlay-opacity":"","overlay-gradient":""}}},"product_brand":[],"product_cat":[71,77,70],"product_tag":[1130],"class_list":{"0":"post-17815","1":"product","2":"type-product","3":"status-publish","4":"has-post-thumbnail","6":"product_cat-bestsellery","7":"product_cat-komplet","8":"product_cat-nowosci","9":"product_tag-eleganckikomplet-bezowykomplet-krotkamarynarka-prostespodnie-wygodny-polskamoda-elegancja-modnastylizacja-klasyka","10":"desktop-align-left","11":"tablet-align-left","12":"mobile-align-left","14":"first","15":"instock","16":"sold-individually","17":"shipping-taxable","18":"purchasable","19":"product-type-variable"},"_links":{"self":[{"href":"https:\/\/goldendreams.com.pl\/en\/wp-json\/wp\/v2\/product\/17815","targetHints":{"allow":["GET"]}}],"collection":[{"href":"https:\/\/goldendreams.com.pl\/en\/wp-json\/wp\/v2\/product"}],"about":[{"href":"https:\/\/goldendreams.com.pl\/en\/wp-json\/wp\/v2\/types\/product"}],"replies":[{"embeddable":true,"href":"https:\/\/goldendreams.com.pl\/en\/wp-json\/wp\/v2\/comments?post=17815"}],"wp:featuredmedia":[{"embeddable":true,"href":"https:\/\/goldendreams.com.pl\/en\/wp-json\/wp\/v2\/media\/17816"}],"wp:attachment":[{"href":"https:\/\/goldendreams.com.pl\/en\/wp-json\/wp\/v2\/media?parent=17815"}],"wp:term":[{"taxonomy":"product_brand","embeddable":true,"href":"https:\/\/goldendreams.com.pl\/en\/wp-json\/wp\/v2\/product_brand?post=17815"},{"taxonomy":"product_cat","embeddable":true,"href":"https:\/\/goldendreams.com.pl\/en\/wp-json\/wp\/v2\/product_cat?post=17815"},{"taxonomy":"product_tag","embeddable":true,"href":"https:\/\/goldendreams.com.pl\/en\/wp-json\/wp\/v2\/product_tag?post=17815"}],"curies":[{"name":"wp","href":"https:\/\/api.w.org\/{rel}","templated":true}]}}