{"id":17505,"date":"2026-02-17T16:20:05","date_gmt":"2026-02-17T16:20:05","guid":{"rendered":"https:\/\/goldendreams.com.pl\/?post_type=product&#038;p=17505"},"modified":"2026-02-24T12:42:27","modified_gmt":"2026-02-24T12:42:27","slug":"liliowa-sukienka-mini-z-czarnym-monogramem","status":"publish","type":"product","link":"https:\/\/goldendreams.com.pl\/en\/sklep\/liliowa-sukienka-mini-z-czarnym-monogramem\/","title":{"rendered":"Liliowa Sukienka Mini z Czarnym Monogramem"},"content":{"rendered":"<div class=\"Y3BBE\" data-sfc-cp=\"\" data-hveid=\"CAEIAxAA\" data-complete=\"true\" data-processed=\"true\">\n<div class=\"Y3BBE\" data-sfc-cp=\"\" data-hveid=\"CAEIBRAA\" data-complete=\"true\" data-processed=\"true\">Podkre\u015bl sw\u00f3j styl t\u0105 wyj\u0105tkow\u0105 sukienk\u0105 mini, kt\u00f3ra \u0142\u0105czy nowoczesny design z kobiec\u0105 finezj\u0105. Wykonana z delikatnej, elastycznej siateczki, sukienka przyci\u0105ga wzrok wyrazistym, czarnym monogramem rozmieszczonym na ca\u0142ej powierzchni materia\u0142u.<\/div>\n<div class=\"Y3BBE\" data-sfc-cp=\"\" data-hveid=\"CAEIBhAA\" data-complete=\"true\" data-processed=\"true\">G\u0142\u00f3wnym atutem modelu s\u0105 p\u00f3\u0142transparentne r\u0119kawy z siateczki, kt\u00f3re nadaj\u0105 ca\u0142o\u015bci lekko\u015bci i zmys\u0142owego charakteru. Efektowne marszczenia (drapowania) z przodu i z ty\u0142u nie tylko doskonale wpisuj\u0105 si\u0119 w aktualne trendy, ale r\u00f3wnie\u017c modeluj\u0105 sylwetk\u0119, podkre\u015blaj\u0105c jej atuty.<\/div>\n<div class=\"Y3BBE\" data-sfc-cp=\"\" data-hveid=\"CAEIBxAA\" data-complete=\"true\" data-processed=\"true\"><strong class=\"Yjhzub\" data-complete=\"true\">Specyfikacja produktu:<\/strong><\/div>\n<ul class=\"KsbFXc U6u95\" data-complete=\"true\" data-processed=\"true\">\n<li data-hveid=\"CAEICBAA\" data-complete=\"true\" data-sae=\"\"><span class=\"T286Pc\" data-sfc-cp=\"\" data-complete=\"true\"><strong class=\"Yjhzub\" data-complete=\"true\">Wz\u00f3r:<\/strong> Kontrastowy, czarny monogram na liliowym tle.<\/span><\/li>\n<li data-hveid=\"CAEICBAB\" data-complete=\"true\" data-sae=\"\"><span class=\"T286Pc\" data-sfc-cp=\"\" data-complete=\"true\"><strong class=\"Yjhzub\" data-complete=\"true\">R\u0119kawy:<\/strong> D\u0142ugie, wykonane z p\u00f3\u0142przezroczystej siateczki.<\/span><\/li>\n<li data-hveid=\"CAEICBAC\" data-complete=\"true\" data-sae=\"\"><span class=\"T286Pc\" data-sfc-cp=\"\" data-complete=\"true\"><strong class=\"Yjhzub\" data-complete=\"true\">Kr\u00f3j:<\/strong> Dopasowany typu <em class=\"eujQNb\" data-complete=\"true\">bodycon<\/em> z modnymi marszczeniami.<\/span><\/li>\n<li data-hveid=\"CAEICBAD\" data-complete=\"true\" data-sae=\"\"><span class=\"T286Pc\" data-sfc-cp=\"\" data-complete=\"true\"><strong class=\"Yjhzub\" data-complete=\"true\">Materia\u0142:<\/strong> Lekka i elastyczna tkanina, zapewniaj\u0105ca komfort noszenia.<\/span><\/li>\n<li data-hveid=\"CAEICBAE\" data-complete=\"true\" data-sae=\"\"><span class=\"T286Pc\" data-sfc-cp=\"\" data-complete=\"true\" aria-owns=\"action-menu-parent-container\"><strong class=\"Yjhzub\" data-complete=\"true\">Okazja:<\/strong> Idealna na imprezy, wieczorne wyj\u015bcia czy randki.<\/span><\/li>\n<\/ul>\n<\/div>\n<div data-sfc-cp=\"\" data-hveid=\"CAEIAxAA\" data-complete=\"true\" data-processed=\"true\">\n<p>&nbsp;<\/p>\n<\/div>","protected":false},"excerpt":{"rendered":"<div class=\"Y3BBE\" data-sfc-cp=\"\" data-hveid=\"CAEIAxAA\" data-complete=\"true\" data-processed=\"true\">\n<div class=\"Y3BBE\" data-sfc-cp=\"\" data-hveid=\"CAEIBRAA\" data-complete=\"true\" data-processed=\"true\">Podkre\u015bl sw\u00f3j styl t\u0105 wyj\u0105tkow\u0105 sukienk\u0105 mini, kt\u00f3ra \u0142\u0105czy nowoczesny design z kobiec\u0105 finezj\u0105. Wykonana z delikatnej, elastycznej siateczki, sukienka przyci\u0105ga wzrok wyrazistym, czarnym monogramem rozmieszczonym na ca\u0142ej powierzchni materia\u0142u.<\/div>\n<div class=\"Y3BBE\" data-sfc-cp=\"\" data-hveid=\"CAEIBhAA\" data-complete=\"true\" data-processed=\"true\">G\u0142\u00f3wnym atutem modelu s\u0105 p\u00f3\u0142transparentne r\u0119kawy z siateczki, kt\u00f3re nadaj\u0105 ca\u0142o\u015bci lekko\u015bci i zmys\u0142owego charakteru. Efektowne marszczenia (drapowania) z przodu i z ty\u0142u nie tylko doskonale wpisuj\u0105 si\u0119 w aktualne trendy, ale r\u00f3wnie\u017c modeluj\u0105 sylwetk\u0119, podkre\u015blaj\u0105c jej atuty.<\/div>\n<div class=\"Y3BBE\" data-sfc-cp=\"\" data-hveid=\"CAEIBxAA\" data-complete=\"true\" data-processed=\"true\"><strong class=\"Yjhzub\" data-complete=\"true\">Specyfikacja produktu:<\/strong><\/div>\n<ul class=\"KsbFXc U6u95\" data-complete=\"true\" data-processed=\"true\">\n<li data-hveid=\"CAEICBAA\" data-complete=\"true\" data-sae=\"\"><span class=\"T286Pc\" data-sfc-cp=\"\" data-complete=\"true\"><strong class=\"Yjhzub\" data-complete=\"true\">Wz\u00f3r:<\/strong> Kontrastowy, czarny monogram na liliowym tle.<\/span><\/li>\n<li data-hveid=\"CAEICBAB\" data-complete=\"true\" data-sae=\"\"><span class=\"T286Pc\" data-sfc-cp=\"\" data-complete=\"true\"><strong class=\"Yjhzub\" data-complete=\"true\">R\u0119kawy:<\/strong> D\u0142ugie, wykonane z p\u00f3\u0142przezroczystej siateczki.<\/span><\/li>\n<li data-hveid=\"CAEICBAC\" data-complete=\"true\" data-sae=\"\"><span class=\"T286Pc\" data-sfc-cp=\"\" data-complete=\"true\"><strong class=\"Yjhzub\" data-complete=\"true\">Kr\u00f3j:<\/strong> Dopasowany typu <em class=\"eujQNb\" data-complete=\"true\">bodycon<\/em> z modnymi marszczeniami.<\/span><\/li>\n<li data-hveid=\"CAEICBAD\" data-complete=\"true\" data-sae=\"\"><span class=\"T286Pc\" data-sfc-cp=\"\" data-complete=\"true\"><strong class=\"Yjhzub\" data-complete=\"true\">Materia\u0142:<\/strong> Lekka i elastyczna tkanina, zapewniaj\u0105ca komfort noszenia.<\/span><\/li>\n<li data-hveid=\"CAEICBAE\" data-complete=\"true\" data-sae=\"\"><span class=\"T286Pc\" data-sfc-cp=\"\" data-complete=\"true\" aria-owns=\"action-menu-parent-container\"><strong class=\"Yjhzub\" data-complete=\"true\">Okazja:<\/strong> Idealna na imprezy, wieczorne wyj\u015bcia czy randki.<\/span><\/li>\n<\/ul>\n<\/div>\n<div data-sfc-cp=\"\" data-hveid=\"CAEIAxAA\" data-complete=\"true\" data-processed=\"true\">\n<p>&nbsp;<\/p>\n<\/div>","protected":false},"featured_media":17506,"comment_status":"open","ping_status":"closed","template":"","meta":{"site-sidebar-layout":"default","site-content-layout":"","ast-site-content-layout":"default","site-content-style":"default","site-sidebar-style":"default","ast-global-header-display":"","ast-banner-title-visibility":"","ast-main-header-display":"","ast-hfb-above-header-display":"","ast-hfb-below-header-display":"","ast-hfb-mobile-header-display":"","site-post-title":"","ast-breadcrumbs-content":"","ast-featured-img":"","footer-sml-layout":"","ast-disable-related-posts":"","theme-transparent-header-meta":"default","adv-header-id-meta":"","stick-header-meta":"","header-above-stick-meta":"","header-main-stick-meta":"","header-below-stick-meta":"","astra-migrate-meta-layouts":"set","ast-page-background-enabled":"default","ast-page-background-meta":{"desktop":{"background-color":"var(--ast-global-color-5)","background-image":"","background-repeat":"repeat","background-position":"center center","background-size":"auto","background-attachment":"scroll","background-type":"","background-media":"","overlay-type":"","overlay-color":"","overlay-opacity":"","overlay-gradient":""},"tablet":{"background-color":"","background-image":"","background-repeat":"repeat","background-position":"center center","background-size":"auto","background-attachment":"scroll","background-type":"","background-media":"","overlay-type":"","overlay-color":"","overlay-opacity":"","overlay-gradient":""},"mobile":{"background-color":"","background-image":"","background-repeat":"repeat","background-position":"center center","background-size":"auto","background-attachment":"scroll","background-type":"","background-media":"","overlay-type":"","overlay-color":"","overlay-opacity":"","overlay-gradient":""}},"ast-content-background-meta":{"desktop":{"background-color":"var(--ast-global-color-4)","background-image":"","background-repeat":"repeat","background-position":"center center","background-size":"auto","background-attachment":"scroll","background-type":"","background-media":"","overlay-type":"","overlay-color":"","overlay-opacity":"","overlay-gradient":""},"tablet":{"background-color":"var(--ast-global-color-4)","background-image":"","background-repeat":"repeat","background-position":"center center","background-size":"auto","background-attachment":"scroll","background-type":"","background-media":"","overlay-type":"","overlay-color":"","overlay-opacity":"","overlay-gradient":""},"mobile":{"background-color":"var(--ast-global-color-4)","background-image":"","background-repeat":"repeat","background-position":"center center","background-size":"auto","background-attachment":"scroll","background-type":"","background-media":"","overlay-type":"","overlay-color":"","overlay-opacity":"","overlay-gradient":""}}},"product_brand":[],"product_cat":[59,808],"product_tag":[958],"class_list":{"0":"post-17505","1":"product","2":"type-product","3":"status-publish","4":"has-post-thumbnail","6":"product_cat-sukienki","7":"product_cat-sukienki-mini","8":"product_tag-sukienkamonogram-liliowasukienka-meshdress-transparentnerekawy-marszczonasukienka-bodycondress-modadamska-eveninglook-monogramprint-stylizacjanaimpreze","9":"desktop-align-left","10":"tablet-align-left","11":"mobile-align-left","13":"first","14":"instock","15":"sold-individually","16":"shipping-taxable","17":"purchasable","18":"product-type-variable"},"_links":{"self":[{"href":"https:\/\/goldendreams.com.pl\/en\/wp-json\/wp\/v2\/product\/17505","targetHints":{"allow":["GET"]}}],"collection":[{"href":"https:\/\/goldendreams.com.pl\/en\/wp-json\/wp\/v2\/product"}],"about":[{"href":"https:\/\/goldendreams.com.pl\/en\/wp-json\/wp\/v2\/types\/product"}],"replies":[{"embeddable":true,"href":"https:\/\/goldendreams.com.pl\/en\/wp-json\/wp\/v2\/comments?post=17505"}],"wp:featuredmedia":[{"embeddable":true,"href":"https:\/\/goldendreams.com.pl\/en\/wp-json\/wp\/v2\/media\/17506"}],"wp:attachment":[{"href":"https:\/\/goldendreams.com.pl\/en\/wp-json\/wp\/v2\/media?parent=17505"}],"wp:term":[{"taxonomy":"product_brand","embeddable":true,"href":"https:\/\/goldendreams.com.pl\/en\/wp-json\/wp\/v2\/product_brand?post=17505"},{"taxonomy":"product_cat","embeddable":true,"href":"https:\/\/goldendreams.com.pl\/en\/wp-json\/wp\/v2\/product_cat?post=17505"},{"taxonomy":"product_tag","embeddable":true,"href":"https:\/\/goldendreams.com.pl\/en\/wp-json\/wp\/v2\/product_tag?post=17505"}],"curies":[{"name":"wp","href":"https:\/\/api.w.org\/{rel}","templated":true}]}}