{"id":17081,"date":"2026-01-30T16:13:12","date_gmt":"2026-01-30T16:13:12","guid":{"rendered":"https:\/\/goldendreams.com.pl\/?post_type=product&#038;p=17081"},"modified":"2026-01-30T16:13:12","modified_gmt":"2026-01-30T16:13:12","slug":"czarny-prazkowany-komplet-sukienka-sweter","status":"publish","type":"product","link":"https:\/\/goldendreams.com.pl\/en\/sklep\/czarny-prazkowany-komplet-sukienka-sweter\/","title":{"rendered":"Czarny pr\u0105\u017ckowany komplet sukienka + sweter"},"content":{"rendered":"<div data-subtree=\"aimfl\" data-complete=\"true\" data-processed=\"true\">To czarny, pr\u0105\u017ckowany komplet, idealny na wiele okazji, kt\u00f3ry \u0142\u0105czy w sobie styl i wygod\u0119. <mark class=\"HxTRcb\" data-complete=\"true\" data-sae=\"\">Zestaw sk\u0142ada si\u0119 z dw\u00f3ch element\u00f3w: dopasowanej sukienki mini na rami\u0105czkach oraz kr\u00f3tkiego swetra typu &#8222;nietoperz&#8221; z eleganckim p\u00f3\u0142golfem. Sweter ma lu\u017aniejszy kr\u00f3j i lekko opadaj\u0105ce r\u0119kawy, natomiast sukienka podkre\u015bla sylwetk\u0119. Ca\u0142o\u015b\u0107 wykonana jest z przyjemnej w dotyku dzianiny z wyra\u017anym pr\u0105\u017ckowaniem, co dodaje faktury. Ten uniwersalny<\/mark> zestaw mo\u017cesz nosi\u0107 razem lub \u0142\u0105czy\u0107 z innymi ubraniami.<\/div>","protected":false},"excerpt":{"rendered":"<p>To czarny, pr\u0105\u017ckowany komplet, idealny na wiele okazji, kt\u00f3ry \u0142\u0105czy w sobie styl i wygod\u0119. <mark class=\"HxTRcb\" data-complete=\"true\" data-sae=\"\">Zestaw sk\u0142ada si\u0119 z dw\u00f3ch element\u00f3w: dopasowanej sukienki mini na rami\u0105czkach oraz kr\u00f3tkiego swetra typu &#8222;nietoperz&#8221; z eleganckim p\u00f3\u0142golfem. <\/mark><\/p>\n<p><mark class=\"HxTRcb\" data-complete=\"true\" data-sae=\"\">Sweter ma lu\u017aniejszy kr\u00f3j i lekko opadaj\u0105ce r\u0119kawy, natomiast sukienka podkre\u015bla sylwetk\u0119. Ca\u0142o\u015b\u0107 wykonana jest z przyjemnej w dotyku dzianiny z wyra\u017anym pr\u0105\u017ckowaniem, co dodaje faktury. Ten uniwersalny<\/mark> zestaw mo\u017cesz nosi\u0107 razem lub \u0142\u0105czy\u0107 z innymi ubraniami.<\/p>","protected":false},"featured_media":17082,"comment_status":"open","ping_status":"closed","template":"","meta":{"site-sidebar-layout":"default","site-content-layout":"","ast-site-content-layout":"default","site-content-style":"default","site-sidebar-style":"default","ast-global-header-display":"","ast-banner-title-visibility":"","ast-main-header-display":"","ast-hfb-above-header-display":"","ast-hfb-below-header-display":"","ast-hfb-mobile-header-display":"","site-post-title":"","ast-breadcrumbs-content":"","ast-featured-img":"","footer-sml-layout":"","ast-disable-related-posts":"","theme-transparent-header-meta":"default","adv-header-id-meta":"","stick-header-meta":"","header-above-stick-meta":"","header-main-stick-meta":"","header-below-stick-meta":"","astra-migrate-meta-layouts":"set","ast-page-background-enabled":"default","ast-page-background-meta":{"desktop":{"background-color":"var(--ast-global-color-5)","background-image":"","background-repeat":"repeat","background-position":"center center","background-size":"auto","background-attachment":"scroll","background-type":"","background-media":"","overlay-type":"","overlay-color":"","overlay-opacity":"","overlay-gradient":""},"tablet":{"background-color":"","background-image":"","background-repeat":"repeat","background-position":"center center","background-size":"auto","background-attachment":"scroll","background-type":"","background-media":"","overlay-type":"","overlay-color":"","overlay-opacity":"","overlay-gradient":""},"mobile":{"background-color":"","background-image":"","background-repeat":"repeat","background-position":"center center","background-size":"auto","background-attachment":"scroll","background-type":"","background-media":"","overlay-type":"","overlay-color":"","overlay-opacity":"","overlay-gradient":""}},"ast-content-background-meta":{"desktop":{"background-color":"var(--ast-global-color-4)","background-image":"","background-repeat":"repeat","background-position":"center center","background-size":"auto","background-attachment":"scroll","background-type":"","background-media":"","overlay-type":"","overlay-color":"","overlay-opacity":"","overlay-gradient":""},"tablet":{"background-color":"var(--ast-global-color-4)","background-image":"","background-repeat":"repeat","background-position":"center center","background-size":"auto","background-attachment":"scroll","background-type":"","background-media":"","overlay-type":"","overlay-color":"","overlay-opacity":"","overlay-gradient":""},"mobile":{"background-color":"var(--ast-global-color-4)","background-image":"","background-repeat":"repeat","background-position":"center center","background-size":"auto","background-attachment":"scroll","background-type":"","background-media":"","overlay-type":"","overlay-color":"","overlay-opacity":"","overlay-gradient":""}}},"product_brand":[],"product_cat":[77,59,808,917],"product_tag":[918],"class_list":{"0":"post-17081","1":"product","2":"type-product","3":"status-publish","4":"has-post-thumbnail","6":"product_cat-komplet","7":"product_cat-sukienki","8":"product_cat-sukienki-mini","9":"product_cat-sukienki-sweterkowe","10":"product_tag-kompletdamski-kompletprazkowany-czarnykomplet-dzianinowykomplet-sweterkowyset-sukienkaisweter-stylizacjadnia-modadamska-jesiennastylizacja-zimowastylizacja","11":"desktop-align-left","12":"tablet-align-left","13":"mobile-align-left","15":"first","16":"instock","17":"sold-individually","18":"shipping-taxable","19":"purchasable","20":"product-type-variable"},"_links":{"self":[{"href":"https:\/\/goldendreams.com.pl\/en\/wp-json\/wp\/v2\/product\/17081","targetHints":{"allow":["GET"]}}],"collection":[{"href":"https:\/\/goldendreams.com.pl\/en\/wp-json\/wp\/v2\/product"}],"about":[{"href":"https:\/\/goldendreams.com.pl\/en\/wp-json\/wp\/v2\/types\/product"}],"replies":[{"embeddable":true,"href":"https:\/\/goldendreams.com.pl\/en\/wp-json\/wp\/v2\/comments?post=17081"}],"wp:featuredmedia":[{"embeddable":true,"href":"https:\/\/goldendreams.com.pl\/en\/wp-json\/wp\/v2\/media\/17082"}],"wp:attachment":[{"href":"https:\/\/goldendreams.com.pl\/en\/wp-json\/wp\/v2\/media?parent=17081"}],"wp:term":[{"taxonomy":"product_brand","embeddable":true,"href":"https:\/\/goldendreams.com.pl\/en\/wp-json\/wp\/v2\/product_brand?post=17081"},{"taxonomy":"product_cat","embeddable":true,"href":"https:\/\/goldendreams.com.pl\/en\/wp-json\/wp\/v2\/product_cat?post=17081"},{"taxonomy":"product_tag","embeddable":true,"href":"https:\/\/goldendreams.com.pl\/en\/wp-json\/wp\/v2\/product_tag?post=17081"}],"curies":[{"name":"wp","href":"https:\/\/api.w.org\/{rel}","templated":true}]}}