{"id":16772,"date":"2026-01-13T12:12:41","date_gmt":"2026-01-13T12:12:41","guid":{"rendered":"https:\/\/goldendreams.com.pl\/?post_type=product&#038;p=16772"},"modified":"2026-02-24T15:54:27","modified_gmt":"2026-02-24T15:54:27","slug":"marynarka-spectrum-czekoladowa-la-manuel","status":"publish","type":"product","link":"https:\/\/goldendreams.com.pl\/en\/sklep\/marynarka-spectrum-czekoladowa-la-manuel\/","title":{"rendered":"Marynarka SPECTRUM czekoladowa"},"content":{"rendered":"<p>Odkryj nowy wymiar stylu z nasz\u0105 nowoczesn\u0105, skr\u00f3con\u0105 marynark\u0105 Spectrum w g\u0142\u0119bokim odcieniu czekolady. Ten wyj\u0105tkowy fason polskiej marki La Manuel \u0142\u0105czy elegancj\u0119 z casualow\u0105 swobod\u0105.<\/p>\n<div class=\"otQkpb\" role=\"heading\" aria-level=\"3\" data-animation-nesting=\"\" data-sfc-cp=\"\" data-complete=\"true\" data-processed=\"true\" data-sae=\"\">Cechy produktu:<\/div>\n<ul class=\"KsbFXc U6u95\" data-complete=\"true\" data-processed=\"true\">\n<li data-hveid=\"CAEIBBAA\" data-complete=\"true\" data-sae=\"\"><span class=\"T286Pc\" data-sfc-cp=\"\" data-complete=\"true\"><strong class=\"Yjhzub\" data-complete=\"true\">Nowoczesny kr\u00f3j:<\/strong> Skr\u00f3cony fason typu <em class=\"eujQNb\" data-complete=\"true\">cropped<\/em> idealnie wpisuje si\u0119 w najnowsze trendy.<\/span><\/li>\n<li data-hveid=\"CAEIBBAB\" data-complete=\"true\" data-sae=\"\"><span class=\"T286Pc\" data-sfc-cp=\"\" data-complete=\"true\"><strong class=\"Yjhzub\" data-complete=\"true\">Asymetryczne zapi\u0119cie:<\/strong> Efektowne zapi\u0119cie na dwa ozdobne guziki nadaje marynarce unikalnego charakteru.<\/span><\/li>\n<li data-hveid=\"CAEIBBAC\" data-complete=\"true\" data-sae=\"\"><span class=\"T286Pc\" data-sfc-cp=\"\" data-complete=\"true\"><strong class=\"Yjhzub\" data-complete=\"true\">Bez ko\u0142nierza:<\/strong> Fason bez ko\u0142nierza z delikatnie zarysowanymi ramionami dodaje lekko\u015bci i nowoczesno\u015bci.<\/span><\/li>\n<li data-hveid=\"CAEIBBAD\" data-complete=\"true\" data-sae=\"\"><span class=\"T286Pc\" data-sfc-cp=\"\" data-complete=\"true\"><strong class=\"Yjhzub\" data-complete=\"true\">Kolorystyka:<\/strong> G\u0142\u0119boki odcie\u0144 gorzkiej czekolady, kt\u00f3ry gwarantuje dopasowanie do ka\u017cdej karnacji i \u0142atwo \u0142\u0105czy si\u0119 z innymi kolorami, takimi jak be\u017c, krem, czer\u0144 czy b\u0142\u0119kit.<\/span><\/li>\n<li data-hveid=\"CAEIBBAE\" data-complete=\"true\" data-sae=\"\"><span class=\"T286Pc\" data-sfc-cp=\"\" data-complete=\"true\"><strong class=\"Yjhzub\" data-complete=\"true\">Stylizacje:<\/strong> Doskonale sprawdzi si\u0119 jako element eleganckiego kompletu z szortami, ale te\u017c \u015bwietnie wygl\u0105da w po\u0142\u0105czeniu z klasycznymi jeansami na co dzie\u0144.<\/span><\/li>\n<\/ul>","protected":false},"excerpt":{"rendered":"<p>Odkryj nowy wymiar stylu z nasz\u0105 nowoczesn\u0105, skr\u00f3con\u0105 marynark\u0105 Spectrum w g\u0142\u0119bokim odcieniu czekolady. Ten wyj\u0105tkowy fason polskiej marki\u00a0 \u0142\u0105czy elegancj\u0119 z casualow\u0105 swobod\u0105.<\/p>\n<div class=\"otQkpb\" role=\"heading\" aria-level=\"3\" data-animation-nesting=\"\" data-sfc-cp=\"\" data-complete=\"true\" data-processed=\"true\" data-sae=\"\">Cechy produktu:<\/div>\n<ul class=\"KsbFXc U6u95\" data-complete=\"true\" data-processed=\"true\">\n<li data-hveid=\"CAEIBBAA\" data-complete=\"true\" data-sae=\"\"><span class=\"T286Pc\" data-sfc-cp=\"\" data-complete=\"true\"><strong class=\"Yjhzub\" data-complete=\"true\">Nowoczesny kr\u00f3j:<\/strong> Skr\u00f3cony fason typu <em class=\"eujQNb\" data-complete=\"true\">cropped<\/em> idealnie wpisuje si\u0119 w najnowsze trendy.<\/span><\/li>\n<li data-hveid=\"CAEIBBAB\" data-complete=\"true\" data-sae=\"\"><span class=\"T286Pc\" data-sfc-cp=\"\" data-complete=\"true\"><strong class=\"Yjhzub\" data-complete=\"true\">Asymetryczne zapi\u0119cie:<\/strong> Efektowne zapi\u0119cie na dwa ozdobne guziki nadaje marynarce unikalnego charakteru.<\/span><\/li>\n<li data-hveid=\"CAEIBBAC\" data-complete=\"true\" data-sae=\"\"><span class=\"T286Pc\" data-sfc-cp=\"\" data-complete=\"true\"><strong class=\"Yjhzub\" data-complete=\"true\">Bez ko\u0142nierza:<\/strong> Fason bez ko\u0142nierza z delikatnie zarysowanymi ramionami dodaje lekko\u015bci i nowoczesno\u015bci.<\/span><\/li>\n<li data-hveid=\"CAEIBBAD\" data-complete=\"true\" data-sae=\"\"><span class=\"T286Pc\" data-sfc-cp=\"\" data-complete=\"true\"><strong class=\"Yjhzub\" data-complete=\"true\">Kolorystyka:<\/strong> G\u0142\u0119boki odcie\u0144 gorzkiej czekolady, kt\u00f3ry gwarantuje dopasowanie do ka\u017cdej karnacji i \u0142atwo \u0142\u0105czy si\u0119 z innymi kolorami, takimi jak be\u017c, krem, czer\u0144 czy b\u0142\u0119kit.<\/span><\/li>\n<li data-hveid=\"CAEIBBAE\" data-complete=\"true\" data-sae=\"\"><span class=\"T286Pc\" data-sfc-cp=\"\" data-complete=\"true\"><strong class=\"Yjhzub\" data-complete=\"true\">Stylizacje:<\/strong> Doskonale sprawdzi si\u0119 jako element eleganckiego kompletu z szortami, ale te\u017c \u015bwietnie wygl\u0105da w po\u0142\u0105czeniu z klasycznymi jeansami na co dzie\u0144.<\/span><\/li>\n<\/ul>\n<p><strong>Sk\u0142ad: 50% wiskoza 50% bawe\u0142na<\/strong><\/p>\n<table border=\"0\" cellspacing=\"0\">\n<tbody>\n<tr>\n<td colspan=\"3\" align=\"center\" valign=\"middle\"><b>WYMIARY:<\/b><\/td>\n<\/tr>\n<tr>\n<td align=\"center\" valign=\"middle\"><\/td>\n<td align=\"center\" valign=\"middle\">XS\/S<\/td>\n<td align=\"center\" valign=\"middle\">M\/L<\/td>\n<\/tr>\n<tr>\n<td align=\"left\" valign=\"middle\">Klatka<\/td>\n<td align=\"center\" valign=\"middle\">100 cm<\/td>\n<td align=\"center\" valign=\"middle\">106 cm<\/td>\n<\/tr>\n<tr>\n<td align=\"left\" valign=\"middle\">D\u0142ugo\u015b\u0107<\/td>\n<td align=\"center\" valign=\"middle\">42 cm<\/td>\n<td align=\"center\" valign=\"middle\">44 cm<\/td>\n<\/tr>\n<tr>\n<td align=\"left\" valign=\"middle\">D\u0142ugo\u015b\u0107 r\u0119kawa<\/td>\n<td align=\"center\" valign=\"middle\">77 cm<\/td>\n<td align=\"center\" valign=\"middle\">77 cm<\/td>\n<\/tr>\n<\/tbody>\n<\/table>","protected":false},"featured_media":16773,"comment_status":"open","ping_status":"closed","template":"","meta":{"site-sidebar-layout":"default","site-content-layout":"","ast-site-content-layout":"default","site-content-style":"default","site-sidebar-style":"default","ast-global-header-display":"","ast-banner-title-visibility":"","ast-main-header-display":"","ast-hfb-above-header-display":"","ast-hfb-below-header-display":"","ast-hfb-mobile-header-display":"","site-post-title":"","ast-breadcrumbs-content":"","ast-featured-img":"","footer-sml-layout":"","ast-disable-related-posts":"","theme-transparent-header-meta":"default","adv-header-id-meta":"","stick-header-meta":"","header-above-stick-meta":"","header-main-stick-meta":"","header-below-stick-meta":"","astra-migrate-meta-layouts":"set","ast-page-background-enabled":"default","ast-page-background-meta":{"desktop":{"background-color":"var(--ast-global-color-5)","background-image":"","background-repeat":"repeat","background-position":"center center","background-size":"auto","background-attachment":"scroll","background-type":"","background-media":"","overlay-type":"","overlay-color":"","overlay-opacity":"","overlay-gradient":""},"tablet":{"background-color":"","background-image":"","background-repeat":"repeat","background-position":"center center","background-size":"auto","background-attachment":"scroll","background-type":"","background-media":"","overlay-type":"","overlay-color":"","overlay-opacity":"","overlay-gradient":""},"mobile":{"background-color":"","background-image":"","background-repeat":"repeat","background-position":"center center","background-size":"auto","background-attachment":"scroll","background-type":"","background-media":"","overlay-type":"","overlay-color":"","overlay-opacity":"","overlay-gradient":""}},"ast-content-background-meta":{"desktop":{"background-color":"var(--ast-global-color-4)","background-image":"","background-repeat":"repeat","background-position":"center center","background-size":"auto","background-attachment":"scroll","background-type":"","background-media":"","overlay-type":"","overlay-color":"","overlay-opacity":"","overlay-gradient":""},"tablet":{"background-color":"var(--ast-global-color-4)","background-image":"","background-repeat":"repeat","background-position":"center center","background-size":"auto","background-attachment":"scroll","background-type":"","background-media":"","overlay-type":"","overlay-color":"","overlay-opacity":"","overlay-gradient":""},"mobile":{"background-color":"var(--ast-global-color-4)","background-image":"","background-repeat":"repeat","background-position":"center center","background-size":"auto","background-attachment":"scroll","background-type":"","background-media":"","overlay-type":"","overlay-color":"","overlay-opacity":"","overlay-gradient":""}}},"product_brand":[],"product_cat":[371,241,70,69],"product_tag":[1055],"class_list":{"0":"post-16772","1":"product","2":"type-product","3":"status-publish","4":"has-post-thumbnail","6":"product_cat-marynarki","7":"product_cat-moda-damska","8":"product_cat-nowosci","9":"product_cat-odziez-damska","10":"product_tag-marynarka-spectrumbraun-czekoladowamarynarka-krotkamarynarka-croppedblazer-modadamska-polskamarka-stylizacje-fashion-musthave-ootd-elegancja-casualstyle-wybierz-z-najczesciej-uzywanych","11":"desktop-align-left","12":"tablet-align-left","13":"mobile-align-left","15":"first","16":"instock","17":"sold-individually","18":"shipping-taxable","19":"purchasable","20":"product-type-variable"},"_links":{"self":[{"href":"https:\/\/goldendreams.com.pl\/en\/wp-json\/wp\/v2\/product\/16772","targetHints":{"allow":["GET"]}}],"collection":[{"href":"https:\/\/goldendreams.com.pl\/en\/wp-json\/wp\/v2\/product"}],"about":[{"href":"https:\/\/goldendreams.com.pl\/en\/wp-json\/wp\/v2\/types\/product"}],"replies":[{"embeddable":true,"href":"https:\/\/goldendreams.com.pl\/en\/wp-json\/wp\/v2\/comments?post=16772"}],"wp:featuredmedia":[{"embeddable":true,"href":"https:\/\/goldendreams.com.pl\/en\/wp-json\/wp\/v2\/media\/16773"}],"wp:attachment":[{"href":"https:\/\/goldendreams.com.pl\/en\/wp-json\/wp\/v2\/media?parent=16772"}],"wp:term":[{"taxonomy":"product_brand","embeddable":true,"href":"https:\/\/goldendreams.com.pl\/en\/wp-json\/wp\/v2\/product_brand?post=16772"},{"taxonomy":"product_cat","embeddable":true,"href":"https:\/\/goldendreams.com.pl\/en\/wp-json\/wp\/v2\/product_cat?post=16772"},{"taxonomy":"product_tag","embeddable":true,"href":"https:\/\/goldendreams.com.pl\/en\/wp-json\/wp\/v2\/product_tag?post=16772"}],"curies":[{"name":"wp","href":"https:\/\/api.w.org\/{rel}","templated":true}]}}