{"id":16616,"date":"2026-01-08T16:26:57","date_gmt":"2026-01-08T16:26:57","guid":{"rendered":"https:\/\/goldendreams.com.pl\/?post_type=product&#038;p=16616"},"modified":"2026-02-24T16:12:56","modified_gmt":"2026-02-24T16:12:56","slug":"komplet-dresowy-premium-excellence-labalancia-ciemny-bez","status":"publish","type":"product","link":"https:\/\/goldendreams.com.pl\/en\/sklep\/komplet-dresowy-premium-excellence-labalancia-ciemny-bez\/","title":{"rendered":"Komplet Dresowy Premium Excellence &#8211; Ciemny Be\u017c"},"content":{"rendered":"<p>Odkryj kwintesencj\u0119 stylu premium i niezr\u00f3wnanego komfortu z naszym bestsellerowym kompletem dresowym od polskiej marki.\u00a0 \u00a0 \u00a0 \u00a0Ten wyj\u0105tkowy zestaw, sk\u0142adaj\u0105cy si\u0119 z dopasowanej bluzy zapinanej na zamek oraz spodni typu slim-fit, zosta\u0142 zaprojektowany z my\u015bl\u0105 o kobietach ceni\u0105cych sobie elegancj\u0119 w codziennym wydaniu.<\/p>\n<ul>\n<li data-hveid=\"CAEIBhAA\" data-complete=\"true\" data-sae=\"\"><span class=\"T286Pc\" data-sfc-cp=\"\" data-complete=\"true\"><strong class=\"Yjhzub\" data-complete=\"true\">Materia\u0142:<\/strong> Wykonany z wysokiej jako\u015bci, mi\u0119kkiej dzianiny (95% wiskoza, 5% elastan), kt\u00f3ra jest przyjemna dla sk\u00f3ry i zapewnia swobod\u0119 ruch\u00f3w.<\/span><\/li>\n<li data-hveid=\"CAEIBhAB\" data-complete=\"true\" data-sae=\"\"><span class=\"T286Pc\" data-sfc-cp=\"\" data-complete=\"true\"><strong class=\"Yjhzub\" data-complete=\"true\">Design:<\/strong> Elegancki kolor ciemny be\u017c i stylowe, ozdobne z\u0142ote napy nadaj\u0105 ca\u0142o\u015bci luksusowego charakteru.<\/span><\/li>\n<li data-hveid=\"CAEIBhAC\" data-complete=\"true\" data-sae=\"\"><span class=\"T286Pc\" data-sfc-cp=\"\" data-complete=\"true\"><strong class=\"Yjhzub\" data-complete=\"true\">Fason:<\/strong> Bluza z delikatn\u0105 st\u00f3jk\u0105 i elastycznymi \u015bci\u0105gaczami podkre\u015bla tali\u0119, a spodnie idealnie dopasowuj\u0105 si\u0119 do sylwetki.<\/span><\/li>\n<li data-hveid=\"CAEIBhAD\" data-complete=\"true\" data-sae=\"\"><span class=\"T286Pc\" data-sfc-cp=\"\" data-complete=\"true\"><strong class=\"Yjhzub\" data-complete=\"true\">Wszechstronno\u015b\u0107:<\/strong> Idealny do noszenia w ca\u0142o\u015bci jako modna stylizacja miejska ze sneakersami, a tak\u017ce \u015bwietnie komponuje si\u0119 z botkami i p\u0142aszczem na ch\u0142odniejsze dni.<\/span><\/li>\n<\/ul>","protected":false},"excerpt":{"rendered":"<p>Odkryj kwintesencj\u0119 stylu premium i niezr\u00f3wnanego komfortu z naszym bestsellerowym kompletem dresowym od polskiej marki.\u00a0 \u00a0 \u00a0 \u00a0Ten wyj\u0105tkowy zestaw, sk\u0142adaj\u0105cy si\u0119 z dopasowanej bluzy zapinanej na zamek oraz spodni typu slim-fit, zosta\u0142 zaprojektowany z my\u015bl\u0105 o kobietach ceni\u0105cych sobie elegancj\u0119 w codziennym wydaniu.<\/p>\n<ul>\n<li data-hveid=\"CAEIBhAA\" data-complete=\"true\" data-sae=\"\"><span class=\"T286Pc\" data-sfc-cp=\"\" data-complete=\"true\"><strong class=\"Yjhzub\" data-complete=\"true\">Materia\u0142:<\/strong> Wykonany z wysokiej jako\u015bci, mi\u0119kkiej dzianiny (95% wiskoza, 5% elastan), kt\u00f3ra jest przyjemna dla sk\u00f3ry i zapewnia swobod\u0119 ruch\u00f3w.<\/span><\/li>\n<li data-hveid=\"CAEIBhAB\" data-complete=\"true\" data-sae=\"\"><span class=\"T286Pc\" data-sfc-cp=\"\" data-complete=\"true\"><strong class=\"Yjhzub\" data-complete=\"true\">Design:<\/strong> Elegancki kolor ciemny be\u017c i stylowe, ozdobne z\u0142ote napy nadaj\u0105 ca\u0142o\u015bci luksusowego charakteru.<\/span><\/li>\n<li data-hveid=\"CAEIBhAC\" data-complete=\"true\" data-sae=\"\"><span class=\"T286Pc\" data-sfc-cp=\"\" data-complete=\"true\"><strong class=\"Yjhzub\" data-complete=\"true\">Fason:<\/strong> Bluza z delikatn\u0105 st\u00f3jk\u0105 i elastycznymi \u015bci\u0105gaczami podkre\u015bla tali\u0119, a spodnie idealnie dopasowuj\u0105 si\u0119 do sylwetki.<\/span><\/li>\n<li data-hveid=\"CAEIBhAD\" data-complete=\"true\" data-sae=\"\"><span class=\"T286Pc\" data-sfc-cp=\"\" data-complete=\"true\"><strong class=\"Yjhzub\" data-complete=\"true\">Wszechstronno\u015b\u0107:<\/strong> Idealny do noszenia w ca\u0142o\u015bci jako modna stylizacja miejska ze sneakersami, a tak\u017ce \u015bwietnie komponuje si\u0119 z botkami i p\u0142aszczem na ch\u0142odniejsze dni.<\/span><\/li>\n<\/ul>\n<p>BLUZA<\/p>\n<table class=\"table table-bordered\">\n<tbody>\n<tr>\n<td><\/td>\n<td>D\u0142ugo\u015b\u0107<\/td>\n<td>Szeroko\u015b\u0107 pod pachami<\/td>\n<td>D\u0142ugo\u015b\u0107 r\u0119kawa<\/td>\n<\/tr>\n<tr>\n<td>XS\/S<\/td>\n<td>47cm<\/td>\n<td>48 x2 cm<\/td>\n<td>59 cm<\/td>\n<\/tr>\n<tr>\n<td>M\/L<\/td>\n<td>48cm<\/td>\n<td>50 x2 cm<\/td>\n<td>59 cm<\/td>\n<\/tr>\n<tr>\n<td>L\/XL<\/td>\n<td>53cm<\/td>\n<td>53 x2 cm<\/td>\n<td>59 cm<\/td>\n<\/tr>\n<\/tbody>\n<\/table>\n<p>&nbsp;<\/p>\n<div>SPODNIE<\/div>\n<div><\/div>\n<div>\n<table class=\"table table-bordered\">\n<tbody>\n<tr>\n<td><\/td>\n<td>D\u0142ugo\u015b\u0107<\/td>\n<td>Szeroko\u015b\u0107 w pasie<\/td>\n<\/tr>\n<tr>\n<td>XS\/S<\/td>\n<td>91 cm<\/td>\n<td>31-40 x2 cm<\/td>\n<\/tr>\n<tr>\n<td>M\/L<\/td>\n<td>92 cm<\/td>\n<td>33-44 x2 cm<\/td>\n<\/tr>\n<tr>\n<td>L\/XL<\/td>\n<td>93 cm<\/td>\n<td>35-45 x2 cm<\/td>\n<\/tr>\n<\/tbody>\n<\/table>\n<\/div>","protected":false},"featured_media":16617,"comment_status":"open","ping_status":"closed","template":"","meta":{"site-sidebar-layout":"default","site-content-layout":"","ast-site-content-layout":"default","site-content-style":"default","site-sidebar-style":"default","ast-global-header-display":"","ast-banner-title-visibility":"","ast-main-header-display":"","ast-hfb-above-header-display":"","ast-hfb-below-header-display":"","ast-hfb-mobile-header-display":"","site-post-title":"","ast-breadcrumbs-content":"","ast-featured-img":"","footer-sml-layout":"","ast-disable-related-posts":"","theme-transparent-header-meta":"default","adv-header-id-meta":"","stick-header-meta":"","header-above-stick-meta":"","header-main-stick-meta":"","header-below-stick-meta":"","astra-migrate-meta-layouts":"set","ast-page-background-enabled":"default","ast-page-background-meta":{"desktop":{"background-color":"var(--ast-global-color-5)","background-image":"","background-repeat":"repeat","background-position":"center center","background-size":"auto","background-attachment":"scroll","background-type":"","background-media":"","overlay-type":"","overlay-color":"","overlay-opacity":"","overlay-gradient":""},"tablet":{"background-color":"","background-image":"","background-repeat":"repeat","background-position":"center center","background-size":"auto","background-attachment":"scroll","background-type":"","background-media":"","overlay-type":"","overlay-color":"","overlay-opacity":"","overlay-gradient":""},"mobile":{"background-color":"","background-image":"","background-repeat":"repeat","background-position":"center center","background-size":"auto","background-attachment":"scroll","background-type":"","background-media":"","overlay-type":"","overlay-color":"","overlay-opacity":"","overlay-gradient":""}},"ast-content-background-meta":{"desktop":{"background-color":"var(--ast-global-color-4)","background-image":"","background-repeat":"repeat","background-position":"center center","background-size":"auto","background-attachment":"scroll","background-type":"","background-media":"","overlay-type":"","overlay-color":"","overlay-opacity":"","overlay-gradient":""},"tablet":{"background-color":"var(--ast-global-color-4)","background-image":"","background-repeat":"repeat","background-position":"center center","background-size":"auto","background-attachment":"scroll","background-type":"","background-media":"","overlay-type":"","overlay-color":"","overlay-opacity":"","overlay-gradient":""},"mobile":{"background-color":"var(--ast-global-color-4)","background-image":"","background-repeat":"repeat","background-position":"center center","background-size":"auto","background-attachment":"scroll","background-type":"","background-media":"","overlay-type":"","overlay-color":"","overlay-opacity":"","overlay-gradient":""}}},"product_brand":[],"product_cat":[93,77,241],"product_tag":[1062],"class_list":{"0":"post-16616","1":"product","2":"type-product","3":"status-publish","4":"has-post-thumbnail","6":"product_cat-dresy","7":"product_cat-komplet","8":"product_cat-moda-damska","9":"product_tag-premiumexcellence-kompletdresowy-dresdamski-ciemnybez-modapremium-stylizacjamiejska-zloteguziki-wygodastylu-polskiprodukelegancjanacodzien","10":"desktop-align-left","11":"tablet-align-left","12":"mobile-align-left","14":"first","15":"instock","16":"sold-individually","17":"shipping-taxable","18":"purchasable","19":"product-type-variable"},"_links":{"self":[{"href":"https:\/\/goldendreams.com.pl\/en\/wp-json\/wp\/v2\/product\/16616","targetHints":{"allow":["GET"]}}],"collection":[{"href":"https:\/\/goldendreams.com.pl\/en\/wp-json\/wp\/v2\/product"}],"about":[{"href":"https:\/\/goldendreams.com.pl\/en\/wp-json\/wp\/v2\/types\/product"}],"replies":[{"embeddable":true,"href":"https:\/\/goldendreams.com.pl\/en\/wp-json\/wp\/v2\/comments?post=16616"}],"wp:featuredmedia":[{"embeddable":true,"href":"https:\/\/goldendreams.com.pl\/en\/wp-json\/wp\/v2\/media\/16617"}],"wp:attachment":[{"href":"https:\/\/goldendreams.com.pl\/en\/wp-json\/wp\/v2\/media?parent=16616"}],"wp:term":[{"taxonomy":"product_brand","embeddable":true,"href":"https:\/\/goldendreams.com.pl\/en\/wp-json\/wp\/v2\/product_brand?post=16616"},{"taxonomy":"product_cat","embeddable":true,"href":"https:\/\/goldendreams.com.pl\/en\/wp-json\/wp\/v2\/product_cat?post=16616"},{"taxonomy":"product_tag","embeddable":true,"href":"https:\/\/goldendreams.com.pl\/en\/wp-json\/wp\/v2\/product_tag?post=16616"}],"curies":[{"name":"wp","href":"https:\/\/api.w.org\/{rel}","templated":true}]}}