{"id":16502,"date":"2025-12-22T14:43:14","date_gmt":"2025-12-22T14:43:14","guid":{"rendered":"https:\/\/goldendreams.com.pl\/?post_type=product&#038;p=16502"},"modified":"2025-12-22T14:45:05","modified_gmt":"2025-12-22T14:45:05","slug":"16502","status":"publish","type":"product","link":"https:\/\/goldendreams.com.pl\/en\/sklep\/16502\/","title":{"rendered":"Kombinezon czarny z bolerkiem"},"content":{"rendered":"<div data-subtree=\"aimfl\" data-complete=\"true\" data-processed=\"true\">Odkryj elegancj\u0119 i nowoczesny styl z naszym dwucz\u0119\u015bciowym zestawem: kombinezon i bolerko w kolorze klasycznej czerni.<\/div>\n<div data-subtree=\"aimfl\" data-complete=\"true\" data-processed=\"true\">Dopasowany kombinezon bez rami\u0105czek z modnymi wyci\u0119ciami w talii doskonale modeluje sylwetk\u0119, a rozszerzane nogawki optycznie j\u0105 wyd\u0142u\u017caj\u0105. W komplecie znajduje si\u0119 stylowe bolerko z d\u0142ugim r\u0119kawem i golfem, co pozwala na r\u00f3\u017cnorodn\u0105 stylizacj\u0119.<\/div>\n<div data-subtree=\"aimfl\" data-complete=\"true\" data-processed=\"true\">Wykonany z elastycznego, przyjemnego materia\u0142u, idealny na wieczorne wyj\u015bcia, imprezy czy specjalne okazje.<\/div>","protected":false},"excerpt":{"rendered":"<div data-subtree=\"aimfl\" data-complete=\"true\" data-processed=\"true\">Odkryj elegancj\u0119 i nowoczesny styl z naszym dwucz\u0119\u015bciowym zestawem: kombinezon i bolerko w kolorze klasycznej czerni.<\/div>\n<div data-subtree=\"aimfl\" data-complete=\"true\" data-processed=\"true\">Dopasowany kombinezon bez rami\u0105czek z modnymi wyci\u0119ciami w talii doskonale modeluje sylwetk\u0119, a rozszerzane nogawki optycznie j\u0105 wyd\u0142u\u017caj\u0105. W komplecie znajduje si\u0119 stylowe bolerko z d\u0142ugim r\u0119kawem i golfem, co pozwala na r\u00f3\u017cnorodn\u0105 stylizacj\u0119.<\/div>\n<div data-subtree=\"aimfl\" data-complete=\"true\" data-processed=\"true\">Wykonany z elastycznego, przyjemnego materia\u0142u, idealny na wieczorne wyj\u015bcia, imprezy czy specjalne okazje.<\/div>\n<div data-subtree=\"aimfl\" data-complete=\"true\" data-processed=\"true\">\n<p>Bolerko<br \/>\nD\u0142ugo\u015b\u0107 ca\u0142kowita: 25 cm<br \/>\nSzeroko\u015b\u0107 od ramienia do ramienia: 42 cm<br \/>\nD\u0142ugo\u015b\u0107 r\u0119kawa: 52 cm<\/p>\n<p>Kombinezon<br \/>\nD\u0142ugo\u015b\u0107 ca\u0142kowita: 132 cm<br \/>\nSzeroko\u015b\u0107 w biu\u015bcie: 36 cm x2<br \/>\nSzeroko\u015b\u0107 w talii: 30 cm x2<br \/>\nSzeroko\u015b\u0107 w biodrach: 40 cm x2<br \/>\nD\u0142ugo\u015b\u0107 nogawki: 80 cm<\/p>\n<p>Produkt mierzony na p\u0142asko. Wymiary +\/-2 cm<\/p>\n<\/div>","protected":false},"featured_media":16507,"comment_status":"open","ping_status":"closed","template":"","meta":{"site-sidebar-layout":"default","site-content-layout":"","ast-site-content-layout":"default","site-content-style":"default","site-sidebar-style":"default","ast-global-header-display":"","ast-banner-title-visibility":"","ast-main-header-display":"","ast-hfb-above-header-display":"","ast-hfb-below-header-display":"","ast-hfb-mobile-header-display":"","site-post-title":"","ast-breadcrumbs-content":"","ast-featured-img":"","footer-sml-layout":"","ast-disable-related-posts":"","theme-transparent-header-meta":"default","adv-header-id-meta":"","stick-header-meta":"","header-above-stick-meta":"","header-main-stick-meta":"","header-below-stick-meta":"","astra-migrate-meta-layouts":"set","ast-page-background-enabled":"default","ast-page-background-meta":{"desktop":{"background-color":"var(--ast-global-color-5)","background-image":"","background-repeat":"repeat","background-position":"center center","background-size":"auto","background-attachment":"scroll","background-type":"","background-media":"","overlay-type":"","overlay-color":"","overlay-opacity":"","overlay-gradient":""},"tablet":{"background-color":"","background-image":"","background-repeat":"repeat","background-position":"center center","background-size":"auto","background-attachment":"scroll","background-type":"","background-media":"","overlay-type":"","overlay-color":"","overlay-opacity":"","overlay-gradient":""},"mobile":{"background-color":"","background-image":"","background-repeat":"repeat","background-position":"center center","background-size":"auto","background-attachment":"scroll","background-type":"","background-media":"","overlay-type":"","overlay-color":"","overlay-opacity":"","overlay-gradient":""}},"ast-content-background-meta":{"desktop":{"background-color":"var(--ast-global-color-4)","background-image":"","background-repeat":"repeat","background-position":"center center","background-size":"auto","background-attachment":"scroll","background-type":"","background-media":"","overlay-type":"","overlay-color":"","overlay-opacity":"","overlay-gradient":""},"tablet":{"background-color":"var(--ast-global-color-4)","background-image":"","background-repeat":"repeat","background-position":"center center","background-size":"auto","background-attachment":"scroll","background-type":"","background-media":"","overlay-type":"","overlay-color":"","overlay-opacity":"","overlay-gradient":""},"mobile":{"background-color":"var(--ast-global-color-4)","background-image":"","background-repeat":"repeat","background-position":"center center","background-size":"auto","background-attachment":"scroll","background-type":"","background-media":"","overlay-type":"","overlay-color":"","overlay-opacity":"","overlay-gradient":""}}},"product_brand":[],"product_cat":[80,77,241,69,26],"product_tag":[848],"class_list":{"0":"post-16502","1":"product","2":"type-product","3":"status-publish","4":"has-post-thumbnail","6":"product_cat-kombinezon","7":"product_cat-komplet","8":"product_cat-moda-damska","9":"product_cat-odziez-damska","10":"product_cat-rozmiar-uniwersalny","11":"product_tag-czarnykomplet-kombinezon-bolerko-eleganckidamskikombinezon-stylowylook-modadamska-wyjscie-partyoutfit-dzwony-modenawyciscia-butikonline-musthave","12":"desktop-align-left","13":"tablet-align-left","14":"mobile-align-left","16":"first","17":"instock","18":"sold-individually","19":"shipping-taxable","20":"purchasable","21":"product-type-variable"},"_links":{"self":[{"href":"https:\/\/goldendreams.com.pl\/en\/wp-json\/wp\/v2\/product\/16502","targetHints":{"allow":["GET"]}}],"collection":[{"href":"https:\/\/goldendreams.com.pl\/en\/wp-json\/wp\/v2\/product"}],"about":[{"href":"https:\/\/goldendreams.com.pl\/en\/wp-json\/wp\/v2\/types\/product"}],"replies":[{"embeddable":true,"href":"https:\/\/goldendreams.com.pl\/en\/wp-json\/wp\/v2\/comments?post=16502"}],"wp:featuredmedia":[{"embeddable":true,"href":"https:\/\/goldendreams.com.pl\/en\/wp-json\/wp\/v2\/media\/16507"}],"wp:attachment":[{"href":"https:\/\/goldendreams.com.pl\/en\/wp-json\/wp\/v2\/media?parent=16502"}],"wp:term":[{"taxonomy":"product_brand","embeddable":true,"href":"https:\/\/goldendreams.com.pl\/en\/wp-json\/wp\/v2\/product_brand?post=16502"},{"taxonomy":"product_cat","embeddable":true,"href":"https:\/\/goldendreams.com.pl\/en\/wp-json\/wp\/v2\/product_cat?post=16502"},{"taxonomy":"product_tag","embeddable":true,"href":"https:\/\/goldendreams.com.pl\/en\/wp-json\/wp\/v2\/product_tag?post=16502"}],"curies":[{"name":"wp","href":"https:\/\/api.w.org\/{rel}","templated":true}]}}