{"id":16486,"date":"2025-12-22T13:22:53","date_gmt":"2025-12-22T13:22:53","guid":{"rendered":"https:\/\/goldendreams.com.pl\/?post_type=product&#038;p=16486"},"modified":"2026-02-25T09:36:18","modified_gmt":"2026-02-25T09:36:18","slug":"sukienka-dhalia-braz","status":"publish","type":"product","link":"https:\/\/goldendreams.com.pl\/en\/sklep\/sukienka-dhalia-braz\/","title":{"rendered":"Sukienka DHALIA &#8211; Br\u0105z"},"content":{"rendered":"<p>Podkre\u015bl swoj\u0105 kobieco\u015b\u0107 z nasz\u0105 eleganck\u0105 sukienk\u0105 midi w kolorze g\u0142\u0119bokiego, czekoladowego br\u0105zu, stworzon\u0105 z my\u015bl\u0105 o wyj\u0105tkowych okazjach i codziennym szyku.<\/p>\n<div class=\"Y3BBE\" data-sfc-cp=\"\" data-hveid=\"CAEIBRAA\" data-complete=\"true\" data-processed=\"true\"><strong class=\"Yjhzub\" data-complete=\"true\" data-processed=\"true\">Cechy produktu:<\/strong><\/div>\n<ul class=\"KsbFXc U6u95\" data-complete=\"true\" data-processed=\"true\">\n<li data-hveid=\"CAEIBhAA\" data-complete=\"true\" data-sae=\"\"><span class=\"T286Pc\" data-sfc-cp=\"\" data-complete=\"true\"><strong class=\"Yjhzub\" data-complete=\"true\">Fason:<\/strong> Dopasowany, o\u0142\u00f3wkowy kr\u00f3j midi z kobiecym rozci\u0119ciem z boku, kt\u00f3ry pi\u0119knie eksponuje nogi.<\/span><\/li>\n<li data-hveid=\"CAEIBhAB\" data-complete=\"true\" data-sae=\"\"><span class=\"T286Pc\" data-sfc-cp=\"\" data-complete=\"true\"><strong class=\"Yjhzub\" data-complete=\"true\">Materia\u0142:<\/strong> Wykonana z mi\u0119kkiej, elastycznej i wysokiej jako\u015bci wiskozy (95% wiskoza, 5% elastan), kt\u00f3ra zapewnia niezr\u00f3wnany komfort noszenia i idealne dopasowanie do sylwetki.<\/span><\/li>\n<li data-hveid=\"CAEIBhAC\" data-complete=\"true\" data-sae=\"\"><span class=\"T286Pc\" data-sfc-cp=\"\" data-complete=\"true\"><strong class=\"Yjhzub\" data-complete=\"true\">Detale:<\/strong> D\u0142ugie r\u0119kawy z eleganckimi zak\u0142adkami na ramionach dodaj\u0105 szyku, a sprytne marszczenie w okolicy talii i brzucha maskuje niedoskona\u0142o\u015bci oraz podkre\u015bla figur\u0119.<\/span><\/li>\n<li data-hveid=\"CAEIBhAD\" data-complete=\"true\" data-sae=\"\"><span class=\"T286Pc\" data-sfc-cp=\"\" data-complete=\"true\"><strong class=\"Yjhzub\" data-complete=\"true\">Uniwersalno\u015b\u0107:<\/strong> Sukienka sprawdzi si\u0119 idealnie na przyj\u0119cie, randk\u0119, wieczorne wyj\u015bcie, a tak\u017ce jako stylowa baza do pracy, w po\u0142\u0105czeniu z klasycznymi szpilkami lub botkami.<\/span><\/li>\n<\/ul>","protected":false},"excerpt":{"rendered":"<p>Podkre\u015bl swoj\u0105 kobieco\u015b\u0107 z nasz\u0105 eleganck\u0105 sukienk\u0105 midi w kolorze g\u0142\u0119bokiego, czekoladowego br\u0105zu, stworzon\u0105 z my\u015bl\u0105 o wyj\u0105tkowych okazjach i codziennym szyku.<\/p>\n<div class=\"Y3BBE\" data-sfc-cp=\"\" data-hveid=\"CAEIBRAA\" data-complete=\"true\" data-processed=\"true\"><strong class=\"Yjhzub\" data-complete=\"true\" data-processed=\"true\">Cechy produktu:<\/strong><\/div>\n<ul class=\"KsbFXc U6u95\" data-complete=\"true\" data-processed=\"true\">\n<li data-hveid=\"CAEIBhAA\" data-complete=\"true\" data-sae=\"\"><span class=\"T286Pc\" data-sfc-cp=\"\" data-complete=\"true\"><strong class=\"Yjhzub\" data-complete=\"true\">Fason:<\/strong> Dopasowany, o\u0142\u00f3wkowy kr\u00f3j midi z kobiecym rozci\u0119ciem z boku, kt\u00f3ry pi\u0119knie eksponuje nogi.<\/span><\/li>\n<li data-hveid=\"CAEIBhAB\" data-complete=\"true\" data-sae=\"\"><span class=\"T286Pc\" data-sfc-cp=\"\" data-complete=\"true\"><strong class=\"Yjhzub\" data-complete=\"true\">Materia\u0142:<\/strong> Wykonana z mi\u0119kkiej, elastycznej i wysokiej jako\u015bci wiskozy (95% wiskoza, 5% elastan), kt\u00f3ra zapewnia niezr\u00f3wnany komfort noszenia i idealne dopasowanie do sylwetki.<\/span><\/li>\n<li data-hveid=\"CAEIBhAC\" data-complete=\"true\" data-sae=\"\"><span class=\"T286Pc\" data-sfc-cp=\"\" data-complete=\"true\"><strong class=\"Yjhzub\" data-complete=\"true\">Detale:<\/strong> D\u0142ugie r\u0119kawy z eleganckimi zak\u0142adkami na ramionach dodaj\u0105 szyku, a sprytne marszczenie w okolicy talii i brzucha maskuje niedoskona\u0142o\u015bci oraz podkre\u015bla figur\u0119.<\/span><\/li>\n<li data-hveid=\"CAEIBhAD\" data-complete=\"true\" data-sae=\"\"><span class=\"T286Pc\" data-sfc-cp=\"\" data-complete=\"true\"><strong class=\"Yjhzub\" data-complete=\"true\">Uniwersalno\u015b\u0107:<\/strong> Sukienka sprawdzi si\u0119 idealnie na przyj\u0119cie, randk\u0119, wieczorne wyj\u015bcie, a tak\u017ce jako stylowa baza do pracy, w po\u0142\u0105czeniu z klasycznymi szpilkami lub botkami.<\/span><\/li>\n<\/ul>\n<table class=\"table table-bordered\">\n<tbody>\n<tr>\n<td><\/td>\n<td>D\u0142ugo\u015b\u0107<\/td>\n<td>Szeroko\u015b\u0107 pod pachami<\/td>\n<td>Szeroko\u015b\u0107 w biodrach<\/td>\n<td>D\u0142ugo\u015b\u0107 r\u0119kawa<\/td>\n<\/tr>\n<tr>\n<td>XS\/S<\/td>\n<td>118 cm<\/td>\n<td>41 x2 cm<\/td>\n<td>42 x2 cm<\/td>\n<td>64 cm<\/td>\n<\/tr>\n<tr>\n<td>M\/L<\/td>\n<td>119 cm<\/td>\n<td>44 x2 cm<\/td>\n<td>45 x2 cm<\/td>\n<td>64 cm<\/td>\n<\/tr>\n<\/tbody>\n<\/table>","protected":false},"featured_media":16488,"comment_status":"open","ping_status":"closed","template":"","meta":{"site-sidebar-layout":"default","site-content-layout":"","ast-site-content-layout":"default","site-content-style":"default","site-sidebar-style":"default","ast-global-header-display":"","ast-banner-title-visibility":"","ast-main-header-display":"","ast-hfb-above-header-display":"","ast-hfb-below-header-display":"","ast-hfb-mobile-header-display":"","site-post-title":"","ast-breadcrumbs-content":"","ast-featured-img":"","footer-sml-layout":"","ast-disable-related-posts":"","theme-transparent-header-meta":"default","adv-header-id-meta":"","stick-header-meta":"","header-above-stick-meta":"","header-main-stick-meta":"","header-below-stick-meta":"","astra-migrate-meta-layouts":"set","ast-page-background-enabled":"default","ast-page-background-meta":{"desktop":{"background-color":"var(--ast-global-color-5)","background-image":"","background-repeat":"repeat","background-position":"center center","background-size":"auto","background-attachment":"scroll","background-type":"","background-media":"","overlay-type":"","overlay-color":"","overlay-opacity":"","overlay-gradient":""},"tablet":{"background-color":"","background-image":"","background-repeat":"repeat","background-position":"center center","background-size":"auto","background-attachment":"scroll","background-type":"","background-media":"","overlay-type":"","overlay-color":"","overlay-opacity":"","overlay-gradient":""},"mobile":{"background-color":"","background-image":"","background-repeat":"repeat","background-position":"center center","background-size":"auto","background-attachment":"scroll","background-type":"","background-media":"","overlay-type":"","overlay-color":"","overlay-opacity":"","overlay-gradient":""}},"ast-content-background-meta":{"desktop":{"background-color":"var(--ast-global-color-4)","background-image":"","background-repeat":"repeat","background-position":"center center","background-size":"auto","background-attachment":"scroll","background-type":"","background-media":"","overlay-type":"","overlay-color":"","overlay-opacity":"","overlay-gradient":""},"tablet":{"background-color":"var(--ast-global-color-4)","background-image":"","background-repeat":"repeat","background-position":"center center","background-size":"auto","background-attachment":"scroll","background-type":"","background-media":"","overlay-type":"","overlay-color":"","overlay-opacity":"","overlay-gradient":""},"mobile":{"background-color":"var(--ast-global-color-4)","background-image":"","background-repeat":"repeat","background-position":"center center","background-size":"auto","background-attachment":"scroll","background-type":"","background-media":"","overlay-type":"","overlay-color":"","overlay-opacity":"","overlay-gradient":""}}},"product_brand":[],"product_cat":[241,59,453,159],"product_tag":[845],"class_list":{"0":"post-16486","1":"product","2":"type-product","3":"status-publish","4":"has-post-thumbnail","6":"product_cat-moda-damska","7":"product_cat-sukienki","8":"product_cat-sukienki-czekoladowe-i-brazowe","9":"product_cat-sukienki-midi","10":"product_tag-sukienkadhalia-labalancia-czekoladowasukienka-olowkowasukienka-dopasowanasukienka-marszczenia-sukienkazrozcieciem-wiskoza-madeinpoland","11":"desktop-align-left","12":"tablet-align-left","13":"mobile-align-left","15":"first","16":"instock","17":"sold-individually","18":"shipping-taxable","19":"purchasable","20":"product-type-variable"},"_links":{"self":[{"href":"https:\/\/goldendreams.com.pl\/en\/wp-json\/wp\/v2\/product\/16486","targetHints":{"allow":["GET"]}}],"collection":[{"href":"https:\/\/goldendreams.com.pl\/en\/wp-json\/wp\/v2\/product"}],"about":[{"href":"https:\/\/goldendreams.com.pl\/en\/wp-json\/wp\/v2\/types\/product"}],"replies":[{"embeddable":true,"href":"https:\/\/goldendreams.com.pl\/en\/wp-json\/wp\/v2\/comments?post=16486"}],"wp:featuredmedia":[{"embeddable":true,"href":"https:\/\/goldendreams.com.pl\/en\/wp-json\/wp\/v2\/media\/16488"}],"wp:attachment":[{"href":"https:\/\/goldendreams.com.pl\/en\/wp-json\/wp\/v2\/media?parent=16486"}],"wp:term":[{"taxonomy":"product_brand","embeddable":true,"href":"https:\/\/goldendreams.com.pl\/en\/wp-json\/wp\/v2\/product_brand?post=16486"},{"taxonomy":"product_cat","embeddable":true,"href":"https:\/\/goldendreams.com.pl\/en\/wp-json\/wp\/v2\/product_cat?post=16486"},{"taxonomy":"product_tag","embeddable":true,"href":"https:\/\/goldendreams.com.pl\/en\/wp-json\/wp\/v2\/product_tag?post=16486"}],"curies":[{"name":"wp","href":"https:\/\/api.w.org\/{rel}","templated":true}]}}