{"id":16373,"date":"2025-12-20T14:32:02","date_gmt":"2025-12-20T14:32:02","guid":{"rendered":"https:\/\/goldendreams.com.pl\/?post_type=product&#038;p=16373"},"modified":"2025-12-20T16:01:22","modified_gmt":"2025-12-20T16:01:22","slug":"bordowa-welurowa-sukienka-midi-z-cekinami","status":"publish","type":"product","link":"https:\/\/goldendreams.com.pl\/en\/sklep\/bordowa-welurowa-sukienka-midi-z-cekinami\/","title":{"rendered":"Bordowa welurowa sukienka midi z cekinami"},"content":{"rendered":"<p>&nbsp;<\/p>\n<div class=\"Y3BBE\" data-sfc-cp=\"\" data-hveid=\"CAEIAxAA\" data-processed=\"true\" data-complete=\"true\">Ol\u015bnij blaskiem w naszej wyj\u0105tkowej, bordowej sukience midi!<\/div>\n<div class=\"Y3BBE\" data-sfc-cp=\"\" data-hveid=\"CAEIAxAA\" data-processed=\"true\" data-complete=\"true\">Ten model to kwintesencja elegancji w nowoczesnym wydaniu. Dopasowany kr\u00f3j pi\u0119knie podkre\u015bla sylwetk\u0119, a g\u0119sto naszyte, mieni\u0105ce si\u0119 cekiny na mi\u0119kkim, elastycznym welurze sprawi\u0105, \u017ce nie przejdziesz niezauwa\u017cona.<\/div>\n<div class=\"Y3BBE\" data-sfc-cp=\"\" data-hveid=\"CAEIAxAA\" data-processed=\"true\" data-complete=\"true\">Sukienka\u00a0jest bez r\u0119kaw\u00f3w, co nadaje jej klasy i pozwala wyeksponowa\u0107 ramiona. Idealna na Sylwestra, wesele, bankiet czy ka\u017cd\u0105 inn\u0105 okazj\u0119, kt\u00f3ra wymaga spektakularnego wygl\u0105du.<\/div>\n<div data-sfc-cp=\"\" data-hveid=\"CAEIAxAA\" data-processed=\"true\" data-complete=\"true\"><\/div>","protected":false},"excerpt":{"rendered":"<div class=\"Y3BBE\" data-sfc-cp=\"\" data-hveid=\"CAEIAxAA\" data-processed=\"true\" data-complete=\"true\">Ol\u015bnij blaskiem w naszej wyj\u0105tkowej, bordowej sukience midi!<\/div>\n<div class=\"Y3BBE\" data-sfc-cp=\"\" data-hveid=\"CAEIAxAA\" data-processed=\"true\" data-complete=\"true\">Ten model to kwintesencja elegancji w nowoczesnym wydaniu. Dopasowany kr\u00f3j pi\u0119knie podkre\u015bla sylwetk\u0119, a g\u0119sto naszyte, mieni\u0105ce si\u0119 cekiny na mi\u0119kkim, elastycznym welurze sprawi\u0105, \u017ce nie przejdziesz niezauwa\u017cona.<\/div>\n<div class=\"Y3BBE\" data-sfc-cp=\"\" data-hveid=\"CAEIAxAA\" data-processed=\"true\" data-complete=\"true\">Sukienka\u00a0jest bez r\u0119kaw\u00f3w, co nadaje jej klasy i pozwala wyeksponowa\u0107 ramiona. Idealna na Sylwestra, wesele, bankiet czy ka\u017cd\u0105 inn\u0105 okazj\u0119, kt\u00f3ra wymaga spektakularnego wygl\u0105du.<\/div>\n<p><strong>Wymiary:<\/strong><\/p>\n<p>D\u0141UGO\u015a\u0106 CA\u0141KOWITA | 116 cm<\/p>\n<p>SZEROKO\u015a\u0106 W BIU\u015aCIE | 47 cm<\/p>\n<p>SZEROKO\u015a\u0106 W TALII | 41 cm<\/p>\n<p>SZEROKO\u015a\u0106 W BIODRACH | 48 cm<\/p>","protected":false},"featured_media":16374,"comment_status":"open","ping_status":"closed","template":"","meta":{"site-sidebar-layout":"default","site-content-layout":"","ast-site-content-layout":"default","site-content-style":"default","site-sidebar-style":"default","ast-global-header-display":"","ast-banner-title-visibility":"","ast-main-header-display":"","ast-hfb-above-header-display":"","ast-hfb-below-header-display":"","ast-hfb-mobile-header-display":"","site-post-title":"","ast-breadcrumbs-content":"","ast-featured-img":"","footer-sml-layout":"","ast-disable-related-posts":"","theme-transparent-header-meta":"default","adv-header-id-meta":"","stick-header-meta":"","header-above-stick-meta":"","header-main-stick-meta":"","header-below-stick-meta":"","astra-migrate-meta-layouts":"set","ast-page-background-enabled":"default","ast-page-background-meta":{"desktop":{"background-color":"var(--ast-global-color-5)","background-image":"","background-repeat":"repeat","background-position":"center center","background-size":"auto","background-attachment":"scroll","background-type":"","background-media":"","overlay-type":"","overlay-color":"","overlay-opacity":"","overlay-gradient":""},"tablet":{"background-color":"","background-image":"","background-repeat":"repeat","background-position":"center center","background-size":"auto","background-attachment":"scroll","background-type":"","background-media":"","overlay-type":"","overlay-color":"","overlay-opacity":"","overlay-gradient":""},"mobile":{"background-color":"","background-image":"","background-repeat":"repeat","background-position":"center center","background-size":"auto","background-attachment":"scroll","background-type":"","background-media":"","overlay-type":"","overlay-color":"","overlay-opacity":"","overlay-gradient":""}},"ast-content-background-meta":{"desktop":{"background-color":"var(--ast-global-color-4)","background-image":"","background-repeat":"repeat","background-position":"center center","background-size":"auto","background-attachment":"scroll","background-type":"","background-media":"","overlay-type":"","overlay-color":"","overlay-opacity":"","overlay-gradient":""},"tablet":{"background-color":"var(--ast-global-color-4)","background-image":"","background-repeat":"repeat","background-position":"center center","background-size":"auto","background-attachment":"scroll","background-type":"","background-media":"","overlay-type":"","overlay-color":"","overlay-opacity":"","overlay-gradient":""},"mobile":{"background-color":"var(--ast-global-color-4)","background-image":"","background-repeat":"repeat","background-position":"center center","background-size":"auto","background-attachment":"scroll","background-type":"","background-media":"","overlay-type":"","overlay-color":"","overlay-opacity":"","overlay-gradient":""}}},"product_brand":[],"product_cat":[185,26,809,159,172,174,817,171],"product_tag":[825],"class_list":{"0":"post-16373","1":"product","2":"type-product","3":"status-publish","4":"has-post-thumbnail","6":"product_cat-bordowe-sukienki","7":"product_cat-rozmiar-uniwersalny","8":"product_cat-sukienki-cekinowe","9":"product_cat-sukienki-midi","10":"product_cat-sukienki-na-studniowke","11":"product_cat-sukienki-na-sylwestra","12":"product_cat-sukienki-welurowe","13":"product_cat-sukienki-wieczorowe","14":"product_tag-welurowasukienka-cekiny-bordowasukienka-okazjonalna-glamour-stylizacja-midi","15":"desktop-align-left","16":"tablet-align-left","17":"mobile-align-left","19":"first","20":"instock","21":"sold-individually","22":"shipping-taxable","23":"purchasable","24":"product-type-variable"},"_links":{"self":[{"href":"https:\/\/goldendreams.com.pl\/en\/wp-json\/wp\/v2\/product\/16373","targetHints":{"allow":["GET"]}}],"collection":[{"href":"https:\/\/goldendreams.com.pl\/en\/wp-json\/wp\/v2\/product"}],"about":[{"href":"https:\/\/goldendreams.com.pl\/en\/wp-json\/wp\/v2\/types\/product"}],"replies":[{"embeddable":true,"href":"https:\/\/goldendreams.com.pl\/en\/wp-json\/wp\/v2\/comments?post=16373"}],"wp:featuredmedia":[{"embeddable":true,"href":"https:\/\/goldendreams.com.pl\/en\/wp-json\/wp\/v2\/media\/16374"}],"wp:attachment":[{"href":"https:\/\/goldendreams.com.pl\/en\/wp-json\/wp\/v2\/media?parent=16373"}],"wp:term":[{"taxonomy":"product_brand","embeddable":true,"href":"https:\/\/goldendreams.com.pl\/en\/wp-json\/wp\/v2\/product_brand?post=16373"},{"taxonomy":"product_cat","embeddable":true,"href":"https:\/\/goldendreams.com.pl\/en\/wp-json\/wp\/v2\/product_cat?post=16373"},{"taxonomy":"product_tag","embeddable":true,"href":"https:\/\/goldendreams.com.pl\/en\/wp-json\/wp\/v2\/product_tag?post=16373"}],"curies":[{"name":"wp","href":"https:\/\/api.w.org\/{rel}","templated":true}]}}