{"id":15918,"date":"2025-12-05T14:00:10","date_gmt":"2025-12-05T14:00:10","guid":{"rendered":"https:\/\/goldendreams.com.pl\/?post_type=product&#038;p=15918"},"modified":"2026-02-25T10:28:05","modified_gmt":"2026-02-25T10:28:05","slug":"bluzka-elegancka-czekoladowy-braz","status":"publish","type":"product","link":"https:\/\/goldendreams.com.pl\/en\/sklep\/bluzka-elegancka-czekoladowy-braz\/","title":{"rendered":"Bluzka Elegancka Czekoladowy Br\u0105z"},"content":{"rendered":"<div class=\"AdPoic\" role=\"heading\" aria-level=\"3\" data-animation-nesting=\"\" data-sfc-cp=\"\" data-processed=\"true\" data-sae=\"\" data-complete=\"true\">Cechy produktu:<\/div>\n<ul class=\"KsbFXc U6u95\" data-complete=\"true\" data-processed=\"true\">\n<li data-hveid=\"CAEIBRAA\" data-complete=\"true\" data-sae=\"\"><span class=\"T286Pc\" data-sfc-cp=\"\" data-complete=\"true\"><strong class=\"Yjhzub\" data-complete=\"true\">Elegancki design:<\/strong> Klasyczny, prosty fason z dekoltem typu \u0142\u00f3dka, kt\u00f3ry pasuje do ka\u017cdej sylwetki.<\/span><\/li>\n<li data-hveid=\"CAEIBRAB\" data-complete=\"true\" data-sae=\"\"><span class=\"T286Pc\" data-sfc-cp=\"\" data-complete=\"true\"><strong class=\"Yjhzub\" data-complete=\"true\">Bufiaste r\u0119kawy:<\/strong> D\u0142ugie, efektowne r\u0119kawy zako\u0144czone elastycznymi mankietami dodaj\u0105 lekko\u015bci i kobiecego uroku.<\/span><\/li>\n<li data-hveid=\"CAEIBRAC\" data-complete=\"true\" data-sae=\"\"><span class=\"T286Pc\" data-sfc-cp=\"\" data-complete=\"true\"><strong class=\"Yjhzub\" data-complete=\"true\">Wysokiej jako\u015bci materia\u0142:<\/strong> Wykonana z delikatnej, lekko po\u0142yskuj\u0105cej tkaniny, kt\u00f3ra pi\u0119knie uk\u0142ada si\u0119 na ciele i zapewnia komfort noszenia.<\/span><\/li>\n<li data-hveid=\"CAEIBRAD\" data-complete=\"true\" data-sae=\"\"><span class=\"T286Pc\" data-sfc-cp=\"\" data-complete=\"true\"><strong class=\"Yjhzub\" data-complete=\"true\">Uniwersalno\u015b\u0107:<\/strong> Idealna do biura, na spotkania z przyjaci\u00f3\u0142mi, a tak\u017ce na wieczorne wyj\u015bcia \u2013 \u015bwietnie komponuje si\u0119 zar\u00f3wno z eleganckimi spodniami, jak i sp\u00f3dnicami.<\/span><\/li>\n<li data-hveid=\"CAEIBRAE\" data-complete=\"true\" data-sae=\"\"><span class=\"T286Pc\" data-sfc-cp=\"\" data-complete=\"true\"><strong class=\"Yjhzub\" data-complete=\"true\">Polska marka:<\/strong> Produkt polskiej marki, co gwarantuje dba\u0142o\u015b\u0107 o detale i jako\u015b\u0107 wykonania.<\/span><\/li>\n<\/ul>","protected":false},"excerpt":{"rendered":"<div class=\"AdPoic\" role=\"heading\" aria-level=\"3\" data-animation-nesting=\"\" data-sfc-cp=\"\" data-processed=\"true\" data-sae=\"\" data-complete=\"true\">Cechy produktu:<\/div>\n<ul class=\"KsbFXc U6u95\" data-complete=\"true\" data-processed=\"true\">\n<li data-hveid=\"CAEIBRAA\" data-complete=\"true\" data-sae=\"\"><span class=\"T286Pc\" data-sfc-cp=\"\" data-complete=\"true\"><strong class=\"Yjhzub\" data-complete=\"true\">Elegancki design:<\/strong> Klasyczny, prosty fason z dekoltem typu \u0142\u00f3dka, kt\u00f3ry pasuje do ka\u017cdej sylwetki.<\/span><\/li>\n<li data-hveid=\"CAEIBRAB\" data-complete=\"true\" data-sae=\"\"><span class=\"T286Pc\" data-sfc-cp=\"\" data-complete=\"true\"><strong class=\"Yjhzub\" data-complete=\"true\">Bufiaste r\u0119kawy:<\/strong> D\u0142ugie, efektowne r\u0119kawy zako\u0144czone elastycznymi mankietami dodaj\u0105 lekko\u015bci i kobiecego uroku.<\/span><\/li>\n<li data-hveid=\"CAEIBRAC\" data-complete=\"true\" data-sae=\"\"><span class=\"T286Pc\" data-sfc-cp=\"\" data-complete=\"true\"><strong class=\"Yjhzub\" data-complete=\"true\">Wysokiej jako\u015bci materia\u0142:<\/strong> Wykonana z delikatnej, lekko po\u0142yskuj\u0105cej tkaniny, kt\u00f3ra pi\u0119knie uk\u0142ada si\u0119 na ciele i zapewnia komfort noszenia.<\/span><\/li>\n<li data-hveid=\"CAEIBRAD\" data-complete=\"true\" data-sae=\"\"><span class=\"T286Pc\" data-sfc-cp=\"\" data-complete=\"true\"><strong class=\"Yjhzub\" data-complete=\"true\">Uniwersalno\u015b\u0107:<\/strong> Idealna do biura, na spotkania z przyjaci\u00f3\u0142mi, a tak\u017ce na wieczorne wyj\u015bcia \u2013 \u015bwietnie komponuje si\u0119 zar\u00f3wno z eleganckimi spodniami, jak i sp\u00f3dnicami.<\/span><\/li>\n<li data-hveid=\"CAEIBRAE\" data-complete=\"true\" data-sae=\"\"><span class=\"T286Pc\" data-sfc-cp=\"\" data-complete=\"true\"><strong class=\"Yjhzub\" data-complete=\"true\">Polska marka:<\/strong> Produkt polskiej marki, co gwarantuje dba\u0142o\u015b\u0107 o detale i jako\u015b\u0107 wykonania.<\/span><\/li>\n<\/ul>\n<p>&nbsp;<\/p>\n<table>\n<thead>\n<tr>\n<th>Rozmiar<\/th>\n<th>36<\/th>\n<th>38<\/th>\n<th>40<\/th>\n<th>42<\/th>\n<\/tr>\n<\/thead>\n<tbody>\n<tr>\n<td>D\u0142. ca\u0142kowita<\/td>\n<td>61 cm<\/td>\n<td>62 cm<\/td>\n<td>63 cm<\/td>\n<td>64 cm<\/td>\n<\/tr>\n<tr>\n<td>Szer. w biu\u015bcie<\/td>\n<td>45 cm<\/td>\n<td>47 cm<\/td>\n<td>49 cm<\/td>\n<td>50 cm<\/td>\n<\/tr>\n<tr>\n<td>D\u0142. r\u0119kawa<\/td>\n<td>59 cm<\/td>\n<td>60 cm<\/td>\n<td>61 cm<\/td>\n<td>62 cm<\/td>\n<\/tr>\n<\/tbody>\n<\/table>\n<p>Sk\u0142ad materia\u0142u:70% Wiskoza , 30% Poliester<\/p>","protected":false},"featured_media":15920,"comment_status":"open","ping_status":"closed","template":"","meta":{"site-sidebar-layout":"default","site-content-layout":"","ast-site-content-layout":"default","site-content-style":"default","site-sidebar-style":"default","ast-global-header-display":"","ast-banner-title-visibility":"","ast-main-header-display":"","ast-hfb-above-header-display":"","ast-hfb-below-header-display":"","ast-hfb-mobile-header-display":"","site-post-title":"","ast-breadcrumbs-content":"","ast-featured-img":"","footer-sml-layout":"","ast-disable-related-posts":"","theme-transparent-header-meta":"default","adv-header-id-meta":"","stick-header-meta":"","header-above-stick-meta":"","header-main-stick-meta":"","header-below-stick-meta":"","astra-migrate-meta-layouts":"set","ast-page-background-enabled":"default","ast-page-background-meta":{"desktop":{"background-color":"var(--ast-global-color-5)","background-image":"","background-repeat":"repeat","background-position":"center center","background-size":"auto","background-attachment":"scroll","background-type":"","background-media":"","overlay-type":"","overlay-color":"","overlay-opacity":"","overlay-gradient":""},"tablet":{"background-color":"","background-image":"","background-repeat":"repeat","background-position":"center center","background-size":"auto","background-attachment":"scroll","background-type":"","background-media":"","overlay-type":"","overlay-color":"","overlay-opacity":"","overlay-gradient":""},"mobile":{"background-color":"","background-image":"","background-repeat":"repeat","background-position":"center center","background-size":"auto","background-attachment":"scroll","background-type":"","background-media":"","overlay-type":"","overlay-color":"","overlay-opacity":"","overlay-gradient":""}},"ast-content-background-meta":{"desktop":{"background-color":"var(--ast-global-color-4)","background-image":"","background-repeat":"repeat","background-position":"center center","background-size":"auto","background-attachment":"scroll","background-type":"","background-media":"","overlay-type":"","overlay-color":"","overlay-opacity":"","overlay-gradient":""},"tablet":{"background-color":"var(--ast-global-color-4)","background-image":"","background-repeat":"repeat","background-position":"center center","background-size":"auto","background-attachment":"scroll","background-type":"","background-media":"","overlay-type":"","overlay-color":"","overlay-opacity":"","overlay-gradient":""},"mobile":{"background-color":"var(--ast-global-color-4)","background-image":"","background-repeat":"repeat","background-position":"center center","background-size":"auto","background-attachment":"scroll","background-type":"","background-media":"","overlay-type":"","overlay-color":"","overlay-opacity":"","overlay-gradient":""}}},"product_brand":[],"product_cat":[75,241,70],"product_tag":[1079],"class_list":{"0":"post-15918","1":"product","2":"type-product","3":"status-publish","4":"has-post-thumbnail","6":"product_cat-bluzki","7":"product_cat-moda-damska","8":"product_cat-nowosci","9":"product_tag-polskamarka-czekoladowabluzka-bufiasterekawy-modadamska-stylizacje-eleganckabluzka-musthave-nowakolekcja","10":"desktop-align-left","11":"tablet-align-left","12":"mobile-align-left","14":"first","15":"instock","16":"sold-individually","17":"shipping-taxable","18":"purchasable","19":"product-type-variable"},"_links":{"self":[{"href":"https:\/\/goldendreams.com.pl\/en\/wp-json\/wp\/v2\/product\/15918","targetHints":{"allow":["GET"]}}],"collection":[{"href":"https:\/\/goldendreams.com.pl\/en\/wp-json\/wp\/v2\/product"}],"about":[{"href":"https:\/\/goldendreams.com.pl\/en\/wp-json\/wp\/v2\/types\/product"}],"replies":[{"embeddable":true,"href":"https:\/\/goldendreams.com.pl\/en\/wp-json\/wp\/v2\/comments?post=15918"}],"wp:featuredmedia":[{"embeddable":true,"href":"https:\/\/goldendreams.com.pl\/en\/wp-json\/wp\/v2\/media\/15920"}],"wp:attachment":[{"href":"https:\/\/goldendreams.com.pl\/en\/wp-json\/wp\/v2\/media?parent=15918"}],"wp:term":[{"taxonomy":"product_brand","embeddable":true,"href":"https:\/\/goldendreams.com.pl\/en\/wp-json\/wp\/v2\/product_brand?post=15918"},{"taxonomy":"product_cat","embeddable":true,"href":"https:\/\/goldendreams.com.pl\/en\/wp-json\/wp\/v2\/product_cat?post=15918"},{"taxonomy":"product_tag","embeddable":true,"href":"https:\/\/goldendreams.com.pl\/en\/wp-json\/wp\/v2\/product_tag?post=15918"}],"curies":[{"name":"wp","href":"https:\/\/api.w.org\/{rel}","templated":true}]}}