{"id":15251,"date":"2025-11-19T10:40:59","date_gmt":"2025-11-19T10:40:59","guid":{"rendered":"https:\/\/goldendreams.com.pl\/?post_type=product&#038;p=15251"},"modified":"2026-02-25T11:56:37","modified_gmt":"2026-02-25T11:56:37","slug":"15251","status":"publish","type":"product","link":"https:\/\/goldendreams.com.pl\/en\/sklep\/15251\/","title":{"rendered":"Czarna maxi sukienka o kroju syreny z cekinami"},"content":{"rendered":"<p>Zachwycaj na ka\u017cdym kroku w naszej eleganckiej czarnej sukience maxi o fasonie syreny. Ta wyj\u0105tkowa kreacja \u0142\u0105czy w sobie zmys\u0142owo\u015b\u0107 i luksus. G\u00f3ra sukienki to zdobiony, cekinowy gorset z wi\u0105zaniem typu halter na szyi, kt\u00f3ry przyci\u0105ga wzrok swoim blaskiem. D\u00f3\u0142 to dopasowana, satynowa sp\u00f3dnica z subtelnymi marszczeniami, kt\u00f3ra pi\u0119knie uk\u0142ada si\u0119 na sylwetce i delikatnie rozszerza u do\u0142u, tworz\u0105c efekt syreniego ogona. Idealna na bale, wytworne kolacje, studni\u00f3wki czy inne gale, gdzie chcesz zab\u0142ysn\u0105\u0107 i poczu\u0107 si\u0119 jak gwiazda.<\/p>\n<ul>\n<li data-hveid=\"CAEIBRAA\" data-complete=\"true\" data-sae=\"\"><span class=\"T286Pc\" data-sfc-cp=\"\" data-complete=\"true\"><strong class=\"Yjhzub\" data-complete=\"true\">Kolor:<\/strong> Klasyczna czer\u0144<\/span><\/li>\n<li data-hveid=\"CAEIBRAB\" data-complete=\"true\" data-sae=\"\"><span class=\"T286Pc\" data-sfc-cp=\"\" data-complete=\"true\"><strong class=\"Yjhzub\" data-complete=\"true\">Fason:<\/strong> Syrena<\/span><\/li>\n<li data-hveid=\"CAEIBRAC\" data-complete=\"true\" data-sae=\"\"><span class=\"T286Pc\" data-sfc-cp=\"\" data-complete=\"true\"><strong class=\"Yjhzub\" data-complete=\"true\">Dekolt:<\/strong> Halter (wi\u0105zany na szyi)<\/span><\/li>\n<li data-hveid=\"CAEIBRAD\" data-complete=\"true\" data-sae=\"\"><span class=\"T286Pc\" data-sfc-cp=\"\" data-complete=\"true\"><strong class=\"Yjhzub\" data-complete=\"true\">Detale:<\/strong> Cekinowy, zdobiony gorset, satynowa, marszczona sp\u00f3dnica<\/span><\/li>\n<li data-hveid=\"CAEIBRAE\" data-complete=\"true\" data-sae=\"\"><span class=\"T286Pc\" data-sfc-cp=\"\" data-complete=\"true\"><strong class=\"Yjhzub\" data-complete=\"true\">D\u0142ugo\u015b\u0107:<\/strong> Maxi\u00a0<\/span><\/li>\n<\/ul>","protected":false},"excerpt":{"rendered":"<p>Zachwycaj na ka\u017cdym kroku w naszej eleganckiej czarnej sukience maxi o fasonie syreny. Ta wyj\u0105tkowa kreacja \u0142\u0105czy w sobie zmys\u0142owo\u015b\u0107 i luksus. G\u00f3ra sukienki to zdobiony, cekinowy gorset z wi\u0105zaniem typu halter na szyi, kt\u00f3ry przyci\u0105ga wzrok swoim blaskiem. D\u00f3\u0142 to dopasowana, satynowa sp\u00f3dnica z subtelnymi marszczeniami, kt\u00f3ra pi\u0119knie uk\u0142ada si\u0119 na sylwetce i delikatnie rozszerza u do\u0142u, tworz\u0105c efekt syreniego ogona. Idealna na bale, wytworne kolacje, studni\u00f3wki czy inne gale, gdzie chcesz zab\u0142ysn\u0105\u0107 i poczu\u0107 si\u0119 jak gwiazda.<\/p>\n<ul>\n<li data-hveid=\"CAEIBRAA\" data-complete=\"true\" data-sae=\"\"><span class=\"T286Pc\" data-sfc-cp=\"\" data-complete=\"true\"><strong class=\"Yjhzub\" data-complete=\"true\">Kolor:<\/strong> Klasyczna czer\u0144<\/span><\/li>\n<li data-hveid=\"CAEIBRAB\" data-complete=\"true\" data-sae=\"\"><span class=\"T286Pc\" data-sfc-cp=\"\" data-complete=\"true\"><strong class=\"Yjhzub\" data-complete=\"true\">Fason:<\/strong> Syrena<\/span><\/li>\n<li data-hveid=\"CAEIBRAC\" data-complete=\"true\" data-sae=\"\"><span class=\"T286Pc\" data-sfc-cp=\"\" data-complete=\"true\"><strong class=\"Yjhzub\" data-complete=\"true\">Dekolt:<\/strong> Halter (wi\u0105zany na szyi)<\/span><\/li>\n<li data-hveid=\"CAEIBRAD\" data-complete=\"true\" data-sae=\"\"><span class=\"T286Pc\" data-sfc-cp=\"\" data-complete=\"true\"><strong class=\"Yjhzub\" data-complete=\"true\">Detale:<\/strong> Cekinowy, zdobiony gorset, satynowa, marszczona sp\u00f3dnica<\/span><\/li>\n<li data-hveid=\"CAEIBRAE\" data-complete=\"true\" data-sae=\"\"><span class=\"T286Pc\" data-sfc-cp=\"\" data-complete=\"true\"><strong class=\"Yjhzub\" data-complete=\"true\">D\u0142ugo\u015b\u0107:<\/strong> Maxi\u00a0<\/span><\/li>\n<\/ul>\n<p><b>Wymiary: <\/b><\/p>\n<p>D\u0142ugo\u015b\u0107 ca\u0142kowita: 152 cm<br \/>\nObw\u00f3d w biu\u015bcie: od 68 cm do 94 cm<br \/>\nObw\u00f3d w pasie: od 60 cm do 80 cm<br \/>\nObw\u00f3d w biodrach: od 88 cm do 120 cm<\/p>\n<p>Ubrania mierzone na p\u0142asko. Poszczeg\u00f3lne wymiary mog\u0105 r\u00f3\u017cni\u0107 si\u0119 +\/- 2 cm.<\/p>","protected":false},"featured_media":15252,"comment_status":"open","ping_status":"closed","template":"","meta":{"site-sidebar-layout":"default","site-content-layout":"","ast-site-content-layout":"default","site-content-style":"default","site-sidebar-style":"default","ast-global-header-display":"","ast-banner-title-visibility":"","ast-main-header-display":"","ast-hfb-above-header-display":"","ast-hfb-below-header-display":"","ast-hfb-mobile-header-display":"","site-post-title":"","ast-breadcrumbs-content":"","ast-featured-img":"","footer-sml-layout":"","ast-disable-related-posts":"","theme-transparent-header-meta":"default","adv-header-id-meta":"","stick-header-meta":"","header-above-stick-meta":"","header-main-stick-meta":"","header-below-stick-meta":"","astra-migrate-meta-layouts":"set","ast-page-background-enabled":"default","ast-page-background-meta":{"desktop":{"background-color":"var(--ast-global-color-5)","background-image":"","background-repeat":"repeat","background-position":"center center","background-size":"auto","background-attachment":"scroll","background-type":"","background-media":"","overlay-type":"","overlay-color":"","overlay-opacity":"","overlay-gradient":""},"tablet":{"background-color":"","background-image":"","background-repeat":"repeat","background-position":"center center","background-size":"auto","background-attachment":"scroll","background-type":"","background-media":"","overlay-type":"","overlay-color":"","overlay-opacity":"","overlay-gradient":""},"mobile":{"background-color":"","background-image":"","background-repeat":"repeat","background-position":"center center","background-size":"auto","background-attachment":"scroll","background-type":"","background-media":"","overlay-type":"","overlay-color":"","overlay-opacity":"","overlay-gradient":""}},"ast-content-background-meta":{"desktop":{"background-color":"var(--ast-global-color-4)","background-image":"","background-repeat":"repeat","background-position":"center center","background-size":"auto","background-attachment":"scroll","background-type":"","background-media":"","overlay-type":"","overlay-color":"","overlay-opacity":"","overlay-gradient":""},"tablet":{"background-color":"var(--ast-global-color-4)","background-image":"","background-repeat":"repeat","background-position":"center center","background-size":"auto","background-attachment":"scroll","background-type":"","background-media":"","overlay-type":"","overlay-color":"","overlay-opacity":"","overlay-gradient":""},"mobile":{"background-color":"var(--ast-global-color-4)","background-image":"","background-repeat":"repeat","background-position":"center center","background-size":"auto","background-attachment":"scroll","background-type":"","background-media":"","overlay-type":"","overlay-color":"","overlay-opacity":"","overlay-gradient":""}}},"product_brand":[],"product_cat":[71,192,241,26,59,175,172,174],"product_tag":[635],"class_list":{"0":"post-15251","1":"product","2":"type-product","3":"status-publish","4":"has-post-thumbnail","6":"product_cat-bestsellery","7":"product_cat-czarne-sukienki","8":"product_cat-moda-damska","9":"product_cat-rozmiar-uniwersalny","10":"product_cat-sukienki","11":"product_cat-sukienki-na-karnawal","12":"product_cat-sukienki-na-studniowke","13":"product_cat-sukienki-na-sylwestra","14":"product_tag-maxisukienka-czarnasukienka-black-eleganckastylizacja-cekiny-glamour-wyjatkoweokazje-fashion-moda-marszczenia","15":"desktop-align-left","16":"tablet-align-left","17":"mobile-align-left","19":"first","20":"instock","21":"sold-individually","22":"shipping-taxable","23":"purchasable","24":"product-type-variable"},"_links":{"self":[{"href":"https:\/\/goldendreams.com.pl\/en\/wp-json\/wp\/v2\/product\/15251","targetHints":{"allow":["GET"]}}],"collection":[{"href":"https:\/\/goldendreams.com.pl\/en\/wp-json\/wp\/v2\/product"}],"about":[{"href":"https:\/\/goldendreams.com.pl\/en\/wp-json\/wp\/v2\/types\/product"}],"replies":[{"embeddable":true,"href":"https:\/\/goldendreams.com.pl\/en\/wp-json\/wp\/v2\/comments?post=15251"}],"wp:featuredmedia":[{"embeddable":true,"href":"https:\/\/goldendreams.com.pl\/en\/wp-json\/wp\/v2\/media\/15252"}],"wp:attachment":[{"href":"https:\/\/goldendreams.com.pl\/en\/wp-json\/wp\/v2\/media?parent=15251"}],"wp:term":[{"taxonomy":"product_brand","embeddable":true,"href":"https:\/\/goldendreams.com.pl\/en\/wp-json\/wp\/v2\/product_brand?post=15251"},{"taxonomy":"product_cat","embeddable":true,"href":"https:\/\/goldendreams.com.pl\/en\/wp-json\/wp\/v2\/product_cat?post=15251"},{"taxonomy":"product_tag","embeddable":true,"href":"https:\/\/goldendreams.com.pl\/en\/wp-json\/wp\/v2\/product_tag?post=15251"}],"curies":[{"name":"wp","href":"https:\/\/api.w.org\/{rel}","templated":true}]}}