{"id":15225,"date":"2025-11-18T15:52:24","date_gmt":"2025-11-18T15:52:24","guid":{"rendered":"https:\/\/goldendreams.com.pl\/?post_type=product&#038;p=15225"},"modified":"2026-02-25T11:59:25","modified_gmt":"2026-02-25T11:59:25","slug":"czarne-sandaly-na-szpilce","status":"publish","type":"product","link":"https:\/\/goldendreams.com.pl\/en\/sklep\/czarne-sandaly-na-szpilce\/","title":{"rendered":"Czarne sanda\u0142y na szpilce"},"content":{"rendered":"<div class=\"Y3BBE\" data-sfc-cp=\"\" data-hveid=\"CAEIARAA\" data-processed=\"true\" data-complete=\"true\">Te czarne sanda\u0142y na szpilce to esencja wieczorowej elegancji, kt\u00f3ra doda klasy ka\u017cdej stylizacji. Zaprojektowane z my\u015bl\u0105 o kobietach, kt\u00f3re pragn\u0105 po\u0142\u0105czy\u0107 seksowny wygl\u0105d z komfortem noszenia.<\/div>\n<div class=\"Y3BBE\" data-sfc-cp=\"\" data-hveid=\"CAEIAhAA\" data-processed=\"true\" data-complete=\"true\">Wykonane z przyjemnego w dotyku, imituj\u0105cego zamsz materia\u0142u, sanda\u0142y posiadaj\u0105 stylowe, skrzy\u017cowane paski z przodu oraz cienki pasek z regulowan\u0105 sprz\u0105czk\u0105 wok\u00f3\u0142 kostki, co zapewnia idealne dopasowanie i stabilno\u015b\u0107. Odkryty nosek dodaje lekko\u015bci, a wysoka, smuk\u0142a szpilka pi\u0119knie wyd\u0142u\u017ca nogi, gwarantuj\u0105c osza\u0142amiaj\u0105cy efekt.<\/div>\n<div class=\"Y3BBE\" data-sfc-cp=\"\" data-hveid=\"CAEIAxAA\" data-processed=\"true\" data-complete=\"true\">Idealne na specjalne okazje \u2013 randk\u0119, imprez\u0119, wesele czy eleganckie wyj\u015bcie.<\/div>","protected":false},"excerpt":{"rendered":"<div class=\"Y3BBE\" data-sfc-cp=\"\" data-hveid=\"CAEIARAA\" data-processed=\"true\" data-complete=\"true\">Te czarne sanda\u0142y na szpilce to esencja wieczorowej elegancji, kt\u00f3ra doda klasy ka\u017cdej stylizacji. Zaprojektowane z my\u015bl\u0105 o kobietach, kt\u00f3re pragn\u0105 po\u0142\u0105czy\u0107 seksowny wygl\u0105d z komfortem noszenia.<\/div>\n<div class=\"Y3BBE\" data-sfc-cp=\"\" data-hveid=\"CAEIAhAA\" data-processed=\"true\" data-complete=\"true\">Wykonane z przyjemnego w dotyku, imituj\u0105cego zamsz materia\u0142u, sanda\u0142y posiadaj\u0105 stylowe, skrzy\u017cowane paski z przodu oraz cienki pasek z regulowan\u0105 sprz\u0105czk\u0105 wok\u00f3\u0142 kostki, co zapewnia idealne dopasowanie i stabilno\u015b\u0107. Odkryty nosek dodaje lekko\u015bci, a wysoka, smuk\u0142a szpilka pi\u0119knie wyd\u0142u\u017ca nogi, gwarantuj\u0105c osza\u0142amiaj\u0105cy efekt.<\/div>\n<div class=\"Y3BBE\" data-sfc-cp=\"\" data-hveid=\"CAEIAxAA\" data-processed=\"true\" data-complete=\"true\">Idealne na specjalne okazje \u2013 randk\u0119, imprez\u0119, wesele czy eleganckie wyj\u015bcie.<\/div>\n<table class=\"r-table r-w-100 r-font-caption r-black-color\">\n<thead>\n<tr class=\"black-color\">\n<th class=\"r-text-left r-bg-gray-100 r-radius-top-left-8 r-table--sticky-column r-position-sticky r-left-0\">Rozmiar<\/th>\n<th class=\"r-text-center r-bg-gray-100\">\n<div class=\"r-size-value-producer\">36<\/div>\n<\/th>\n<th class=\"r-text-center r-bg-gray-100\">\n<div class=\"r-size-value-producer\">37<\/div>\n<\/th>\n<th class=\"r-text-center r-bg-gray-100\">\n<div class=\"r-size-value-producer\">38<\/div>\n<\/th>\n<th class=\"r-text-center r-bg-gray-100\">\n<div class=\"r-size-value-producer\">39<\/div>\n<\/th>\n<th class=\"r-text-center r-bg-gray-100\">\n<div class=\"r-size-value-producer\">40<\/div>\n<\/th>\n<th class=\"r-text-center r-bg-gray-100 r-radius-top-right-8\">\n<div class=\"r-size-value-producer\">41<\/div>\n<\/th>\n<\/tr>\n<\/thead>\n<tbody>\n<tr>\n<td class=\"r-table--sticky-column r-position-sticky r-left-0 r-bg-white\">D\u0142ugo\u015b\u0107 stopy<\/td>\n<td class=\"r-text-center\">23<\/td>\n<td class=\"r-text-center\">23.5<\/td>\n<td class=\"r-text-center\">24<\/td>\n<td class=\"r-text-center\">25<\/td>\n<td class=\"r-text-center\">25.5<\/td>\n<td class=\"r-text-center\">26<\/td>\n<\/tr>\n<tr>\n<td class=\"r-table--sticky-column r-position-sticky r-left-0 r-bg-white\">[1] D\u0142ugo\u015b\u0107 wk\u0142adki<\/td>\n<td class=\"r-text-center\">23.5<\/td>\n<td class=\"r-text-center\">24<\/td>\n<td class=\"r-text-center\">24.5<\/td>\n<td class=\"r-text-center\">25.5<\/td>\n<td class=\"r-text-center\">26<\/td>\n<td class=\"r-text-center\">26.5<\/td>\n<\/tr>\n<tr>\n<td class=\"r-table--sticky-column r-position-sticky r-left-0 r-bg-white\">[2] Szeroko\u015b\u0107 wk\u0142adki<\/td>\n<td class=\"r-text-center\">7.5<\/td>\n<td class=\"r-text-center\">7.5<\/td>\n<td class=\"r-text-center\">7.5<\/td>\n<td class=\"r-text-center\">7.5<\/td>\n<td class=\"r-text-center\">7.5<\/td>\n<td class=\"r-text-center\">7.5<\/td>\n<\/tr>\n<tr>\n<td class=\"r-table--sticky-column r-position-sticky r-left-0 r-bg-white\">[3] Wysoko\u015b\u0107 obcasa<\/td>\n<td class=\"r-text-center\">11.5<\/td>\n<td class=\"r-text-center\">11.5<\/td>\n<td class=\"r-text-center\">11.5<\/td>\n<td class=\"r-text-center\">11.5<\/td>\n<td class=\"r-text-center\">11.5<\/td>\n<td class=\"r-text-center\">11.5<\/td>\n<\/tr>\n<\/tbody>\n<\/table>\n","protected":false},"featured_media":15226,"comment_status":"open","ping_status":"closed","template":"","meta":{"site-sidebar-layout":"default","site-content-layout":"","ast-site-content-layout":"default","site-content-style":"default","site-sidebar-style":"default","ast-global-header-display":"","ast-banner-title-visibility":"","ast-main-header-display":"","ast-hfb-above-header-display":"","ast-hfb-below-header-display":"","ast-hfb-mobile-header-display":"","site-post-title":"","ast-breadcrumbs-content":"","ast-featured-img":"","footer-sml-layout":"","ast-disable-related-posts":"","theme-transparent-header-meta":"default","adv-header-id-meta":"","stick-header-meta":"","header-above-stick-meta":"","header-main-stick-meta":"","header-below-stick-meta":"","astra-migrate-meta-layouts":"set","ast-page-background-enabled":"default","ast-page-background-meta":{"desktop":{"background-color":"var(--ast-global-color-5)","background-image":"","background-repeat":"repeat","background-position":"center center","background-size":"auto","background-attachment":"scroll","background-type":"","background-media":"","overlay-type":"","overlay-color":"","overlay-opacity":"","overlay-gradient":""},"tablet":{"background-color":"","background-image":"","background-repeat":"repeat","background-position":"center center","background-size":"auto","background-attachment":"scroll","background-type":"","background-media":"","overlay-type":"","overlay-color":"","overlay-opacity":"","overlay-gradient":""},"mobile":{"background-color":"","background-image":"","background-repeat":"repeat","background-position":"center center","background-size":"auto","background-attachment":"scroll","background-type":"","background-media":"","overlay-type":"","overlay-color":"","overlay-opacity":"","overlay-gradient":""}},"ast-content-background-meta":{"desktop":{"background-color":"var(--ast-global-color-4)","background-image":"","background-repeat":"repeat","background-position":"center center","background-size":"auto","background-attachment":"scroll","background-type":"","background-media":"","overlay-type":"","overlay-color":"","overlay-opacity":"","overlay-gradient":""},"tablet":{"background-color":"var(--ast-global-color-4)","background-image":"","background-repeat":"repeat","background-position":"center center","background-size":"auto","background-attachment":"scroll","background-type":"","background-media":"","overlay-type":"","overlay-color":"","overlay-opacity":"","overlay-gradient":""},"mobile":{"background-color":"var(--ast-global-color-4)","background-image":"","background-repeat":"repeat","background-position":"center center","background-size":"auto","background-attachment":"scroll","background-type":"","background-media":"","overlay-type":"","overlay-color":"","overlay-opacity":"","overlay-gradient":""}}},"product_brand":[],"product_cat":[76,241,575,584,585,586],"product_tag":[629],"class_list":{"0":"post-15225","1":"product","2":"type-product","3":"status-publish","4":"has-post-thumbnail","6":"product_cat-dodatki","7":"product_cat-moda-damska","8":"product_cat-obuwie","9":"product_cat-obuwie-na-studniowke","10":"product_cat-obuwie-na-sylwestra","11":"product_cat-obuwie-na-wesele","12":"product_tag-czarnesandaly-szpilki-sandalynaszpilce-wysokieobcasy-eleganckiebuty-butynaimprezmodadamska-stylizacje-musthave-klasyka-seksownebuty-zamszowesandaly-paskie","13":"desktop-align-left","14":"tablet-align-left","15":"mobile-align-left","17":"first","18":"instock","19":"sold-individually","20":"shipping-taxable","21":"purchasable","22":"product-type-variable"},"_links":{"self":[{"href":"https:\/\/goldendreams.com.pl\/en\/wp-json\/wp\/v2\/product\/15225","targetHints":{"allow":["GET"]}}],"collection":[{"href":"https:\/\/goldendreams.com.pl\/en\/wp-json\/wp\/v2\/product"}],"about":[{"href":"https:\/\/goldendreams.com.pl\/en\/wp-json\/wp\/v2\/types\/product"}],"replies":[{"embeddable":true,"href":"https:\/\/goldendreams.com.pl\/en\/wp-json\/wp\/v2\/comments?post=15225"}],"wp:featuredmedia":[{"embeddable":true,"href":"https:\/\/goldendreams.com.pl\/en\/wp-json\/wp\/v2\/media\/15226"}],"wp:attachment":[{"href":"https:\/\/goldendreams.com.pl\/en\/wp-json\/wp\/v2\/media?parent=15225"}],"wp:term":[{"taxonomy":"product_brand","embeddable":true,"href":"https:\/\/goldendreams.com.pl\/en\/wp-json\/wp\/v2\/product_brand?post=15225"},{"taxonomy":"product_cat","embeddable":true,"href":"https:\/\/goldendreams.com.pl\/en\/wp-json\/wp\/v2\/product_cat?post=15225"},{"taxonomy":"product_tag","embeddable":true,"href":"https:\/\/goldendreams.com.pl\/en\/wp-json\/wp\/v2\/product_tag?post=15225"}],"curies":[{"name":"wp","href":"https:\/\/api.w.org\/{rel}","templated":true}]}}