{"id":15219,"date":"2025-11-18T15:41:55","date_gmt":"2025-11-18T15:41:55","guid":{"rendered":"https:\/\/goldendreams.com.pl\/?post_type=product&#038;p=15219"},"modified":"2026-02-25T11:59:51","modified_gmt":"2026-02-25T11:59:51","slug":"bezowe-sandaly-na-szpilce","status":"publish","type":"product","link":"https:\/\/goldendreams.com.pl\/en\/sklep\/bezowe-sandaly-na-szpilce\/","title":{"rendered":"Be\u017cowe Sanda\u0142y na Szpilce"},"content":{"rendered":"<div class=\"Y3BBE\" data-sfc-cp=\"\" data-hveid=\"CAEIARAA\" data-processed=\"true\" data-complete=\"true\">\n<div data-subtree=\"aimfl\" data-complete=\"true\" data-processed=\"true\">Te be\u017cowe Sanda\u0142y na Szpilce to esencja kobiecej elegancji i szyku. Te stylowe sanda\u0142y, wykonane z wysokiej jako\u015bci ekozamszu, zachwycaj\u0105 fasonem z otwartym noskiem oraz subtelnie przeplatanymi paskami, kt\u00f3re zmys\u0142owo oplataj\u0105 stop\u0119 i zapinaj\u0105 si\u0119 na delikatn\u0105 sprz\u0105czk\u0119 wok\u00f3\u0142 kostki.<\/div>\n<\/div>\n<div class=\"Y3BBE\" data-sfc-cp=\"\" data-hveid=\"CAEIAhAA\" data-processed=\"true\" data-complete=\"true\">Dzi\u0119ki smuk\u0142ej szpilce model ten optycznie wyd\u0142u\u017ca nogi, zapewniaj\u0105c jednocze\u015bnie komfort noszenia dzi\u0119ki mi\u0119kkiej wk\u0142adce ze sk\u00f3ry ekologicznej. Ich uniwersalny, be\u017cowy kolor sprawia, \u017ce s\u0105 idealnym dope\u0142nieniem zar\u00f3wno wieczorowych kreacji, jak i bardziej casualowych zestaw\u00f3w na randk\u0119 czy spotkanie biznesowe.<\/div>\n<div class=\"Fsg96\" data-sfc-cp=\"\" data-complete=\"true\" data-processed=\"true\"><\/div>\n<div class=\"AdPoic\" role=\"heading\" aria-level=\"3\" data-animation-nesting=\"\" data-sfc-cp=\"\" data-complete=\"true\" data-processed=\"true\" data-sae=\"\">Cechy Produktu:<\/div>\n<div role=\"heading\" aria-level=\"3\" data-animation-nesting=\"\" data-sfc-cp=\"\" data-complete=\"true\" data-processed=\"true\" data-sae=\"\">\n<ul>\n<li data-hveid=\"CAEIAxAB\" data-complete=\"true\" data-sae=\"\"><span class=\"T286Pc\" data-sfc-cp=\"\" data-complete=\"true\"><strong class=\"Yjhzub\" data-complete=\"true\">Kolor:<\/strong> Be\u017cowy<\/span><\/li>\n<li data-hveid=\"CAEIAxAC\" data-complete=\"true\" data-sae=\"\"><span class=\"T286Pc\" data-sfc-cp=\"\" data-complete=\"true\"><strong class=\"Yjhzub\" data-complete=\"true\">Materia\u0142 zewn\u0119trzny:<\/strong> Eko zamsz<\/span><\/li>\n<li data-hveid=\"CAEIAxAD\" data-complete=\"true\" data-sae=\"\"><span class=\"T286Pc\" data-sfc-cp=\"\" data-complete=\"true\"><strong class=\"Yjhzub\" data-complete=\"true\">Wk\u0142adka:<\/strong> Sk\u00f3ra ekologiczna<\/span><\/li>\n<li data-hveid=\"CAEIAxAE\" data-complete=\"true\" data-sae=\"\"><span class=\"T286Pc\" data-sfc-cp=\"\" data-complete=\"true\"><strong class=\"Yjhzub\" data-complete=\"true\">Rodzaj obcasa:<\/strong> Szpilka<\/span><\/li>\n<li data-hveid=\"CAEIAxAF\" data-complete=\"true\" data-sae=\"\"><span class=\"T286Pc\" data-sfc-cp=\"\" data-complete=\"true\"><strong class=\"Yjhzub\" data-complete=\"true\">Styl:<\/strong> Elegancki, casual, wieczorowy<\/span><\/li>\n<li data-hveid=\"CAEIAxAG\" data-complete=\"true\" data-sae=\"\"><span class=\"T286Pc\" data-sfc-cp=\"\" data-complete=\"true\"><strong class=\"Yjhzub\" data-complete=\"true\">Zapi\u0119cie:<\/strong> Sprz\u0105czka<\/span><\/li>\n<\/ul>\n<\/div>","protected":false},"excerpt":{"rendered":"<div class=\"Y3BBE\" data-sfc-cp=\"\" data-hveid=\"CAEIARAA\" data-processed=\"true\" data-complete=\"true\">\n<div data-subtree=\"aimfl\" data-complete=\"true\" data-processed=\"true\">Te be\u017cowe Sanda\u0142y na Szpilce to esencja kobiecej elegancji i szyku. Te stylowe sanda\u0142y, wykonane z wysokiej jako\u015bci ekozamszu, zachwycaj\u0105 fasonem z otwartym noskiem oraz subtelnie przeplatanymi paskami, kt\u00f3re zmys\u0142owo oplataj\u0105 stop\u0119 i zapinaj\u0105 si\u0119 na delikatn\u0105 sprz\u0105czk\u0119 wok\u00f3\u0142 kostki.<\/div>\n<\/div>\n<div class=\"Y3BBE\" data-sfc-cp=\"\" data-hveid=\"CAEIAhAA\" data-processed=\"true\" data-complete=\"true\">Dzi\u0119ki smuk\u0142ej szpilce model ten optycznie wyd\u0142u\u017ca nogi, zapewniaj\u0105c jednocze\u015bnie komfort noszenia dzi\u0119ki mi\u0119kkiej wk\u0142adce ze sk\u00f3ry ekologicznej. Ich uniwersalny, be\u017cowy kolor sprawia, \u017ce s\u0105 idealnym dope\u0142nieniem zar\u00f3wno wieczorowych kreacji, jak i bardziej casualowych zestaw\u00f3w na randk\u0119 czy spotkanie biznesowe.<\/div>\n<div class=\"Fsg96\" data-sfc-cp=\"\" data-complete=\"true\" data-processed=\"true\"><\/div>\n<div class=\"AdPoic\" role=\"heading\" aria-level=\"3\" data-animation-nesting=\"\" data-sfc-cp=\"\" data-complete=\"true\" data-processed=\"true\" data-sae=\"\">Cechy Produktu:<\/div>\n<div role=\"heading\" aria-level=\"3\" data-animation-nesting=\"\" data-sfc-cp=\"\" data-complete=\"true\" data-processed=\"true\" data-sae=\"\">\n<ul>\n<li data-hveid=\"CAEIAxAB\" data-complete=\"true\" data-sae=\"\"><span class=\"T286Pc\" data-sfc-cp=\"\" data-complete=\"true\"><strong class=\"Yjhzub\" data-complete=\"true\">Kolor:<\/strong> Be\u017cowy<\/span><\/li>\n<li data-hveid=\"CAEIAxAC\" data-complete=\"true\" data-sae=\"\"><span class=\"T286Pc\" data-sfc-cp=\"\" data-complete=\"true\"><strong class=\"Yjhzub\" data-complete=\"true\">Materia\u0142 zewn\u0119trzny:<\/strong> Eko zamsz<\/span><\/li>\n<li data-hveid=\"CAEIAxAD\" data-complete=\"true\" data-sae=\"\"><span class=\"T286Pc\" data-sfc-cp=\"\" data-complete=\"true\"><strong class=\"Yjhzub\" data-complete=\"true\">Wk\u0142adka:<\/strong> Sk\u00f3ra ekologiczna<\/span><\/li>\n<li data-hveid=\"CAEIAxAE\" data-complete=\"true\" data-sae=\"\"><span class=\"T286Pc\" data-sfc-cp=\"\" data-complete=\"true\"><strong class=\"Yjhzub\" data-complete=\"true\">Rodzaj obcasa:<\/strong> Szpilka<\/span><\/li>\n<li data-hveid=\"CAEIAxAF\" data-complete=\"true\" data-sae=\"\"><span class=\"T286Pc\" data-sfc-cp=\"\" data-complete=\"true\"><strong class=\"Yjhzub\" data-complete=\"true\">Styl:<\/strong> Elegancki, casual, wieczorowy<\/span><\/li>\n<li data-hveid=\"CAEIAxAG\" data-complete=\"true\" data-sae=\"\"><span class=\"T286Pc\" data-sfc-cp=\"\" data-complete=\"true\"><strong class=\"Yjhzub\" data-complete=\"true\">Zapi\u0119cie:<\/strong> Sprz\u0105czka<\/span><\/li>\n<\/ul>\n<\/div>\n<table class=\"r-table r-w-100 r-font-caption r-black-color\">\n<thead>\n<tr class=\"black-color\">\n<th class=\"r-text-left r-bg-gray-100 r-radius-top-left-8 r-table--sticky-column r-position-sticky r-left-0\">Rozmiar<\/th>\n<th class=\"r-text-center r-bg-gray-100\">\n<div class=\"r-size-value-producer\">36<\/div>\n<\/th>\n<th class=\"r-text-center r-bg-gray-100\">\n<div class=\"r-size-value-producer\">37<\/div>\n<\/th>\n<th class=\"r-text-center r-bg-gray-100\">\n<div class=\"r-size-value-producer\">38<\/div>\n<\/th>\n<th class=\"r-text-center r-bg-gray-100\">\n<div class=\"r-size-value-producer\">39<\/div>\n<\/th>\n<th class=\"r-text-center r-bg-gray-100\">\n<div class=\"r-size-value-producer\">40<\/div>\n<\/th>\n<th class=\"r-text-center r-bg-gray-100 r-radius-top-right-8\">\n<div class=\"r-size-value-producer\">41<\/div>\n<\/th>\n<\/tr>\n<\/thead>\n<tbody>\n<tr>\n<td class=\"r-table--sticky-column r-position-sticky r-left-0 r-bg-white\">D\u0142ugo\u015b\u0107 stopy<\/td>\n<td class=\"r-text-center\">23<\/td>\n<td class=\"r-text-center\">23.5<\/td>\n<td class=\"r-text-center\">24<\/td>\n<td class=\"r-text-center\">25<\/td>\n<td class=\"r-text-center\">25.5<\/td>\n<td class=\"r-text-center\">26<\/td>\n<\/tr>\n<tr>\n<td class=\"r-table--sticky-column r-position-sticky r-left-0 r-bg-white\">[1] D\u0142ugo\u015b\u0107 wk\u0142adki<\/td>\n<td class=\"r-text-center\">23.5<\/td>\n<td class=\"r-text-center\">24<\/td>\n<td class=\"r-text-center\">24.5<\/td>\n<td class=\"r-text-center\">25.5<\/td>\n<td class=\"r-text-center\">26<\/td>\n<td class=\"r-text-center\">26.5<\/td>\n<\/tr>\n<tr>\n<td class=\"r-table--sticky-column r-position-sticky r-left-0 r-bg-white\">[2] Szeroko\u015b\u0107 wk\u0142adki<\/td>\n<td class=\"r-text-center\">7.5<\/td>\n<td class=\"r-text-center\">7.5<\/td>\n<td class=\"r-text-center\">7.5<\/td>\n<td class=\"r-text-center\">7.5<\/td>\n<td class=\"r-text-center\">7.5<\/td>\n<td class=\"r-text-center\">7.5<\/td>\n<\/tr>\n<tr>\n<td class=\"r-table--sticky-column r-position-sticky r-left-0 r-bg-white\">[3] Wysoko\u015b\u0107 obcasa<\/td>\n<td class=\"r-text-center\">11.5<\/td>\n<td class=\"r-text-center\">11.5<\/td>\n<td class=\"r-text-center\">11.5<\/td>\n<td class=\"r-text-center\">11.5<\/td>\n<td class=\"r-text-center\">11.5<\/td>\n<td class=\"r-text-center\">11.5<\/td>\n<\/tr>\n<\/tbody>\n<\/table>\n","protected":false},"featured_media":15220,"comment_status":"open","ping_status":"closed","template":"","meta":{"site-sidebar-layout":"default","site-content-layout":"","ast-site-content-layout":"default","site-content-style":"default","site-sidebar-style":"default","ast-global-header-display":"","ast-banner-title-visibility":"","ast-main-header-display":"","ast-hfb-above-header-display":"","ast-hfb-below-header-display":"","ast-hfb-mobile-header-display":"","site-post-title":"","ast-breadcrumbs-content":"","ast-featured-img":"","footer-sml-layout":"","ast-disable-related-posts":"","theme-transparent-header-meta":"default","adv-header-id-meta":"","stick-header-meta":"","header-above-stick-meta":"","header-main-stick-meta":"","header-below-stick-meta":"","astra-migrate-meta-layouts":"set","ast-page-background-enabled":"default","ast-page-background-meta":{"desktop":{"background-color":"var(--ast-global-color-5)","background-image":"","background-repeat":"repeat","background-position":"center center","background-size":"auto","background-attachment":"scroll","background-type":"","background-media":"","overlay-type":"","overlay-color":"","overlay-opacity":"","overlay-gradient":""},"tablet":{"background-color":"","background-image":"","background-repeat":"repeat","background-position":"center center","background-size":"auto","background-attachment":"scroll","background-type":"","background-media":"","overlay-type":"","overlay-color":"","overlay-opacity":"","overlay-gradient":""},"mobile":{"background-color":"","background-image":"","background-repeat":"repeat","background-position":"center center","background-size":"auto","background-attachment":"scroll","background-type":"","background-media":"","overlay-type":"","overlay-color":"","overlay-opacity":"","overlay-gradient":""}},"ast-content-background-meta":{"desktop":{"background-color":"var(--ast-global-color-4)","background-image":"","background-repeat":"repeat","background-position":"center center","background-size":"auto","background-attachment":"scroll","background-type":"","background-media":"","overlay-type":"","overlay-color":"","overlay-opacity":"","overlay-gradient":""},"tablet":{"background-color":"var(--ast-global-color-4)","background-image":"","background-repeat":"repeat","background-position":"center center","background-size":"auto","background-attachment":"scroll","background-type":"","background-media":"","overlay-type":"","overlay-color":"","overlay-opacity":"","overlay-gradient":""},"mobile":{"background-color":"var(--ast-global-color-4)","background-image":"","background-repeat":"repeat","background-position":"center center","background-size":"auto","background-attachment":"scroll","background-type":"","background-media":"","overlay-type":"","overlay-color":"","overlay-opacity":"","overlay-gradient":""}}},"product_brand":[],"product_cat":[241,575,586],"product_tag":[628],"class_list":{"0":"post-15219","1":"product","2":"type-product","3":"status-publish","4":"has-post-thumbnail","6":"product_cat-moda-damska","7":"product_cat-obuwie","8":"product_cat-obuwie-na-wesele","9":"product_tag-sandalynaszpilce-bezowesandaly-butydamskie-elegancja-styl-modadamska-obuwie-szpilki-ekozamsz","10":"desktop-align-left","11":"tablet-align-left","12":"mobile-align-left","14":"first","15":"instock","16":"sold-individually","17":"shipping-taxable","18":"purchasable","19":"product-type-variable"},"_links":{"self":[{"href":"https:\/\/goldendreams.com.pl\/en\/wp-json\/wp\/v2\/product\/15219","targetHints":{"allow":["GET"]}}],"collection":[{"href":"https:\/\/goldendreams.com.pl\/en\/wp-json\/wp\/v2\/product"}],"about":[{"href":"https:\/\/goldendreams.com.pl\/en\/wp-json\/wp\/v2\/types\/product"}],"replies":[{"embeddable":true,"href":"https:\/\/goldendreams.com.pl\/en\/wp-json\/wp\/v2\/comments?post=15219"}],"wp:featuredmedia":[{"embeddable":true,"href":"https:\/\/goldendreams.com.pl\/en\/wp-json\/wp\/v2\/media\/15220"}],"wp:attachment":[{"href":"https:\/\/goldendreams.com.pl\/en\/wp-json\/wp\/v2\/media?parent=15219"}],"wp:term":[{"taxonomy":"product_brand","embeddable":true,"href":"https:\/\/goldendreams.com.pl\/en\/wp-json\/wp\/v2\/product_brand?post=15219"},{"taxonomy":"product_cat","embeddable":true,"href":"https:\/\/goldendreams.com.pl\/en\/wp-json\/wp\/v2\/product_cat?post=15219"},{"taxonomy":"product_tag","embeddable":true,"href":"https:\/\/goldendreams.com.pl\/en\/wp-json\/wp\/v2\/product_tag?post=15219"}],"curies":[{"name":"wp","href":"https:\/\/api.w.org\/{rel}","templated":true}]}}