{"id":15213,"date":"2025-11-18T15:32:08","date_gmt":"2025-11-18T15:32:08","guid":{"rendered":"https:\/\/goldendreams.com.pl\/?post_type=product&#038;p=15213"},"modified":"2026-02-25T12:01:53","modified_gmt":"2026-02-25T12:01:53","slug":"bezowe-szpilki-na-obcasie-typu-klepsydra-z-cyrkoniowym-wezlem-na-nosku","status":"publish","type":"product","link":"https:\/\/goldendreams.com.pl\/en\/sklep\/bezowe-szpilki-na-obcasie-typu-klepsydra-z-cyrkoniowym-wezlem-na-nosku\/","title":{"rendered":"Be\u017cowe szpilki na obcasie typu klepsydra z cyrkoniowym w\u0119z\u0142em na nosku"},"content":{"rendered":"<div class=\"Y3BBE\" data-sfc-cp=\"\" data-hveid=\"CAEIAhAA\" data-complete=\"true\" data-processed=\"true\">Odkryj kwintesencj\u0119 elegancji z naszymi be\u017cowymi szpilkami. Te wyj\u0105tkowe buty zosta\u0142y zaprojektowane, aby ol\u015bniewa\u0107 i dodawa\u0107 pewno\u015bci siebie.<\/div>\n<ul class=\"KsbFXc U6u95\" data-processed=\"true\" data-complete=\"true\">\n<li data-hveid=\"CAEIAxAA\" data-complete=\"true\" data-sae=\"\"><span class=\"T286Pc\" data-sfc-cp=\"\" data-complete=\"true\"><strong class=\"Yjhzub\" data-complete=\"true\">Ol\u015bniewaj\u0105cy design:<\/strong> Szpiczasty nosek ozdobiony misternym, cyrkoniowym w\u0119z\u0142em, kt\u00f3ry przyci\u0105ga wzrok i dodaje blasku ka\u017cdej stylizacji.<\/span><\/li>\n<li data-hveid=\"CAEIAxAB\" data-complete=\"true\" data-sae=\"\"><span class=\"T286Pc\" data-sfc-cp=\"\" data-complete=\"true\"><strong class=\"Yjhzub\" data-complete=\"true\">Komfort i styl:<\/strong> Unikalny obcas typu klepsydra nie tylko wygl\u0105da stylowo, ale tak\u017ce zapewnia stabilno\u015b\u0107, pozwalaj\u0105c Ci czu\u0107 si\u0119 komfortowo przez ca\u0142y dzie\u0144.<\/span><\/li>\n<li data-hveid=\"CAEIAxAC\" data-complete=\"true\" data-sae=\"\"><span class=\"T286Pc\" data-sfc-cp=\"\" data-complete=\"true\"><strong class=\"Yjhzub\" data-complete=\"true\">Uniwersalny kolor:<\/strong> Klasyczny be\u017c to idealne dope\u0142nienie zar\u00f3wno codziennych, biurowych zestaw\u00f3w, jak i wieczorowych kreacji czy stroj\u00f3w na specjalne okazje, takie jak wesela czy imprezy.<\/span><\/li>\n<li data-hveid=\"CAEIAxAD\" data-complete=\"true\" data-sae=\"\"><span class=\"T286Pc\" data-sfc-cp=\"\" data-complete=\"true\"><strong class=\"Yjhzub\" data-complete=\"true\">Must-have sezonu:<\/strong> Dodaj odrobin\u0119 luksusu i glamour do swojej kolekcji obuwia.<\/span><\/li>\n<\/ul>\n<div class=\"Y3BBE\" data-sfc-cp=\"\" data-hveid=\"CAEIBBAA\" data-processed=\"true\" data-complete=\"true\">Idealne dla kobiet, kt\u00f3re ceni\u0105 sobie po\u0142\u0105czenie klasy, nowoczesnych trend\u00f3w i subtelnego b\u0142ysku.<\/div>","protected":false},"excerpt":{"rendered":"<div class=\"Y3BBE\" data-sfc-cp=\"\" data-hveid=\"CAEIAhAA\" data-complete=\"true\" data-processed=\"true\">Odkryj kwintesencj\u0119 elegancji z naszymi be\u017cowymi szpilkami. Te wyj\u0105tkowe buty zosta\u0142y zaprojektowane, aby ol\u015bniewa\u0107 i dodawa\u0107 pewno\u015bci siebie.<\/div>\n<ul class=\"KsbFXc U6u95\" data-processed=\"true\" data-complete=\"true\">\n<li data-hveid=\"CAEIAxAA\" data-complete=\"true\" data-sae=\"\"><span class=\"T286Pc\" data-sfc-cp=\"\" data-complete=\"true\"><strong class=\"Yjhzub\" data-complete=\"true\">Ol\u015bniewaj\u0105cy design:<\/strong> Szpiczasty nosek ozdobiony misternym, cyrkoniowym w\u0119z\u0142em, kt\u00f3ry przyci\u0105ga wzrok i dodaje blasku ka\u017cdej stylizacji.<\/span><\/li>\n<li data-hveid=\"CAEIAxAB\" data-complete=\"true\" data-sae=\"\"><span class=\"T286Pc\" data-sfc-cp=\"\" data-complete=\"true\"><strong class=\"Yjhzub\" data-complete=\"true\">Komfort i styl:<\/strong> Unikalny obcas typu klepsydra nie tylko wygl\u0105da stylowo, ale tak\u017ce zapewnia stabilno\u015b\u0107, pozwalaj\u0105c Ci czu\u0107 si\u0119 komfortowo przez ca\u0142y dzie\u0144.<\/span><\/li>\n<li data-hveid=\"CAEIAxAC\" data-complete=\"true\" data-sae=\"\"><span class=\"T286Pc\" data-sfc-cp=\"\" data-complete=\"true\"><strong class=\"Yjhzub\" data-complete=\"true\">Uniwersalny kolor:<\/strong> Klasyczny be\u017c to idealne dope\u0142nienie zar\u00f3wno codziennych, biurowych zestaw\u00f3w, jak i wieczorowych kreacji czy stroj\u00f3w na specjalne okazje, takie jak wesela czy imprezy.<\/span><\/li>\n<li data-hveid=\"CAEIAxAD\" data-complete=\"true\" data-sae=\"\"><span class=\"T286Pc\" data-sfc-cp=\"\" data-complete=\"true\"><strong class=\"Yjhzub\" data-complete=\"true\">Must-have sezonu:<\/strong> Dodaj odrobin\u0119 luksusu i glamour do swojej kolekcji obuwia.<\/span><\/li>\n<\/ul>\n<div class=\"Y3BBE\" data-sfc-cp=\"\" data-hveid=\"CAEIBBAA\" data-processed=\"true\" data-complete=\"true\">Idealne dla kobiet, kt\u00f3re ceni\u0105 sobie po\u0142\u0105czenie klasy, nowoczesnych trend\u00f3w i subtelnego b\u0142ysku.<\/div>\n<table class=\"r-table r-w-100 r-font-caption r-black-color\">\n<thead>\n<tr class=\"black-color\">\n<th class=\"r-text-left r-bg-gray-100 r-radius-top-left-8 r-table--sticky-column r-position-sticky r-left-0\">Rozmiar<\/th>\n<th class=\"r-text-center r-bg-gray-100\">\n<div class=\"r-size-value-producer\">36<\/div>\n<\/th>\n<th class=\"r-text-center r-bg-gray-100\">\n<div class=\"r-size-value-producer\">37<\/div>\n<\/th>\n<th class=\"r-text-center r-bg-gray-100\">\n<div class=\"r-size-value-producer\">38<\/div>\n<\/th>\n<th class=\"r-text-center r-bg-gray-100\">\n<div class=\"r-size-value-producer\">39<\/div>\n<\/th>\n<th class=\"r-text-center r-bg-gray-100\">\n<div class=\"r-size-value-producer\">40<\/div>\n<\/th>\n<th class=\"r-text-center r-bg-gray-100 r-radius-top-right-8\">\n<div class=\"r-size-value-producer\">41<\/div>\n<\/th>\n<\/tr>\n<\/thead>\n<tbody>\n<tr>\n<td class=\"r-table--sticky-column r-position-sticky r-left-0 r-bg-white\">D\u0142ugo\u015b\u0107 stopy<\/td>\n<td class=\"r-text-center\">23.00<\/td>\n<td class=\"r-text-center\">23.50<\/td>\n<td class=\"r-text-center\">24.00<\/td>\n<td class=\"r-text-center\">25.00<\/td>\n<td class=\"r-text-center\">25.50<\/td>\n<td class=\"r-text-center\">26.00<\/td>\n<\/tr>\n<tr>\n<td class=\"r-table--sticky-column r-position-sticky r-left-0 r-bg-white\">[1] D\u0142ugo\u015b\u0107 wk\u0142adki<\/td>\n<td class=\"r-text-center\">24.00<\/td>\n<td class=\"r-text-center\">24.50<\/td>\n<td class=\"r-text-center\">25.00<\/td>\n<td class=\"r-text-center\">26.00<\/td>\n<td class=\"r-text-center\">26.50<\/td>\n<td class=\"r-text-center\">27.00<\/td>\n<\/tr>\n<tr>\n<td class=\"r-table--sticky-column r-position-sticky r-left-0 r-bg-white\">[2] Szeroko\u015b\u0107 wk\u0142adki<\/td>\n<td class=\"r-text-center\">7.50<\/td>\n<td class=\"r-text-center\">7.50<\/td>\n<td class=\"r-text-center\">7.50<\/td>\n<td class=\"r-text-center\">8.00<\/td>\n<td class=\"r-text-center\">8.00<\/td>\n<td class=\"r-text-center\">8.00<\/td>\n<\/tr>\n<tr>\n<td class=\"r-table--sticky-column r-position-sticky r-left-0 r-bg-white\">[3] Wysoko\u015b\u0107 obcasa<\/td>\n<td class=\"r-text-center\">9.50<\/td>\n<td class=\"r-text-center\">9.50<\/td>\n<td class=\"r-text-center\">9.50<\/td>\n<td class=\"r-text-center\">9.50<\/td>\n<td class=\"r-text-center\">9.50<\/td>\n<td class=\"r-text-center\">9.50<\/td>\n<\/tr>\n<\/tbody>\n<\/table>\n","protected":false},"featured_media":15214,"comment_status":"open","ping_status":"closed","template":"","meta":{"site-sidebar-layout":"default","site-content-layout":"","ast-site-content-layout":"default","site-content-style":"default","site-sidebar-style":"default","ast-global-header-display":"","ast-banner-title-visibility":"","ast-main-header-display":"","ast-hfb-above-header-display":"","ast-hfb-below-header-display":"","ast-hfb-mobile-header-display":"","site-post-title":"","ast-breadcrumbs-content":"","ast-featured-img":"","footer-sml-layout":"","ast-disable-related-posts":"","theme-transparent-header-meta":"default","adv-header-id-meta":"","stick-header-meta":"","header-above-stick-meta":"","header-main-stick-meta":"","header-below-stick-meta":"","astra-migrate-meta-layouts":"set","ast-page-background-enabled":"default","ast-page-background-meta":{"desktop":{"background-color":"var(--ast-global-color-5)","background-image":"","background-repeat":"repeat","background-position":"center center","background-size":"auto","background-attachment":"scroll","background-type":"","background-media":"","overlay-type":"","overlay-color":"","overlay-opacity":"","overlay-gradient":""},"tablet":{"background-color":"","background-image":"","background-repeat":"repeat","background-position":"center center","background-size":"auto","background-attachment":"scroll","background-type":"","background-media":"","overlay-type":"","overlay-color":"","overlay-opacity":"","overlay-gradient":""},"mobile":{"background-color":"","background-image":"","background-repeat":"repeat","background-position":"center center","background-size":"auto","background-attachment":"scroll","background-type":"","background-media":"","overlay-type":"","overlay-color":"","overlay-opacity":"","overlay-gradient":""}},"ast-content-background-meta":{"desktop":{"background-color":"var(--ast-global-color-4)","background-image":"","background-repeat":"repeat","background-position":"center center","background-size":"auto","background-attachment":"scroll","background-type":"","background-media":"","overlay-type":"","overlay-color":"","overlay-opacity":"","overlay-gradient":""},"tablet":{"background-color":"var(--ast-global-color-4)","background-image":"","background-repeat":"repeat","background-position":"center center","background-size":"auto","background-attachment":"scroll","background-type":"","background-media":"","overlay-type":"","overlay-color":"","overlay-opacity":"","overlay-gradient":""},"mobile":{"background-color":"var(--ast-global-color-4)","background-image":"","background-repeat":"repeat","background-position":"center center","background-size":"auto","background-attachment":"scroll","background-type":"","background-media":"","overlay-type":"","overlay-color":"","overlay-opacity":"","overlay-gradient":""}}},"product_brand":[],"product_cat":[76,241,618],"product_tag":[627],"class_list":{"0":"post-15213","1":"product","2":"type-product","3":"status-publish","4":"has-post-thumbnail","6":"product_cat-dodatki","7":"product_cat-moda-damska","8":"product_cat-obuwie-letnie","9":"product_tag-bezoweszpilki-szpilkinaobcasie-cyrkoniowywezel-obcasklepsydra-eleganckiebuty-butydlakobiet-stylglamour-modadamska-musthave","10":"desktop-align-left","11":"tablet-align-left","12":"mobile-align-left","14":"first","15":"instock","16":"sold-individually","17":"shipping-taxable","18":"purchasable","19":"product-type-variable"},"_links":{"self":[{"href":"https:\/\/goldendreams.com.pl\/en\/wp-json\/wp\/v2\/product\/15213","targetHints":{"allow":["GET"]}}],"collection":[{"href":"https:\/\/goldendreams.com.pl\/en\/wp-json\/wp\/v2\/product"}],"about":[{"href":"https:\/\/goldendreams.com.pl\/en\/wp-json\/wp\/v2\/types\/product"}],"replies":[{"embeddable":true,"href":"https:\/\/goldendreams.com.pl\/en\/wp-json\/wp\/v2\/comments?post=15213"}],"wp:featuredmedia":[{"embeddable":true,"href":"https:\/\/goldendreams.com.pl\/en\/wp-json\/wp\/v2\/media\/15214"}],"wp:attachment":[{"href":"https:\/\/goldendreams.com.pl\/en\/wp-json\/wp\/v2\/media?parent=15213"}],"wp:term":[{"taxonomy":"product_brand","embeddable":true,"href":"https:\/\/goldendreams.com.pl\/en\/wp-json\/wp\/v2\/product_brand?post=15213"},{"taxonomy":"product_cat","embeddable":true,"href":"https:\/\/goldendreams.com.pl\/en\/wp-json\/wp\/v2\/product_cat?post=15213"},{"taxonomy":"product_tag","embeddable":true,"href":"https:\/\/goldendreams.com.pl\/en\/wp-json\/wp\/v2\/product_tag?post=15213"}],"curies":[{"name":"wp","href":"https:\/\/api.w.org\/{rel}","templated":true}]}}