{"id":15207,"date":"2025-11-18T15:15:19","date_gmt":"2025-11-18T15:15:19","guid":{"rendered":"https:\/\/goldendreams.com.pl\/?post_type=product&#038;p=15207"},"modified":"2026-02-25T12:02:09","modified_gmt":"2026-02-25T12:02:09","slug":"srebrne-sandaly-na-niskim-obcasie-z-cyrkoniami","status":"publish","type":"product","link":"https:\/\/goldendreams.com.pl\/en\/sklep\/srebrne-sandaly-na-niskim-obcasie-z-cyrkoniami\/","title":{"rendered":"Srebrne Sanda\u0142y na Niskim Obcasie z Cyrkoniami"},"content":{"rendered":"<div data-sfc-cp=\"\" data-hveid=\"CAEIBxAA\" data-processed=\"true\" data-complete=\"true\">\n<div class=\"Y3BBE\" data-sfc-cp=\"\" data-hveid=\"CAEIBRAA\" data-processed=\"true\" data-complete=\"true\">Ca\u0142a cholewka, w tym pasek na pi\u0119cie, jest bogato zdobiona mieni\u0105cymi si\u0119 cyrkoniami, kt\u00f3re przyci\u0105gaj\u0105 wzrok i dodaj\u0105 blasku ka\u017cdej stylizacji. Dzi\u0119ki wygodnej, amortyzowanej wk\u0142adce, buty zapewniaj\u0105 komfort noszenia przez ca\u0142y dzie\u0144 lub noc.<\/div>\n<div class=\"Y3BBE\" data-sfc-cp=\"\" data-hveid=\"CAEIBhAA\" data-processed=\"true\" data-complete=\"true\">Idealne na specjalne okazje, takie jak wesela, imprezy, randki czy wieczorne wyj\u015bcia, doskonale uzupe\u0142ni\u0105 zar\u00f3wno ma\u0142\u0105 czarn\u0105 sukienk\u0119, elegancki garnitur, jak i casualowe jeansy.<\/div>\n<\/div>\n<div class=\"Y3BBE\" data-sfc-cp=\"\" data-hveid=\"CAEIBxAA\" data-processed=\"true\" data-complete=\"true\"><strong class=\"Yjhzub\" data-complete=\"true\" data-processed=\"true\">Cechy produktu:<\/strong><\/div>\n<ul class=\"KsbFXc U6u95\" data-processed=\"true\" data-complete=\"true\">\n<li data-hveid=\"CAEICBAA\" data-complete=\"true\" data-sae=\"\"><span class=\"T286Pc\" data-sfc-cp=\"\" data-complete=\"true\">Kolor: Srebrny metalik<\/span><\/li>\n<li data-hveid=\"CAEICBAB\" data-complete=\"true\" data-sae=\"\"><span class=\"T286Pc\" data-sfc-cp=\"\" data-complete=\"true\">Obcas: Niski, typu kaczuszka\u00a0<\/span><\/li>\n<li data-hveid=\"CAEICBAC\" data-complete=\"true\" data-sae=\"\"><span class=\"T286Pc\" data-sfc-cp=\"\" data-complete=\"true\">Nosek: Szpiczasty, zamkni\u0119ty<\/span><\/li>\n<li data-hveid=\"CAEICBAD\" data-complete=\"true\" data-sae=\"\"><span class=\"T286Pc\" data-sfc-cp=\"\" data-complete=\"true\">Zapi\u0119cie: Regulowany pasek slingback ze sprz\u0105czk\u0105<\/span><\/li>\n<li data-hveid=\"CAEICBAE\" data-complete=\"true\" data-sae=\"\"><span class=\"T286Pc\" data-sfc-cp=\"\" data-complete=\"true\">Ozdoby: B\u0142yszcz\u0105ce cyrkonie\u00a0<\/span><\/li>\n<li data-hveid=\"CAEICBAF\" data-complete=\"true\" data-sae=\"\"><span class=\"T286Pc\" data-sfc-cp=\"\" data-complete=\"true\">Komfort: Mi\u0119kka, amortyzowana wk\u0142adka<\/span><\/li>\n<\/ul>","protected":false},"excerpt":{"rendered":"<div data-sfc-cp=\"\" data-hveid=\"CAEIBxAA\" data-processed=\"true\" data-complete=\"true\">\n<div class=\"Y3BBE\" data-sfc-cp=\"\" data-hveid=\"CAEIBRAA\" data-processed=\"true\" data-complete=\"true\">Ca\u0142a cholewka, w tym pasek na pi\u0119cie, jest bogato zdobiona mieni\u0105cymi si\u0119 cyrkoniami, kt\u00f3re przyci\u0105gaj\u0105 wzrok i dodaj\u0105 blasku ka\u017cdej stylizacji. Dzi\u0119ki wygodnej, amortyzowanej wk\u0142adce, buty zapewniaj\u0105 komfort noszenia przez ca\u0142y dzie\u0144 lub noc.<\/div>\n<div class=\"Y3BBE\" data-sfc-cp=\"\" data-hveid=\"CAEIBhAA\" data-processed=\"true\" data-complete=\"true\">Idealne na specjalne okazje, takie jak wesela, imprezy, randki czy wieczorne wyj\u015bcia, doskonale uzupe\u0142ni\u0105 zar\u00f3wno ma\u0142\u0105 czarn\u0105 sukienk\u0119, elegancki garnitur, jak i casualowe jeansy.<\/div>\n<\/div>\n<div class=\"Y3BBE\" data-sfc-cp=\"\" data-hveid=\"CAEIBxAA\" data-processed=\"true\" data-complete=\"true\"><strong class=\"Yjhzub\" data-complete=\"true\" data-processed=\"true\">Cechy produktu:<\/strong><\/div>\n<ul class=\"KsbFXc U6u95\" data-processed=\"true\" data-complete=\"true\">\n<li data-hveid=\"CAEICBAA\" data-complete=\"true\" data-sae=\"\"><span class=\"T286Pc\" data-sfc-cp=\"\" data-complete=\"true\">Kolor: Srebrny metalik<\/span><\/li>\n<li data-hveid=\"CAEICBAB\" data-complete=\"true\" data-sae=\"\"><span class=\"T286Pc\" data-sfc-cp=\"\" data-complete=\"true\">Obcas: Niski, typu kaczuszka\u00a0<\/span><\/li>\n<li data-hveid=\"CAEICBAC\" data-complete=\"true\" data-sae=\"\"><span class=\"T286Pc\" data-sfc-cp=\"\" data-complete=\"true\">Nosek: Szpiczasty, zamkni\u0119ty<\/span><\/li>\n<li data-hveid=\"CAEICBAD\" data-complete=\"true\" data-sae=\"\"><span class=\"T286Pc\" data-sfc-cp=\"\" data-complete=\"true\">Zapi\u0119cie: Regulowany pasek slingback ze sprz\u0105czk\u0105<\/span><\/li>\n<li data-hveid=\"CAEICBAE\" data-complete=\"true\" data-sae=\"\"><span class=\"T286Pc\" data-sfc-cp=\"\" data-complete=\"true\">Ozdoby: B\u0142yszcz\u0105ce cyrkonie\u00a0<\/span><\/li>\n<li data-hveid=\"CAEICBAF\" data-complete=\"true\" data-sae=\"\"><span class=\"T286Pc\" data-sfc-cp=\"\" data-complete=\"true\">Komfort: Mi\u0119kka, amortyzowana wk\u0142adka<\/span><\/li>\n<\/ul>\n<table class=\"r-table r-w-100 r-font-caption r-black-color\">\n<thead>\n<tr class=\"black-color\">\n<th class=\"r-text-left r-bg-gray-100 r-radius-top-left-8 r-table--sticky-column r-position-sticky r-left-0\">Rozmiar<\/th>\n<th class=\"r-text-center r-bg-gray-100\">\n<div class=\"r-size-value-producer\">36<\/div>\n<\/th>\n<th class=\"r-text-center r-bg-gray-100\">\n<div class=\"r-size-value-producer\">37<\/div>\n<\/th>\n<th class=\"r-text-center r-bg-gray-100\">\n<div class=\"r-size-value-producer\">38<\/div>\n<\/th>\n<th class=\"r-text-center r-bg-gray-100\">\n<div class=\"r-size-value-producer\">39<\/div>\n<\/th>\n<th class=\"r-text-center r-bg-gray-100\">\n<div class=\"r-size-value-producer\">40<\/div>\n<\/th>\n<th class=\"r-text-center r-bg-gray-100 r-radius-top-right-8\">\n<div class=\"r-size-value-producer\">41<\/div>\n<\/th>\n<\/tr>\n<\/thead>\n<tbody>\n<tr>\n<td class=\"r-table--sticky-column r-position-sticky r-left-0 r-bg-white\">D\u0142ugo\u015b\u0107 stopy<\/td>\n<td class=\"r-text-center\">23.00<\/td>\n<td class=\"r-text-center\">23.50<\/td>\n<td class=\"r-text-center\">24.00<\/td>\n<td class=\"r-text-center\">25.00<\/td>\n<td class=\"r-text-center\">25.50<\/td>\n<td class=\"r-text-center\">26.00<\/td>\n<\/tr>\n<tr>\n<td class=\"r-table--sticky-column r-position-sticky r-left-0 r-bg-white\">[1] D\u0142ugo\u015b\u0107 wk\u0142adki<\/td>\n<td class=\"r-text-center\">24.00<\/td>\n<td class=\"r-text-center\">24.50<\/td>\n<td class=\"r-text-center\">25.00<\/td>\n<td class=\"r-text-center\">26.00<\/td>\n<td class=\"r-text-center\">26.50<\/td>\n<td class=\"r-text-center\">27.00<\/td>\n<\/tr>\n<tr>\n<td class=\"r-table--sticky-column r-position-sticky r-left-0 r-bg-white\">[2] Szeroko\u015b\u0107 wk\u0142adki<\/td>\n<td class=\"r-text-center\">7.50<\/td>\n<td class=\"r-text-center\">7.50<\/td>\n<td class=\"r-text-center\">7.50<\/td>\n<td class=\"r-text-center\">8.00<\/td>\n<td class=\"r-text-center\">8.50<\/td>\n<td class=\"r-text-center\">8.50<\/td>\n<\/tr>\n<tr>\n<td class=\"r-table--sticky-column r-position-sticky r-left-0 r-bg-white\">[3] Wysoko\u015b\u0107 obcasa<\/td>\n<td class=\"r-text-center\">8.50<\/td>\n<td class=\"r-text-center\">8.50<\/td>\n<td class=\"r-text-center\">8.50<\/td>\n<td class=\"r-text-center\">8.50<\/td>\n<td class=\"r-text-center\">8.50<\/td>\n<td class=\"r-text-center\">8.50<\/td>\n<\/tr>\n<\/tbody>\n<\/table>\n","protected":false},"featured_media":15208,"comment_status":"open","ping_status":"closed","template":"","meta":{"site-sidebar-layout":"default","site-content-layout":"","ast-site-content-layout":"default","site-content-style":"default","site-sidebar-style":"default","ast-global-header-display":"","ast-banner-title-visibility":"","ast-main-header-display":"","ast-hfb-above-header-display":"","ast-hfb-below-header-display":"","ast-hfb-mobile-header-display":"","site-post-title":"","ast-breadcrumbs-content":"","ast-featured-img":"","footer-sml-layout":"","ast-disable-related-posts":"","theme-transparent-header-meta":"default","adv-header-id-meta":"","stick-header-meta":"","header-above-stick-meta":"","header-main-stick-meta":"","header-below-stick-meta":"","astra-migrate-meta-layouts":"set","ast-page-background-enabled":"default","ast-page-background-meta":{"desktop":{"background-color":"var(--ast-global-color-5)","background-image":"","background-repeat":"repeat","background-position":"center center","background-size":"auto","background-attachment":"scroll","background-type":"","background-media":"","overlay-type":"","overlay-color":"","overlay-opacity":"","overlay-gradient":""},"tablet":{"background-color":"","background-image":"","background-repeat":"repeat","background-position":"center center","background-size":"auto","background-attachment":"scroll","background-type":"","background-media":"","overlay-type":"","overlay-color":"","overlay-opacity":"","overlay-gradient":""},"mobile":{"background-color":"","background-image":"","background-repeat":"repeat","background-position":"center center","background-size":"auto","background-attachment":"scroll","background-type":"","background-media":"","overlay-type":"","overlay-color":"","overlay-opacity":"","overlay-gradient":""}},"ast-content-background-meta":{"desktop":{"background-color":"var(--ast-global-color-4)","background-image":"","background-repeat":"repeat","background-position":"center center","background-size":"auto","background-attachment":"scroll","background-type":"","background-media":"","overlay-type":"","overlay-color":"","overlay-opacity":"","overlay-gradient":""},"tablet":{"background-color":"var(--ast-global-color-4)","background-image":"","background-repeat":"repeat","background-position":"center center","background-size":"auto","background-attachment":"scroll","background-type":"","background-media":"","overlay-type":"","overlay-color":"","overlay-opacity":"","overlay-gradient":""},"mobile":{"background-color":"var(--ast-global-color-4)","background-image":"","background-repeat":"repeat","background-position":"center center","background-size":"auto","background-attachment":"scroll","background-type":"","background-media":"","overlay-type":"","overlay-color":"","overlay-opacity":"","overlay-gradient":""}}},"product_brand":[],"product_cat":[76,241,575,584,585,586],"product_tag":[625],"class_list":{"0":"post-15207","1":"product","2":"type-product","3":"status-publish","4":"has-post-thumbnail","6":"product_cat-dodatki","7":"product_cat-moda-damska","8":"product_cat-obuwie","9":"product_cat-obuwie-na-studniowke","10":"product_cat-obuwie-na-sylwestra","11":"product_cat-obuwie-na-wesele","12":"product_tag-srebneszpilki-cyrkonie-eleganckiebuty-casuallook-butyzdobione-stylizacja-glamourstyle","13":"desktop-align-left","14":"tablet-align-left","15":"mobile-align-left","17":"first","18":"instock","19":"sold-individually","20":"shipping-taxable","21":"purchasable","22":"product-type-variable"},"_links":{"self":[{"href":"https:\/\/goldendreams.com.pl\/en\/wp-json\/wp\/v2\/product\/15207","targetHints":{"allow":["GET"]}}],"collection":[{"href":"https:\/\/goldendreams.com.pl\/en\/wp-json\/wp\/v2\/product"}],"about":[{"href":"https:\/\/goldendreams.com.pl\/en\/wp-json\/wp\/v2\/types\/product"}],"replies":[{"embeddable":true,"href":"https:\/\/goldendreams.com.pl\/en\/wp-json\/wp\/v2\/comments?post=15207"}],"wp:featuredmedia":[{"embeddable":true,"href":"https:\/\/goldendreams.com.pl\/en\/wp-json\/wp\/v2\/media\/15208"}],"wp:attachment":[{"href":"https:\/\/goldendreams.com.pl\/en\/wp-json\/wp\/v2\/media?parent=15207"}],"wp:term":[{"taxonomy":"product_brand","embeddable":true,"href":"https:\/\/goldendreams.com.pl\/en\/wp-json\/wp\/v2\/product_brand?post=15207"},{"taxonomy":"product_cat","embeddable":true,"href":"https:\/\/goldendreams.com.pl\/en\/wp-json\/wp\/v2\/product_cat?post=15207"},{"taxonomy":"product_tag","embeddable":true,"href":"https:\/\/goldendreams.com.pl\/en\/wp-json\/wp\/v2\/product_tag?post=15207"}],"curies":[{"name":"wp","href":"https:\/\/api.w.org\/{rel}","templated":true}]}}