{"id":15183,"date":"2025-11-18T14:22:40","date_gmt":"2025-11-18T14:22:40","guid":{"rendered":"https:\/\/goldendreams.com.pl\/?post_type=product&#038;p=15183"},"modified":"2026-02-25T12:04:05","modified_gmt":"2026-02-25T12:04:05","slug":"czarne-plaskie-sandaly-ze-zlotymi-akcentami","status":"publish","type":"product","link":"https:\/\/goldendreams.com.pl\/en\/sklep\/czarne-plaskie-sandaly-ze-zlotymi-akcentami\/","title":{"rendered":"Czarne P\u0142askie Sanda\u0142y ze Z\u0142otymi Akcentami"},"content":{"rendered":"<div class=\"Y3BBE\" data-sfc-cp=\"\" data-hveid=\"CAEIBBAA\" data-processed=\"true\" data-complete=\"true\"><span class=\"T286Pc\" data-sfc-cp=\"\" data-complete=\"true\" data-processed=\"true\">Ten model \u0142\u0105czy minimalistyczny design ze stylowymi, przyci\u0105gaj\u0105cymi wzrok detalami<\/span>.<\/div>\n<div class=\"Fsg96\" data-sfc-cp=\"\" data-complete=\"true\" data-processed=\"true\"><\/div>\n<div class=\"AdPoic\" role=\"heading\" aria-level=\"3\" data-animation-nesting=\"\" data-sfc-cp=\"\" data-processed=\"true\" data-sae=\"\" data-complete=\"true\">Cechy Produktu:<\/div>\n<ul class=\"KsbFXc U6u95\" data-processed=\"true\" data-complete=\"true\">\n<li data-hveid=\"CAEIBRAA\" data-complete=\"true\" data-sae=\"\"><span class=\"T286Pc\" data-sfc-cp=\"\" data-complete=\"true\"><strong class=\"Yjhzub\" data-complete=\"true\">Design:<\/strong> Sanda\u0142y posiadaj\u0105 modny, szpiczasty nosek oraz wyci\u0119cia ozdobione okr\u0105g\u0142ymi, z\u0142otymi elementami, kt\u00f3re nadaj\u0105 im lekko\u015bci i oryginalno\u015bci.<\/span><\/li>\n<li data-hveid=\"CAEIBRAB\" data-complete=\"true\" data-sae=\"\"><span class=\"T286Pc\" data-sfc-cp=\"\" data-complete=\"true\"><strong class=\"Yjhzub\" data-complete=\"true\">Komfort:<\/strong> Wyposa\u017cone w mi\u0119kk\u0105 wk\u0142adk\u0119, zapewniaj\u0105 wygod\u0119 na ka\u017cdym kroku.<\/span><\/li>\n<li data-hveid=\"CAEIBRAC\" data-sae=\"\" data-complete=\"true\"><span class=\"T286Pc\" data-sfc-cp=\"\" data-complete=\"true\"><strong class=\"Yjhzub\" data-complete=\"true\">Fason:<\/strong> Fason slingback z subtelnym zapi\u0119ciem na sprz\u0105czk\u0119 wok\u00f3\u0142 kostki pi\u0119knie podkre\u015bla sylwetk\u0119 i zapewnia stabilne dopasowanie.<\/span><\/li>\n<li data-hveid=\"CAEIBRAD\" data-complete=\"true\" data-processed=\"true\" data-sae=\"\"><span class=\"T286Pc\" data-sfc-cp=\"\" data-complete=\"true\"><strong class=\"Yjhzub\" data-complete=\"true\">Wszechstronno\u015b\u0107:<\/strong> Idealne na letnie wyj\u015bcia, \u015bwietnie skomponuj\u0105 si\u0119 zar\u00f3wno z sukienk\u0105, jak i eleganckimi spodniami czy jeansami.<\/span><\/li>\n<\/ul>\n<p>Te sanda\u0142y to must-have dla mi\u0142o\u015bniczek miejskiego szyku i ponadczasowej elegancji.<\/p>","protected":false},"excerpt":{"rendered":"<div class=\"Y3BBE\" data-sfc-cp=\"\" data-hveid=\"CAEIBBAA\" data-processed=\"true\" data-complete=\"true\"><span class=\"T286Pc\" data-sfc-cp=\"\" data-complete=\"true\" data-processed=\"true\">Ten model \u0142\u0105czy minimalistyczny design ze stylowymi, przyci\u0105gaj\u0105cymi wzrok detalami<\/span>.<\/div>\n<div class=\"Fsg96\" data-sfc-cp=\"\" data-complete=\"true\" data-processed=\"true\"><\/div>\n<div class=\"AdPoic\" role=\"heading\" aria-level=\"3\" data-animation-nesting=\"\" data-sfc-cp=\"\" data-processed=\"true\" data-sae=\"\" data-complete=\"true\">Cechy Produktu:<\/div>\n<ul class=\"KsbFXc U6u95\" data-processed=\"true\" data-complete=\"true\">\n<li data-hveid=\"CAEIBRAA\" data-complete=\"true\" data-sae=\"\"><span class=\"T286Pc\" data-sfc-cp=\"\" data-complete=\"true\"><strong class=\"Yjhzub\" data-complete=\"true\">Design:<\/strong> Sanda\u0142y posiadaj\u0105 modny, szpiczasty nosek oraz wyci\u0119cia ozdobione okr\u0105g\u0142ymi, z\u0142otymi elementami, kt\u00f3re nadaj\u0105 im lekko\u015bci i oryginalno\u015bci.<\/span><\/li>\n<li data-hveid=\"CAEIBRAB\" data-complete=\"true\" data-sae=\"\"><span class=\"T286Pc\" data-sfc-cp=\"\" data-complete=\"true\"><strong class=\"Yjhzub\" data-complete=\"true\">Komfort:<\/strong> Wyposa\u017cone w mi\u0119kk\u0105 wk\u0142adk\u0119, zapewniaj\u0105 wygod\u0119 na ka\u017cdym kroku.<\/span><\/li>\n<li data-hveid=\"CAEIBRAC\" data-sae=\"\" data-complete=\"true\"><span class=\"T286Pc\" data-sfc-cp=\"\" data-complete=\"true\"><strong class=\"Yjhzub\" data-complete=\"true\">Fason:<\/strong> Fason slingback z subtelnym zapi\u0119ciem na sprz\u0105czk\u0119 wok\u00f3\u0142 kostki pi\u0119knie podkre\u015bla sylwetk\u0119 i zapewnia stabilne dopasowanie.<\/span><\/li>\n<li data-hveid=\"CAEIBRAD\" data-complete=\"true\" data-processed=\"true\" data-sae=\"\"><span class=\"T286Pc\" data-sfc-cp=\"\" data-complete=\"true\"><strong class=\"Yjhzub\" data-complete=\"true\">Wszechstronno\u015b\u0107:<\/strong> Idealne na letnie wyj\u015bcia, \u015bwietnie skomponuj\u0105 si\u0119 zar\u00f3wno z sukienk\u0105, jak i eleganckimi spodniami czy jeansami.<\/span><\/li>\n<\/ul>\n<p>Te sanda\u0142y to must-have dla mi\u0142o\u015bniczek miejskiego szyku i ponadczasowej elegancji.<\/p>\n<table class=\"r-table r-w-100 r-font-caption r-black-color\">\n<thead>\n<tr class=\"black-color\">\n<th class=\"r-text-left r-bg-gray-100 r-radius-top-left-8 r-table--sticky-column r-position-sticky r-left-0\">Rozmiar<\/th>\n<th class=\"r-text-center r-bg-gray-100\">\n<div class=\"r-size-value-producer\">36<\/div>\n<\/th>\n<th class=\"r-text-center r-bg-gray-100\">\n<div class=\"r-size-value-producer\">37<\/div>\n<\/th>\n<th class=\"r-text-center r-bg-gray-100\">\n<div class=\"r-size-value-producer\">38<\/div>\n<\/th>\n<th class=\"r-text-center r-bg-gray-100\">\n<div class=\"r-size-value-producer\">39<\/div>\n<\/th>\n<th class=\"r-text-center r-bg-gray-100\">\n<div class=\"r-size-value-producer\">40<\/div>\n<\/th>\n<th class=\"r-text-center r-bg-gray-100 r-radius-top-right-8\">\n<div class=\"r-size-value-producer\">41<\/div>\n<\/th>\n<\/tr>\n<\/thead>\n<tbody>\n<tr>\n<td class=\"r-table--sticky-column r-position-sticky r-left-0 r-bg-white\">D\u0142ugo\u015b\u0107 stopy<\/td>\n<td class=\"r-text-center\">23.00<\/td>\n<td class=\"r-text-center\">23.50<\/td>\n<td class=\"r-text-center\">24.00<\/td>\n<td class=\"r-text-center\">25.00<\/td>\n<td class=\"r-text-center\">25.50<\/td>\n<td class=\"r-text-center\">26.00<\/td>\n<\/tr>\n<tr>\n<td class=\"r-table--sticky-column r-position-sticky r-left-0 r-bg-white\">[1] D\u0142ugo\u015b\u0107 wk\u0142adki<\/td>\n<td class=\"r-text-center\">24.00<\/td>\n<td class=\"r-text-center\">24.50<\/td>\n<td class=\"r-text-center\">25.00<\/td>\n<td class=\"r-text-center\">26.00<\/td>\n<td class=\"r-text-center\">26.50<\/td>\n<td class=\"r-text-center\">27.00<\/td>\n<\/tr>\n<tr>\n<td class=\"r-table--sticky-column r-position-sticky r-left-0 r-bg-white\">[2] Szeroko\u015b\u0107 wk\u0142adki<\/td>\n<td class=\"r-text-center\">7.50<\/td>\n<td class=\"r-text-center\">7.50<\/td>\n<td class=\"r-text-center\">7.50<\/td>\n<td class=\"r-text-center\">8.00<\/td>\n<td class=\"r-text-center\">8.50<\/td>\n<td class=\"r-text-center\">8.50<\/td>\n<\/tr>\n<tr>\n<td class=\"r-table--sticky-column r-position-sticky r-left-0 r-bg-white\">[3] Wysoko\u015b\u0107 obcasa<\/td>\n<td class=\"r-text-center\">2.50<\/td>\n<td class=\"r-text-center\">2.50<\/td>\n<td class=\"r-text-center\">2.50<\/td>\n<td class=\"r-text-center\">2.50<\/td>\n<td class=\"r-text-center\">2.50<\/td>\n<td class=\"r-text-center\">2.50<\/td>\n<\/tr>\n<\/tbody>\n<\/table>\n","protected":false},"featured_media":15184,"comment_status":"open","ping_status":"closed","template":"","meta":{"site-sidebar-layout":"default","site-content-layout":"","ast-site-content-layout":"default","site-content-style":"default","site-sidebar-style":"default","ast-global-header-display":"","ast-banner-title-visibility":"","ast-main-header-display":"","ast-hfb-above-header-display":"","ast-hfb-below-header-display":"","ast-hfb-mobile-header-display":"","site-post-title":"","ast-breadcrumbs-content":"","ast-featured-img":"","footer-sml-layout":"","ast-disable-related-posts":"","theme-transparent-header-meta":"default","adv-header-id-meta":"","stick-header-meta":"","header-above-stick-meta":"","header-main-stick-meta":"","header-below-stick-meta":"","astra-migrate-meta-layouts":"set","ast-page-background-enabled":"default","ast-page-background-meta":{"desktop":{"background-color":"var(--ast-global-color-5)","background-image":"","background-repeat":"repeat","background-position":"center center","background-size":"auto","background-attachment":"scroll","background-type":"","background-media":"","overlay-type":"","overlay-color":"","overlay-opacity":"","overlay-gradient":""},"tablet":{"background-color":"","background-image":"","background-repeat":"repeat","background-position":"center center","background-size":"auto","background-attachment":"scroll","background-type":"","background-media":"","overlay-type":"","overlay-color":"","overlay-opacity":"","overlay-gradient":""},"mobile":{"background-color":"","background-image":"","background-repeat":"repeat","background-position":"center center","background-size":"auto","background-attachment":"scroll","background-type":"","background-media":"","overlay-type":"","overlay-color":"","overlay-opacity":"","overlay-gradient":""}},"ast-content-background-meta":{"desktop":{"background-color":"var(--ast-global-color-4)","background-image":"","background-repeat":"repeat","background-position":"center center","background-size":"auto","background-attachment":"scroll","background-type":"","background-media":"","overlay-type":"","overlay-color":"","overlay-opacity":"","overlay-gradient":""},"tablet":{"background-color":"var(--ast-global-color-4)","background-image":"","background-repeat":"repeat","background-position":"center center","background-size":"auto","background-attachment":"scroll","background-type":"","background-media":"","overlay-type":"","overlay-color":"","overlay-opacity":"","overlay-gradient":""},"mobile":{"background-color":"var(--ast-global-color-4)","background-image":"","background-repeat":"repeat","background-position":"center center","background-size":"auto","background-attachment":"scroll","background-type":"","background-media":"","overlay-type":"","overlay-color":"","overlay-opacity":"","overlay-gradient":""}}},"product_brand":[],"product_cat":[76,241,575,618],"product_tag":[619],"class_list":{"0":"post-15183","1":"product","2":"type-product","3":"status-publish","4":"has-post-thumbnail","6":"product_cat-dodatki","7":"product_cat-moda-damska","8":"product_cat-obuwie","9":"product_cat-obuwie-letnie","10":"product_tag-sandaly-butydamskie-czarnesandalyletniestylizacje-modadamska-musthave-obuwie-eleganckiesandaly-skleponline-polskamodazlotenakcenty","11":"desktop-align-left","12":"tablet-align-left","13":"mobile-align-left","15":"first","16":"instock","17":"sold-individually","18":"shipping-taxable","19":"purchasable","20":"product-type-variable"},"_links":{"self":[{"href":"https:\/\/goldendreams.com.pl\/en\/wp-json\/wp\/v2\/product\/15183","targetHints":{"allow":["GET"]}}],"collection":[{"href":"https:\/\/goldendreams.com.pl\/en\/wp-json\/wp\/v2\/product"}],"about":[{"href":"https:\/\/goldendreams.com.pl\/en\/wp-json\/wp\/v2\/types\/product"}],"replies":[{"embeddable":true,"href":"https:\/\/goldendreams.com.pl\/en\/wp-json\/wp\/v2\/comments?post=15183"}],"wp:featuredmedia":[{"embeddable":true,"href":"https:\/\/goldendreams.com.pl\/en\/wp-json\/wp\/v2\/media\/15184"}],"wp:attachment":[{"href":"https:\/\/goldendreams.com.pl\/en\/wp-json\/wp\/v2\/media?parent=15183"}],"wp:term":[{"taxonomy":"product_brand","embeddable":true,"href":"https:\/\/goldendreams.com.pl\/en\/wp-json\/wp\/v2\/product_brand?post=15183"},{"taxonomy":"product_cat","embeddable":true,"href":"https:\/\/goldendreams.com.pl\/en\/wp-json\/wp\/v2\/product_cat?post=15183"},{"taxonomy":"product_tag","embeddable":true,"href":"https:\/\/goldendreams.com.pl\/en\/wp-json\/wp\/v2\/product_tag?post=15183"}],"curies":[{"name":"wp","href":"https:\/\/api.w.org\/{rel}","templated":true}]}}