{"id":15165,"date":"2025-11-18T13:40:23","date_gmt":"2025-11-18T13:40:23","guid":{"rendered":"https:\/\/goldendreams.com.pl\/?post_type=product&#038;p=15165"},"modified":"2026-02-25T12:07:53","modified_gmt":"2026-02-25T12:07:53","slug":"czarne-szpilki-na-geometrycznym-obcasie-i-nosek-w-szpic","status":"publish","type":"product","link":"https:\/\/goldendreams.com.pl\/en\/sklep\/czarne-szpilki-na-geometrycznym-obcasie-i-nosek-w-szpic\/","title":{"rendered":"Czarne Szpilki na Geometrycznym Obcasie i Nosek w Szpic"},"content":{"rendered":"<p>Odkryj kwintesencj\u0119 elegancji i nowoczesnego designu z naszymi czarnymi szpilkami.<\/p>\n<ul>\n<li data-hveid=\"CAEIAxAA\" data-complete=\"true\" data-sae=\"\"><span class=\"T286Pc\" data-sfc-cp=\"\" data-complete=\"true\"><strong class=\"Yjhzub\" data-complete=\"true\">Design:<\/strong> Charakteryzuj\u0105 si\u0119 minimalistycznym i eleganckim wygl\u0105dem. Ich najbardziej unikalnym elementem jest nowoczesny, geometryczny obcas, kt\u00f3ry odr\u00f3\u017cnia je od klasycznych szpilek. Szpiczasty nosek dodaje im klasy i optycznie wysmukla stop\u0119.<\/span><\/li>\n<li data-hveid=\"CAEIAxAB\" data-complete=\"true\" data-sae=\"\"><span class=\"T286Pc\" data-sfc-cp=\"\" data-complete=\"true\"><strong class=\"Yjhzub\" data-complete=\"true\">Materia\u0142:<\/strong> Wykonane s\u0105 z g\u0142adkiej imitacji sk\u00f3ry, co jest popularnym wyborem w modzie damskiej. Materia\u0142 wk\u0142adki to r\u00f3wnie\u017c imitacja sk\u00f3ry, co zapewnia komfort noszenia.<\/span><\/li>\n<li data-hveid=\"CAEIAxAD\" data-complete=\"true\" data-sae=\"\"><span class=\"T286Pc\" data-sfc-cp=\"\" data-complete=\"true\"><strong class=\"Yjhzub\" data-complete=\"true\">Stylizacje:<\/strong> Dzi\u0119ki swojemu uniwersalnemu, czarnemu kolorowi i eleganckiemu fasonowi pasuj\u0105 do wielu stylizacji. Mo\u017cna je nosi\u0107 zar\u00f3wno do formalnych stroj\u00f3w, takich jak garnitury czy o\u0142\u00f3wkowe sp\u00f3dnice, jak i do bardziej casualowych zestaw\u00f3w z jeansami czy sukienkami.<\/span><\/li>\n<\/ul>","protected":false},"excerpt":{"rendered":"<p>Odkryj kwintesencj\u0119 elegancji i nowoczesnego designu z naszymi czarnymi szpilkami.<\/p>\n<ul>\n<li data-hveid=\"CAEIAxAA\" data-complete=\"true\" data-sae=\"\"><span class=\"T286Pc\" data-sfc-cp=\"\" data-complete=\"true\"><strong class=\"Yjhzub\" data-complete=\"true\">Design:<\/strong> Charakteryzuj\u0105 si\u0119 minimalistycznym i eleganckim wygl\u0105dem. Ich najbardziej unikalnym elementem jest nowoczesny, geometryczny obcas, kt\u00f3ry odr\u00f3\u017cnia je od klasycznych szpilek. Szpiczasty nosek dodaje im klasy i optycznie wysmukla stop\u0119.<\/span><\/li>\n<li data-hveid=\"CAEIAxAB\" data-complete=\"true\" data-sae=\"\"><span class=\"T286Pc\" data-sfc-cp=\"\" data-complete=\"true\"><strong class=\"Yjhzub\" data-complete=\"true\">Materia\u0142:<\/strong> Wykonane s\u0105 z g\u0142adkiej imitacji sk\u00f3ry, co jest popularnym wyborem w modzie damskiej. Materia\u0142 wk\u0142adki to r\u00f3wnie\u017c imitacja sk\u00f3ry, co zapewnia komfort noszenia.<\/span><\/li>\n<li data-hveid=\"CAEIAxAD\" data-complete=\"true\" data-sae=\"\"><span class=\"T286Pc\" data-sfc-cp=\"\" data-complete=\"true\"><strong class=\"Yjhzub\" data-complete=\"true\">Stylizacje:<\/strong> Dzi\u0119ki swojemu uniwersalnemu, czarnemu kolorowi i eleganckiemu fasonowi pasuj\u0105 do wielu stylizacji. Mo\u017cna je nosi\u0107 zar\u00f3wno do formalnych stroj\u00f3w, takich jak garnitury czy o\u0142\u00f3wkowe sp\u00f3dnice, jak i do bardziej casualowych zestaw\u00f3w z jeansami czy sukienkami.<\/span><\/li>\n<\/ul>\n<table class=\"r-table r-w-100 r-font-caption r-black-color\">\n<thead>\n<tr class=\"black-color\">\n<th class=\"r-text-left r-bg-gray-100 r-radius-top-left-8 r-table--sticky-column r-position-sticky r-left-0\">Rozmiar<\/th>\n<th class=\"r-text-center r-bg-gray-100\">\n<div class=\"r-size-value-producer\">36<\/div>\n<\/th>\n<th class=\"r-text-center r-bg-gray-100\">\n<div class=\"r-size-value-producer\">37<\/div>\n<\/th>\n<th class=\"r-text-center r-bg-gray-100\">\n<div class=\"r-size-value-producer\">38<\/div>\n<\/th>\n<th class=\"r-text-center r-bg-gray-100\">\n<div class=\"r-size-value-producer\">39<\/div>\n<\/th>\n<th class=\"r-text-center r-bg-gray-100\">\n<div class=\"r-size-value-producer\">40<\/div>\n<\/th>\n<th class=\"r-text-center r-bg-gray-100 r-radius-top-right-8\">\n<div class=\"r-size-value-producer\">41<\/div>\n<\/th>\n<\/tr>\n<\/thead>\n<tbody>\n<tr>\n<td class=\"r-table--sticky-column r-position-sticky r-left-0 r-bg-white\">D\u0142ugo\u015b\u0107 stopy<\/td>\n<td class=\"r-text-center\">23.00<\/td>\n<td class=\"r-text-center\">23.50<\/td>\n<td class=\"r-text-center\">24.00<\/td>\n<td class=\"r-text-center\">25.00<\/td>\n<td class=\"r-text-center\">25.50<\/td>\n<td class=\"r-text-center\">26.00<\/td>\n<\/tr>\n<tr>\n<td class=\"r-table--sticky-column r-position-sticky r-left-0 r-bg-white\">[1] D\u0142ugo\u015b\u0107 wk\u0142adki<\/td>\n<td class=\"r-text-center\">24.00<\/td>\n<td class=\"r-text-center\">24.50<\/td>\n<td class=\"r-text-center\">25.00<\/td>\n<td class=\"r-text-center\">26.00<\/td>\n<td class=\"r-text-center\">26.50<\/td>\n<td class=\"r-text-center\">27.00<\/td>\n<\/tr>\n<tr>\n<td class=\"r-table--sticky-column r-position-sticky r-left-0 r-bg-white\">[2] Szeroko\u015b\u0107 wk\u0142adki<\/td>\n<td class=\"r-text-center\">7.50<\/td>\n<td class=\"r-text-center\">7.50<\/td>\n<td class=\"r-text-center\">8.00<\/td>\n<td class=\"r-text-center\">8.00<\/td>\n<td class=\"r-text-center\">8.50<\/td>\n<td class=\"r-text-center\">8.50<\/td>\n<\/tr>\n<tr>\n<td class=\"r-table--sticky-column r-position-sticky r-left-0 r-bg-white\">[3] Wysoko\u015b\u0107 obcasa<\/td>\n<td class=\"r-text-center\">9.50<\/td>\n<td class=\"r-text-center\">9.50<\/td>\n<td class=\"r-text-center\">9.50<\/td>\n<td class=\"r-text-center\">9.50<\/td>\n<td class=\"r-text-center\">9.50<\/td>\n<td class=\"r-text-center\">9.50<\/td>\n<\/tr>\n<\/tbody>\n<\/table>\n","protected":false},"featured_media":15166,"comment_status":"open","ping_status":"closed","template":"","meta":{"site-sidebar-layout":"default","site-content-layout":"","ast-site-content-layout":"default","site-content-style":"default","site-sidebar-style":"default","ast-global-header-display":"","ast-banner-title-visibility":"","ast-main-header-display":"","ast-hfb-above-header-display":"","ast-hfb-below-header-display":"","ast-hfb-mobile-header-display":"","site-post-title":"","ast-breadcrumbs-content":"","ast-featured-img":"","footer-sml-layout":"","ast-disable-related-posts":"","theme-transparent-header-meta":"default","adv-header-id-meta":"","stick-header-meta":"","header-above-stick-meta":"","header-main-stick-meta":"","header-below-stick-meta":"","astra-migrate-meta-layouts":"set","ast-page-background-enabled":"default","ast-page-background-meta":{"desktop":{"background-color":"var(--ast-global-color-5)","background-image":"","background-repeat":"repeat","background-position":"center center","background-size":"auto","background-attachment":"scroll","background-type":"","background-media":"","overlay-type":"","overlay-color":"","overlay-opacity":"","overlay-gradient":""},"tablet":{"background-color":"","background-image":"","background-repeat":"repeat","background-position":"center center","background-size":"auto","background-attachment":"scroll","background-type":"","background-media":"","overlay-type":"","overlay-color":"","overlay-opacity":"","overlay-gradient":""},"mobile":{"background-color":"","background-image":"","background-repeat":"repeat","background-position":"center center","background-size":"auto","background-attachment":"scroll","background-type":"","background-media":"","overlay-type":"","overlay-color":"","overlay-opacity":"","overlay-gradient":""}},"ast-content-background-meta":{"desktop":{"background-color":"var(--ast-global-color-4)","background-image":"","background-repeat":"repeat","background-position":"center center","background-size":"auto","background-attachment":"scroll","background-type":"","background-media":"","overlay-type":"","overlay-color":"","overlay-opacity":"","overlay-gradient":""},"tablet":{"background-color":"var(--ast-global-color-4)","background-image":"","background-repeat":"repeat","background-position":"center center","background-size":"auto","background-attachment":"scroll","background-type":"","background-media":"","overlay-type":"","overlay-color":"","overlay-opacity":"","overlay-gradient":""},"mobile":{"background-color":"var(--ast-global-color-4)","background-image":"","background-repeat":"repeat","background-position":"center center","background-size":"auto","background-attachment":"scroll","background-type":"","background-media":"","overlay-type":"","overlay-color":"","overlay-opacity":"","overlay-gradient":""}}},"product_brand":[],"product_cat":[76,241,575,584,585,586],"product_tag":[614],"class_list":{"0":"post-15165","1":"product","2":"type-product","3":"status-publish","4":"has-post-thumbnail","6":"product_cat-dodatki","7":"product_cat-moda-damska","8":"product_cat-obuwie","9":"product_cat-obuwie-na-studniowke","10":"product_cat-obuwie-na-sylwestra","11":"product_cat-obuwie-na-wesele","12":"product_tag-czarneszpilki-szpiczastynosek-eleganckie-klasyczne-moda-fashion-eleganckistyl","13":"desktop-align-left","14":"tablet-align-left","15":"mobile-align-left","17":"first","18":"instock","19":"sold-individually","20":"shipping-taxable","21":"purchasable","22":"product-type-variable"},"_links":{"self":[{"href":"https:\/\/goldendreams.com.pl\/en\/wp-json\/wp\/v2\/product\/15165","targetHints":{"allow":["GET"]}}],"collection":[{"href":"https:\/\/goldendreams.com.pl\/en\/wp-json\/wp\/v2\/product"}],"about":[{"href":"https:\/\/goldendreams.com.pl\/en\/wp-json\/wp\/v2\/types\/product"}],"replies":[{"embeddable":true,"href":"https:\/\/goldendreams.com.pl\/en\/wp-json\/wp\/v2\/comments?post=15165"}],"wp:featuredmedia":[{"embeddable":true,"href":"https:\/\/goldendreams.com.pl\/en\/wp-json\/wp\/v2\/media\/15166"}],"wp:attachment":[{"href":"https:\/\/goldendreams.com.pl\/en\/wp-json\/wp\/v2\/media?parent=15165"}],"wp:term":[{"taxonomy":"product_brand","embeddable":true,"href":"https:\/\/goldendreams.com.pl\/en\/wp-json\/wp\/v2\/product_brand?post=15165"},{"taxonomy":"product_cat","embeddable":true,"href":"https:\/\/goldendreams.com.pl\/en\/wp-json\/wp\/v2\/product_cat?post=15165"},{"taxonomy":"product_tag","embeddable":true,"href":"https:\/\/goldendreams.com.pl\/en\/wp-json\/wp\/v2\/product_tag?post=15165"}],"curies":[{"name":"wp","href":"https:\/\/api.w.org\/{rel}","templated":true}]}}