{"id":15066,"date":"2025-11-14T10:43:46","date_gmt":"2025-11-14T10:43:46","guid":{"rendered":"https:\/\/goldendreams.com.pl\/?post_type=product&#038;p=15066"},"modified":"2026-02-26T13:59:14","modified_gmt":"2026-02-26T13:59:14","slug":"bezowe-czolenka-lilria","status":"publish","type":"product","link":"https:\/\/goldendreams.com.pl\/en\/sklep\/bezowe-czolenka-lilria\/","title":{"rendered":"Be\u017cowe Cz\u00f3\u0142enka Lilria"},"content":{"rendered":"<p>Odkryj idealne po\u0142\u0105czenie klasyki i nowoczesno\u015bci z naszymi cz\u00f3\u0142enkami Lilria. Te be\u017cowe buty to kwintesencja kobiecego stylu, zaprojektowane z my\u015bl\u0105 o kobietach ceni\u0105cych sobie elegancj\u0119, ale nie rezygnuj\u0105cych z komfortu na co dzie\u0144.<\/p>\n<ul class=\"KsbFXc U6u95\" data-processed=\"true\" data-complete=\"true\">\n<li data-hveid=\"CAEIBRAA\" data-complete=\"true\" data-sae=\"\"><span class=\"T286Pc\" data-sfc-cp=\"\" data-complete=\"true\"><strong class=\"Yjhzub\" data-complete=\"true\">Stabilny Obcas S\u0142upek:<\/strong> Niski, geometryczny obcas zapewnia stabilno\u015b\u0107 i wygod\u0119 przez ca\u0142y dzie\u0144.<\/span><\/li>\n<li data-hveid=\"CAEIBRAB\" data-complete=\"true\" data-sae=\"\"><span class=\"T286Pc\" data-sfc-cp=\"\" data-complete=\"true\"><strong class=\"Yjhzub\" data-complete=\"true\">Sk\u00f3rzana Wk\u0142adka:<\/strong> Wn\u0119trze buta wyko\u0144czone jest mi\u0119kk\u0105, naturaln\u0105 sk\u00f3r\u0105, co gwarantuje stopom odpowiedni\u0105 cyrkulacj\u0119 powietrza i zapobiega otarciom.<\/span><\/li>\n<li data-hveid=\"CAEIBRAC\" data-complete=\"true\" data-sae=\"\"><span class=\"T286Pc\" data-sfc-cp=\"\" data-complete=\"true\"><strong class=\"Yjhzub\" data-complete=\"true\">Eleganckie Zapi\u0119cie:<\/strong> Praktyczny pasek wok\u00f3\u0142 kostki ze stylow\u0105 sprz\u0105czk\u0105 i delikatn\u0105, z\u0142ot\u0105 ozdob\u0105 nie tylko dodaje uroku, ale tak\u017ce zapewnia idealne dopasowanie i podtrzymanie stopy.<\/span><\/li>\n<li data-hveid=\"CAEIBRAD\" data-complete=\"true\" data-sae=\"\"><span class=\"T286Pc\" data-sfc-cp=\"\" data-complete=\"true\"><strong class=\"Yjhzub\" data-complete=\"true\">Uniwersalny Design:<\/strong> Neutralny, be\u017cowy kolor oraz zamszowe wyko\u0144czenie sprawiaj\u0105, \u017ce cz\u00f3\u0142enka te pasuj\u0105 niemal do wszystkiego \u2013 od jeans\u00f3w i sukienek, po garnitury i sp\u00f3dnice o\u0142\u00f3wkowe.<\/span><\/li>\n<\/ul>","protected":false},"excerpt":{"rendered":"<p>Odkryj idealne po\u0142\u0105czenie klasyki i nowoczesno\u015bci z naszymi cz\u00f3\u0142enkami Lilria. Te be\u017cowe buty to kwintesencja kobiecego stylu, zaprojektowane z my\u015bl\u0105 o kobietach ceni\u0105cych sobie elegancj\u0119, ale nie rezygnuj\u0105cych z komfortu na co dzie\u0144.<\/p>\n<ul class=\"KsbFXc U6u95\" data-processed=\"true\" data-complete=\"true\">\n<li data-hveid=\"CAEIBRAA\" data-complete=\"true\" data-sae=\"\"><span class=\"T286Pc\" data-sfc-cp=\"\" data-complete=\"true\"><strong class=\"Yjhzub\" data-complete=\"true\">Stabilny Obcas S\u0142upek:<\/strong> Niski, geometryczny obcas zapewnia stabilno\u015b\u0107 i wygod\u0119 przez ca\u0142y dzie\u0144.<\/span><\/li>\n<li data-hveid=\"CAEIBRAB\" data-complete=\"true\" data-sae=\"\"><span class=\"T286Pc\" data-sfc-cp=\"\" data-complete=\"true\"><strong class=\"Yjhzub\" data-complete=\"true\">Sk\u00f3rzana Wk\u0142adka:<\/strong> Wn\u0119trze buta wyko\u0144czone jest mi\u0119kk\u0105, naturaln\u0105 sk\u00f3r\u0105, co gwarantuje stopom odpowiedni\u0105 cyrkulacj\u0119 powietrza i zapobiega otarciom.<\/span><\/li>\n<li data-hveid=\"CAEIBRAC\" data-complete=\"true\" data-sae=\"\"><span class=\"T286Pc\" data-sfc-cp=\"\" data-complete=\"true\"><strong class=\"Yjhzub\" data-complete=\"true\">Eleganckie Zapi\u0119cie:<\/strong> Praktyczny pasek wok\u00f3\u0142 kostki ze stylow\u0105 sprz\u0105czk\u0105 i delikatn\u0105, z\u0142ot\u0105 ozdob\u0105 nie tylko dodaje uroku, ale tak\u017ce zapewnia idealne dopasowanie i podtrzymanie stopy.<\/span><\/li>\n<li data-hveid=\"CAEIBRAD\" data-complete=\"true\" data-sae=\"\"><span class=\"T286Pc\" data-sfc-cp=\"\" data-complete=\"true\"><strong class=\"Yjhzub\" data-complete=\"true\">Uniwersalny Design:<\/strong> Neutralny, be\u017cowy kolor oraz zamszowe wyko\u0144czenie sprawiaj\u0105, \u017ce cz\u00f3\u0142enka te pasuj\u0105 niemal do wszystkiego \u2013 od jeans\u00f3w i sukienek, po garnitury i sp\u00f3dnice o\u0142\u00f3wkowe.<\/span><\/li>\n<\/ul>\n<table class=\"r-table r-w-100 r-font-caption r-black-color\">\n<thead>\n<tr class=\"black-color\">\n<th class=\"r-text-left r-bg-gray-100 r-radius-top-left-8 r-table--sticky-column r-position-sticky r-left-0\">Rozmiar<\/th>\n<th class=\"r-text-center r-bg-gray-100\">\n<div class=\"r-size-value-producer\">36<\/div>\n<\/th>\n<th class=\"r-text-center r-bg-gray-100\">\n<div class=\"r-size-value-producer\">37<\/div>\n<\/th>\n<th class=\"r-text-center r-bg-gray-100\">\n<div class=\"r-size-value-producer\">38<\/div>\n<\/th>\n<th class=\"r-text-center r-bg-gray-100\">\n<div class=\"r-size-value-producer\">39<\/div>\n<\/th>\n<th class=\"r-text-center r-bg-gray-100\">\n<div class=\"r-size-value-producer\">40<\/div>\n<\/th>\n<th class=\"r-text-center r-bg-gray-100 r-radius-top-right-8\">\n<div class=\"r-size-value-producer\">41<\/div>\n<\/th>\n<\/tr>\n<\/thead>\n<tbody>\n<tr>\n<td class=\"r-table--sticky-column r-position-sticky r-left-0 r-bg-white\">D\u0142ugo\u015b\u0107 stopy<\/td>\n<td class=\"r-text-center\">23<\/td>\n<td class=\"r-text-center\">23.5<\/td>\n<td class=\"r-text-center\">24<\/td>\n<td class=\"r-text-center\">25<\/td>\n<td class=\"r-text-center\">25.5<\/td>\n<td class=\"r-text-center\">26<\/td>\n<\/tr>\n<tr>\n<td class=\"r-table--sticky-column r-position-sticky r-left-0 r-bg-white\">[1] D\u0142ugo\u015b\u0107 wk\u0142adki<\/td>\n<td class=\"r-text-center\">23.5<\/td>\n<td class=\"r-text-center\">24<\/td>\n<td class=\"r-text-center\">24.5<\/td>\n<td class=\"r-text-center\">25.5<\/td>\n<td class=\"r-text-center\">26<\/td>\n<td class=\"r-text-center\">26.5<\/td>\n<\/tr>\n<tr>\n<td class=\"r-table--sticky-column r-position-sticky r-left-0 r-bg-white\">[2] Szeroko\u015b\u0107 wk\u0142adki<\/td>\n<td class=\"r-text-center\">8<\/td>\n<td class=\"r-text-center\">8<\/td>\n<td class=\"r-text-center\">8.5<\/td>\n<td class=\"r-text-center\">8.5<\/td>\n<td class=\"r-text-center\">9<\/td>\n<td class=\"r-text-center\">9<\/td>\n<\/tr>\n<tr>\n<td class=\"r-table--sticky-column r-position-sticky r-left-0 r-bg-white\">[3] Wysoko\u015b\u0107 obcasa<\/td>\n<td class=\"r-text-center\">4<\/td>\n<td class=\"r-text-center\">4<\/td>\n<td class=\"r-text-center\">4<\/td>\n<td class=\"r-text-center\">4<\/td>\n<td class=\"r-text-center\">4<\/td>\n<td class=\"r-text-center\">4<\/td>\n<\/tr>\n<\/tbody>\n<\/table>\n","protected":false},"featured_media":15067,"comment_status":"open","ping_status":"closed","template":"","meta":{"site-sidebar-layout":"default","site-content-layout":"","ast-site-content-layout":"default","site-content-style":"default","site-sidebar-style":"default","ast-global-header-display":"","ast-banner-title-visibility":"","ast-main-header-display":"","ast-hfb-above-header-display":"","ast-hfb-below-header-display":"","ast-hfb-mobile-header-display":"","site-post-title":"","ast-breadcrumbs-content":"","ast-featured-img":"","footer-sml-layout":"","ast-disable-related-posts":"","theme-transparent-header-meta":"default","adv-header-id-meta":"","stick-header-meta":"","header-above-stick-meta":"","header-main-stick-meta":"","header-below-stick-meta":"","astra-migrate-meta-layouts":"set","ast-page-background-enabled":"default","ast-page-background-meta":{"desktop":{"background-color":"var(--ast-global-color-5)","background-image":"","background-repeat":"repeat","background-position":"center center","background-size":"auto","background-attachment":"scroll","background-type":"","background-media":"","overlay-type":"","overlay-color":"","overlay-opacity":"","overlay-gradient":""},"tablet":{"background-color":"","background-image":"","background-repeat":"repeat","background-position":"center center","background-size":"auto","background-attachment":"scroll","background-type":"","background-media":"","overlay-type":"","overlay-color":"","overlay-opacity":"","overlay-gradient":""},"mobile":{"background-color":"","background-image":"","background-repeat":"repeat","background-position":"center center","background-size":"auto","background-attachment":"scroll","background-type":"","background-media":"","overlay-type":"","overlay-color":"","overlay-opacity":"","overlay-gradient":""}},"ast-content-background-meta":{"desktop":{"background-color":"var(--ast-global-color-4)","background-image":"","background-repeat":"repeat","background-position":"center center","background-size":"auto","background-attachment":"scroll","background-type":"","background-media":"","overlay-type":"","overlay-color":"","overlay-opacity":"","overlay-gradient":""},"tablet":{"background-color":"var(--ast-global-color-4)","background-image":"","background-repeat":"repeat","background-position":"center center","background-size":"auto","background-attachment":"scroll","background-type":"","background-media":"","overlay-type":"","overlay-color":"","overlay-opacity":"","overlay-gradient":""},"mobile":{"background-color":"var(--ast-global-color-4)","background-image":"","background-repeat":"repeat","background-position":"center center","background-size":"auto","background-attachment":"scroll","background-type":"","background-media":"","overlay-type":"","overlay-color":"","overlay-opacity":"","overlay-gradient":""}}},"product_brand":[],"product_cat":[76,241,575],"product_tag":[1142],"class_list":{"0":"post-15066","1":"product","2":"type-product","3":"status-publish","4":"has-post-thumbnail","6":"product_cat-dodatki","7":"product_cat-moda-damska","8":"product_cat-obuwie","9":"product_tag-czolenka-szpilki-obcasy-czolenkanaslupku-modadamska-polskamoda-eleganckobut-klasyka-stylizacja-outfitideas-bezowebut-skorzanawkladka-komfortoweszpilki-musthave-zakupyonline","10":"desktop-align-left","11":"tablet-align-left","12":"mobile-align-left","14":"first","15":"instock","16":"sold-individually","17":"shipping-taxable","18":"purchasable","19":"product-type-variable"},"_links":{"self":[{"href":"https:\/\/goldendreams.com.pl\/en\/wp-json\/wp\/v2\/product\/15066","targetHints":{"allow":["GET"]}}],"collection":[{"href":"https:\/\/goldendreams.com.pl\/en\/wp-json\/wp\/v2\/product"}],"about":[{"href":"https:\/\/goldendreams.com.pl\/en\/wp-json\/wp\/v2\/types\/product"}],"replies":[{"embeddable":true,"href":"https:\/\/goldendreams.com.pl\/en\/wp-json\/wp\/v2\/comments?post=15066"}],"wp:featuredmedia":[{"embeddable":true,"href":"https:\/\/goldendreams.com.pl\/en\/wp-json\/wp\/v2\/media\/15067"}],"wp:attachment":[{"href":"https:\/\/goldendreams.com.pl\/en\/wp-json\/wp\/v2\/media?parent=15066"}],"wp:term":[{"taxonomy":"product_brand","embeddable":true,"href":"https:\/\/goldendreams.com.pl\/en\/wp-json\/wp\/v2\/product_brand?post=15066"},{"taxonomy":"product_cat","embeddable":true,"href":"https:\/\/goldendreams.com.pl\/en\/wp-json\/wp\/v2\/product_cat?post=15066"},{"taxonomy":"product_tag","embeddable":true,"href":"https:\/\/goldendreams.com.pl\/en\/wp-json\/wp\/v2\/product_tag?post=15066"}],"curies":[{"name":"wp","href":"https:\/\/api.w.org\/{rel}","templated":true}]}}