{"id":1503,"date":"2025-07-22T08:52:38","date_gmt":"2025-07-22T08:52:38","guid":{"rendered":"https:\/\/goldendreams.com.pl\/sklep\/192-2-elegancka-sukienka-midi-z-baskinka-lila\/"},"modified":"2026-04-17T09:42:22","modified_gmt":"2026-04-17T09:42:22","slug":"192-2-elegancka-sukienka-midi-z-baskinka-lila","status":"publish","type":"product","link":"https:\/\/goldendreams.com.pl\/en\/sklep\/192-2-elegancka-sukienka-midi-z-baskinka-lila\/","title":{"rendered":"192-2 Elegancka sukienka MIDI z baskink\u0105 &#8211; LILA"},"content":{"rendered":"<div class='desc-1'>Elegancka sukienka midi z asymetryczn\u0105 baskink\u0105 i ma\u0142ym r\u0119kawkiem &#8211; lila &#8211; jasny fiolet. Sukienka optycznie wyszczupli tali\u0119 oraz ukryje niedoskona\u0142o\u015bci w okolicach bioder. Marka Numoco.<\/div>\n<div class='desc-2'>Elegancka sukienka z baskink\u0105 &#8211; lila<\/div>\n<div class='desc-3'><\/div>\n<div class='desc-4'><\/div>\n<div class='desc-5'>\n<div class=\"sizes\">\n<div class=\"sizes\">Wymiary mierzone s\u0105 na p\u0142asko &#8211; bez rozci\u0105gania materia\u0142u (+\/- 2 cm)<br \/>Modelka na zdj\u0119ciu ma 170cm wzrostu i ma ubrany rozm. S.<\/div>\n<div class=\"sizes\"> <\/div>\n<table cellspacing=\"0\" cellpadding=\"0\">\n<tbody>\n<tr>\n<th class=\"name\">\n<h3>Wymiary :<\/h3>\n<\/th>\n<th>S<\/th>\n<th>M<\/th>\n<td align=\"center\" valign=\"top\"><strong>L<\/strong><\/td>\n<td valign=\"top\"><strong>XL<\/strong><\/td>\n<td valign=\"top\"><strong>XXL<\/strong><\/td>\n<\/tr>\n<tr>\n<td class=\"name\">Od paszki do paszki<\/td>\n<td>42<\/td>\n<td>44<\/td>\n<td valign=\"top\">46<\/td>\n<td valign=\"top\">50<\/td>\n<td valign=\"top\">52<\/td>\n<\/tr>\n<tr>\n<td class=\"name\">Talia<\/td>\n<td>35<\/td>\n<td>37<\/td>\n<td valign=\"top\">39<\/td>\n<td valign=\"top\">43<\/td>\n<td valign=\"top\">45<\/td>\n<\/tr>\n<tr>\n<td class=\"name\">Biodra<\/td>\n<td>45<\/td>\n<td>47<\/td>\n<td valign=\"top\">49<\/td>\n<td valign=\"top\">53<\/td>\n<td valign=\"top\">56<\/td>\n<\/tr>\n<tr>\n<td class=\"name\">D\u0142. od pachy<\/td>\n<td>85<\/td>\n<td>85<\/td>\n<td valign=\"top\">85<\/td>\n<td valign=\"top\">85<\/td>\n<td valign=\"top\">85<\/td>\n<\/tr>\n<tr>\n<td valign=\"top\">D\u0142. od ramienia<\/td>\n<td valign=\"top\">103<\/td>\n<td valign=\"top\">103<\/td>\n<td valign=\"top\">103<\/td>\n<td valign=\"top\">103<\/td>\n<td valign=\"top\">109<\/td>\n<\/tr>\n<\/tbody>\n<\/table>\n<\/div>\n<\/div>","protected":false},"excerpt":{"rendered":"<p>Elegancka sukienka midi z asymetryczn\u0105 baskink\u0105 i ma\u0142ym r\u0119kawkiem &#8211; lila &#8211; jasny fiolet. Sukienka optycznie wyszczupli tali\u0119 oraz ukryje [&hellip;]<\/p>\n","protected":false},"featured_media":1496,"comment_status":"open","ping_status":"closed","template":"","meta":{"site-sidebar-layout":"default","site-content-layout":"","ast-site-content-layout":"default","site-content-style":"default","site-sidebar-style":"default","ast-global-header-display":"","ast-banner-title-visibility":"","ast-main-header-display":"","ast-hfb-above-header-display":"","ast-hfb-below-header-display":"","ast-hfb-mobile-header-display":"","site-post-title":"","ast-breadcrumbs-content":"","ast-featured-img":"","footer-sml-layout":"","ast-disable-related-posts":"","theme-transparent-header-meta":"","adv-header-id-meta":"","stick-header-meta":"","header-above-stick-meta":"","header-main-stick-meta":"","header-below-stick-meta":"","astra-migrate-meta-layouts":"default","ast-page-background-enabled":"default","ast-page-background-meta":{"desktop":{"background-color":"var(--ast-global-color-5)","background-image":"","background-repeat":"repeat","background-position":"center center","background-size":"auto","background-attachment":"scroll","background-type":"","background-media":"","overlay-type":"","overlay-color":"","overlay-opacity":"","overlay-gradient":""},"tablet":{"background-color":"","background-image":"","background-repeat":"repeat","background-position":"center center","background-size":"auto","background-attachment":"scroll","background-type":"","background-media":"","overlay-type":"","overlay-color":"","overlay-opacity":"","overlay-gradient":""},"mobile":{"background-color":"","background-image":"","background-repeat":"repeat","background-position":"center center","background-size":"auto","background-attachment":"scroll","background-type":"","background-media":"","overlay-type":"","overlay-color":"","overlay-opacity":"","overlay-gradient":""}},"ast-content-background-meta":{"desktop":{"background-color":"var(--ast-global-color-4)","background-image":"","background-repeat":"repeat","background-position":"center center","background-size":"auto","background-attachment":"scroll","background-type":"","background-media":"","overlay-type":"","overlay-color":"","overlay-opacity":"","overlay-gradient":""},"tablet":{"background-color":"var(--ast-global-color-4)","background-image":"","background-repeat":"repeat","background-position":"center center","background-size":"auto","background-attachment":"scroll","background-type":"","background-media":"","overlay-type":"","overlay-color":"","overlay-opacity":"","overlay-gradient":""},"mobile":{"background-color":"var(--ast-global-color-4)","background-image":"","background-repeat":"repeat","background-position":"center center","background-size":"auto","background-attachment":"scroll","background-type":"","background-media":"","overlay-type":"","overlay-color":"","overlay-opacity":"","overlay-gradient":""}}},"product_brand":[],"product_cat":[160,59,155,159,153,158,164],"product_tag":[],"class_list":{"0":"post-1503","1":"product","2":"type-product","3":"status-publish","4":"has-post-thumbnail","6":"product_cat-numoco","7":"product_cat-sukienki","8":"product_cat-sukienki-do-pracy","9":"product_cat-sukienki-midi","10":"product_cat-sukienki-na-chrzciny","11":"product_cat-sukienki-na-komunie","12":"product_cat-sukienki-na-wesele","13":"desktop-align-left","14":"tablet-align-left","15":"mobile-align-left","17":"first","18":"instock","19":"shipping-taxable","20":"purchasable","21":"product-type-variable","22":"has-default-attributes"},"_links":{"self":[{"href":"https:\/\/goldendreams.com.pl\/en\/wp-json\/wp\/v2\/product\/1503","targetHints":{"allow":["GET"]}}],"collection":[{"href":"https:\/\/goldendreams.com.pl\/en\/wp-json\/wp\/v2\/product"}],"about":[{"href":"https:\/\/goldendreams.com.pl\/en\/wp-json\/wp\/v2\/types\/product"}],"replies":[{"embeddable":true,"href":"https:\/\/goldendreams.com.pl\/en\/wp-json\/wp\/v2\/comments?post=1503"}],"wp:featuredmedia":[{"embeddable":true,"href":"https:\/\/goldendreams.com.pl\/en\/wp-json\/wp\/v2\/media\/1496"}],"wp:attachment":[{"href":"https:\/\/goldendreams.com.pl\/en\/wp-json\/wp\/v2\/media?parent=1503"}],"wp:term":[{"taxonomy":"product_brand","embeddable":true,"href":"https:\/\/goldendreams.com.pl\/en\/wp-json\/wp\/v2\/product_brand?post=1503"},{"taxonomy":"product_cat","embeddable":true,"href":"https:\/\/goldendreams.com.pl\/en\/wp-json\/wp\/v2\/product_cat?post=1503"},{"taxonomy":"product_tag","embeddable":true,"href":"https:\/\/goldendreams.com.pl\/en\/wp-json\/wp\/v2\/product_tag?post=1503"}],"curies":[{"name":"wp","href":"https:\/\/api.w.org\/{rel}","templated":true}]}}