{"id":14922,"date":"2025-11-12T13:49:53","date_gmt":"2025-11-12T13:49:53","guid":{"rendered":"https:\/\/goldendreams.com.pl\/?post_type=product&#038;p=14922"},"modified":"2025-11-12T13:49:53","modified_gmt":"2025-11-12T13:49:53","slug":"kombinezon-jeansowy","status":"publish","type":"product","link":"https:\/\/goldendreams.com.pl\/en\/sklep\/kombinezon-jeansowy\/","title":{"rendered":"Kombinezon Jeansowy"},"content":{"rendered":"<div data-subtree=\"aimfl\" data-complete=\"true\" data-processed=\"true\"><strong>Kombinezon\u00a0damski<\/strong> jeansowy model bez rami\u0105czek z szerokimi nogawkami.<\/div>\n<div class=\"tonYlb\" data-tr-rsts=\"false\">\n<div>\n<div class=\"\">\n<div data-processed=\"true\">\n<div class=\"CKgc1d\" data-scope-id=\"turn\" data-processed=\"true\" data-complete=\"true\">\n<div class=\"Zkbeff\" data-subtree=\"aimc\" data-aimmrs=\"true\" data-wiz-uids=\"Z2cGNd_2\" data-ved=\"2ahUKEwiYjJ_U3uyQAxV9BdsEHdZDJQYQ2O0OegYIAQgAEAA\" data-hveid=\"CAEIABAA\" data-processed=\"true\" data-complete=\"true\">\n<div class=\"pWvJNd\" data-processed=\"true\" data-complete=\"true\">\n<div class=\"mZJni Dn7Fzd\" dir=\"ltr\" data-container-id=\"main-col\" data-xid=\"VpUvz\" data-ved=\"2ahUKEwiYjJ_U3uyQAxV9BdsEHdZDJQYQ3KYQegYIAQgAEAE\" data-processed=\"true\">\n<div data-container-id=\"5\" data-processed=\"true\">\n<div class=\"Fsg96\" data-sfc-cp=\"\" data-complete=\"true\" data-processed=\"true\"><\/div>\n<hr class=\"j3tEEe\" data-serialized-params=\"[]\" data-processed=\"true\" data-sae=\"\" data-complete=\"true\" \/>\n<div class=\"Y3BBE\" data-sfc-cp=\"\" data-hveid=\"CAEIBBAA\" data-processed=\"true\" data-complete=\"true\">\u00a0Ten model to absolutny <strong class=\"Yjhzub\" data-complete=\"true\" data-processed=\"true\">must-have w ka\u017cdej garderobie<\/strong> ceni\u0105cej styl i wygod\u0119.<\/div>\n<div class=\"Fsg96\" data-sfc-cp=\"\" data-complete=\"true\" data-processed=\"true\"><\/div>\n<div class=\"AdPoic\" role=\"heading\" aria-level=\"3\" data-animation-nesting=\"\" data-sfc-cp=\"\" data-complete=\"true\" data-processed=\"true\" data-sae=\"\">Cechy Produktu<\/div>\n<ul class=\"KsbFXc U6u95\" data-complete=\"true\" data-processed=\"true\">\n<li data-hveid=\"CAEIBRAA\" data-complete=\"true\" data-sae=\"\"><span class=\"T286Pc\" data-sfc-cp=\"\" data-complete=\"true\"><strong class=\"Yjhzub\" data-complete=\"true\">Design:<\/strong> Modny fason bez rami\u0105czek z g\u00f3r\u0105 przypominaj\u0105c\u0105 stylowy gorset, kt\u00f3ry pi\u0119knie podkre\u015bla sylwetk\u0119.<\/span><\/li>\n<li data-hveid=\"CAEIBRAB\" data-complete=\"true\" data-sae=\"\"><span class=\"T286Pc\" data-sfc-cp=\"\" data-complete=\"true\"><strong class=\"Yjhzub\" data-complete=\"true\">Detale:<\/strong> Zapinany z przodu na eleganckie guziki, z poszerzanymi nogawkami dla efektu retro w stylu lat 70-tych.<\/span><\/li>\n<li data-hveid=\"CAEIBRAC\" data-complete=\"true\" data-sae=\"\"><span class=\"T286Pc\" data-sfc-cp=\"\" data-complete=\"true\"><strong class=\"Yjhzub\" data-complete=\"true\">Dopasowanie:<\/strong> Posiada szlufki w pasie, dzi\u0119ki czemu mo\u017cesz doda\u0107 sw\u00f3j ulubiony pasek i dodatkowo podkre\u015bli\u0107 tali\u0119. Elastyczna gumka u g\u00f3ry zapewnia komfort noszenia i sprawia, \u017ce kombinezon idealnie przylega.<\/span><\/li>\n<li data-hveid=\"CAEIBRAD\" data-complete=\"true\" data-sae=\"\"><span class=\"T286Pc\" data-sfc-cp=\"\" data-complete=\"true\"><strong class=\"Yjhzub\" data-complete=\"true\">Materia\u0142:<\/strong> Wykonany z wysokiej jako\u015bci denimu w jasnym odcieniu, \u0142\u0105czy trwa\u0142o\u015b\u0107 z modnym wygl\u0105dem.<\/span><\/li>\n<\/ul>\n<div class=\"Fsg96\" data-sfc-cp=\"\" data-complete=\"true\" data-processed=\"true\"><\/div>\n<div class=\"AdPoic\" role=\"heading\" aria-level=\"3\" data-animation-nesting=\"\" data-sfc-cp=\"\" data-processed=\"true\" data-sae=\"\" data-complete=\"true\">Stylizacje<\/div>\n<div class=\"Y3BBE\" data-sfc-cp=\"\" data-hveid=\"CAEIBhAA\" data-complete=\"true\" data-processed=\"true\">To uniwersalny element garderoby, kt\u00f3ry sprawdzi si\u0119 na wiele okazji. No\u015b go z sanda\u0142kami na obcasie, aby stworzy\u0107 elegancki look na wieczorne wyj\u015bcia, lub po\u0142\u0105cz z trampkami na spacer czy zakupy. Dodaj marynark\u0119 lub sweterek, aby dopasowa\u0107 stylizacj\u0119 do ch\u0142odniejszych dni.<\/div>\n<\/div>\n<\/div>\n<\/div>\n<\/div>\n<\/div>\n<\/div>\n<\/div>\n<\/div>\n<\/div>","protected":false},"excerpt":{"rendered":"<div data-subtree=\"aimfl\" data-complete=\"true\" data-processed=\"true\"><strong>Kombinezon\u00a0damski<\/strong> jeansowy model bez rami\u0105czek z szerokimi nogawkami.<\/div>\n<div class=\"tonYlb\" data-tr-rsts=\"false\">\n<div>\n<div class=\"\">\n<div data-processed=\"true\">\n<div class=\"CKgc1d\" data-scope-id=\"turn\" data-processed=\"true\" data-complete=\"true\">\n<div class=\"Zkbeff\" data-subtree=\"aimc\" data-aimmrs=\"true\" data-wiz-uids=\"Z2cGNd_2\" data-ved=\"2ahUKEwiYjJ_U3uyQAxV9BdsEHdZDJQYQ2O0OegYIAQgAEAA\" data-hveid=\"CAEIABAA\" data-processed=\"true\" data-complete=\"true\">\n<div class=\"pWvJNd\" data-processed=\"true\" data-complete=\"true\">\n<div class=\"mZJni Dn7Fzd\" dir=\"ltr\" data-container-id=\"main-col\" data-xid=\"VpUvz\" data-ved=\"2ahUKEwiYjJ_U3uyQAxV9BdsEHdZDJQYQ3KYQegYIAQgAEAE\" data-processed=\"true\">\n<div data-container-id=\"5\" data-processed=\"true\">\n<div class=\"Fsg96\" data-sfc-cp=\"\" data-complete=\"true\" data-processed=\"true\"><\/div>\n<hr class=\"j3tEEe\" data-serialized-params=\"[]\" data-processed=\"true\" data-sae=\"\" data-complete=\"true\" \/>\n<div class=\"Y3BBE\" data-sfc-cp=\"\" data-hveid=\"CAEIBBAA\" data-processed=\"true\" data-complete=\"true\">\u00a0Ten model to absolutny <strong class=\"Yjhzub\" data-complete=\"true\" data-processed=\"true\">must-have w ka\u017cdej garderobie<\/strong> ceni\u0105cej styl i wygod\u0119.<\/div>\n<div class=\"Fsg96\" data-sfc-cp=\"\" data-complete=\"true\" data-processed=\"true\"><\/div>\n<div class=\"AdPoic\" role=\"heading\" aria-level=\"3\" data-animation-nesting=\"\" data-sfc-cp=\"\" data-complete=\"true\" data-processed=\"true\" data-sae=\"\">Cechy Produktu<\/div>\n<ul class=\"KsbFXc U6u95\" data-complete=\"true\" data-processed=\"true\">\n<li data-hveid=\"CAEIBRAA\" data-complete=\"true\" data-sae=\"\"><span class=\"T286Pc\" data-sfc-cp=\"\" data-complete=\"true\"><strong class=\"Yjhzub\" data-complete=\"true\">Design:<\/strong> Modny fason bez rami\u0105czek z g\u00f3r\u0105 przypominaj\u0105c\u0105 stylowy gorset, kt\u00f3ry pi\u0119knie podkre\u015bla sylwetk\u0119.<\/span><\/li>\n<li data-hveid=\"CAEIBRAB\" data-complete=\"true\" data-sae=\"\"><span class=\"T286Pc\" data-sfc-cp=\"\" data-complete=\"true\"><strong class=\"Yjhzub\" data-complete=\"true\">Detale:<\/strong> Zapinany z przodu na eleganckie guziki, z poszerzanymi nogawkami dla efektu retro w stylu lat 70-tych.<\/span><\/li>\n<li data-hveid=\"CAEIBRAC\" data-complete=\"true\" data-sae=\"\"><span class=\"T286Pc\" data-sfc-cp=\"\" data-complete=\"true\"><strong class=\"Yjhzub\" data-complete=\"true\">Dopasowanie:<\/strong> Posiada szlufki w pasie, dzi\u0119ki czemu mo\u017cesz doda\u0107 sw\u00f3j ulubiony pasek i dodatkowo podkre\u015bli\u0107 tali\u0119. Elastyczna gumka u g\u00f3ry zapewnia komfort noszenia i sprawia, \u017ce kombinezon idealnie przylega.<\/span><\/li>\n<li data-hveid=\"CAEIBRAD\" data-complete=\"true\" data-sae=\"\"><span class=\"T286Pc\" data-sfc-cp=\"\" data-complete=\"true\"><strong class=\"Yjhzub\" data-complete=\"true\">Materia\u0142:<\/strong> Wykonany z wysokiej jako\u015bci denimu w jasnym odcieniu, \u0142\u0105czy trwa\u0142o\u015b\u0107 z modnym wygl\u0105dem.<\/span><\/li>\n<\/ul>\n<div class=\"Fsg96\" data-sfc-cp=\"\" data-complete=\"true\" data-processed=\"true\"><\/div>\n<div class=\"AdPoic\" role=\"heading\" aria-level=\"3\" data-animation-nesting=\"\" data-sfc-cp=\"\" data-processed=\"true\" data-sae=\"\" data-complete=\"true\">Stylizacje<\/div>\n<div class=\"Y3BBE\" data-sfc-cp=\"\" data-hveid=\"CAEIBhAA\" data-complete=\"true\" data-processed=\"true\">To uniwersalny element garderoby, kt\u00f3ry sprawdzi si\u0119 na wiele okazji. No\u015b go z sanda\u0142kami na obcasie, aby stworzy\u0107 elegancki look na wieczorne wyj\u015bcia, lub po\u0142\u0105cz z trampkami na spacer czy zakupy. Dodaj marynark\u0119 lub sweterek, aby dopasowa\u0107 stylizacj\u0119 do ch\u0142odniejszych dni.<\/div>\n<\/div>\n<\/div>\n<\/div>\n<\/div>\n<\/div>\n<\/div>\n<\/div>\n<\/div>\n<\/div>","protected":false},"featured_media":14924,"comment_status":"open","ping_status":"closed","template":"","meta":{"site-sidebar-layout":"default","site-content-layout":"","ast-site-content-layout":"default","site-content-style":"default","site-sidebar-style":"default","ast-global-header-display":"","ast-banner-title-visibility":"","ast-main-header-display":"","ast-hfb-above-header-display":"","ast-hfb-below-header-display":"","ast-hfb-mobile-header-display":"","site-post-title":"","ast-breadcrumbs-content":"","ast-featured-img":"","footer-sml-layout":"","ast-disable-related-posts":"","theme-transparent-header-meta":"default","adv-header-id-meta":"","stick-header-meta":"","header-above-stick-meta":"","header-main-stick-meta":"","header-below-stick-meta":"","astra-migrate-meta-layouts":"set","ast-page-background-enabled":"default","ast-page-background-meta":{"desktop":{"background-color":"var(--ast-global-color-5)","background-image":"","background-repeat":"repeat","background-position":"center center","background-size":"auto","background-attachment":"scroll","background-type":"","background-media":"","overlay-type":"","overlay-color":"","overlay-opacity":"","overlay-gradient":""},"tablet":{"background-color":"","background-image":"","background-repeat":"repeat","background-position":"center center","background-size":"auto","background-attachment":"scroll","background-type":"","background-media":"","overlay-type":"","overlay-color":"","overlay-opacity":"","overlay-gradient":""},"mobile":{"background-color":"","background-image":"","background-repeat":"repeat","background-position":"center center","background-size":"auto","background-attachment":"scroll","background-type":"","background-media":"","overlay-type":"","overlay-color":"","overlay-opacity":"","overlay-gradient":""}},"ast-content-background-meta":{"desktop":{"background-color":"var(--ast-global-color-4)","background-image":"","background-repeat":"repeat","background-position":"center center","background-size":"auto","background-attachment":"scroll","background-type":"","background-media":"","overlay-type":"","overlay-color":"","overlay-opacity":"","overlay-gradient":""},"tablet":{"background-color":"var(--ast-global-color-4)","background-image":"","background-repeat":"repeat","background-position":"center center","background-size":"auto","background-attachment":"scroll","background-type":"","background-media":"","overlay-type":"","overlay-color":"","overlay-opacity":"","overlay-gradient":""},"mobile":{"background-color":"var(--ast-global-color-4)","background-image":"","background-repeat":"repeat","background-position":"center center","background-size":"auto","background-attachment":"scroll","background-type":"","background-media":"","overlay-type":"","overlay-color":"","overlay-opacity":"","overlay-gradient":""}}},"product_brand":[],"product_cat":[80,241,69],"product_tag":[527],"class_list":{"0":"post-14922","1":"product","2":"type-product","3":"status-publish","4":"has-post-thumbnail","6":"product_cat-kombinezon","7":"product_cat-moda-damska","8":"product_cat-odziez-damska","9":"product_tag-kombinezon-jeansowykombinezon-denimlove-jumpsuitstyle-ootdmodadamska-polskamoda-streetstyle-eleganckistyl-wygodnieimodnie","10":"desktop-align-left","11":"tablet-align-left","12":"mobile-align-left","14":"first","15":"instock","16":"sold-individually","17":"shipping-taxable","18":"purchasable","19":"product-type-variable"},"_links":{"self":[{"href":"https:\/\/goldendreams.com.pl\/en\/wp-json\/wp\/v2\/product\/14922","targetHints":{"allow":["GET"]}}],"collection":[{"href":"https:\/\/goldendreams.com.pl\/en\/wp-json\/wp\/v2\/product"}],"about":[{"href":"https:\/\/goldendreams.com.pl\/en\/wp-json\/wp\/v2\/types\/product"}],"replies":[{"embeddable":true,"href":"https:\/\/goldendreams.com.pl\/en\/wp-json\/wp\/v2\/comments?post=14922"}],"wp:featuredmedia":[{"embeddable":true,"href":"https:\/\/goldendreams.com.pl\/en\/wp-json\/wp\/v2\/media\/14924"}],"wp:attachment":[{"href":"https:\/\/goldendreams.com.pl\/en\/wp-json\/wp\/v2\/media?parent=14922"}],"wp:term":[{"taxonomy":"product_brand","embeddable":true,"href":"https:\/\/goldendreams.com.pl\/en\/wp-json\/wp\/v2\/product_brand?post=14922"},{"taxonomy":"product_cat","embeddable":true,"href":"https:\/\/goldendreams.com.pl\/en\/wp-json\/wp\/v2\/product_cat?post=14922"},{"taxonomy":"product_tag","embeddable":true,"href":"https:\/\/goldendreams.com.pl\/en\/wp-json\/wp\/v2\/product_tag?post=14922"}],"curies":[{"name":"wp","href":"https:\/\/api.w.org\/{rel}","templated":true}]}}