{"id":14876,"date":"2025-11-12T10:56:09","date_gmt":"2025-11-12T10:56:09","guid":{"rendered":"https:\/\/goldendreams.com.pl\/?post_type=product&#038;p=14876"},"modified":"2026-02-25T10:00:24","modified_gmt":"2026-02-25T10:00:24","slug":"bluzka-noel-czarna","status":"publish","type":"product","link":"https:\/\/goldendreams.com.pl\/en\/sklep\/bluzka-noel-czarna\/","title":{"rendered":"Bluzka NOEL &#8211; Czarna"},"content":{"rendered":"<p><strong class=\"Yjhzub\" data-complete=\"true\" data-processed=\"true\">Tw\u00f3j nowy must-have w garderobie!<\/strong><\/p>\n<p>Ten uniwersalny czarny top to definicja szyku i prostoty. Dzi\u0119ki g\u0142\u0119bokiemu dekoltowi w kszta\u0142cie litery V oraz dopasowanemu krojowi, pi\u0119knie podkre\u015bla sylwetk\u0119 i dodaje stylizacji subtelnej elegancji.<\/p>\n<p>Bluzka zosta\u0142a uszyta z 95% wiskozy oraz 5% elastanu, co sprawia, \u017ce materia\u0142 jest przyjemny w dotyku oraz elastyczny. Dzi\u0119ki temu bluzka doskonale dopasowuje si\u0119 do cia\u0142a, a jednocze\u015bnie jest bardzo trwa\u0142a. Niezale\u017cnie od tego, czy \u0142\u0105czysz j\u0105 ze spodniami, sp\u00f3dnic\u0105 czy szortami, zawsze b\u0119dziesz wygl\u0105da\u0107 stylowo.<\/p>\n<div class=\"AdPoic\" role=\"heading\" aria-level=\"3\" data-animation-nesting=\"\" data-sfc-cp=\"\" data-complete=\"true\" data-processed=\"true\" data-sae=\"\">Dlaczego warto go mie\u0107?<\/div>\n<ul class=\"KsbFXc U6u95\" data-processed=\"true\" data-complete=\"true\">\n<li data-hveid=\"CAEIBhAA\" data-complete=\"true\" data-sae=\"\"><span class=\"T286Pc\" data-sfc-cp=\"\" data-complete=\"true\"><strong class=\"Yjhzub\" data-complete=\"true\">Wszechstronno\u015b\u0107:<\/strong> Idealna baza do niezliczonych stylizacji \u2013 od casualowych po wieczorowe.<\/span><\/li>\n<li data-hveid=\"CAEIBhAB\" data-complete=\"true\" data-sae=\"\"><span class=\"T286Pc\" data-sfc-cp=\"\" data-complete=\"true\"><strong class=\"Yjhzub\" data-complete=\"true\">Ponadczasowy design:<\/strong> Fason, kt\u00f3ry nigdy nie wychodzi z mody.<\/span><\/li>\n<li data-hveid=\"CAEIBhAC\" data-complete=\"true\" data-sae=\"\"><span class=\"T286Pc\" data-sfc-cp=\"\" data-complete=\"true\"><strong class=\"Yjhzub\" data-complete=\"true\">Komfort noszenia:<\/strong> Elastyczny materia\u0142 zapewnia swobod\u0119 ruch\u00f3w.<\/span><\/li>\n<\/ul>\n<p>Wymiary:<\/p>\n<section class=\"section\">\n<div class=\"item item-12\">\n<section class=\"text-item\">\n<ul>\n<li>S\/M: D\u0142ugo\u015b\u0107 &#8211; 58 cm, Szeroko\u015b\u0107 &#8211; 38-45 cm, D\u0142ugo\u015b\u0107 r\u0119kawa &#8211; 60 cm<\/li>\n<li>L\/XL: D\u0142ugo\u015b\u0107 &#8211; 58 cm, Szeroko\u015b\u0107 &#8211; 40-47 cm, D\u0142ugo\u015b\u0107 r\u0119kawa &#8211; 60 cm<\/li>\n<\/ul>\n<\/section>\n<\/div>\n<\/section>","protected":false},"excerpt":{"rendered":"<p><strong class=\"Yjhzub\" data-complete=\"true\" data-processed=\"true\">Tw\u00f3j nowy must-have w garderobie!<\/strong><\/p>\n<p>Ten uniwersalny czarny top to definicja szyku i prostoty. Dzi\u0119ki g\u0142\u0119bokiemu dekoltowi w kszta\u0142cie litery V oraz dopasowanemu krojowi, pi\u0119knie podkre\u015bla sylwetk\u0119 i dodaje stylizacji subtelnej elegancji.<\/p>\n<p>Bluzka zosta\u0142a uszyta z 95% wiskozy oraz 5% elastanu, co sprawia, \u017ce materia\u0142 jest przyjemny w dotyku oraz elastyczny. Dzi\u0119ki temu bluzka doskonale dopasowuje si\u0119 do cia\u0142a, a jednocze\u015bnie jest bardzo trwa\u0142a. Niezale\u017cnie od tego, czy \u0142\u0105czysz j\u0105 ze spodniami, sp\u00f3dnic\u0105 czy szortami, zawsze b\u0119dziesz wygl\u0105da\u0107 stylowo.<\/p>\n<div class=\"AdPoic\" role=\"heading\" aria-level=\"3\" data-animation-nesting=\"\" data-sfc-cp=\"\" data-complete=\"true\" data-processed=\"true\" data-sae=\"\">Dlaczego warto go mie\u0107?<\/div>\n<ul class=\"KsbFXc U6u95\" data-processed=\"true\" data-complete=\"true\">\n<li data-hveid=\"CAEIBhAA\" data-complete=\"true\" data-sae=\"\"><span class=\"T286Pc\" data-sfc-cp=\"\" data-complete=\"true\"><strong class=\"Yjhzub\" data-complete=\"true\">Wszechstronno\u015b\u0107:<\/strong> Idealna baza do niezliczonych stylizacji \u2013 od casualowych po wieczorowe.<\/span><\/li>\n<li data-hveid=\"CAEIBhAB\" data-complete=\"true\" data-sae=\"\"><span class=\"T286Pc\" data-sfc-cp=\"\" data-complete=\"true\"><strong class=\"Yjhzub\" data-complete=\"true\">Ponadczasowy design:<\/strong> Fason, kt\u00f3ry nigdy nie wychodzi z mody.<\/span><\/li>\n<li data-hveid=\"CAEIBhAC\" data-complete=\"true\" data-sae=\"\"><span class=\"T286Pc\" data-sfc-cp=\"\" data-complete=\"true\"><strong class=\"Yjhzub\" data-complete=\"true\">Komfort noszenia:<\/strong> Elastyczny materia\u0142 zapewnia swobod\u0119 ruch\u00f3w.<\/span><\/li>\n<\/ul>\n<p>Wymiary:<\/p>\n<section class=\"section\">\n<div class=\"item item-12\">\n<section class=\"text-item\">\n<ul>\n<li>S\/M: D\u0142ugo\u015b\u0107 &#8211; 58 cm, Szeroko\u015b\u0107 &#8211; 38-45 cm, D\u0142ugo\u015b\u0107 r\u0119kawa &#8211; 60 cm<\/li>\n<li>L\/XL: D\u0142ugo\u015b\u0107 &#8211; 58 cm, Szeroko\u015b\u0107 &#8211; 40-47 cm, D\u0142ugo\u015b\u0107 r\u0119kawa &#8211; 60 cm<\/li>\n<\/ul>\n<\/section>\n<\/div>\n<\/section>","protected":false},"featured_media":14877,"comment_status":"open","ping_status":"closed","template":"","meta":{"site-sidebar-layout":"default","site-content-layout":"","ast-site-content-layout":"default","site-content-style":"default","site-sidebar-style":"default","ast-global-header-display":"","ast-banner-title-visibility":"","ast-main-header-display":"","ast-hfb-above-header-display":"","ast-hfb-below-header-display":"","ast-hfb-mobile-header-display":"","site-post-title":"","ast-breadcrumbs-content":"","ast-featured-img":"","footer-sml-layout":"","ast-disable-related-posts":"","theme-transparent-header-meta":"default","adv-header-id-meta":"","stick-header-meta":"","header-above-stick-meta":"","header-main-stick-meta":"","header-below-stick-meta":"","astra-migrate-meta-layouts":"set","ast-page-background-enabled":"default","ast-page-background-meta":{"desktop":{"background-color":"var(--ast-global-color-5)","background-image":"","background-repeat":"repeat","background-position":"center center","background-size":"auto","background-attachment":"scroll","background-type":"","background-media":"","overlay-type":"","overlay-color":"","overlay-opacity":"","overlay-gradient":""},"tablet":{"background-color":"","background-image":"","background-repeat":"repeat","background-position":"center center","background-size":"auto","background-attachment":"scroll","background-type":"","background-media":"","overlay-type":"","overlay-color":"","overlay-opacity":"","overlay-gradient":""},"mobile":{"background-color":"","background-image":"","background-repeat":"repeat","background-position":"center center","background-size":"auto","background-attachment":"scroll","background-type":"","background-media":"","overlay-type":"","overlay-color":"","overlay-opacity":"","overlay-gradient":""}},"ast-content-background-meta":{"desktop":{"background-color":"var(--ast-global-color-4)","background-image":"","background-repeat":"repeat","background-position":"center center","background-size":"auto","background-attachment":"scroll","background-type":"","background-media":"","overlay-type":"","overlay-color":"","overlay-opacity":"","overlay-gradient":""},"tablet":{"background-color":"var(--ast-global-color-4)","background-image":"","background-repeat":"repeat","background-position":"center center","background-size":"auto","background-attachment":"scroll","background-type":"","background-media":"","overlay-type":"","overlay-color":"","overlay-opacity":"","overlay-gradient":""},"mobile":{"background-color":"var(--ast-global-color-4)","background-image":"","background-repeat":"repeat","background-position":"center center","background-size":"auto","background-attachment":"scroll","background-type":"","background-media":"","overlay-type":"","overlay-color":"","overlay-opacity":"","overlay-gradient":""}}},"product_brand":[],"product_cat":[75,241,70,69],"product_tag":[512],"class_list":{"0":"post-14876","1":"product","2":"type-product","3":"status-publish","4":"has-post-thumbnail","6":"product_cat-bluzki","7":"product_cat-moda-damska","8":"product_cat-nowosci","9":"product_cat-odziez-damska","10":"product_tag-dlugirekaw-basic-musthave-klasyka-elegancka-bluzka-stylizacja-modadamska-ootd-codziennaelegancja","11":"desktop-align-left","12":"tablet-align-left","13":"mobile-align-left","15":"first","16":"instock","17":"sold-individually","18":"shipping-taxable","19":"purchasable","20":"product-type-variable"},"_links":{"self":[{"href":"https:\/\/goldendreams.com.pl\/en\/wp-json\/wp\/v2\/product\/14876","targetHints":{"allow":["GET"]}}],"collection":[{"href":"https:\/\/goldendreams.com.pl\/en\/wp-json\/wp\/v2\/product"}],"about":[{"href":"https:\/\/goldendreams.com.pl\/en\/wp-json\/wp\/v2\/types\/product"}],"replies":[{"embeddable":true,"href":"https:\/\/goldendreams.com.pl\/en\/wp-json\/wp\/v2\/comments?post=14876"}],"wp:featuredmedia":[{"embeddable":true,"href":"https:\/\/goldendreams.com.pl\/en\/wp-json\/wp\/v2\/media\/14877"}],"wp:attachment":[{"href":"https:\/\/goldendreams.com.pl\/en\/wp-json\/wp\/v2\/media?parent=14876"}],"wp:term":[{"taxonomy":"product_brand","embeddable":true,"href":"https:\/\/goldendreams.com.pl\/en\/wp-json\/wp\/v2\/product_brand?post=14876"},{"taxonomy":"product_cat","embeddable":true,"href":"https:\/\/goldendreams.com.pl\/en\/wp-json\/wp\/v2\/product_cat?post=14876"},{"taxonomy":"product_tag","embeddable":true,"href":"https:\/\/goldendreams.com.pl\/en\/wp-json\/wp\/v2\/product_tag?post=14876"}],"curies":[{"name":"wp","href":"https:\/\/api.w.org\/{rel}","templated":true}]}}