{"id":14851,"date":"2025-11-10T15:18:21","date_gmt":"2025-11-10T15:18:21","guid":{"rendered":"https:\/\/goldendreams.com.pl\/?post_type=product&#038;p=14851"},"modified":"2026-02-25T12:43:48","modified_gmt":"2026-02-25T12:43:48","slug":"dres-damski-bg-holo-wanilia-czarny","status":"publish","type":"product","link":"https:\/\/goldendreams.com.pl\/en\/sklep\/dres-damski-bg-holo-wanilia-czarny\/","title":{"rendered":"DRES DAMSKI HOLO | WANILIA-CZARNY"},"content":{"rendered":"<div class=\"elementor-element elementor-element-3f6415e elementor-widget elementor-widget-woocommerce-product-short-description\" data-id=\"3f6415e\" data-element_type=\"widget\" data-widget_type=\"woocommerce-product-short-description.default\">\n<div class=\"elementor-widget-container\">\n<div class=\"woocommerce-product-details__short-description\">\n<p><strong>Opis produktu: <\/strong>Dres bawe\u0142niany\u00a0 HOLO. Ca\u0142y dres drukowany z\u0142otym monogramem. Bluza oraz spodnie dodatkowo zdobione wyklejanym \u015bwiec\u0105cymi kamieniami, logo w kolorze z\u0142otym. Bluza z kapturem, sznurek w tonacji materia\u0142u w kapturze. Spodnie posiadaj\u0105 gumk\u0119 w pasie oraz sznurek w tonacji materia\u0142u.<\/p>\n<p><strong>Sk\u0142ad materia\u0142u:<\/strong> 90% bawe\u0142na, 10% poliester<\/p>\n<\/div>\n<\/div>\n<\/div>","protected":false},"excerpt":{"rendered":"<p><strong>Opis produktu: <\/strong>Dres bawe\u0142niany HOLO. Ca\u0142y dres drukowany z\u0142otym monogramem. Bluza oraz spodnie dodatkowo zdobione wyklejanym \u015bwiec\u0105cymi kamieniami, logo w kolorze z\u0142otym. Bluza z kapturem, sznurek w tonacji materia\u0142u w kapturze. Spodnie posiadaj\u0105 gumk\u0119 w pasie oraz sznurek w tonacji materia\u0142u.<\/p>\n<p><strong>Sk\u0142ad materia\u0142u:<\/strong> 90% bawe\u0142na, 10% poliester<\/p>\n<p>Tabela rozmiar\u00f3w<\/p>\n<div class=\"tab-content\">\n<h3>Bluza<\/h3>\n<table>\n<thead>\n<tr>\n<th>Wymiar<\/th>\n<th>Rozmiar S<\/th>\n<th>Rozmiar M<\/th>\n<th>Rozmiar L<\/th>\n<th>Rozmiar XL<\/th>\n<\/tr>\n<\/thead>\n<tbody>\n<tr>\n<td>Obw\u00f3d klatki<\/td>\n<td>124 cm<\/td>\n<td>128 cm<\/td>\n<td>132 cm<\/td>\n<td>144 cm<\/td>\n<\/tr>\n<tr>\n<td>Obw\u00f3d do\u0142u (rozci\u0105gni\u0119ty)<\/td>\n<td>124 cm<\/td>\n<td>128 cm<\/td>\n<td>132 cm<\/td>\n<td>138 cm<\/td>\n<\/tr>\n<tr>\n<td>D\u0142ugo\u015b\u0107 przodu od ramienia (ze \u015bci\u0105gaczem)<\/td>\n<td>61 cm<\/td>\n<td>62 cm<\/td>\n<td>63 cm<\/td>\n<td>65 cm<\/td>\n<\/tr>\n<tr>\n<td>Szeroko\u015b\u0107 ramion<\/td>\n<td>45 cm<\/td>\n<td>46 cm<\/td>\n<td>47 cm<\/td>\n<td>48 cm<\/td>\n<\/tr>\n<tr>\n<td>Obw\u00f3d bicepsa<\/td>\n<td>59 cm<\/td>\n<td>60 cm<\/td>\n<td>61 cm<\/td>\n<td>63 cm<\/td>\n<\/tr>\n<tr>\n<td>D\u0142ugo\u015b\u0107 r\u0119kawa<\/td>\n<td>65 cm<\/td>\n<td>65 cm<\/td>\n<td>68 cm<\/td>\n<td>68 cm<\/td>\n<\/tr>\n<\/tbody>\n<\/table>\n<h3>Trousers<\/h3>\n<table>\n<thead>\n<tr>\n<th>Wymiar<\/th>\n<th>Rozmiar S<\/th>\n<th>Rozmiar M<\/th>\n<th>Rozmiar L<\/th>\n<th>Rozmiar XL<\/th>\n<\/tr>\n<\/thead>\n<tbody>\n<tr>\n<td>Obw\u00f3d pasa (po rozci\u0105gni\u0119ciu)<\/td>\n<td>62 cm<\/td>\n<td>66 cm<\/td>\n<td>70 cm<\/td>\n<td>76 cm<\/td>\n<\/tr>\n<tr>\n<td>Obw\u00f3d bioder<\/td>\n<td>105 cm<\/td>\n<td>109 cm<\/td>\n<td>115 cm<\/td>\n<td>121 cm<\/td>\n<\/tr>\n<tr>\n<td>D\u0142ugo\u015b\u0107 boku z paskiem<\/td>\n<td>100 cm<\/td>\n<td>101 cm<\/td>\n<td>103 cm<\/td>\n<td>105 cm<\/td>\n<\/tr>\n<tr>\n<td>D\u0142ugo\u015b\u0107 wewn\u0119trzna nogawki<\/td>\n<td>73 cm<\/td>\n<td>73 cm<\/td>\n<td>75 cm<\/td>\n<td>75 cm<\/td>\n<\/tr>\n<\/tbody>\n<\/table>\n<p><em>Ubranie mierzone na p\u0142asko. Wymiary mog\u0105 si\u0119 r\u00f3\u017cni\u0107 o +\/- 2 cm<\/em><\/p>\n<\/div>","protected":false},"featured_media":14852,"comment_status":"open","ping_status":"closed","template":"","meta":{"site-sidebar-layout":"default","site-content-layout":"","ast-site-content-layout":"default","site-content-style":"default","site-sidebar-style":"default","ast-global-header-display":"","ast-banner-title-visibility":"","ast-main-header-display":"","ast-hfb-above-header-display":"","ast-hfb-below-header-display":"","ast-hfb-mobile-header-display":"","site-post-title":"","ast-breadcrumbs-content":"","ast-featured-img":"","footer-sml-layout":"","ast-disable-related-posts":"","theme-transparent-header-meta":"default","adv-header-id-meta":"","stick-header-meta":"","header-above-stick-meta":"","header-main-stick-meta":"","header-below-stick-meta":"","astra-migrate-meta-layouts":"set","ast-page-background-enabled":"default","ast-page-background-meta":{"desktop":{"background-color":"var(--ast-global-color-5)","background-image":"","background-repeat":"repeat","background-position":"center center","background-size":"auto","background-attachment":"scroll","background-type":"","background-media":"","overlay-type":"","overlay-color":"","overlay-opacity":"","overlay-gradient":""},"tablet":{"background-color":"","background-image":"","background-repeat":"repeat","background-position":"center center","background-size":"auto","background-attachment":"scroll","background-type":"","background-media":"","overlay-type":"","overlay-color":"","overlay-opacity":"","overlay-gradient":""},"mobile":{"background-color":"","background-image":"","background-repeat":"repeat","background-position":"center center","background-size":"auto","background-attachment":"scroll","background-type":"","background-media":"","overlay-type":"","overlay-color":"","overlay-opacity":"","overlay-gradient":""}},"ast-content-background-meta":{"desktop":{"background-color":"var(--ast-global-color-4)","background-image":"","background-repeat":"repeat","background-position":"center center","background-size":"auto","background-attachment":"scroll","background-type":"","background-media":"","overlay-type":"","overlay-color":"","overlay-opacity":"","overlay-gradient":""},"tablet":{"background-color":"var(--ast-global-color-4)","background-image":"","background-repeat":"repeat","background-position":"center center","background-size":"auto","background-attachment":"scroll","background-type":"","background-media":"","overlay-type":"","overlay-color":"","overlay-opacity":"","overlay-gradient":""},"mobile":{"background-color":"var(--ast-global-color-4)","background-image":"","background-repeat":"repeat","background-position":"center center","background-size":"auto","background-attachment":"scroll","background-type":"","background-media":"","overlay-type":"","overlay-color":"","overlay-opacity":"","overlay-gradient":""}}},"product_brand":[],"product_cat":[93,77,241],"product_tag":[1103],"class_list":{"0":"post-14851","1":"product","2":"type-product","3":"status-publish","4":"has-post-thumbnail","6":"product_cat-dresy","7":"product_cat-komplet","8":"product_cat-moda-damska","9":"product_tag-dresdamski-kompletdamski-modadamska-stylizacjadnia-luksusowamoda-premiumfashion-casuallook-streetwearpolska-odziezdamska-musthavefashion-blackoutfit-zlotedetale","10":"desktop-align-left","11":"tablet-align-left","12":"mobile-align-left","14":"first","15":"instock","16":"sold-individually","17":"shipping-taxable","18":"purchasable","19":"product-type-variable"},"_links":{"self":[{"href":"https:\/\/goldendreams.com.pl\/en\/wp-json\/wp\/v2\/product\/14851","targetHints":{"allow":["GET"]}}],"collection":[{"href":"https:\/\/goldendreams.com.pl\/en\/wp-json\/wp\/v2\/product"}],"about":[{"href":"https:\/\/goldendreams.com.pl\/en\/wp-json\/wp\/v2\/types\/product"}],"replies":[{"embeddable":true,"href":"https:\/\/goldendreams.com.pl\/en\/wp-json\/wp\/v2\/comments?post=14851"}],"wp:featuredmedia":[{"embeddable":true,"href":"https:\/\/goldendreams.com.pl\/en\/wp-json\/wp\/v2\/media\/14852"}],"wp:attachment":[{"href":"https:\/\/goldendreams.com.pl\/en\/wp-json\/wp\/v2\/media?parent=14851"}],"wp:term":[{"taxonomy":"product_brand","embeddable":true,"href":"https:\/\/goldendreams.com.pl\/en\/wp-json\/wp\/v2\/product_brand?post=14851"},{"taxonomy":"product_cat","embeddable":true,"href":"https:\/\/goldendreams.com.pl\/en\/wp-json\/wp\/v2\/product_cat?post=14851"},{"taxonomy":"product_tag","embeddable":true,"href":"https:\/\/goldendreams.com.pl\/en\/wp-json\/wp\/v2\/product_tag?post=14851"}],"curies":[{"name":"wp","href":"https:\/\/api.w.org\/{rel}","templated":true}]}}