{"id":14837,"date":"2025-11-10T14:46:57","date_gmt":"2025-11-10T14:46:57","guid":{"rendered":"https:\/\/goldendreams.com.pl\/?post_type=product&#038;p=14837"},"modified":"2026-02-25T10:04:51","modified_gmt":"2026-02-25T10:04:51","slug":"krotkie-skorzane-spodenki-ze-zlotymi-napami-karmelowe","status":"publish","type":"product","link":"https:\/\/goldendreams.com.pl\/en\/sklep\/krotkie-skorzane-spodenki-ze-zlotymi-napami-karmelowe\/","title":{"rendered":"Kr\u00f3tkie sk\u00f3rzane spodenki ze z\u0142otymi napami &#8211; Karmelowe"},"content":{"rendered":"<p>&nbsp;<\/p>\n<div class=\"\">\n<div data-processed=\"true\">\n<div class=\"CKgc1d\" data-scope-id=\"turn\" data-processed=\"true\" data-complete=\"true\">\n<div class=\"Zkbeff\" data-subtree=\"aimc\" data-aimmrs=\"true\" data-wiz-uids=\"IXBMsd_2\" data-ved=\"2ahUKEwiwtYDE5-eQAxW9BNsEHYRGM4gQ2O0OegYIAQgAEAA\" data-hveid=\"CAEIABAA\" data-processed=\"true\" data-complete=\"true\">\n<div class=\"pWvJNd\" data-processed=\"true\" data-complete=\"true\">\n<div class=\"mZJni Dn7Fzd\" dir=\"ltr\" data-container-id=\"main-col\" data-xid=\"VpUvz\" data-ved=\"2ahUKEwiwtYDE5-eQAxW9BNsEHYRGM4gQ3KYQegYIAQgAEAE\" data-processed=\"true\">\n<div data-container-id=\"5\" data-processed=\"true\">\n<div class=\"Y3BBE\" data-sfc-cp=\"\" data-hveid=\"CAEIBBAA\" data-complete=\"true\" data-processed=\"true\">Model ten to idealny wyb\u00f3r dla kobiet, kt\u00f3re ceni\u0105 sobie elegancj\u0119, styl i wygod\u0119.<\/div>\n<div class=\"Fsg96\" data-sfc-cp=\"\" data-complete=\"true\" data-processed=\"true\"><\/div>\n<div class=\"otQkpb\" role=\"heading\" aria-level=\"3\" data-animation-nesting=\"\" data-sfc-cp=\"\" data-processed=\"true\" data-sae=\"\" data-complete=\"true\">Cechy produktu:<\/div>\n<ul class=\"KsbFXc U6u95\" data-complete=\"true\" data-processed=\"true\">\n<li data-hveid=\"CAEIBRAA\" data-complete=\"true\" data-sae=\"\"><span class=\"T286Pc\" data-sfc-cp=\"\" data-complete=\"true\"><strong class=\"Yjhzub\" data-complete=\"true\">Wyj\u0105tkowy Design:<\/strong> Spodenki charakteryzuj\u0105 si\u0119 wysokim stanem i ozdobnymi, logowanymi z\u0142otymi napami, kt\u00f3re nadaj\u0105 im unikalnego charakteru.<\/span><\/li>\n<li data-hveid=\"CAEIBRAB\" data-complete=\"true\" data-sae=\"\"><span class=\"T286Pc\" data-sfc-cp=\"\" data-complete=\"true\"><strong class=\"Yjhzub\" data-complete=\"true\">Wysoka Jako\u015b\u0107 Materia\u0142\u00f3w:<\/strong> Wykonane z mi\u0119kkiej i elastycznej ekosk\u00f3ry, kt\u00f3ra doskonale imituje naturalny materia\u0142, zapewniaj\u0105c komfort noszenia przez ca\u0142y dzie\u0144. Sk\u0142ad to zazwyczaj 95% poliester i 5% elastan, co sprawia, \u017ce s\u0105 elastyczne i dobrze dopasowuj\u0105 si\u0119 do sylwetki.<\/span><\/li>\n<li data-hveid=\"CAEIBRAC\" data-complete=\"true\" data-sae=\"\"><span class=\"T286Pc\" data-sfc-cp=\"\" data-complete=\"true\"><strong class=\"Yjhzub\" data-complete=\"true\">Idealne Dopasowanie:<\/strong> Modny, lekko taliowany kr\u00f3j pi\u0119knie podkre\u015bla figur\u0119, a zapi\u0119cie na zamek i guzik zapewnia praktyczno\u015b\u0107.<\/span><\/li>\n<li data-hveid=\"CAEIBRAD\" data-complete=\"true\" data-sae=\"\"><span class=\"T286Pc\" data-sfc-cp=\"\" data-complete=\"true\"><strong class=\"Yjhzub\" data-complete=\"true\">Wszechstronno\u015b\u0107:<\/strong> Spodenki s\u0105 idealne na r\u00f3\u017cnorodne okazje \u2013 od codziennych wyj\u015b\u0107 po bardziej formalne spotkania. \u015awietnie komponuj\u0105 si\u0119 zar\u00f3wno z lu\u017anym swetrem (jak na zdj\u0119ciu), jak i eleganck\u0105 koszul\u0105 czy dopasowanym body.<\/span><\/li>\n<\/ul>\n<\/div>\n<\/div>\n<\/div>\n<\/div>\n<\/div>\n<\/div>\n<\/div>\n<p>&nbsp;<\/p>\n<p>&nbsp;<\/p>\n<table class=\"table table-bordered\">\n<tbody>\n<tr>\n<td><\/td>\n<td>D\u0142ugo\u015b\u0107<\/td>\n<td>Szeroko\u015b\u0107 w pasie<\/td>\n<\/tr>\n<tr>\n<td>XS\/S<\/td>\n<td>37cm<\/td>\n<td>39cm<\/td>\n<\/tr>\n<tr>\n<td>M\/L<\/td>\n<td>38cm<\/td>\n<td>41cm<\/td>\n<\/tr>\n<\/tbody>\n<\/table>\n<p>&nbsp;<\/p>","protected":false},"excerpt":{"rendered":"<div class=\"\">\n<div data-processed=\"true\">\n<div class=\"CKgc1d\" data-scope-id=\"turn\" data-processed=\"true\" data-complete=\"true\">\n<div class=\"Zkbeff\" data-subtree=\"aimc\" data-aimmrs=\"true\" data-wiz-uids=\"IXBMsd_2\" data-ved=\"2ahUKEwiwtYDE5-eQAxW9BNsEHYRGM4gQ2O0OegYIAQgAEAA\" data-hveid=\"CAEIABAA\" data-processed=\"true\" data-complete=\"true\">\n<div class=\"pWvJNd\" data-processed=\"true\" data-complete=\"true\">\n<div class=\"mZJni Dn7Fzd\" dir=\"ltr\" data-container-id=\"main-col\" data-xid=\"VpUvz\" data-ved=\"2ahUKEwiwtYDE5-eQAxW9BNsEHYRGM4gQ3KYQegYIAQgAEAE\" data-processed=\"true\">\n<div data-container-id=\"5\" data-processed=\"true\">\n<div class=\"Y3BBE\" data-sfc-cp=\"\" data-hveid=\"CAEIBBAA\" data-complete=\"true\" data-processed=\"true\">Model ten to idealny wyb\u00f3r dla kobiet, kt\u00f3re ceni\u0105 sobie elegancj\u0119, styl i wygod\u0119.<\/div>\n<div class=\"Fsg96\" data-sfc-cp=\"\" data-complete=\"true\" data-processed=\"true\"><\/div>\n<div class=\"otQkpb\" role=\"heading\" aria-level=\"3\" data-animation-nesting=\"\" data-sfc-cp=\"\" data-processed=\"true\" data-sae=\"\" data-complete=\"true\">Cechy produktu:<\/div>\n<ul class=\"KsbFXc U6u95\" data-complete=\"true\" data-processed=\"true\">\n<li data-hveid=\"CAEIBRAA\" data-complete=\"true\" data-sae=\"\"><span class=\"T286Pc\" data-sfc-cp=\"\" data-complete=\"true\"><strong class=\"Yjhzub\" data-complete=\"true\">Wyj\u0105tkowy Design:<\/strong> Spodenki charakteryzuj\u0105 si\u0119 wysokim stanem i ozdobnymi, logowanymi z\u0142otymi napami, kt\u00f3re nadaj\u0105 im unikalnego charakteru.<\/span><\/li>\n<li data-hveid=\"CAEIBRAB\" data-complete=\"true\" data-sae=\"\"><span class=\"T286Pc\" data-sfc-cp=\"\" data-complete=\"true\"><strong class=\"Yjhzub\" data-complete=\"true\">Wysoka Jako\u015b\u0107 Materia\u0142\u00f3w:<\/strong> Wykonane z mi\u0119kkiej i elastycznej ekosk\u00f3ry, kt\u00f3ra doskonale imituje naturalny materia\u0142, zapewniaj\u0105c komfort noszenia przez ca\u0142y dzie\u0144. Sk\u0142ad to zazwyczaj 95% poliester i 5% elastan, co sprawia, \u017ce s\u0105 elastyczne i dobrze dopasowuj\u0105 si\u0119 do sylwetki.<\/span><\/li>\n<li data-hveid=\"CAEIBRAC\" data-complete=\"true\" data-sae=\"\"><span class=\"T286Pc\" data-sfc-cp=\"\" data-complete=\"true\"><strong class=\"Yjhzub\" data-complete=\"true\">Idealne Dopasowanie:<\/strong> Modny, lekko taliowany kr\u00f3j pi\u0119knie podkre\u015bla figur\u0119, a zapi\u0119cie na zamek i guzik zapewnia praktyczno\u015b\u0107.<\/span><\/li>\n<li data-hveid=\"CAEIBRAD\" data-complete=\"true\" data-sae=\"\"><span class=\"T286Pc\" data-sfc-cp=\"\" data-complete=\"true\"><strong class=\"Yjhzub\" data-complete=\"true\">Wszechstronno\u015b\u0107:<\/strong> Spodenki s\u0105 idealne na r\u00f3\u017cnorodne okazje \u2013 od codziennych wyj\u015b\u0107 po bardziej formalne spotkania. \u015awietnie komponuj\u0105 si\u0119 zar\u00f3wno z lu\u017anym swetrem (jak na zdj\u0119ciu), jak i eleganck\u0105 koszul\u0105 czy dopasowanym body.<\/span><\/li>\n<\/ul>\n<\/div>\n<\/div>\n<\/div>\n<\/div>\n<\/div>\n<\/div>\n<\/div>\n<p>&nbsp;<\/p>\n<p>&nbsp;<\/p>\n<table class=\"table table-bordered\">\n<tbody>\n<tr>\n<td><\/td>\n<td>D\u0142ugo\u015b\u0107<\/td>\n<td>Szeroko\u015b\u0107 w pasie<\/td>\n<\/tr>\n<tr>\n<td>XS\/S<\/td>\n<td>37cm<\/td>\n<td>39cm<\/td>\n<\/tr>\n<tr>\n<td>M\/L<\/td>\n<td>38cm<\/td>\n<td>41cm<\/td>\n<\/tr>\n<\/tbody>\n<\/table>\n<p>&nbsp;<\/p>","protected":false},"featured_media":14839,"comment_status":"open","ping_status":"closed","template":"","meta":{"site-sidebar-layout":"default","site-content-layout":"","ast-site-content-layout":"default","site-content-style":"default","site-sidebar-style":"default","ast-global-header-display":"","ast-banner-title-visibility":"","ast-main-header-display":"","ast-hfb-above-header-display":"","ast-hfb-below-header-display":"","ast-hfb-mobile-header-display":"","site-post-title":"","ast-breadcrumbs-content":"","ast-featured-img":"","footer-sml-layout":"","ast-disable-related-posts":"","theme-transparent-header-meta":"default","adv-header-id-meta":"","stick-header-meta":"","header-above-stick-meta":"","header-main-stick-meta":"","header-below-stick-meta":"","astra-migrate-meta-layouts":"set","ast-page-background-enabled":"default","ast-page-background-meta":{"desktop":{"background-color":"var(--ast-global-color-5)","background-image":"","background-repeat":"repeat","background-position":"center center","background-size":"auto","background-attachment":"scroll","background-type":"","background-media":"","overlay-type":"","overlay-color":"","overlay-opacity":"","overlay-gradient":""},"tablet":{"background-color":"","background-image":"","background-repeat":"repeat","background-position":"center center","background-size":"auto","background-attachment":"scroll","background-type":"","background-media":"","overlay-type":"","overlay-color":"","overlay-opacity":"","overlay-gradient":""},"mobile":{"background-color":"","background-image":"","background-repeat":"repeat","background-position":"center center","background-size":"auto","background-attachment":"scroll","background-type":"","background-media":"","overlay-type":"","overlay-color":"","overlay-opacity":"","overlay-gradient":""}},"ast-content-background-meta":{"desktop":{"background-color":"var(--ast-global-color-4)","background-image":"","background-repeat":"repeat","background-position":"center center","background-size":"auto","background-attachment":"scroll","background-type":"","background-media":"","overlay-type":"","overlay-color":"","overlay-opacity":"","overlay-gradient":""},"tablet":{"background-color":"var(--ast-global-color-4)","background-image":"","background-repeat":"repeat","background-position":"center center","background-size":"auto","background-attachment":"scroll","background-type":"","background-media":"","overlay-type":"","overlay-color":"","overlay-opacity":"","overlay-gradient":""},"mobile":{"background-color":"var(--ast-global-color-4)","background-image":"","background-repeat":"repeat","background-position":"center center","background-size":"auto","background-attachment":"scroll","background-type":"","background-media":"","overlay-type":"","overlay-color":"","overlay-opacity":"","overlay-gradient":""}}},"product_brand":[],"product_cat":[71,70,69,505],"product_tag":[1075],"class_list":{"0":"post-14837","1":"product","2":"type-product","3":"status-publish","4":"has-post-thumbnail","6":"product_cat-bestsellery","7":"product_cat-nowosci","8":"product_cat-odziez-damska","9":"product_cat-spodenki","10":"product_tag-spodenki-karmelowe-design-krotkie-modadamska-musthave-ekoskora-polskiprodukt-jakosc-styl-wygoda","11":"desktop-align-left","12":"tablet-align-left","13":"mobile-align-left","15":"first","16":"instock","17":"sold-individually","18":"shipping-taxable","19":"purchasable","20":"product-type-variable"},"_links":{"self":[{"href":"https:\/\/goldendreams.com.pl\/en\/wp-json\/wp\/v2\/product\/14837","targetHints":{"allow":["GET"]}}],"collection":[{"href":"https:\/\/goldendreams.com.pl\/en\/wp-json\/wp\/v2\/product"}],"about":[{"href":"https:\/\/goldendreams.com.pl\/en\/wp-json\/wp\/v2\/types\/product"}],"replies":[{"embeddable":true,"href":"https:\/\/goldendreams.com.pl\/en\/wp-json\/wp\/v2\/comments?post=14837"}],"wp:featuredmedia":[{"embeddable":true,"href":"https:\/\/goldendreams.com.pl\/en\/wp-json\/wp\/v2\/media\/14839"}],"wp:attachment":[{"href":"https:\/\/goldendreams.com.pl\/en\/wp-json\/wp\/v2\/media?parent=14837"}],"wp:term":[{"taxonomy":"product_brand","embeddable":true,"href":"https:\/\/goldendreams.com.pl\/en\/wp-json\/wp\/v2\/product_brand?post=14837"},{"taxonomy":"product_cat","embeddable":true,"href":"https:\/\/goldendreams.com.pl\/en\/wp-json\/wp\/v2\/product_cat?post=14837"},{"taxonomy":"product_tag","embeddable":true,"href":"https:\/\/goldendreams.com.pl\/en\/wp-json\/wp\/v2\/product_tag?post=14837"}],"curies":[{"name":"wp","href":"https:\/\/api.w.org\/{rel}","templated":true}]}}