{"id":14770,"date":"2025-11-10T10:29:53","date_gmt":"2025-11-10T10:29:53","guid":{"rendered":"https:\/\/goldendreams.com.pl\/?post_type=product&#038;p=14770"},"modified":"2026-02-25T12:52:20","modified_gmt":"2026-02-25T12:52:20","slug":"komplet-bliss-bordo","status":"publish","type":"product","link":"https:\/\/goldendreams.com.pl\/en\/sklep\/komplet-bliss-bordo\/","title":{"rendered":"Komplet BLISS &#8211; Bordo"},"content":{"rendered":"<div id=\"accordion-content-description\" class=\"accordion__content fs-body-100 rte non-page-rte measure\" aria-hidden=\"false\">\n<section class=\"section\">\n<div class=\"item item-12\">\n<section class=\"text-item\">Komplet BLISS Bordo to elegancka propozycja, kt\u00f3ra \u0142\u0105czy w sobie wygod\u0119 i nowoczesny styl. Stworzony z my\u015bl\u0105 o kobietach, kt\u00f3re ceni\u0105 sobie zar\u00f3wno mod\u0119, jak i komfort noszenia. W sk\u0142ad kompletu wchodzi kr\u00f3tka kurtka oraz sp\u00f3dniczko-spodenki, kt\u00f3re doskonale sprawdz\u0105 si\u0119 w r\u00f3\u017cnych stylizacjach, zar\u00f3wno na co dzie\u0144, jak i na szczeg\u00f3lne okazje.<\/section>\n<\/div>\n<\/section>\n<section class=\"section\">\n<div class=\"item item-12\">\n<section class=\"text-item\">Kurta w komplecie charakteryzuje si\u0119 precyzyjnie dopasowanym krojem, dost\u0119pnym w dw\u00f3ch rozmiarach: S oraz M. Wymiary s\u0105 nast\u0119puj\u0105ce:<\/section>\n<\/div>\n<\/section>\n<section class=\"section\">\n<div class=\"item item-12\">\n<section class=\"text-item\">\n<ul>\n<li><strong>S:<\/strong> d\u0142ugo\u015b\u0107 43 cm, szeroko\u015b\u0107 w biu\u015bcie 47 cm, d\u0142ugo\u015b\u0107 r\u0119kawa 61 cm<\/li>\n<li><strong>M:<\/strong> d\u0142ugo\u015b\u0107 45 cm, szeroko\u015b\u0107 w biu\u015bcie 48 cm, d\u0142ugo\u015b\u0107 r\u0119kawa 61 cm<\/li>\n<\/ul>\n<\/section>\n<\/div>\n<\/section>\n<section class=\"section\">\n<div class=\"item item-12\">\n<section class=\"text-item\">Sp\u00f3dniczko-spodenki r\u00f3wnie\u017c wyst\u0119puj\u0105 w trzech rozmiarach, kt\u00f3re idealnie dopasowuj\u0105 si\u0119 do figury. Oto ich wymiary:<\/section>\n<\/div>\n<\/section>\n<section class=\"section\">\n<div class=\"item item-12\">\n<section class=\"text-item\">\n<ul>\n<li><strong>S:<\/strong> d\u0142ugo\u015b\u0107 36 cm, szeroko\u015b\u0107 w pasie 38 cm<\/li>\n<li><strong>M:<\/strong> d\u0142ugo\u015b\u0107 37 cm, szeroko\u015b\u0107 w pasie 40 cm<\/li>\n<\/ul>\n<\/section>\n<\/div>\n<\/section>\n<section class=\"section\">\n<div class=\"item item-12\">\n<section class=\"text-item\">Wszystkie elementy kompletu wykonane s\u0105 z wysokiej jako\u015bci materia\u0142\u00f3w, co zapewnia doskona\u0142\u0105 trwa\u0142o\u015b\u0107 i wygod\u0119 noszenia.<\/section>\n<section class=\"text-item\"><strong>Sk\u0142ad materia\u0142owy<\/strong> to 95% wiskozy oraz 5% elastanu, co gwarantuje odpowiedni\u0105 elastyczno\u015b\u0107 i przewiewno\u015b\u0107. Komplet BLISS Fango to idealny wyb\u00f3r dla kobiet, kt\u00f3re pragn\u0105 wygl\u0105da\u0107 modnie, jednocze\u015bnie czuj\u0105c si\u0119 komfortowo przez ca\u0142y dzie\u0144.<\/section>\n<\/div>\n<\/section>\n<p>&nbsp;<\/p>\n<table class=\"table table-bordered\">\n<tbody>\n<tr>\n<td>KURTKA<\/td>\n<td>D\u0142ugo\u015b\u0107<\/td>\n<td>Szeroko\u015b\u0107 w biu\u015bcie<\/td>\n<td>D\u0142ugo\u015b\u0107 r\u0119kawa<\/td>\n<\/tr>\n<tr>\n<td>S<\/td>\n<td>43 cm<\/td>\n<td>47 cm x2<\/td>\n<td>61 cm<\/td>\n<\/tr>\n<tr>\n<td>M<\/td>\n<td>45 cm<\/td>\n<td>48 cm x2<\/td>\n<td>61 cm<\/td>\n<\/tr>\n<\/tbody>\n<\/table>\n<p>&nbsp;<\/p>\n<table class=\"table table-bordered\">\n<tbody>\n<tr>\n<td>SP\u00d3DNICZKO-SPODENKI<\/td>\n<td>D\u0142ugo\u015b\u0107<\/td>\n<td>Szeroko\u015b\u0107 w pasie<\/td>\n<\/tr>\n<tr>\n<td>S<\/td>\n<td>36cm<\/td>\n<td>38cm<\/td>\n<\/tr>\n<tr>\n<td>M<\/td>\n<td>37cm<\/td>\n<td>40cm<\/td>\n<\/tr>\n<\/tbody>\n<\/table>\n<p>&nbsp;<\/p>\n<div>SK\u0141AD: 95% wiskoza 5% elastan<\/div>\n<\/div>","protected":false},"excerpt":{"rendered":"<div id=\"accordion-content-description\" class=\"accordion__content fs-body-100 rte non-page-rte measure\" aria-hidden=\"false\">\n<section class=\"section\">\n<div class=\"item item-12\">\n<section class=\"text-item\">Komplet BLISS Bordo to elegancka propozycja, kt\u00f3ra \u0142\u0105czy w sobie wygod\u0119 i nowoczesny styl. Stworzony z my\u015bl\u0105 o kobietach, kt\u00f3re ceni\u0105 sobie zar\u00f3wno mod\u0119, jak i komfort noszenia. W sk\u0142ad kompletu wchodzi kr\u00f3tka kurtka oraz sp\u00f3dniczko-spodenki, kt\u00f3re doskonale sprawdz\u0105 si\u0119 w r\u00f3\u017cnych stylizacjach, zar\u00f3wno na co dzie\u0144, jak i na szczeg\u00f3lne okazje.<\/section>\n<\/div>\n<\/section>\n<section class=\"section\">\n<div class=\"item item-12\">\n<section class=\"text-item\">Kurta w komplecie charakteryzuje si\u0119 precyzyjnie dopasowanym krojem, dost\u0119pnym w dw\u00f3ch rozmiarach: S oraz M.<\/section>\n<section class=\"text-item\">Wymiary s\u0105 nast\u0119puj\u0105ce:<\/section>\n<\/div>\n<\/section>\n<section class=\"section\">\n<div class=\"item item-12\">\n<section class=\"text-item\">\n<ul>\n<li><strong>S:<\/strong> d\u0142ugo\u015b\u0107 43 cm, szeroko\u015b\u0107 w biu\u015bcie 47 cm, d\u0142ugo\u015b\u0107 r\u0119kawa 61 cm<\/li>\n<li><strong>M:<\/strong> d\u0142ugo\u015b\u0107 45 cm, szeroko\u015b\u0107 w biu\u015bcie 48 cm, d\u0142ugo\u015b\u0107 r\u0119kawa 61 cm<\/li>\n<\/ul>\n<\/section>\n<\/div>\n<\/section>\n<section class=\"section\">\n<div class=\"item item-12\">\n<section class=\"text-item\">Sp\u00f3dniczko-spodenki r\u00f3wnie\u017c wyst\u0119puj\u0105 w trzech rozmiarach, kt\u00f3re idealnie dopasowuj\u0105 si\u0119 do figury. Oto ich wymiary:<\/section>\n<\/div>\n<\/section>\n<section class=\"section\">\n<div class=\"item item-12\">\n<section class=\"text-item\">\n<ul>\n<li><strong>S:<\/strong> d\u0142ugo\u015b\u0107 36 cm, szeroko\u015b\u0107 w pasie 38 cm<\/li>\n<li><strong>M:<\/strong> d\u0142ugo\u015b\u0107 37 cm, szeroko\u015b\u0107 w pasie 40 cm<\/li>\n<\/ul>\n<\/section>\n<\/div>\n<\/section>\n<section class=\"section\">\n<div class=\"item item-12\">\n<section class=\"text-item\">Wszystkie elementy kompletu wykonane s\u0105 z wysokiej jako\u015bci materia\u0142\u00f3w, co zapewnia doskona\u0142\u0105 trwa\u0142o\u015b\u0107 i wygod\u0119 noszenia.<\/section>\n<section class=\"text-item\"><strong>Sk\u0142ad materia\u0142owy<\/strong> to 95% wiskozy oraz 5% elastanu, co gwarantuje odpowiedni\u0105 elastyczno\u015b\u0107 i przewiewno\u015b\u0107. Komplet BLISS Fango to idealny wyb\u00f3r dla kobiet, kt\u00f3re pragn\u0105 wygl\u0105da\u0107 modnie, jednocze\u015bnie czuj\u0105c si\u0119 komfortowo przez ca\u0142y dzie\u0144.<\/section>\n<\/div>\n<\/section>\n<p>&nbsp;<\/p>\n<table class=\"table table-bordered\">\n<tbody>\n<tr>\n<td>KURTKA<\/td>\n<td>D\u0142ugo\u015b\u0107<\/td>\n<td>Szeroko\u015b\u0107 w biu\u015bcie<\/td>\n<td>D\u0142ugo\u015b\u0107 r\u0119kawa<\/td>\n<\/tr>\n<tr>\n<td>S<\/td>\n<td>43 cm<\/td>\n<td>47 cm x2<\/td>\n<td>61 cm<\/td>\n<\/tr>\n<tr>\n<td>M<\/td>\n<td>45 cm<\/td>\n<td>48 cm x2<\/td>\n<td>61 cm<\/td>\n<\/tr>\n<\/tbody>\n<\/table>\n<p>&nbsp;<\/p>\n<table class=\"table table-bordered\">\n<tbody>\n<tr>\n<td>SP\u00d3DNICZKO-SPODENKI<\/td>\n<td>D\u0142ugo\u015b\u0107<\/td>\n<td>Szeroko\u015b\u0107 w pasie<\/td>\n<\/tr>\n<tr>\n<td>S<\/td>\n<td>36cm<\/td>\n<td>38cm<\/td>\n<\/tr>\n<tr>\n<td>M<\/td>\n<td>37cm<\/td>\n<td>40cm<\/td>\n<\/tr>\n<\/tbody>\n<\/table>\n<p>&nbsp;<\/p>\n<div>SK\u0141AD: 95% wiskoza 5% elastan<\/div>\n<\/div>","protected":false},"featured_media":14772,"comment_status":"open","ping_status":"closed","template":"","meta":{"site-sidebar-layout":"default","site-content-layout":"","ast-site-content-layout":"default","site-content-style":"default","site-sidebar-style":"default","ast-global-header-display":"","ast-banner-title-visibility":"","ast-main-header-display":"","ast-hfb-above-header-display":"","ast-hfb-below-header-display":"","ast-hfb-mobile-header-display":"","site-post-title":"","ast-breadcrumbs-content":"","ast-featured-img":"","footer-sml-layout":"","ast-disable-related-posts":"","theme-transparent-header-meta":"default","adv-header-id-meta":"","stick-header-meta":"","header-above-stick-meta":"","header-main-stick-meta":"","header-below-stick-meta":"","astra-migrate-meta-layouts":"set","ast-page-background-enabled":"default","ast-page-background-meta":{"desktop":{"background-color":"var(--ast-global-color-5)","background-image":"","background-repeat":"repeat","background-position":"center center","background-size":"auto","background-attachment":"scroll","background-type":"","background-media":"","overlay-type":"","overlay-color":"","overlay-opacity":"","overlay-gradient":""},"tablet":{"background-color":"","background-image":"","background-repeat":"repeat","background-position":"center center","background-size":"auto","background-attachment":"scroll","background-type":"","background-media":"","overlay-type":"","overlay-color":"","overlay-opacity":"","overlay-gradient":""},"mobile":{"background-color":"","background-image":"","background-repeat":"repeat","background-position":"center center","background-size":"auto","background-attachment":"scroll","background-type":"","background-media":"","overlay-type":"","overlay-color":"","overlay-opacity":"","overlay-gradient":""}},"ast-content-background-meta":{"desktop":{"background-color":"var(--ast-global-color-4)","background-image":"","background-repeat":"repeat","background-position":"center center","background-size":"auto","background-attachment":"scroll","background-type":"","background-media":"","overlay-type":"","overlay-color":"","overlay-opacity":"","overlay-gradient":""},"tablet":{"background-color":"var(--ast-global-color-4)","background-image":"","background-repeat":"repeat","background-position":"center center","background-size":"auto","background-attachment":"scroll","background-type":"","background-media":"","overlay-type":"","overlay-color":"","overlay-opacity":"","overlay-gradient":""},"mobile":{"background-color":"var(--ast-global-color-4)","background-image":"","background-repeat":"repeat","background-position":"center center","background-size":"auto","background-attachment":"scroll","background-type":"","background-media":"","overlay-type":"","overlay-color":"","overlay-opacity":"","overlay-gradient":""}}},"product_brand":[],"product_cat":[77,241,70,69],"product_tag":[547],"class_list":{"0":"post-14770","1":"product","2":"type-product","3":"status-publish","4":"has-post-thumbnail","6":"product_cat-komplet","7":"product_cat-moda-damska","8":"product_cat-nowosci","9":"product_cat-odziez-damska","10":"product_tag-komplet-labalancia-polskiprodukt-kompletbordo-stylizacja-kurtka-spodnicospodenki","11":"desktop-align-left","12":"tablet-align-left","13":"mobile-align-left","15":"first","16":"instock","17":"sold-individually","18":"shipping-taxable","19":"purchasable","20":"product-type-variable"},"_links":{"self":[{"href":"https:\/\/goldendreams.com.pl\/en\/wp-json\/wp\/v2\/product\/14770","targetHints":{"allow":["GET"]}}],"collection":[{"href":"https:\/\/goldendreams.com.pl\/en\/wp-json\/wp\/v2\/product"}],"about":[{"href":"https:\/\/goldendreams.com.pl\/en\/wp-json\/wp\/v2\/types\/product"}],"replies":[{"embeddable":true,"href":"https:\/\/goldendreams.com.pl\/en\/wp-json\/wp\/v2\/comments?post=14770"}],"wp:featuredmedia":[{"embeddable":true,"href":"https:\/\/goldendreams.com.pl\/en\/wp-json\/wp\/v2\/media\/14772"}],"wp:attachment":[{"href":"https:\/\/goldendreams.com.pl\/en\/wp-json\/wp\/v2\/media?parent=14770"}],"wp:term":[{"taxonomy":"product_brand","embeddable":true,"href":"https:\/\/goldendreams.com.pl\/en\/wp-json\/wp\/v2\/product_brand?post=14770"},{"taxonomy":"product_cat","embeddable":true,"href":"https:\/\/goldendreams.com.pl\/en\/wp-json\/wp\/v2\/product_cat?post=14770"},{"taxonomy":"product_tag","embeddable":true,"href":"https:\/\/goldendreams.com.pl\/en\/wp-json\/wp\/v2\/product_tag?post=14770"}],"curies":[{"name":"wp","href":"https:\/\/api.w.org\/{rel}","templated":true}]}}