{"id":14623,"date":"2025-11-07T15:13:28","date_gmt":"2025-11-07T15:13:28","guid":{"rendered":"https:\/\/goldendreams.com.pl\/?post_type=product&#038;p=14623"},"modified":"2026-02-21T14:49:35","modified_gmt":"2026-02-21T14:49:35","slug":"spodnie-z-ekoskory-black-glam-%f0%9f%96%a4","status":"publish","type":"product","link":"https:\/\/goldendreams.com.pl\/en\/sklep\/spodnie-z-ekoskory-black-glam-%f0%9f%96%a4\/","title":{"rendered":"Spodnie z ekosk\u00f3ry \u2013 Black Glam \ud83d\udda4"},"content":{"rendered":"<p>Stylowe spodnie z ekosk\u00f3ry, kt\u00f3re \u0142\u0105cz\u0105 kobieco\u015b\u0107, elegancj\u0119 i wygod\u0119. Wysoki stan pi\u0119knie podkre\u015bla tali\u0119, a dopasowany kr\u00f3j modeluje sylwetk\u0119 i optycznie wyd\u0142u\u017ca nogi. Mi\u0119kka, elastyczna ekosk\u00f3ra zapewnia komfort noszenia, a przy tym wygl\u0105da niezwykle efektownie i nowocze\u015bnie.<\/p>\n<p>\u015awietnie prezentuj\u0105 si\u0119 zar\u00f3wno z klasyczn\u0105 koszul\u0105, jak i oversize\u2019ow\u0105 bluz\u0105 czy kr\u00f3tk\u0105 kurtk\u0105. To ponadczasowy model, kt\u00f3ry doda charakteru ka\u017cdej stylizacji!<\/p>\n<p>\u2728 Wysoki stan<\/p>\n<p>\u2728 Mi\u0119kka, elastyczna ekosk\u00f3ra<\/p>\n<p>\u2728 Dopasowany fason wysmuklaj\u0105cy sylwetk\u0119<\/p>\n<p>\u2728 Rozmiar uniwersalny<\/p>\n<p>\u2728 Moda w\u0142oska \ud83c\uddee\ud83c\uddf9<\/p>","protected":false},"excerpt":{"rendered":"<p>Stylowe spodnie z ekosk\u00f3ry, kt\u00f3re \u0142\u0105cz\u0105 kobieco\u015b\u0107, elegancj\u0119 i wygod\u0119. Wysoki stan pi\u0119knie podkre\u015bla tali\u0119, a dopasowany kr\u00f3j modeluje sylwetk\u0119 i optycznie wyd\u0142u\u017ca nogi. Mi\u0119kka, elastyczna ekosk\u00f3ra zapewnia komfort noszenia, a przy tym wygl\u0105da niezwykle efektownie i nowocze\u015bnie.<\/p>\n<p>\u015awietnie prezentuj\u0105 si\u0119 zar\u00f3wno z klasyczn\u0105 koszul\u0105, jak i oversize\u2019ow\u0105 bluz\u0105 czy kr\u00f3tk\u0105 kurtk\u0105. To ponadczasowy model, kt\u00f3ry doda charakteru ka\u017cdej stylizacji!<\/p>\n<p>\u2728 Wysoki stan<\/p>\n<p>\u2728 Mi\u0119kka, elastyczna ekosk\u00f3ra<\/p>\n<p>\u2728 Dopasowany fason wysmuklaj\u0105cy sylwetk\u0119<\/p>\n<p>\u2728 Rozmiar uniwersalny<\/p>\n<p>\u2728 Moda w\u0142oska \ud83c\uddee\ud83c\uddf9<\/p>","protected":false},"featured_media":14624,"comment_status":"open","ping_status":"closed","template":"","meta":{"site-sidebar-layout":"default","site-content-layout":"","ast-site-content-layout":"default","site-content-style":"default","site-sidebar-style":"default","ast-global-header-display":"","ast-banner-title-visibility":"","ast-main-header-display":"","ast-hfb-above-header-display":"","ast-hfb-below-header-display":"","ast-hfb-mobile-header-display":"","site-post-title":"","ast-breadcrumbs-content":"","ast-featured-img":"","footer-sml-layout":"","ast-disable-related-posts":"","theme-transparent-header-meta":"default","adv-header-id-meta":"","stick-header-meta":"","header-above-stick-meta":"","header-main-stick-meta":"","header-below-stick-meta":"","astra-migrate-meta-layouts":"set","ast-page-background-enabled":"default","ast-page-background-meta":{"desktop":{"background-color":"var(--ast-global-color-5)","background-image":"","background-repeat":"repeat","background-position":"center center","background-size":"auto","background-attachment":"scroll","background-type":"","background-media":"","overlay-type":"","overlay-color":"","overlay-opacity":"","overlay-gradient":""},"tablet":{"background-color":"","background-image":"","background-repeat":"repeat","background-position":"center center","background-size":"auto","background-attachment":"scroll","background-type":"","background-media":"","overlay-type":"","overlay-color":"","overlay-opacity":"","overlay-gradient":""},"mobile":{"background-color":"","background-image":"","background-repeat":"repeat","background-position":"center center","background-size":"auto","background-attachment":"scroll","background-type":"","background-media":"","overlay-type":"","overlay-color":"","overlay-opacity":"","overlay-gradient":""}},"ast-content-background-meta":{"desktop":{"background-color":"var(--ast-global-color-4)","background-image":"","background-repeat":"repeat","background-position":"center center","background-size":"auto","background-attachment":"scroll","background-type":"","background-media":"","overlay-type":"","overlay-color":"","overlay-opacity":"","overlay-gradient":""},"tablet":{"background-color":"var(--ast-global-color-4)","background-image":"","background-repeat":"repeat","background-position":"center center","background-size":"auto","background-attachment":"scroll","background-type":"","background-media":"","overlay-type":"","overlay-color":"","overlay-opacity":"","overlay-gradient":""},"mobile":{"background-color":"var(--ast-global-color-4)","background-image":"","background-repeat":"repeat","background-position":"center center","background-size":"auto","background-attachment":"scroll","background-type":"","background-media":"","overlay-type":"","overlay-color":"","overlay-opacity":"","overlay-gradient":""}}},"product_brand":[],"product_cat":[241,26,74],"product_tag":[488],"class_list":{"0":"post-14623","1":"product","2":"type-product","3":"status-publish","4":"has-post-thumbnail","6":"product_cat-moda-damska","7":"product_cat-rozmiar-uniwersalny","8":"product_cat-spodnie","9":"product_tag-spodniezekoskory-ekoskora-blackglam-modawloska-trendy-goldendreams-butikonline-fashionboutique-modanakazdzien-stylowo-kobiecystyl-ootd-streetstyle-elegancja","10":"desktop-align-left","11":"tablet-align-left","12":"mobile-align-left","14":"first","15":"instock","16":"sold-individually","17":"shipping-taxable","18":"purchasable","19":"product-type-variable"},"_links":{"self":[{"href":"https:\/\/goldendreams.com.pl\/en\/wp-json\/wp\/v2\/product\/14623","targetHints":{"allow":["GET"]}}],"collection":[{"href":"https:\/\/goldendreams.com.pl\/en\/wp-json\/wp\/v2\/product"}],"about":[{"href":"https:\/\/goldendreams.com.pl\/en\/wp-json\/wp\/v2\/types\/product"}],"replies":[{"embeddable":true,"href":"https:\/\/goldendreams.com.pl\/en\/wp-json\/wp\/v2\/comments?post=14623"}],"wp:featuredmedia":[{"embeddable":true,"href":"https:\/\/goldendreams.com.pl\/en\/wp-json\/wp\/v2\/media\/14624"}],"wp:attachment":[{"href":"https:\/\/goldendreams.com.pl\/en\/wp-json\/wp\/v2\/media?parent=14623"}],"wp:term":[{"taxonomy":"product_brand","embeddable":true,"href":"https:\/\/goldendreams.com.pl\/en\/wp-json\/wp\/v2\/product_brand?post=14623"},{"taxonomy":"product_cat","embeddable":true,"href":"https:\/\/goldendreams.com.pl\/en\/wp-json\/wp\/v2\/product_cat?post=14623"},{"taxonomy":"product_tag","embeddable":true,"href":"https:\/\/goldendreams.com.pl\/en\/wp-json\/wp\/v2\/product_tag?post=14623"}],"curies":[{"name":"wp","href":"https:\/\/api.w.org\/{rel}","templated":true}]}}