{"id":14605,"date":"2025-11-07T14:29:41","date_gmt":"2025-11-07T14:29:41","guid":{"rendered":"https:\/\/goldendreams.com.pl\/?post_type=product&#038;p=14605"},"modified":"2026-02-21T15:00:23","modified_gmt":"2026-02-21T15:00:23","slug":"sweter-szary-z-krotkim-rekawem-i-warkoczowym-splotem","status":"publish","type":"product","link":"https:\/\/goldendreams.com.pl\/en\/sklep\/sweter-szary-z-krotkim-rekawem-i-warkoczowym-splotem\/","title":{"rendered":"Sweter Szary z Kr\u00f3tkim R\u0119kawem i Warkoczowym Splotem"},"content":{"rendered":"<p>Stylowy i elegancki sweter w odcieniu klasycznej szaro\u015bci to idealna propozycja dla kobiet ceni\u0105cych modny wygl\u0105d i wygod\u0119. Kr\u00f3tkie r\u0119kawy z delikatnym bufowaniem oraz ozdobny warkoczowy splot z przodu nadaj\u0105 mu wyj\u0105tkowego charakteru. Subtelny po\u0142ysk w\u0142\u00f3kien pi\u0119knie odbija \u015bwiat\u0142o, dodaj\u0105c stylizacji nuty luksusu.<\/p>\n<p>Ten model \u015bwietnie prezentuje si\u0119 zar\u00f3wno w codziennych, jak i bardziej eleganckich zestawieniach. Doskonale wygl\u0105da w po\u0142\u0105czeniu ze sk\u00f3rzanymi spodniami, sp\u00f3dnic\u0105 lub jeansami.<\/p>\n<p>Cechy produktu:<\/p>\n<ul>\n<li>Kolor: szary<\/li>\n<li>Fason: dopasowany, z kr\u00f3tkim r\u0119kawem<\/li>\n<li>Detale: warkoczowy splot z przodu, bufiaste r\u0119kawy, lekki po\u0142ysk<\/li>\n<li>Styl: elegancki, kobiecy, klasyczny<\/li>\n<li>Rozmiar: uniwersalny<\/li>\n<li>Produkcja: w\u0142oska<\/li>\n<\/ul>","protected":false},"excerpt":{"rendered":"<p>Stylowy i elegancki sweter w odcieniu klasycznej szaro\u015bci to idealna propozycja dla kobiet ceni\u0105cych modny wygl\u0105d i wygod\u0119. Kr\u00f3tkie r\u0119kawy z delikatnym bufowaniem oraz ozdobny warkoczowy splot z przodu nadaj\u0105 mu wyj\u0105tkowego charakteru. Subtelny po\u0142ysk w\u0142\u00f3kien pi\u0119knie odbija \u015bwiat\u0142o, dodaj\u0105c stylizacji nuty luksusu.<\/p>\n<p>Ten model \u015bwietnie prezentuje si\u0119 zar\u00f3wno w codziennych, jak i bardziej eleganckich zestawieniach. Doskonale wygl\u0105da w po\u0142\u0105czeniu ze sk\u00f3rzanymi spodniami, sp\u00f3dnic\u0105 lub jeansami.<\/p>\n<p>Cechy produktu:<\/p>\n<ul>\n<li>Kolor: szary<\/li>\n<li>Fason: dopasowany, z kr\u00f3tkim r\u0119kawem<\/li>\n<li>Detale: warkoczowy splot z przodu, bufiaste r\u0119kawy, lekki po\u0142ysk<\/li>\n<li>Styl: elegancki, kobiecy, klasyczny<\/li>\n<li>Rozmiar: uniwersalny<\/li>\n<li>Produkcja: w\u0142oska<\/li>\n<\/ul>","protected":false},"featured_media":14604,"comment_status":"open","ping_status":"closed","template":"","meta":{"site-sidebar-layout":"default","site-content-layout":"","ast-site-content-layout":"default","site-content-style":"default","site-sidebar-style":"default","ast-global-header-display":"","ast-banner-title-visibility":"","ast-main-header-display":"","ast-hfb-above-header-display":"","ast-hfb-below-header-display":"","ast-hfb-mobile-header-display":"","site-post-title":"","ast-breadcrumbs-content":"","ast-featured-img":"","footer-sml-layout":"","ast-disable-related-posts":"","theme-transparent-header-meta":"default","adv-header-id-meta":"","stick-header-meta":"","header-above-stick-meta":"","header-main-stick-meta":"","header-below-stick-meta":"","astra-migrate-meta-layouts":"set","ast-page-background-enabled":"default","ast-page-background-meta":{"desktop":{"background-color":"var(--ast-global-color-5)","background-image":"","background-repeat":"repeat","background-position":"center center","background-size":"auto","background-attachment":"scroll","background-type":"","background-media":"","overlay-type":"","overlay-color":"","overlay-opacity":"","overlay-gradient":""},"tablet":{"background-color":"","background-image":"","background-repeat":"repeat","background-position":"center center","background-size":"auto","background-attachment":"scroll","background-type":"","background-media":"","overlay-type":"","overlay-color":"","overlay-opacity":"","overlay-gradient":""},"mobile":{"background-color":"","background-image":"","background-repeat":"repeat","background-position":"center center","background-size":"auto","background-attachment":"scroll","background-type":"","background-media":"","overlay-type":"","overlay-color":"","overlay-opacity":"","overlay-gradient":""}},"ast-content-background-meta":{"desktop":{"background-color":"var(--ast-global-color-4)","background-image":"","background-repeat":"repeat","background-position":"center center","background-size":"auto","background-attachment":"scroll","background-type":"","background-media":"","overlay-type":"","overlay-color":"","overlay-opacity":"","overlay-gradient":""},"tablet":{"background-color":"var(--ast-global-color-4)","background-image":"","background-repeat":"repeat","background-position":"center center","background-size":"auto","background-attachment":"scroll","background-type":"","background-media":"","overlay-type":"","overlay-color":"","overlay-opacity":"","overlay-gradient":""},"mobile":{"background-color":"var(--ast-global-color-4)","background-image":"","background-repeat":"repeat","background-position":"center center","background-size":"auto","background-attachment":"scroll","background-type":"","background-media":"","overlay-type":"","overlay-color":"","overlay-opacity":"","overlay-gradient":""}}},"product_brand":[],"product_cat":[241,26,81],"product_tag":[572],"class_list":{"0":"post-14605","1":"product","2":"type-product","3":"status-publish","4":"has-post-thumbnail","6":"product_cat-moda-damska","7":"product_cat-rozmiar-uniwersalny","8":"product_cat-sweter","9":"product_tag-sweter-szary-krotkirekaw-warkoczowysplot-modadamska-casual-fashion","10":"desktop-align-left","11":"tablet-align-left","12":"mobile-align-left","14":"first","15":"instock","16":"sold-individually","17":"shipping-taxable","18":"purchasable","19":"product-type-simple"},"_links":{"self":[{"href":"https:\/\/goldendreams.com.pl\/en\/wp-json\/wp\/v2\/product\/14605","targetHints":{"allow":["GET"]}}],"collection":[{"href":"https:\/\/goldendreams.com.pl\/en\/wp-json\/wp\/v2\/product"}],"about":[{"href":"https:\/\/goldendreams.com.pl\/en\/wp-json\/wp\/v2\/types\/product"}],"replies":[{"embeddable":true,"href":"https:\/\/goldendreams.com.pl\/en\/wp-json\/wp\/v2\/comments?post=14605"}],"wp:featuredmedia":[{"embeddable":true,"href":"https:\/\/goldendreams.com.pl\/en\/wp-json\/wp\/v2\/media\/14604"}],"wp:attachment":[{"href":"https:\/\/goldendreams.com.pl\/en\/wp-json\/wp\/v2\/media?parent=14605"}],"wp:term":[{"taxonomy":"product_brand","embeddable":true,"href":"https:\/\/goldendreams.com.pl\/en\/wp-json\/wp\/v2\/product_brand?post=14605"},{"taxonomy":"product_cat","embeddable":true,"href":"https:\/\/goldendreams.com.pl\/en\/wp-json\/wp\/v2\/product_cat?post=14605"},{"taxonomy":"product_tag","embeddable":true,"href":"https:\/\/goldendreams.com.pl\/en\/wp-json\/wp\/v2\/product_tag?post=14605"}],"curies":[{"name":"wp","href":"https:\/\/api.w.org\/{rel}","templated":true}]}}